{"id":36763,"date":"2025-11-28T22:08:59","date_gmt":"2025-11-28T22:08:59","guid":{"rendered":"https:\/\/asura.lv\/product\/puluz-helmet-mount-for-sports-cameras-dji-gopro-insta360\/"},"modified":"2025-12-12T15:44:34","modified_gmt":"2025-12-12T13:44:34","slug":"puluz-helmet-mount-for-sports-cameras-dji-gopro-insta360","status":"publish","type":"product","link":"https:\/\/asura.lv\/lt\/produktas\/puluz-helmet-mount-for-sports-cameras-dji-gopro-insta360\/","title":{"rendered":"\u201ePuluz\u201c \u0161almo laikiklis sportin\u0117ms kameroms (DJI, GoPro, Insta360)"},"content":{"rendered":"<h3>\u201ePuluz\u201c \u0161almo laikiklis sportin\u0117ms kameroms (\u201eDJI\u201c, \u201eGoPro\u201c, \u201eInsta360\u201c)<\/h3>\n<p>U\u017etikrinkite stabil\u0173 ir saug\u0173 savo sportin\u0117s kameros tvirtinim\u0105 naudodami \u201ePuluz\u201c \u0161almo laikikl\u012f. Jis idealiai tinka ekstremalaus sporto entuziastams, motociklininkams ir visiems, norintiems u\u017efiksuoti savo nuotykius i\u0161 pirmojo asmens perspektyvos. Jis i\u0161siskiria tvirta, patvaria konstrukcija ir pla\u010diu suderinamumu.<\/p>\n<p>\n<img decoding=\"async\" alt=\"\" border=\"0\" src=\"https:\/\/assets.innpro.pl\/6633\/7735\/2.jpg\"\/>\n<\/p>\n<h3>Universalus pritaikymas<\/h3>\n<p>\u201ePuluz\u201c laikiklis suderinamas su daugelio tip\u0173 \u0161alm\u0173 pagrindais, \u012fskaitant NVG, FAST, M88, MICH ir Wendy taktinius pagrindus. Tod\u0117l jis puikiai tinka daugeliui situacij\u0173. Atsisveikinkite su apribojimais!<\/p>\n<p>\n<img decoding=\"async\" alt=\"\" border=\"0\" src=\"https:\/\/assets.innpro.pl\/6633\/7735\/3.jpg\"\/>\n<\/p>\n<h3>Patvarus ir lengvas dizainas<\/h3>\n<p>\u201ePuluz\u201c \u0161almo laikiklis pagamintas i\u0161 orlaiviams skirto aliuminio lydinio, tod\u0117l yra labai tvirtas ir ilgaam\u017eis, o svoris ma\u017eas. D\u0117l to \u0161is priedas yra atsparus at\u0161iaurioms s\u0105lygoms ir neapsunkina \u0161almo, o tai labai svarbu dinami\u0161kos veiklos metu.<\/p>\n<p>\n<img decoding=\"async\" alt=\"\" border=\"0\" src=\"https:\/\/assets.innpro.pl\/6633\/7735\/5.jpg\"\/>\n<\/p>\n<h3>Universalus suderinamumas<\/h3>\n<p>\u0160is universalus laikiklis suderinamas su daugybe sporto kamer\u0173, \u012fskaitant populiariausius modelius i\u0161 \u017einom\u0173 preki\u0173 \u017eenkl\u0173, toki\u0173 kaip DJI, Insta360 ir GoPro. Nesvarbu, koki\u0105 \u012frang\u0105 naudojate kasdien \u2013 dabar galite lengvai paruo\u0161ti daugyb\u0119 puiki\u0173 kadr\u0173.<\/p>\n<p>\n<img decoding=\"async\" alt=\"\" border=\"0\" src=\"https:\/\/assets.innpro.pl\/6633\/7735\/4.jpg\"\/>\n<\/p>\n<h3>Lengvas montavimas<\/h3>\n<p>D\u0117l greito montavimo mechanizmo \u201ePuluz\u201c laikiklis leid\u017eia akimirksniu pritvirtinti ir nuimti kamer\u0105 vienu spustel\u0117jimu. Tiesiog paspauskite, kad pritvirtintum\u0117te \u012frengin\u012f, arba taip pat lengvai j\u012f nuimkite! Toks sprendimas yra ne tik greitas, bet ir itin patogus, ypa\u010d dinami\u0161komis s\u0105lygomis.<\/p>\n<p>\n<img decoding=\"async\" alt=\"\" border=\"0\" src=\"https:\/\/assets.innpro.pl\/6633\/7735\/6.jpg\"\/>\n<\/p>\n<h3>Kameros pakreipimo reguliavimas<\/h3>\n<p>\u201ePuluz\u201c laikiklis leid\u017eia reguliuoti kameros pakreipim\u0105, tod\u0117l galite pritaikyti \u012fra\u0161ymo kamp\u0105 pagal savo poreikius. Va\u017eiavimas motociklu ar sud\u0117tingas \u017eygis kalnuose \u2013 dabar galite lengvai sukurti b\u016btent toki\u0105 vaizdo med\u017eiag\u0105, kokios norite!<\/p>\n<p>\n<img decoding=\"async\" alt=\"\" border=\"0\" src=\"https:\/\/assets.innpro.pl\/6633\/7735\/1.jpg\"\/>\n<\/p>\n<div class=\"table-wrapper\">\n<p>B\u00a0<\/p>\n<h3><\/h3>\n<table>\n<tbody>\n<tr>\n<th>Gamintojas<\/th>\n<td>Puluz<\/td>\n<\/tr>\n<tr>\n<th>Modelis<\/th>\n<td>PU935B<\/td>\n<\/tr>\n<tr>\n<th>Med\u017eiaga<\/th>\n<td>Aliuminio lydinys<\/td>\n<\/tr>\n<tr>\n<th>Matmenys<\/th>\n<td>4,1 x 4,5 x 1 cm<\/td>\n<\/tr>\n<tr>\n<th>Suderinamumas<\/th>\n<td>DJI: Osmo Action 4, Osmo \u201eAction 3\u201c, \u201eAction 2\u201c, \u201eOsmo Action\u201c \/ \u201eGoPro\u201c: \u201eHERO12 Black\u201c, \u201eHERO11 Black Mini\u201c, \u201eHERO11 Black\u201c, \u201eHERO10 Black\u201c, \u201eHERO9 Black\u201c, \u201eHERO8 Black\u201c, \u201eMAX\u201c, \u201eHERO7 White\u201c, \u201eHERO7 Black\u201c, \u201eHERO7 Silver\u201c, \u201eNEW HERO\u201c, \u201eFusion\u201c, \u201eHERO6 Black\u201c, \u201eHERO5 Black\u201c, \u201eHERO5 Session\u201c, \u201eHero Session\u201c, \u201eHERO4 Session\u201c, \u201eHERO4\u201c, \u201eHERO3+\u201c, \u201eHERO3\u201c, \u201eHERO2\u201c, \u201eHERO\u201c \/ \u201eInsta360\u201c: \u201eAce\u201c, \u201eAce Pro\u201c, \u201eGO 3\u201c, \u201eX3\u201c, \u201eONE RS 1-Inch 360 Edition\u201c, \u201eInsta360 ONE RS 360 Edition\u201c, \u201eInsta360 ONE RS 1-INCH EDITION\u201c, \u201eGO 2\u201c, \u201eONE X2\u201c, \u201eONE R\u201c, \u201eGO\u201c, \u201eEVO\u201c, \u201eONE X\u201c, \u201eNano S Air\u201c, \u201eONE\u201c, \u201eNano\u201c<\/td>\n<\/tr>\n<\/tbody>\n<\/table>\n<\/div>\n","protected":false},"excerpt":{"rendered":"<p>\u201ePuluz\u201c \u0161almo laikiklis sportin\u0117ms kameroms (\u201eDJI\u201c, \u201eGoPro\u201c, \u201eInsta360\u201c) U\u017etikrinkite stabil\u0173 ir saug\u0173 savo sportin\u0117s kameros tvirtinim\u0105 naudodami \u201ePuluz\u201c \u0161almo laikikl\u012f. Jis idealiai tinka ekstremalaus sporto entuziastams, motociklininkams ir visiems, norintiems u\u017efiksuoti savo nuotykius i\u0161 pirmojo asmens perspektyvos. Jis i\u0161siskiria tvirta, patvaria konstrukcija ir pla\u010diu suderinamumu. Universalus pritaikymas \u201ePuluz\u201c laikiklis suderinamas su daugelio tip\u0173 \u0161alm\u0173 pagrindais, [&#8230;]\n","protected":false},"featured_media":36764,"comment_status":"open","ping_status":"closed","template":"","meta":[],"product_brand":[149],"product_cat":[1046],"product_tag":[],"class_list":{"0":"post-36763","1":"product","2":"type-product","3":"status-publish","4":"has-post-thumbnail","6":"product_brand-puluz","7":"product_cat-straps-mounts-and-holders","9":"first","10":"outofstock","11":"taxable","12":"shipping-taxable","13":"purchasable","14":"product-type-simple"},"aioseo_notices":[],"_links":{"self":[{"href":"https:\/\/asura.lv\/lt\/wp-json\/wp\/v2\/product\/36763","targetHints":{"allow":["GET"]}}],"collection":[{"href":"https:\/\/asura.lv\/lt\/wp-json\/wp\/v2\/product"}],"about":[{"href":"https:\/\/asura.lv\/lt\/wp-json\/wp\/v2\/types\/product"}],"replies":[{"embeddable":true,"href":"https:\/\/asura.lv\/lt\/wp-json\/wp\/v2\/comments?post=36763"}],"wp:featuredmedia":[{"embeddable":true,"href":"https:\/\/asura.lv\/lt\/wp-json\/wp\/v2\/media\/36764"}],"wp:attachment":[{"href":"https:\/\/asura.lv\/lt\/wp-json\/wp\/v2\/media?parent=36763"}],"wp:term":[{"taxonomy":"product_brand","embeddable":true,"href":"https:\/\/asura.lv\/lt\/wp-json\/wp\/v2\/product_brand?post=36763"},{"taxonomy":"product_cat","embeddable":true,"href":"https:\/\/asura.lv\/lt\/wp-json\/wp\/v2\/product_cat?post=36763"},{"taxonomy":"product_tag","embeddable":true,"href":"https:\/\/asura.lv\/lt\/wp-json\/wp\/v2\/product_tag?post=36763"}],"curies":[{"name":"wp","href":"https:\/\/api.w.org\/{rel}","templated":true}]}}