{"id":36799,"date":"2025-11-28T22:08:56","date_gmt":"2025-11-28T22:08:56","guid":{"rendered":"https:\/\/asura.lv\/product\/metal-protective-cage-with-lens-cover-puluz-for-insta360-x4\/"},"modified":"2025-12-12T15:44:30","modified_gmt":"2025-12-12T13:44:30","slug":"metal-protective-cage-with-lens-cover-puluz-for-insta360-x4","status":"publish","type":"product","link":"https:\/\/asura.lv\/lt\/produktas\/metal-protective-cage-with-lens-cover-puluz-for-insta360-x4\/","title":{"rendered":"Metalinis apsauginis narvas su objektyvo dangteliu PULUZ, skirtas \u201eInsta360 X4\u201c"},"content":{"rendered":"<h3>PULUZ metalinis apsauginis korpusas su objektyvo dangteliu, skirtas \u201eInsta 360 X4\u201c<\/h3>\n<p>Suteikite savo \u201eInsta 360 X4\u201c kamerai auk\u0161\u010diausio lygio apsaug\u0105 ir funkcionalum\u0105 su PULUZ metaliniu apsauginiu d\u0117klu ir objektyvo dangteliu. \u0160is priedas pasi\u017eymi puikiu prigludimu prie \u012frenginio formos ir dideliu patvarumu, tod\u0117l ne tik apsaugos j\u012f nuo pa\u017eeidim\u0173, bet ir nepakenks jo naudojimo patogumui.<\/p>\n<p>\n<img decoding=\"async\" border=\"0\" src=\"https:\/\/assets.innpro.pl\/6642\/7745\/2.jpg\"\/>\n<\/p>\n<h3>Patvarus dizainas ir tiksli gamyba<\/h3>\n<p>PULUZ apsauginis d\u0117klas pagamintas i\u0161 aviacijos ir kosmoso klas\u0117s aliuminio lydinio, apdirbto CNC metodu, kuris u\u017etikrina jo lengvum\u0105 ir i\u0161skirtin\u012f patvarum\u0105. D\u0117l puikaus prigludimo priedas neu\u017estoja joki\u0173 mygtuk\u0173 ir neu\u017estoja baterij\u0173 skyriaus ar mikrofono ang\u0173, tod\u0117l galima naudotis visomis kameros funkcijomis.<\/p>\n<p>\n<img decoding=\"async\" border=\"0\" src=\"https:\/\/assets.innpro.pl\/6642\/7745\/3.jpg\"\/>\n<\/p>\n<h3>Suderinamumas su papildomais priedais<\/h3>\n<p>Korpuso vir\u0161uje yra \u0161altos jungties adapteris, leid\u017eiantis skland\u017eiai prijungti mikrofon\u0105 arba fonin\u012f ap\u0161vietim\u0105. Be to, sulankstomo pagrindo magnetin\u0117 s\u0105saja, suderinama su \u201eGoPro\u201c s\u0105saja ir turinti 1\/4 colio skyl\u0119, u\u017etikrina suderinamum\u0105 su dauguma trikoj\u0173 ir kit\u0173 pried\u0173. Tai leid\u017eia lengvai pritaikyti kamer\u0105 prie pasirinkto \u012fra\u0161ymo scenarijaus!<\/p>\n<p>\n<img decoding=\"async\" border=\"0\" src=\"https:\/\/assets.innpro.pl\/6642\/7745\/1.jpg\"\/>\n<\/p>\n<h3>Pritaikyta j\u016bs\u0173 poreikiams<\/h3>\n<p>Kameros montavimas ir nu\u0117mimas i\u0161 PULUZ korpuso yra greitas ir paprastas, nereikia papildom\u0173 \u012franki\u0173. Be to, komplekte yra guminis objektyvo dangtelis, kuris pad\u0117s apsaugoti objektyv\u0105 nuo \u012fbr\u0117\u017eim\u0173 ir kit\u0173 pa\u017eeidim\u0173. D\u0117l to lengvai pasir\u016bpinsite patikima savo \u012frangos apsauga!<\/p>\n<p>\n<img decoding=\"async\" border=\"0\" src=\"https:\/\/assets.innpro.pl\/6642\/7745\/4.jpg\"\/>\n<\/p>\n<div class=\"table-wrapper\">\n<p>B\u00a0<\/p>\n<h3><\/h3>\n<table>\n<tbody>\n<tr>\n<th>Gamintojas<\/th>\n<td>PULUZ<\/td>\n<\/tr>\n<tr>\n<th>Modelis<\/th>\n<td>PU981B<\/td>\n<\/tr>\n<tr>\n<th>Med\u017eiaga<\/th>\n<td>Aliuminio lydinys (apsauginis korpusas) + guma (objektyvo dangtelis)<\/td>\n<\/tr>\n<tr>\n<th>Matmenys<\/th>\n<td>14,4 x 6,56 x 4,46 cm<\/td>\n<\/tr>\n<\/tbody>\n<\/table>\n<\/div>\n","protected":false},"excerpt":{"rendered":"<p>PULUZ metalinis apsauginis korpusas su objektyvo dangteliu, skirtas \u201eInsta 360 X4\u201c Suteikite savo \u201eInsta 360 X4\u201c kamerai auk\u0161\u010diausio lygio apsaug\u0105 ir funkcionalum\u0105 su PULUZ metaliniu apsauginiu d\u0117klu ir objektyvo dangteliu. \u0160is priedas pasi\u017eymi puikiu prigludimu prie \u012frenginio formos ir dideliu patvarumu, tod\u0117l ne tik apsaugos j\u012f nuo pa\u017eeidim\u0173, bet ir nepakenks jo naudojimo patogumui. Patvarus [&#8230;]\n","protected":false},"featured_media":36800,"comment_status":"open","ping_status":"closed","template":"","meta":[],"product_brand":[149],"product_cat":[938],"product_tag":[],"class_list":{"0":"post-36799","1":"product","2":"type-product","3":"status-publish","4":"has-post-thumbnail","6":"product_brand-puluz","7":"product_cat-for-sports-cameras","9":"first","10":"outofstock","11":"taxable","12":"shipping-taxable","13":"purchasable","14":"product-type-simple"},"aioseo_notices":[],"_links":{"self":[{"href":"https:\/\/asura.lv\/lt\/wp-json\/wp\/v2\/product\/36799","targetHints":{"allow":["GET"]}}],"collection":[{"href":"https:\/\/asura.lv\/lt\/wp-json\/wp\/v2\/product"}],"about":[{"href":"https:\/\/asura.lv\/lt\/wp-json\/wp\/v2\/types\/product"}],"replies":[{"embeddable":true,"href":"https:\/\/asura.lv\/lt\/wp-json\/wp\/v2\/comments?post=36799"}],"wp:featuredmedia":[{"embeddable":true,"href":"https:\/\/asura.lv\/lt\/wp-json\/wp\/v2\/media\/36800"}],"wp:attachment":[{"href":"https:\/\/asura.lv\/lt\/wp-json\/wp\/v2\/media?parent=36799"}],"wp:term":[{"taxonomy":"product_brand","embeddable":true,"href":"https:\/\/asura.lv\/lt\/wp-json\/wp\/v2\/product_brand?post=36799"},{"taxonomy":"product_cat","embeddable":true,"href":"https:\/\/asura.lv\/lt\/wp-json\/wp\/v2\/product_cat?post=36799"},{"taxonomy":"product_tag","embeddable":true,"href":"https:\/\/asura.lv\/lt\/wp-json\/wp\/v2\/product_tag?post=36799"}],"curies":[{"name":"wp","href":"https:\/\/api.w.org\/{rel}","templated":true}]}}