{"id":36811,"date":"2025-11-28T22:08:55","date_gmt":"2025-11-28T22:08:55","guid":{"rendered":"https:\/\/asura.lv\/product\/metal-protection-cage-puluz-for-dji-osmo-pocket-3-pu933b\/"},"modified":"2025-12-12T15:44:29","modified_gmt":"2025-12-12T13:44:29","slug":"metal-protection-cage-puluz-for-dji-osmo-pocket-3-pu933b","status":"publish","type":"product","link":"https:\/\/asura.lv\/lt\/produktas\/metal-protection-cage-puluz-for-dji-osmo-pocket-3-pu933b\/","title":{"rendered":"Metalinis apsauginis narvas PULUZ, skirtas DJI OSMO Pocket 3 (PU933B)"},"content":{"rendered":"<h3>PULUZ metalinis d\u0117klas, skirtas DJI OSMO Pocket 3 (PU933B)<\/h3>\n<p>Suteikite savo DJI Osmo Pocket 3 kamerai geriausi\u0105 apsaug\u0105 ir funkcionalum\u0105 su PULUZ metaliniu d\u0117klu. Pagamintas i\u0161 auk\u0161tos kokyb\u0117s aliuminio lydinio, \u0161is priedas u\u017etikrina tvirt\u0105 apsaug\u0105 ir universalias i\u0161pl\u0117timo galimybes, idealiai tinka profesionaliems turinio k\u016br\u0117jams.<\/p>\n<p>\n<img decoding=\"async\" border=\"0\" src=\"https:\/\/assets.innpro.pl\/6624\/7724\/1.jpg\"\/>\n<\/p>\n<h3>Tvirta apsauga ir ilgaam\u017ei\u0161kumas<\/h3>\n<p>D\u0117klas pagamintas i\u0161 auk\u0161tos kokyb\u0117s aliuminio lydinio, naudojant CNC proces\u0105, siekiant u\u017etikrinti patvarum\u0105 ir estetin\u012f patrauklum\u0105. Tod\u0117l jis patikimai apsaugo DJI Osmo Pocket 3 kamer\u0105, apsaugodamas j\u0105 nuo sm\u016bgi\u0173 ir kit\u0173 pa\u017eeidim\u0173. Be to, puikios \u0161ilumos i\u0161sklaidymo savyb\u0117s neleid\u017eia \u012frenginiui perkaisti.<\/p>\n<p>\n<img decoding=\"async\" border=\"0\" src=\"https:\/\/assets.innpro.pl\/6624\/7724\/2.jpg\"\/>\n<\/p>\n<h3>Patogus i\u0161pl\u0117timas ir universalumas<\/h3>\n<p>D\u0117kle yra du \u0161altos jungties adapteriai, leid\u017eiantys prijungti papildomus priedus, pvz., fonin\u012f ap\u0161vietim\u0105 ar mikrofonus. Tai leid\u017eia lengvai pritaikyti \u012frengin\u012f skirtingiems \u012fra\u0161ymo scenarijams, padidinant jo funkcionalum\u0105.<\/p>\n<p>\n<img decoding=\"async\" border=\"0\" src=\"https:\/\/assets.innpro.pl\/6624\/7724\/3.jpg\"\/>\n<\/p>\n<h3>Universalus adapteris ir paprastas montavimas<\/h3>\n<p>PULUZ metalinis korpusas si\u016blo universal\u0173 adapter\u012f, kuris leid\u017eia greitai sumontuoti ir nuimti kamer\u0105. Prie jo taip pat pridedami \u0161e\u0161i var\u017etai ir \u0161e\u0161iabriaunis raktas, kad b\u016bt\u0173 lengva sumontuoti. Produktas taip pat suderinamas su \u012fvairiais fotoaparat\u0173 priedais, nes apa\u010dioje yra 1\/4 colio var\u017eto skyl\u0117. Prie jo galite prijungti trikoj\u012f, asmenuki\u0173 lazd\u0105, laikikl\u012f ar kitus priedus, kad gal\u0117tum\u0117te visapusi\u0161kai i\u0161naudoti kameros galimybes.<\/p>\n<p>\n<img decoding=\"async\" border=\"0\" src=\"https:\/\/assets.innpro.pl\/6624\/7724\/4.jpg\"\/>\n<\/p>\n<h3>Pridedama<\/h3>\n<ul class=\"list-disc pl-5\">\n<li>Metalinis korpusas<\/li>\n<li>Adapteris<\/li>\n<li>Var\u017etas x6<\/li>\n<li>Allen raktas<\/li>\n<\/ul>\n<div class=\"table-wrapper\">\n<p>\u0412\u00a0<\/p>\n<h3><\/h3>\n<table>\n<tbody>\n<tr>\n<th>Gamintojas<\/th>\n<td>PULUZ<\/td>\n<\/tr>\n<tr>\n<th>Modelis<\/th>\n<td>PU933B<\/td>\n<\/tr>\n<tr>\n<th>Med\u017eiaga<\/th>\n<td>Aliuminis lydinys<\/td>\n<\/tr>\n<tr>\n<th>Suderinamumas<\/th>\n<td>DJI Osmo Pocket 3<\/td>\n<\/tr>\n<\/tbody>\n<\/table>\n<\/div>\n","protected":false},"excerpt":{"rendered":"<p>PULUZ metalinis d\u0117klas, skirtas DJI OSMO Pocket 3 (PU933B) Suteikite savo DJI Osmo Pocket 3 kamerai geriausi\u0105 apsaug\u0105 ir funkcionalum\u0105 su PULUZ metaliniu d\u0117klu. Pagamintas i\u0161 auk\u0161tos kokyb\u0117s aliuminio lydinio, \u0161is priedas u\u017etikrina tvirt\u0105 apsaug\u0105 ir universalias i\u0161pl\u0117timo galimybes, idealiai tinka profesionaliems turinio k\u016br\u0117jams. Tvirta apsauga ir ilgaam\u017ei\u0161kumas D\u0117klas pagamintas i\u0161 auk\u0161tos kokyb\u0117s aliuminio lydinio, [&#8230;]\n","protected":false},"featured_media":36812,"comment_status":"open","ping_status":"closed","template":"","meta":[],"product_brand":[149],"product_cat":[938],"product_tag":[],"class_list":{"0":"post-36811","1":"product","2":"type-product","3":"status-publish","4":"has-post-thumbnail","6":"product_brand-puluz","7":"product_cat-for-sports-cameras","9":"first","10":"outofstock","11":"taxable","12":"shipping-taxable","13":"purchasable","14":"product-type-simple"},"aioseo_notices":[],"_links":{"self":[{"href":"https:\/\/asura.lv\/lt\/wp-json\/wp\/v2\/product\/36811","targetHints":{"allow":["GET"]}}],"collection":[{"href":"https:\/\/asura.lv\/lt\/wp-json\/wp\/v2\/product"}],"about":[{"href":"https:\/\/asura.lv\/lt\/wp-json\/wp\/v2\/types\/product"}],"replies":[{"embeddable":true,"href":"https:\/\/asura.lv\/lt\/wp-json\/wp\/v2\/comments?post=36811"}],"wp:featuredmedia":[{"embeddable":true,"href":"https:\/\/asura.lv\/lt\/wp-json\/wp\/v2\/media\/36812"}],"wp:attachment":[{"href":"https:\/\/asura.lv\/lt\/wp-json\/wp\/v2\/media?parent=36811"}],"wp:term":[{"taxonomy":"product_brand","embeddable":true,"href":"https:\/\/asura.lv\/lt\/wp-json\/wp\/v2\/product_brand?post=36811"},{"taxonomy":"product_cat","embeddable":true,"href":"https:\/\/asura.lv\/lt\/wp-json\/wp\/v2\/product_cat?post=36811"},{"taxonomy":"product_tag","embeddable":true,"href":"https:\/\/asura.lv\/lt\/wp-json\/wp\/v2\/product_tag?post=36811"}],"curies":[{"name":"wp","href":"https:\/\/api.w.org\/{rel}","templated":true}]}}