{"id":36853,"date":"2025-11-28T22:08:51","date_gmt":"2025-11-28T22:08:51","guid":{"rendered":"https:\/\/asura.lv\/product\/puluz-tempered-glass-for-insta360-x4-x5\/"},"modified":"2025-12-12T15:44:26","modified_gmt":"2025-12-12T13:44:26","slug":"puluz-tempered-glass-for-insta360-x4-x5","status":"publish","type":"product","link":"https:\/\/asura.lv\/lt\/produktas\/puluz-tempered-glass-for-insta360-x4-x5\/","title":{"rendered":"PULUZ gr\u016bdintas stiklas, skirtas Insta360 X4 \/ X5"},"content":{"rendered":"<h3>PULUZ gr\u016bdintas stiklas, skirtas \u201eInsta360 X4 \/ X5\u201c<\/h3>\n<p>Apsaugokite savo \u012frang\u0105 su PULUZ gr\u016bdintu stiklu, specialiai sukurtu \u201eInsta360 X4\/X5\u201c kamerai. \u0160is unikalus sprendimas si\u016blo visapusi\u0161k\u0105 apsaug\u0105 ir puiki\u0105 vaizdo kokyb\u0119. Tod\u0117l galite b\u016bti tikri, kad j\u016bs\u0173 \u012frenginys saugus, nepriklausomai nuo s\u0105lyg\u0173.<\/p>\n<p>\n<img decoding=\"async\" alt=\"\" border=\"0\" src=\"https:\/\/assets.innpro.pl\/6608\/7707\/3.jpg\"\/>\n<\/p>\n<h3>Pa\u017eangi apsauga ir patvarumas<\/h3>\n<p>2,5D gr\u016bdintas stiklas su u\u017eapvalintais kra\u0161tais pasi\u017eymi i\u0161skirtiniu atsparumu slydimui ir dilimui, i\u0161laikant jautrum\u0105 lietimui. 9H kietumas u\u017etikrina ekrano atsparum\u0105 \u012ftr\u016bkimams ir \u012fbr\u0117\u017eimams, tod\u0117l jis yra labai patvarus.<\/p>\n<p>\n<img decoding=\"async\" alt=\"\" border=\"0\" src=\"https:\/\/assets.innpro.pl\/6608\/7707\/1.jpg\"\/>\n<\/p>\n<h3>Lengva prie\u017ei\u016bra<\/h3>\n<p>D\u0117l vakuumin\u0117s dangos technologijos PULUZ stiklas pasi\u017eymi dideliu atsparumu d\u0117m\u0117ms, purvui ir riebalams, tod\u0117l ekranas ilgesn\u012f laik\u0105 i\u0161lieka puikios b\u016bkl\u0117s. D\u0117l to j\u016bs\u0173 fotoaparato ekranas visada atrodys kaip naujas \u2013 nepriklausomai nuo naudojimo intensyvumo.<\/p>\n<p>\n<img decoding=\"async\" alt=\"\" border=\"0\" src=\"https:\/\/assets.innpro.pl\/6608\/7707\/2.jpg\"\/>\n<\/p>\n<h3>Itin plonas dizainas<\/h3>\n<p>PULUZ gr\u016bdintas stiklas yra vos 0,15 mm storio, tod\u0117l ekrane jis prakti\u0161kai nematomas. \u0160is itin plonas dizainas u\u017etikrina apsaug\u0105 nepakenkiant vaizdo kokybei ir ekrano jautrumui.<\/p>\n<p>\n<img decoding=\"async\" alt=\"\" border=\"0\" src=\"https:\/\/assets.innpro.pl\/6608\/7707\/4.jpg\"\/>\n<\/p>\n<h3>Didelis skaidrumas ir vaizdo kokyb\u0117<\/h3>\n<p>Su 99 % skaidrumu PULUZ gr\u016bdintas stiklas garantuoja didel\u0119 skiriam\u0105j\u0105 geb\u0105 ir puiki\u0105 vaizdo kokyb\u0119. Jis tiksliai atkuria spalvas ir u\u017etikrina fantasti\u0161k\u0105 spalv\u0173 sodrum\u0105, o tai itin svarbu profesionaliems film\u0173 k\u016br\u0117jams ir fotografams.<\/p>\n<p>\n<img decoding=\"async\" alt=\"\" border=\"0\" src=\"https:\/\/assets.innpro.pl\/6608\/7707\/5.jpg\"\/>\n<\/p>\n<h3>Pridedama<\/h3>\n<ul class=\"list-disc pl-5\">\n<li>Gr\u016bdintas stiklas<\/li>\n<li>Valymo \u0161luost\u0117<\/li>\n<li>Lipdukas nuo dulki\u0173<\/li>\n<li>Valymo servet\u0117l\u0117s \u200b\u200b(sausos ir dr\u0117gnos)<\/li>\n<\/ul>\n<div class=\"table-wrapper\">\n<p>B\u00a0<\/p>\n<h3><\/h3>\n<table>\n<tbody>\n<tr>\n<th>Gamintojas<\/th>\n<td>PULUZ<\/td>\n<\/tr>\n<tr>\n<th>Modelis<\/th>\n<td>PU976T<\/td>\n<\/tr>\n<tr>\n<th>Suderinamumas<\/th>\n<td>\u201eInsta360 X4\/X5\u201c kamera<\/td>\n<\/tr>\n<\/tbody>\n<\/table>\n<\/div>\n","protected":false},"excerpt":{"rendered":"<p>PULUZ gr\u016bdintas stiklas, skirtas \u201eInsta360 X4 \/ X5\u201c Apsaugokite savo \u012frang\u0105 su PULUZ gr\u016bdintu stiklu, specialiai sukurtu \u201eInsta360 X4\/X5\u201c kamerai. \u0160is unikalus sprendimas si\u016blo visapusi\u0161k\u0105 apsaug\u0105 ir puiki\u0105 vaizdo kokyb\u0119. Tod\u0117l galite b\u016bti tikri, kad j\u016bs\u0173 \u012frenginys saugus, nepriklausomai nuo s\u0105lyg\u0173. Pa\u017eangi apsauga ir patvarumas 2,5D gr\u016bdintas stiklas su u\u017eapvalintais kra\u0161tais pasi\u017eymi i\u0161skirtiniu atsparumu slydimui [&#8230;]\n","protected":false},"featured_media":36854,"comment_status":"open","ping_status":"closed","template":"","meta":[],"product_brand":[149],"product_cat":[938],"product_tag":[],"class_list":{"0":"post-36853","1":"product","2":"type-product","3":"status-publish","4":"has-post-thumbnail","6":"product_brand-puluz","7":"product_cat-for-sports-cameras","9":"first","10":"outofstock","11":"taxable","12":"shipping-taxable","13":"purchasable","14":"product-type-simple"},"aioseo_notices":[],"_links":{"self":[{"href":"https:\/\/asura.lv\/lt\/wp-json\/wp\/v2\/product\/36853","targetHints":{"allow":["GET"]}}],"collection":[{"href":"https:\/\/asura.lv\/lt\/wp-json\/wp\/v2\/product"}],"about":[{"href":"https:\/\/asura.lv\/lt\/wp-json\/wp\/v2\/types\/product"}],"replies":[{"embeddable":true,"href":"https:\/\/asura.lv\/lt\/wp-json\/wp\/v2\/comments?post=36853"}],"wp:featuredmedia":[{"embeddable":true,"href":"https:\/\/asura.lv\/lt\/wp-json\/wp\/v2\/media\/36854"}],"wp:attachment":[{"href":"https:\/\/asura.lv\/lt\/wp-json\/wp\/v2\/media?parent=36853"}],"wp:term":[{"taxonomy":"product_brand","embeddable":true,"href":"https:\/\/asura.lv\/lt\/wp-json\/wp\/v2\/product_brand?post=36853"},{"taxonomy":"product_cat","embeddable":true,"href":"https:\/\/asura.lv\/lt\/wp-json\/wp\/v2\/product_cat?post=36853"},{"taxonomy":"product_tag","embeddable":true,"href":"https:\/\/asura.lv\/lt\/wp-json\/wp\/v2\/product_tag?post=36853"}],"curies":[{"name":"wp","href":"https:\/\/api.w.org\/{rel}","templated":true}]}}