{"id":36919,"date":"2025-11-28T22:08:46","date_gmt":"2025-11-28T22:08:46","guid":{"rendered":"https:\/\/asura.lv\/product\/smart-switch-wifi-rf-433-sonoff-t2-eu-tx-2-channel-updated\/"},"modified":"2025-12-12T15:44:22","modified_gmt":"2025-12-12T13:44:22","slug":"smart-switch-wifi-rf-433-sonoff-t2-eu-tx-2-channel-updated","status":"publish","type":"product","link":"https:\/\/asura.lv\/lt\/produktas\/smart-switch-wifi-rf-433-sonoff-t2-eu-tx-2-channel-updated\/","title":{"rendered":"I\u0161manusis jungiklis WiFi + RF 433 Sonoff T2 EU TX (2 kanal\u0173) atnaujintas"},"content":{"rendered":"<h3>Jutiklinis \u0161viesos jungiklis WiFi + RF 433 Sonoff T2 EU TX (2 kanal\u0173) nauja versija.<\/h3>\n<p>\u201eSonoff TX\u201c yra jutiklinis ir i\u0161manusis \u0161viesos jungiklis. J\u012f galima valdyti naudojant program\u0117l\u0119 per WiFi arba klasikiniu b\u016bdu \u2013 lietimu. Galite \u012fjungti \u0161vies\u0105 pasirinktame nam\u0173 kambaryje, kad ir kur b\u016btum\u0117te. Pagamintas i\u0161 auk\u0161tos kokyb\u0117s med\u017eiag\u0173, toki\u0173 kaip kar\u0161\u010diui atsparus ABS ir gr\u016bdintas stiklas, jis u\u017etikrina saugum\u0105 ir puikiai dera prie bet kurio kambario. \u0160velnus jungiklio foninis ap\u0161vietimas subtiliai pary\u0161kina jo dizain\u0105 ir daro j\u012f matom\u0105 nakt\u012f.<\/p>\n<p>\n<img decoding=\"async\" border=\"0\" src=\"https:\/\/assets.innpro.pl\/7002\/8153\/7.jpg\"\/>\n<\/p>\n<h3>Valdymas visiems nam\u0173 \u016bkio nariams<\/h3>\n<p>Gal\u0117dami valdyti ap\u0161vietim\u0105 per program\u0117l\u0119, galite lengvai \u012fjungti arba i\u0161jungti \u0161viesas savo namuose, kai esate i\u0161vyk\u0119. Program\u0117l\u0119 labai paprasta naudoti, nes galite pasirinkti konkret\u0173 jungikl\u012f. Jums nebereikia jaudintis, kad lemput\u0117 liks \u012fjungta! Naudodami program\u0117l\u0119 taip pat galite lengvai pasidalyti \u0161viestuv\u0173 valdymo galimybe su kitais vartotojais.<\/p>\n<p>\n<img decoding=\"async\" border=\"0\" src=\"https:\/\/assets.innpro.pl\/7002\/8153\/4.jpg\"\/>\n<\/p>\n<h3>Palaikymas<\/h3>\n<p>Vartotojai gali nuotoliniu b\u016bdu valdyti prijungtus \u012frenginius naudodami nemokam\u0105 program\u0117l\u0119 \u201eeWeLink\u201c, pasiekiam\u0105 \u201eiOS\u201c ir \u201eAndroid\u201c platformose. Taip pat galima valdyti lietimu ir nuotoliniu b\u016bdu (433 MHz). D\u0117l tinklo ry\u0161io \u012frenginio b\u016bsena sinchronizuojama akimirksniu, tod\u0117l program\u0117l\u0117 visada rodo naujausius duomenis. Tai leid\u017eia mums visi\u0161kai kontroliuoti per didel\u012f energijos suvartojim\u0105 namuose.<\/p>\n<p>\n<img decoding=\"async\" border=\"0\" src=\"https:\/\/assets.innpro.pl\/7002\/8153\/3.jpg\"\/>\n<\/p>\n<h3>I\u0161manusis valdymas<\/h3>\n<p>Galite nustatyti savo laiko grafikus, kad \u012frenginiai b\u016bt\u0173 automati\u0161kai \u012fjungti \/ i\u0161jungti tam tikru laiku arba po tam tikro laiko.<\/p>\n<p>\n<img decoding=\"async\" border=\"0\" src=\"https:\/\/assets.innpro.pl\/7002\/8153\/5.jpg\"\/>\n<\/p>\n<div class=\"table-wrapper\">\n<p>B\u00a0<\/p>\n<h3><\/h3>\n<table>\n<tbody>\n<tr>\n<th>Gamintojas<\/th>\n<td>Sonoff<\/td>\n<\/tr>\n<tr>\n<th>Modelis<\/th>\n<td>T2EU2C-TX<\/td>\n<\/tr>\n<tr>\n<th>\u012etampa<\/th>\n<td>100\u2013240 V kintamoji srov\u0117<\/td>\n<\/tr>\n<tr>\n<th>Maksimali srov\u0117<\/th>\n<td>2 A (kanalas)<\/td>\n<\/tr>\n<tr>\n<th>Maksimali apkrovos galia<\/th>\n<td>480 W<\/td>\n<\/tr>\n<tr>\n<th>Spalva<\/th>\n<td>Balta<\/td>\n<\/tr>\n<tr>\n<th>\u201eWi-Fi\u201c<\/th>\n<td>802.11 b\/g\/n<\/td>\n<\/tr>\n<tr>\n<th>\u201eWi-Fi\u201c \u0161ifravimas<\/th>\n<td>WPA-PSK\/WPA2-PSK<\/td>\n<\/tr>\n<tr>\n<th>Med\u017eiaga<\/th>\n<td>Gr\u016bdintas stiklas \/ PC V0<\/td>\n<\/tr>\n<tr>\n<th>Kanal\u0173 skai\u010dius<\/th>\n<td>2<\/td>\n<\/tr>\n<tr>\n<th>Tvirtinimo angos matmenys<\/th>\n<td>86 mm x 86 mm x 35 mm<\/td>\n<\/tr>\n<\/tbody>\n<\/table>\n<\/div>\n","protected":false},"excerpt":{"rendered":"<p>Jutiklinis \u0161viesos jungiklis WiFi + RF 433 Sonoff T2 EU TX (2 kanal\u0173) nauja versija. \u201eSonoff TX\u201c yra jutiklinis ir i\u0161manusis \u0161viesos jungiklis. J\u012f galima valdyti naudojant program\u0117l\u0119 per WiFi arba klasikiniu b\u016bdu \u2013 lietimu. Galite \u012fjungti \u0161vies\u0105 pasirinktame nam\u0173 kambaryje, kad ir kur b\u016btum\u0117te. Pagamintas i\u0161 auk\u0161tos kokyb\u0117s med\u017eiag\u0173, toki\u0173 kaip kar\u0161\u010diui atsparus ABS [&#8230;]\n","protected":false},"featured_media":36920,"comment_status":"open","ping_status":"closed","template":"","meta":[],"product_brand":[203],"product_cat":[932],"product_tag":[],"class_list":{"0":"post-36919","1":"product","2":"type-product","3":"status-publish","4":"has-post-thumbnail","6":"product_brand-sonoff","7":"product_cat-switches","9":"first","10":"outofstock","11":"taxable","12":"shipping-taxable","13":"purchasable","14":"product-type-simple"},"aioseo_notices":[],"_links":{"self":[{"href":"https:\/\/asura.lv\/lt\/wp-json\/wp\/v2\/product\/36919","targetHints":{"allow":["GET"]}}],"collection":[{"href":"https:\/\/asura.lv\/lt\/wp-json\/wp\/v2\/product"}],"about":[{"href":"https:\/\/asura.lv\/lt\/wp-json\/wp\/v2\/types\/product"}],"replies":[{"embeddable":true,"href":"https:\/\/asura.lv\/lt\/wp-json\/wp\/v2\/comments?post=36919"}],"wp:featuredmedia":[{"embeddable":true,"href":"https:\/\/asura.lv\/lt\/wp-json\/wp\/v2\/media\/36920"}],"wp:attachment":[{"href":"https:\/\/asura.lv\/lt\/wp-json\/wp\/v2\/media?parent=36919"}],"wp:term":[{"taxonomy":"product_brand","embeddable":true,"href":"https:\/\/asura.lv\/lt\/wp-json\/wp\/v2\/product_brand?post=36919"},{"taxonomy":"product_cat","embeddable":true,"href":"https:\/\/asura.lv\/lt\/wp-json\/wp\/v2\/product_cat?post=36919"},{"taxonomy":"product_tag","embeddable":true,"href":"https:\/\/asura.lv\/lt\/wp-json\/wp\/v2\/product_tag?post=36919"}],"curies":[{"name":"wp","href":"https:\/\/api.w.org\/{rel}","templated":true}]}}