{"id":36991,"date":"2025-11-28T22:08:40","date_gmt":"2025-11-28T22:08:40","guid":{"rendered":"https:\/\/asura.lv\/product\/smart-scene-wall-switch-wifi-sonoff-m5-1c-1-channel\/"},"modified":"2025-12-12T15:44:17","modified_gmt":"2025-12-12T13:44:17","slug":"smart-scene-wall-switch-wifi-sonoff-m5-1c-1-channel","status":"publish","type":"product","link":"https:\/\/asura.lv\/lt\/produktas\/smart-scene-wall-switch-wifi-sonoff-m5-1c-1-channel\/","title":{"rendered":"I\u0161manusis scenos sieninis jungiklis WiFi Sonoff M5 1C (1 kanalo)"},"content":{"rendered":"<h3>\u201eSonoff M5 1C Grey\u201c (1 kanalo) i\u0161manusis sieninis jungiklis.<\/h3>\n<p>M\u0117gaukit\u0117s patogiu nam\u0173 ap\u0161vietimo valdymu. I\u0161manusis \u201eSonoff M5 1C\u201c \u0161viesos jungiklis leis jums valdyti ap\u0161vietim\u0105 naudojant \u201eeWeLink\u201c program\u0117l\u0119. Taip pat galite kurti darbo grafikus ir i\u0161mani\u0105sias scenas. Tuo pa\u010diu metu jungikl\u012f labai lengva sumontuoti, jis pagamintas i\u0161 patvaraus, ugniai atsparaus PC plastiko.<\/p>\n<p>\n<img decoding=\"async\" border=\"0\" src=\"https:\/\/assets.innpro.pl\/6544\/7639\/2 \u2014 kopija.jpg\"\/>\n<\/p>\n<h3>I\u0161bandykite \u201eeWeLink\u201c program\u0117l\u0119<\/h3>\n<p>Su \u201eeWeLink\u201c program\u0117le galite lengvai valdyti ap\u0161vietim\u0105 savo namuose i\u0161 bet kurios vietos. Nesate tikri, ar i\u0161jung\u0117te \u0161viesas prie\u0161 i\u0161eidami \u012f darb\u0105? Dabar tai galite padaryti naudodami savo i\u0161man\u0173j\u012f telefon\u0105!<\/p>\n<p>\n<img decoding=\"async\" border=\"0\" src=\"https:\/\/assets.innpro.pl\/6544\/7639\/1 \u2014 kopija.jpg\"\/>\n<\/p>\n<h3>Patogus valdymas<\/h3>\n<p>M5 1C taip pat puikiai tiks kaip paprastas \u0161viesos jungiklis. Jame yra fizinis mygtukas, kuris pasi\u017eymi dideliu reagavimu ir patikimu veikimu. Papildomas privalumas \u2013 LED foninis ap\u0161vietimas, kurio ry\u0161kum\u0105 galite reguliuoti program\u0117l\u0117je, tod\u0117l j\u012f lengvai rasite sutemus.<\/p>\n<p>\n<img decoding=\"async\" border=\"0\" src=\"https:\/\/assets.innpro.pl\/6544\/7639\/5 \u2014 kopija.jpg\"\/>\n<\/p>\n<h3>Saugus naudojimas<\/h3>\n<p>Jungiklis pagamintas i\u0161 patvaraus, ta\u010diau ugniai atsparaus PC V0 plastiko. D\u0117l to jis atsparus pa\u017eeidimams ir auk\u0161tai temperat\u016brai \u2013 puikiai veiks beveik bet kokioje situacijoje. Jo montavimas, konfig\u016bravimas ir galutinis i\u0161ardymas taip pat nesukels joki\u0173 problem\u0173 ir neu\u017eims per daug laiko.<\/p>\n<p>\n<img decoding=\"async\" border=\"0\" src=\"https:\/\/assets.innpro.pl\/6544\/7639\/6 \u2014 kopija.jpg\"\/>\n<\/p>\n<h3>Valdymas balsu<\/h3>\n<p>Ar turite u\u017eimtas rankas arba nenorite pajud\u0117ti i\u0161 savo patogios vietos ir jums reikia&#8230; \u012ejungti ar i\u0161jungti \u0161vies\u0105? Joki\u0173 problem\u0173 \u2013 \u201eSwitch\u201c suderinamas su balso asistentais, tokiais kaip \u201eSiri\u201c, \u201eAlexa\u201c ir \u201eGoogle Assistant\u201c. Tokiu b\u016bdu, vos keliais \u017eod\u017eiais, galite pritaikyti ap\u0161vietim\u0105 pagal savo poreikius!<\/p>\n<p>\n<img decoding=\"async\" border=\"0\" src=\"https:\/\/assets.innpro.pl\/6544\/7639\/4 \u0938\u094d\u0932\u094d\u091f\u094d\u0938 ... src=\"https:\/\/assets.innpro.pl\/6544\/7639\/7 \u091c\u201d kopija.jpg\"\/>\n<\/p>\n<h3>Pridedama<\/h3>\n<ul class=\"list-disc pl-5\">\n<li>Jungiklis<\/li>\n<li>Var\u017etas x2<\/li>\n<li>Naudojimo instrukcijos<\/li>\n<\/ul>\n<div class=\"table-wrapper\">\n<p>B\u00a0<\/p>\n<h3><\/h3>\n<table>\n<tbody>\n<tr>\n<th>Gamintojas<\/th>\n<td>Sonoff<\/td>\n<\/tr>\n<tr>\n<th>Modelis<\/th>\n<td>M5 1C<\/td>\n<\/tr>\n<tr>\n<th>Spalva<\/th>\n<td>Pilka<\/td>\n<\/tr>\n<tr>\n<th>Kanal\u0173 skai\u010dius<\/th>\n<td>1<\/td>\n<\/tr>\n<tr>\n<th>Med\u017eiaga<\/th>\n<td>PC V0<\/td>\n<\/tr>\n<tr>\n<th>Darbin\u0117 temperat\u016bra<\/th>\n<td>Nuo -10 \u00b0C iki 40 \u00b0C<\/td>\n<\/tr>\n<tr>\n<th>\u201eWi-Fi\u201c<\/th>\n<td>IEEE 802.11 b\/g\/n 2,4 GHz<\/td>\n<\/tr>\n<tr>\n<th>\u012etampa<\/th>\n<td>100\u2013240 V kintamoji srov\u0117 50\/60 Hz<\/td>\n<\/tr>\n<tr>\n<th>MCU<\/th>\n<td>ESP32<\/td>\n<\/tr>\n<tr>\n<th>I\u0161\u0117jimo srov\u0117<\/th>\n<td>10 A<\/td>\n<\/tr>\n<tr>\n<th>Maksimali galia<\/th>\n<td>2200 W<\/td>\n<\/tr>\n<tr>\n<th>Matmenys<\/th>\n<td>86 x 86 x 41,5 mm<\/td>\n<\/tr>\n<tr>\n<th>Program\u0117li\u0173 operacin\u0117 sistema<\/th>\n<td>\u201eAndroid\u201c \/ iOS<\/td>\n<\/tr>\n<\/tbody>\n<\/table>\n<\/div>\n","protected":false},"excerpt":{"rendered":"<p>\u201eSonoff M5 1C Grey\u201c (1 kanalo) i\u0161manusis sieninis jungiklis. M\u0117gaukit\u0117s patogiu nam\u0173 ap\u0161vietimo valdymu. I\u0161manusis \u201eSonoff M5 1C\u201c \u0161viesos jungiklis leis jums valdyti ap\u0161vietim\u0105 naudojant \u201eeWeLink\u201c program\u0117l\u0119. Taip pat galite kurti darbo grafikus ir i\u0161mani\u0105sias scenas. Tuo pa\u010diu metu jungikl\u012f labai lengva sumontuoti, jis pagamintas i\u0161 patvaraus, ugniai atsparaus PC plastiko. I\u0161bandykite \u201eeWeLink\u201c program\u0117l\u0119 Su [&#8230;]\n","protected":false},"featured_media":36992,"comment_status":"open","ping_status":"closed","template":"","meta":[],"product_brand":[203],"product_cat":[932],"product_tag":[],"class_list":{"0":"post-36991","1":"product","2":"type-product","3":"status-publish","4":"has-post-thumbnail","6":"product_brand-sonoff","7":"product_cat-switches","9":"first","10":"outofstock","11":"taxable","12":"shipping-taxable","13":"purchasable","14":"product-type-simple"},"aioseo_notices":[],"_links":{"self":[{"href":"https:\/\/asura.lv\/lt\/wp-json\/wp\/v2\/product\/36991","targetHints":{"allow":["GET"]}}],"collection":[{"href":"https:\/\/asura.lv\/lt\/wp-json\/wp\/v2\/product"}],"about":[{"href":"https:\/\/asura.lv\/lt\/wp-json\/wp\/v2\/types\/product"}],"replies":[{"embeddable":true,"href":"https:\/\/asura.lv\/lt\/wp-json\/wp\/v2\/comments?post=36991"}],"wp:featuredmedia":[{"embeddable":true,"href":"https:\/\/asura.lv\/lt\/wp-json\/wp\/v2\/media\/36992"}],"wp:attachment":[{"href":"https:\/\/asura.lv\/lt\/wp-json\/wp\/v2\/media?parent=36991"}],"wp:term":[{"taxonomy":"product_brand","embeddable":true,"href":"https:\/\/asura.lv\/lt\/wp-json\/wp\/v2\/product_brand?post=36991"},{"taxonomy":"product_cat","embeddable":true,"href":"https:\/\/asura.lv\/lt\/wp-json\/wp\/v2\/product_cat?post=36991"},{"taxonomy":"product_tag","embeddable":true,"href":"https:\/\/asura.lv\/lt\/wp-json\/wp\/v2\/product_tag?post=36991"}],"curies":[{"name":"wp","href":"https:\/\/api.w.org\/{rel}","templated":true}]}}