{"id":36997,"date":"2025-11-28T22:08:39","date_gmt":"2025-11-28T22:08:39","guid":{"rendered":"https:\/\/asura.lv\/product\/smart-wifi-touch-wall-switch-sonoff-tx-t5-4c-4-channel\/"},"modified":"2025-12-12T15:44:15","modified_gmt":"2025-12-12T13:44:15","slug":"smart-wifi-touch-wall-switch-sonoff-tx-t5-4c-4-channel","status":"publish","type":"product","link":"https:\/\/asura.lv\/lt\/produktas\/smart-wifi-touch-wall-switch-sonoff-tx-t5-4c-4-channel\/","title":{"rendered":"I\u0161manusis WiFi jutiklinis sieninis jungiklis \u201eSonoff TX T5 4C\u201c (4 kanal\u0173)"},"content":{"rendered":"<h3>\u201eSonoff TX T5 4C\u201c (4 kanal\u0173) i\u0161manusis jutiklinis sieninis jungiklis su \u201eWi-Fi\u201c.<\/h3>\n<p>Sukurkite i\u0161maniuosius namus su \u201eSonoff\u201c. \u201eTX T5 4C\u201c yra 4 kanal\u0173 sieninis jungiklis, leid\u017eiantis patogiai valdyti ap\u0161vietim\u0105. J\u012f taip pat galite valdyti nuotoliniu b\u016bdu naudodami balso komandas arba \u201eeWeLink\u201c program\u0117l\u0119. Be to, gaminys si\u016blo laikma\u010dio funkcij\u0105 ir spalving\u0105 LED fonin\u012f ap\u0161vietim\u0105, kur\u012f galite pritaikyti. Taip pat galite suasmeninti jungiklio i\u0161vaizd\u0105 naudodami spalv\u0173 skydelius (nepridedami).<\/p>\n<p>\n<img decoding=\"async\" border=\"0\" src=\"https:\/\/assets.innpro.pl\/6535\/7628\/1.jpg\"\/>\n<\/p>\n<h3>Valdymas balsu<\/h3>\n<p>Norite i\u0161jungti \u0161viesas savo svetain\u0117je neatsikeldami nuo sofos? Su \u201eSonoff TX T5 4C\u201c tai ne problema. Sieninis jungiklis veikia su tokiais asistentais kaip \u201eAmazon Alexa\u201c, \u201eGoogle Home\u201c ir \u201eAlice\u201c. Tereikia paprastos balso komandos \u2013 jums nebereik\u0117s atitraukti aki\u0173 nuo m\u0117gstamos laidos.<\/p>\n<p>\n<img decoding=\"async\" border=\"0\" src=\"https:\/\/assets.innpro.pl\/6535\/7628\/7.jpg\"\/>\n<\/p>\n<h3>Dviej\u0173 kryp\u010di\u0173 ap\u0161vietimo valdymas<\/h3>\n<p>Jungikl\u012f galima naudoti kaip \u201eeWeLink\u201c \u0161liuz\u0105. Tai leid\u017eia kurti i\u0161mani\u0105sias scenas, kurios leist\u0173 ir TX T5 4C, ir R5 arba S-MATE (nepridedami) valdyti vieno \u0161viestuvo veikim\u0105. M\u0117gaukit\u0117s \u201eSonoff\u201c si\u016blomomis galimyb\u0117mis be vis\u0173 nereikaling\u0173 laid\u0173.<\/p>\n<p>\n<img decoding=\"async\" border=\"0\" src=\"https:\/\/assets.innpro.pl\/6535\/7628\/5.jpg\"\/>\n<\/p>\n<h3>Papildomos galimyb\u0117s<\/h3>\n<p>Jungiklis turi \u012fmontuot\u0105 laikmat\u012f, kuris leis jums pritaikyti laik\u0105, kada \u0161viesa automati\u0161kai i\u0161sijungs, ir \u012fsijungs spalvotas foninis ap\u0161vietimas aplink jungikl\u012f. Tai leid\u017eia lengvai rasti \u012frengin\u012f sutemus. Be to, galima \u012fjungti i\u0161maniuosius re\u017eimus.<\/p>\n<p>\n<img decoding=\"async\" border=\"0\" src=\"https:\/\/assets.innpro.pl\/6535\/7628\/2.jpg\"\/>\n<\/p>\n<h3>Jutiklinis skydelis ir spalvotas foninis ap\u0161vietimas<\/h3>\n<p>TX T5 4C turi keturis mygtukus, tod\u0117l galite, pavyzd\u017eiui, patogiai \u012fjungti \u0161vies\u0105. \u012erenginys signalizuos apie komand\u0105 pyptel\u0117jimu ir \u0161velnia vibracija. Be to, jame si\u016blomas 8 spalv\u0173 foninio ap\u0161vietimo tipas \u2013 \u201eVakar\u0117lio\u201c, \u201eNakties \u0161viesos\u201c ir \u201eSpalvot\u0173\u201c re\u017eimai ir kt. I\u0161sirinkite sau tinkamiausi\u0105!<\/p>\n<p>\n<img decoding=\"async\" border=\"0\" src=\"https:\/\/assets.innpro.pl\/6535\/7628\/4.jpg\"\/>\n<\/p>\n<h3>Pridedama<\/h3>\n<ul class=\"list-disc pl-5\">\n<li>Jungiklis<\/li>\n<li>Var\u017etai x2<\/li>\n<li>Naudotojo vadovas<\/li>\n<\/ul>\n<div class=\"table-wrapper\">\n<p>\u0412\u00a0<\/p>\n<h3><\/h3>\n<table>\n<tbody>\n<tr>\n<th>Gamintojas<\/th>\n<td>Sonoff<\/td>\n<\/tr>\n<tr>\n<th>Modelis<\/th>\n<td>TX T5 4C<\/td>\n<\/tr>\n<tr>\n<th>Kanal\u0173 skai\u010dius<\/th>\n<td>4<\/td>\n<\/tr>\n<tr>\n<th>\u012e\u0117jimo \u012ftampa<\/th>\n<td>100\u2013240 V ~ 50\/60 Hz maks. 16 A<\/td>\n<\/tr>\n<tr>\n<th>I\u0161\u0117jimo \u012ftampa<\/th>\n<td>100\u2013240 V ~ maks. 50\/60 Hz 4 A vienam kanalui, 16 A i\u0161 viso<\/td>\n<\/tr>\n<tr>\n<th>Galia<\/th>\n<td>960 W maks. (240 V) vienam kanalui, 3840 W i\u0161 viso<\/td>\n<\/tr>\n<tr>\n<th>LED apkrova<\/th>\n<td>150 W maks. (240 V) vienam kanalui \/ 75 W maks. (100 V) vienam kanalui<\/td>\n<\/tr>\n<tr>\n<th>\u201eWi-Fi\u201c<\/th>\n<td>IEEE 802.11 b\/g\/n 2,4 GHz<\/td>\n<\/tr>\n<tr>\n<th>Spalva<\/th>\n<td>Balta<\/td>\n<\/tr>\n<tr>\n<th>Med\u017eiaga<\/th>\n<td>PC, CRS<\/td>\n<\/tr>\n<tr>\n<th>Matmenys<\/th>\n<td>86 x 86 x 39 mm<\/td>\n<\/tr>\n<tr>\n<th>Svoris<\/th>\n<td>181 g<\/td>\n<\/tr>\n<tr>\n<th>Veikimo sistemos<\/th>\n<td>iOS, \u201eAndroid\u201c<\/td>\n<\/tr>\n<tr>\n<th>\u201eBluetooth\u201c<\/th>\n<td>4.2<\/td>\n<\/tr>\n<tr>\n<th>Program\u0117l\u0117<\/th>\n<td>eWeLink<\/td>\n<\/tr>\n<tr>\n<th>Sterowanie g\u0415\u201aosowe<\/th>\n<td>\u201eAmazon Alexa\u201c, \u201eGoogle Home\u201c, \u201eAlice\u201c<\/td>\n<\/tr>\n<\/tbody>\n<\/table>\n<\/div>\n","protected":false},"excerpt":{"rendered":"<p>\u201eSonoff TX T5 4C\u201c (4 kanal\u0173) i\u0161manusis jutiklinis sieninis jungiklis su \u201eWi-Fi\u201c. Sukurkite i\u0161maniuosius namus su \u201eSonoff\u201c. \u201eTX T5 4C\u201c yra 4 kanal\u0173 sieninis jungiklis, leid\u017eiantis patogiai valdyti ap\u0161vietim\u0105. J\u012f taip pat galite valdyti nuotoliniu b\u016bdu naudodami balso komandas arba \u201eeWeLink\u201c program\u0117l\u0119. Be to, gaminys si\u016blo laikma\u010dio funkcij\u0105 ir spalving\u0105 LED fonin\u012f ap\u0161vietim\u0105, kur\u012f galite [&#8230;]\n","protected":false},"featured_media":36998,"comment_status":"open","ping_status":"closed","template":"","meta":[],"product_brand":[203],"product_cat":[932],"product_tag":[],"class_list":{"0":"post-36997","1":"product","2":"type-product","3":"status-publish","4":"has-post-thumbnail","6":"product_brand-sonoff","7":"product_cat-switches","9":"first","10":"outofstock","11":"taxable","12":"shipping-taxable","13":"purchasable","14":"product-type-simple"},"aioseo_notices":[],"_links":{"self":[{"href":"https:\/\/asura.lv\/lt\/wp-json\/wp\/v2\/product\/36997","targetHints":{"allow":["GET"]}}],"collection":[{"href":"https:\/\/asura.lv\/lt\/wp-json\/wp\/v2\/product"}],"about":[{"href":"https:\/\/asura.lv\/lt\/wp-json\/wp\/v2\/types\/product"}],"replies":[{"embeddable":true,"href":"https:\/\/asura.lv\/lt\/wp-json\/wp\/v2\/comments?post=36997"}],"wp:featuredmedia":[{"embeddable":true,"href":"https:\/\/asura.lv\/lt\/wp-json\/wp\/v2\/media\/36998"}],"wp:attachment":[{"href":"https:\/\/asura.lv\/lt\/wp-json\/wp\/v2\/media?parent=36997"}],"wp:term":[{"taxonomy":"product_brand","embeddable":true,"href":"https:\/\/asura.lv\/lt\/wp-json\/wp\/v2\/product_brand?post=36997"},{"taxonomy":"product_cat","embeddable":true,"href":"https:\/\/asura.lv\/lt\/wp-json\/wp\/v2\/product_cat?post=36997"},{"taxonomy":"product_tag","embeddable":true,"href":"https:\/\/asura.lv\/lt\/wp-json\/wp\/v2\/product_tag?post=36997"}],"curies":[{"name":"wp","href":"https:\/\/api.w.org\/{rel}","templated":true}]}}