{"id":37357,"date":"2025-11-28T21:08:58","date_gmt":"2025-11-28T21:08:58","guid":{"rendered":"https:\/\/asura.lv\/product\/protector-sunhood-sunnylife-2in1-to-dji-rc-yk676\/"},"modified":"2025-12-12T15:39:18","modified_gmt":"2025-12-12T13:39:18","slug":"protector-sunhood-sunnylife-2in1-to-dji-rc-yk676","status":"publish","type":"product","link":"https:\/\/asura.lv\/lt\/produktas\/protector-sunhood-sunnylife-2in1-to-dji-rc-yk676\/","title":{"rendered":"Apsauga ir stogelis nuo saul\u0117s \u201eSunnylife 2in1\u201c DJI RC (YK676)"},"content":{"rendered":"<h3>\u201eSunnylife 2in1\u201c apsauginis dangtelis ir gaubtas nuo saul\u0117s, skirtas \u201eDJI RC\u201c (YK676)<\/h3>\n<p>\u201eSunnylife 2in1\u201c apsauginis dangtelis skirtas \u201eDJI RC\u201c. Jame yra du gaubtai nuo saul\u0117s, kurie u\u017etikrina optimali\u0105 apsaug\u0105 nuo \u0161viesos bet kokiomis s\u0105lygomis ir leid\u017eia reguliuoti gaubt\u0105 pagal savo poreikius. Rafinuotas dizainas garantuoja ekrano, mygtuk\u0173 ir valdymo svirteli\u0173 saugum\u0105. \u0160is priedas puikiai tinka valdikliui, efektyviai apsaugo j\u012f nuo \u012fbr\u0117\u017eim\u0173 ir padidina patogum\u0105 transportuojant.<\/p>\n<p><img decoding=\"async\" src=\"https:\/\/b2b.innpro.pl\/data\/include\/cms\/Sunnylife\/YK676\/1.jpg\" alt=\"Sunnylife\/YK676\/1\"><\/p>\n<h3>\u012etraukta:<\/h3>\n<ul>\n<li>Sunhood x1<\/li>\n<li>Var\u017etas x2<\/li>\n<li>Ver\u017eliaraktis x1<\/li>\n<\/ul>\n<div class=\"table-wrapper\">\n<table>\n<tbody>\n<tr>\n<th>Gamintojas<\/th>\n<td>Sunnylife<\/td>\n<\/tr>\n<tr>\n<th>Modelis<\/th>\n<td>YK676<\/td>\n<\/tr>\n<tr>\n<th>Suderinamumas<\/th>\n<td>DJI RC<\/td>\n<\/tr>\n<tr>\n<th>Med\u017eiaga<\/th>\n<td>Plastikas<\/td>\n<\/tr>\n<tr>\n<th>Svoris<\/th>\n<td>89 g (be var\u017et\u0173)<\/td>\n<\/tr>\n<\/tbody>\n<\/table>\n<\/div>\n","protected":false},"excerpt":{"rendered":"<p>\u201eSunnylife 2in1\u201c apsauginis dangtelis ir gaubtas nuo saul\u0117s, skirtas \u201eDJI RC\u201c (YK676) \u201eSunnylife 2in1\u201c apsauginis dangtelis skirtas \u201eDJI RC\u201c. Jame yra du gaubtai nuo saul\u0117s, kurie u\u017etikrina optimali\u0105 apsaug\u0105 nuo \u0161viesos bet kokiomis s\u0105lygomis ir leid\u017eia reguliuoti gaubt\u0105 pagal savo poreikius. Rafinuotas dizainas garantuoja ekrano, mygtuk\u0173 ir valdymo svirteli\u0173 saugum\u0105. \u0160is priedas puikiai tinka valdikliui, [&#8230;]\n","protected":false},"featured_media":37358,"comment_status":"open","ping_status":"closed","template":"","meta":[],"product_brand":[432],"product_cat":[1028],"product_tag":[],"class_list":{"0":"post-37357","1":"product","2":"type-product","3":"status-publish","4":"has-post-thumbnail","6":"product_brand-sunnylife","7":"product_cat-dji","9":"first","10":"outofstock","11":"taxable","12":"shipping-taxable","13":"purchasable","14":"product-type-simple"},"aioseo_notices":[],"_links":{"self":[{"href":"https:\/\/asura.lv\/lt\/wp-json\/wp\/v2\/product\/37357","targetHints":{"allow":["GET"]}}],"collection":[{"href":"https:\/\/asura.lv\/lt\/wp-json\/wp\/v2\/product"}],"about":[{"href":"https:\/\/asura.lv\/lt\/wp-json\/wp\/v2\/types\/product"}],"replies":[{"embeddable":true,"href":"https:\/\/asura.lv\/lt\/wp-json\/wp\/v2\/comments?post=37357"}],"wp:featuredmedia":[{"embeddable":true,"href":"https:\/\/asura.lv\/lt\/wp-json\/wp\/v2\/media\/37358"}],"wp:attachment":[{"href":"https:\/\/asura.lv\/lt\/wp-json\/wp\/v2\/media?parent=37357"}],"wp:term":[{"taxonomy":"product_brand","embeddable":true,"href":"https:\/\/asura.lv\/lt\/wp-json\/wp\/v2\/product_brand?post=37357"},{"taxonomy":"product_cat","embeddable":true,"href":"https:\/\/asura.lv\/lt\/wp-json\/wp\/v2\/product_cat?post=37357"},{"taxonomy":"product_tag","embeddable":true,"href":"https:\/\/asura.lv\/lt\/wp-json\/wp\/v2\/product_tag?post=37357"}],"curies":[{"name":"wp","href":"https:\/\/api.w.org\/{rel}","templated":true}]}}