{"id":37417,"date":"2025-11-28T21:08:52","date_gmt":"2025-11-28T21:08:52","guid":{"rendered":"https:\/\/asura.lv\/product\/torras-phone-case-sparka-for-iphone-15-transparent\/"},"modified":"2025-12-12T15:39:14","modified_gmt":"2025-12-12T13:39:14","slug":"torras-phone-case-sparka-for-iphone-15-transparent","status":"publish","type":"product","link":"https:\/\/asura.lv\/lt\/produktas\/torras-phone-case-sparka-for-iphone-15-transparent\/","title":{"rendered":"\u201eTorras\u201c telefono d\u0117klas \u201eSparka\u201c, skirtas \u201eiPhone 15\u201c (skaidrus)"},"content":{"rendered":"<h3>\u201eTorras Spark\u201c d\u0117klas, skirtas \u201eiPhone 15\u201c (skaidrus)<\/h3>\n<p>D\u0117klas skirtas \u201eiPhone 15\u201c, o d\u0117l plono dizaino leid\u017eia greitai ir patogiai \u012fkrauti telefon\u0105 belaid\u017eiu b\u016bdu. Be to, d\u0117l pakelt\u0173 kra\u0161t\u0173 jis apsaugo ekran\u0105 ir kameros objektyv\u0105 nuo \u012fbr\u0117\u017eim\u0173 ar \u012ftr\u016bkim\u0173. Be to, laikui b\u0117gant jis nepagelsta ir leid\u017eia patogiai naudoti mygtukus. Jis taip pat suderinamas su visais \u201eMagsafe\u201c priedais.<\/p>\n<p><img decoding=\"async\" src=\"https:\/\/b2b.innpro.pl\/data\/include\/cms\/Torras\/Sparka-iPhone-15\/7.jpg\" alt=\"Torras\/Sparka-iPhone-15\/7\"><\/p>\n<h3>Tvirtas dizainas veiksmingai apsaugai<\/h3>\n<p>D\u0117kle yra 38 magnetai, kuri\u0173 bendra j\u0117ga yra 18 N, tod\u0117l jis yra 5 kartus stabilesnis nei kiti pana\u0161\u016bs gaminiai. Magnetinis \u017eiedas palengvina indukcin\u012f \u012fkrovim\u0105 arba \u201eiPhone\u201c pritvirtinim\u0105 prie automobilio laikiklio. Be to, jis 98 % suma\u017eina pa\u017eeidimo rizik\u0105 kritimo metu. <\/p>\n<p><img decoding=\"async\" src=\"https:\/\/b2b.innpro.pl\/data\/include\/cms\/Torras\/Sparka-iPhone-15\/4.jpg\" alt=\"Torras\/Sparka-iPhone-15\/4\"><\/p>\n<div class=\"table-wrapper\">\n<table>\n<tbody>\n<tr>\n<th>Gamintojas<\/th>\n<td>Torras<\/td>\n<\/tr>\n<tr>\n<th>Modelis<\/th>\n<td>Sparka<\/td>\n<\/tr>\n<tr>\n<th>Spalva<\/th>\n<td>skaidrus<\/td>\n<\/tr>\n<tr>\n<th>Suderinamumas<\/th>\n<td>iPhone 15<\/td>\n<\/tr>\n<\/tbody>\n<\/table>\n<\/div>\n","protected":false},"excerpt":{"rendered":"<p>\u201eTorras Spark\u201c d\u0117klas, skirtas \u201eiPhone 15\u201c (skaidrus) D\u0117klas skirtas \u201eiPhone 15\u201c, o d\u0117l plono dizaino leid\u017eia greitai ir patogiai \u012fkrauti telefon\u0105 belaid\u017eiu b\u016bdu. Be to, d\u0117l pakelt\u0173 kra\u0161t\u0173 jis apsaugo ekran\u0105 ir kameros objektyv\u0105 nuo \u012fbr\u0117\u017eim\u0173 ar \u012ftr\u016bkim\u0173. Be to, laikui b\u0117gant jis nepagelsta ir leid\u017eia patogiai naudoti mygtukus. Jis taip pat suderinamas su visais [&#8230;]\n","protected":false},"featured_media":37418,"comment_status":"open","ping_status":"closed","template":"","meta":[],"product_brand":[538],"product_cat":[1250],"product_tag":[],"class_list":{"0":"post-37417","1":"product","2":"type-product","3":"status-publish","4":"has-post-thumbnail","6":"product_brand-torras","7":"product_cat-protective-cases-for-smartphones-cases-gsm-accessories","9":"first","10":"outofstock","11":"taxable","12":"shipping-taxable","13":"purchasable","14":"product-type-simple"},"aioseo_notices":[],"_links":{"self":[{"href":"https:\/\/asura.lv\/lt\/wp-json\/wp\/v2\/product\/37417","targetHints":{"allow":["GET"]}}],"collection":[{"href":"https:\/\/asura.lv\/lt\/wp-json\/wp\/v2\/product"}],"about":[{"href":"https:\/\/asura.lv\/lt\/wp-json\/wp\/v2\/types\/product"}],"replies":[{"embeddable":true,"href":"https:\/\/asura.lv\/lt\/wp-json\/wp\/v2\/comments?post=37417"}],"wp:featuredmedia":[{"embeddable":true,"href":"https:\/\/asura.lv\/lt\/wp-json\/wp\/v2\/media\/37418"}],"wp:attachment":[{"href":"https:\/\/asura.lv\/lt\/wp-json\/wp\/v2\/media?parent=37417"}],"wp:term":[{"taxonomy":"product_brand","embeddable":true,"href":"https:\/\/asura.lv\/lt\/wp-json\/wp\/v2\/product_brand?post=37417"},{"taxonomy":"product_cat","embeddable":true,"href":"https:\/\/asura.lv\/lt\/wp-json\/wp\/v2\/product_cat?post=37417"},{"taxonomy":"product_tag","embeddable":true,"href":"https:\/\/asura.lv\/lt\/wp-json\/wp\/v2\/product_tag?post=37417"}],"curies":[{"name":"wp","href":"https:\/\/api.w.org\/{rel}","templated":true}]}}