{"id":37459,"date":"2025-11-28T21:08:49","date_gmt":"2025-11-28T21:08:49","guid":{"rendered":"https:\/\/asura.lv\/product\/torras-originfit-case-for-iphone-15-pro-black\/"},"modified":"2025-12-12T15:39:11","modified_gmt":"2025-12-12T13:39:11","slug":"torras-originfit-case-for-iphone-15-pro-black","status":"publish","type":"product","link":"https:\/\/asura.lv\/lt\/produktas\/torras-originfit-case-for-iphone-15-pro-black\/","title":{"rendered":"\u201eTorras OriginFit\u201c d\u0117klas, skirtas \u201eiPhone 15 Pro\u201c (juodas)"},"content":{"rendered":"<h3>\u201eTorras OriginFit\u201c d\u0117klas, skirtas \u201eiPhone 15 Pro\u201c (juodas)<\/h3>\n<p>\u201eTorras OriginFit\u201c d\u0117klas skirtas \u201eiPhone 15 Pro\u201c ir pasi\u017eymi itin plonu dizainu \u2013 jo storis yra ma\u017eesnis nei 0,03 colio. Jis u\u017etikrina veiksming\u0105 apsaug\u0105 nuo kritim\u0173, taip pat apsaugo \u012frenginio ekran\u0105 ir objektyv\u0105. Jis pasi\u017eymi malonia liesti apdaila ir neleid\u017eia \u201eiPhone\u201c i\u0161slysti i\u0161 rankos.<\/p>\n<p><img decoding=\"async\" src=\"https:\/\/assets.innpro.pl\/9913\/11615\/2.jpg\" border=\"0\" \/><\/p>\n<h3>Efektyvi apsauga<\/h3>\n<p>Su \u201eTorras OriginFit\u201c d\u0117klu j\u016bs\u0173 \u201eiPhone 15 Pro\u201c yra saugus. Gaminys pagamintas i\u0161 lanks\u010dios plastiko, kuris pasi\u017eymi dideliu atsparumu kritimams. Be to, d\u0117klo kra\u0161tai yra pakelti, kad apsaugot\u0173 j\u016bs\u0173 i\u0161maniojo telefono ekran\u0105 ir objektyv\u0105 nuo pa\u017eeidim\u0173.<\/p>\n<p><img decoding=\"async\" src=\"https:\/\/assets.innpro.pl\/9913\/11615\/3.jpg\" border=\"0\" \/><\/p>\n<div class=\"table-wrapper\">\n<p>B\u00a0<\/p>\n<h3>B\u00a0<\/h3>\n<table>\n<tbody>\n<tr>\n<th>Gamintojas<\/th>\n<td>Torras<\/td>\n<\/tr>\n<tr>\n<th>Modelis<\/th>\n<td>OriginFit-iPhone 15 Pro<\/td>\n<\/tr>\n<tr>\n<th>Spalva<\/th>\n<td>juoda<\/td>\n<\/tr>\n<tr>\n<th>Storis<\/th>\n<td>0,03 colio<\/td>\n<\/tr>\n<tr>\n<th>Suderinamumas<\/th>\n<td>iPhone 15 Pro<\/td>\n<\/tr>\n<\/tbody>\n<\/table>\n<\/div>\n","protected":false},"excerpt":{"rendered":"<p>\u201eTorras OriginFit\u201c d\u0117klas, skirtas \u201eiPhone 15 Pro\u201c (juodas) \u201eTorras OriginFit\u201c d\u0117klas skirtas \u201eiPhone 15 Pro\u201c ir pasi\u017eymi itin plonu dizainu \u2013 jo storis yra ma\u017eesnis nei 0,03 colio. Jis u\u017etikrina veiksming\u0105 apsaug\u0105 nuo kritim\u0173, taip pat apsaugo \u012frenginio ekran\u0105 ir objektyv\u0105. Jis pasi\u017eymi malonia liesti apdaila ir neleid\u017eia \u201eiPhone\u201c i\u0161slysti i\u0161 rankos. Efektyvi apsauga Su [&#8230;]\n","protected":false},"featured_media":37460,"comment_status":"open","ping_status":"closed","template":"","meta":[],"product_brand":[538],"product_cat":[1250],"product_tag":[],"class_list":{"0":"post-37459","1":"product","2":"type-product","3":"status-publish","4":"has-post-thumbnail","6":"product_brand-torras","7":"product_cat-protective-cases-for-smartphones-cases-gsm-accessories","9":"first","10":"outofstock","11":"taxable","12":"shipping-taxable","13":"purchasable","14":"product-type-simple"},"aioseo_notices":[],"_links":{"self":[{"href":"https:\/\/asura.lv\/lt\/wp-json\/wp\/v2\/product\/37459","targetHints":{"allow":["GET"]}}],"collection":[{"href":"https:\/\/asura.lv\/lt\/wp-json\/wp\/v2\/product"}],"about":[{"href":"https:\/\/asura.lv\/lt\/wp-json\/wp\/v2\/types\/product"}],"replies":[{"embeddable":true,"href":"https:\/\/asura.lv\/lt\/wp-json\/wp\/v2\/comments?post=37459"}],"wp:featuredmedia":[{"embeddable":true,"href":"https:\/\/asura.lv\/lt\/wp-json\/wp\/v2\/media\/37460"}],"wp:attachment":[{"href":"https:\/\/asura.lv\/lt\/wp-json\/wp\/v2\/media?parent=37459"}],"wp:term":[{"taxonomy":"product_brand","embeddable":true,"href":"https:\/\/asura.lv\/lt\/wp-json\/wp\/v2\/product_brand?post=37459"},{"taxonomy":"product_cat","embeddable":true,"href":"https:\/\/asura.lv\/lt\/wp-json\/wp\/v2\/product_cat?post=37459"},{"taxonomy":"product_tag","embeddable":true,"href":"https:\/\/asura.lv\/lt\/wp-json\/wp\/v2\/product_tag?post=37459"}],"curies":[{"name":"wp","href":"https:\/\/api.w.org\/{rel}","templated":true}]}}