{"id":37525,"date":"2025-11-28T21:08:44","date_gmt":"2025-11-28T21:08:44","guid":{"rendered":"https:\/\/asura.lv\/product\/torras-phone-case-upro-lstand-clear-mag-for-iphone-15-transparent\/"},"modified":"2025-12-12T15:39:07","modified_gmt":"2025-12-12T13:39:07","slug":"torras-phone-case-upro-lstand-clear-mag-for-iphone-15-transparent","status":"publish","type":"product","link":"https:\/\/asura.lv\/lt\/produktas\/torras-phone-case-upro-lstand-clear-mag-for-iphone-15-transparent\/","title":{"rendered":"Torras telefono d\u0117klas UPRO Lstand Clear-Mag iPhone 15 (skaidrus)"},"content":{"rendered":"<h3>\u201eTorras UPRO Lstand Clear-Mag\u201c d\u0117klas, skirtas \u201eiPhone 15\u201c (skaidrus)<\/h3>\n<p>\u201eTorras UPRO Lstand Clear-Mag\u201c d\u0117klas skirtas \u201eiPhone 15\u201c ir pasi\u017eymi 135\u00b0 i\u0161lankstomu laikikliu u\u017e objektyvo, kad gal\u0117tum\u0117te patogiai dirbti, \u017ei\u016br\u0117ti vaizdo \u012fra\u0161us ar skambinti vaizdo skambu\u010diais. Jis u\u017etikrina veiksming\u0105 i\u0161maniojo telefono apsaug\u0105 nuo pa\u017eeidim\u0173 ir leid\u017eia belaid\u017eiu b\u016bdu \u012fkrauti.<\/p>\n<p><img decoding=\"async\" src=\"https:\/\/b2b.innpro.pl\/data\/include\/cms\/Torras\/UPRO-15-TRANSPARENT\/1.jpg\" alt=\"Torras\/UPRO-15-TRANSPARENT\/1\"><\/p>\n<h3>Prakti\u0161kas ir stilingas<\/h3>\n<p>D\u0117l stipri\u0173 magnet\u0173 d\u0117klas u\u017etikrina stabilum\u0105 ir leid\u017eia belaid\u017eiu b\u016bdu \u012fkrauti \u201eiPhone 15\u201c. Magnetinis \u017eiedas taip pat leid\u017eia \u012fd\u0117ti \u201eiPhone\u201c \u012f magnetin\u012f automobilio laikikl\u012f, kad gal\u0117tum\u0117te saugiai naudoti navigacij\u0105. Be to, produktas yra atsparus pageltimui, kritimams, ta\u0161kymams ir \u012fbr\u0117\u017eimams. Be to, j\u012f lengva valyti. <\/p>\n<p><img decoding=\"async\" src=\"https:\/\/b2b.innpro.pl\/data\/include\/cms\/Torras\/UPRO-15-TRANSPARENT\/2.jpg\" alt=\"Torras\/UPRO-15-TRANSPARENT\/2\"><\/p>\n<div class=\"table-wrapper\">\n<table>\n<tbody>\n<tr>\n<th>Gamintojas<\/th>\n<td>Torras<\/td>\n<\/tr>\n<tr>\n<th>Modelis<\/th>\n<td>UPRO 15 SKAIDRUS<\/td>\n<\/tr>\n<tr>\n<th>Spalva<\/th>\n<td>skaidrus<\/td>\n<\/tr>\n<tr>\n<th>Tinka <\/th>\n<td>iPhone 15<\/td>\n<\/tr>\n<\/tbody>\n<\/table>\n<\/div>\n","protected":false},"excerpt":{"rendered":"<p>\u201eTorras UPRO Lstand Clear-Mag\u201c d\u0117klas, skirtas \u201eiPhone 15\u201c (skaidrus) \u201eTorras UPRO Lstand Clear-Mag\u201c d\u0117klas skirtas \u201eiPhone 15\u201c ir pasi\u017eymi 135\u00b0 i\u0161lankstomu laikikliu u\u017e objektyvo, kad gal\u0117tum\u0117te patogiai dirbti, \u017ei\u016br\u0117ti vaizdo \u012fra\u0161us ar skambinti vaizdo skambu\u010diais. Jis u\u017etikrina veiksming\u0105 i\u0161maniojo telefono apsaug\u0105 nuo pa\u017eeidim\u0173 ir leid\u017eia belaid\u017eiu b\u016bdu \u012fkrauti. Prakti\u0161kas ir stilingas D\u0117l stipri\u0173 magnet\u0173 d\u0117klas [&#8230;]\n","protected":false},"featured_media":37526,"comment_status":"open","ping_status":"closed","template":"","meta":[],"product_brand":[538],"product_cat":[1250],"product_tag":[],"class_list":{"0":"post-37525","1":"product","2":"type-product","3":"status-publish","4":"has-post-thumbnail","6":"product_brand-torras","7":"product_cat-protective-cases-for-smartphones-cases-gsm-accessories","9":"first","10":"outofstock","11":"taxable","12":"shipping-taxable","13":"purchasable","14":"product-type-simple"},"aioseo_notices":[],"_links":{"self":[{"href":"https:\/\/asura.lv\/lt\/wp-json\/wp\/v2\/product\/37525","targetHints":{"allow":["GET"]}}],"collection":[{"href":"https:\/\/asura.lv\/lt\/wp-json\/wp\/v2\/product"}],"about":[{"href":"https:\/\/asura.lv\/lt\/wp-json\/wp\/v2\/types\/product"}],"replies":[{"embeddable":true,"href":"https:\/\/asura.lv\/lt\/wp-json\/wp\/v2\/comments?post=37525"}],"wp:featuredmedia":[{"embeddable":true,"href":"https:\/\/asura.lv\/lt\/wp-json\/wp\/v2\/media\/37526"}],"wp:attachment":[{"href":"https:\/\/asura.lv\/lt\/wp-json\/wp\/v2\/media?parent=37525"}],"wp:term":[{"taxonomy":"product_brand","embeddable":true,"href":"https:\/\/asura.lv\/lt\/wp-json\/wp\/v2\/product_brand?post=37525"},{"taxonomy":"product_cat","embeddable":true,"href":"https:\/\/asura.lv\/lt\/wp-json\/wp\/v2\/product_cat?post=37525"},{"taxonomy":"product_tag","embeddable":true,"href":"https:\/\/asura.lv\/lt\/wp-json\/wp\/v2\/product_tag?post=37525"}],"curies":[{"name":"wp","href":"https:\/\/api.w.org\/{rel}","templated":true}]}}