{"id":37573,"date":"2025-11-28T21:08:39","date_gmt":"2025-11-28T21:08:39","guid":{"rendered":"https:\/\/asura.lv\/product\/case-for-dji-mini-4-sunnylife-n4p-b697\/"},"modified":"2025-12-12T15:39:03","modified_gmt":"2025-12-12T13:39:03","slug":"case-for-dji-mini-4-sunnylife-n4p-b697","status":"publish","type":"product","link":"https:\/\/asura.lv\/lt\/produktas\/case-for-dji-mini-4-sunnylife-n4p-b697\/","title":{"rendered":"DJI Mini 4 Sunnylife N4P-B697 d\u0117klas"},"content":{"rendered":"<h3>\u201eSunnylife N4P-B697\u201c d\u0117klas MINI 4 Pro dronui<\/h3>\n<p><p>Ie\u0161kote tobulo d\u0117klo savo MINI 4 Pro dronui? \u201eSunnylife N4P-B697\u201c d\u0117klas, d\u0117l puikaus prigludimo prie drono, stabilizatoriaus apsaugos, sparno stabilizatoriaus ir valdiklio su plan\u0161etinio kompiuterio laikikliu arba saul\u0117s dangteliu, u\u017etikrins ne tik saug\u0173 laikym\u0105, bet ir patog\u0173 transportavim\u0105.<\/p>\n<\/p>\n<p><img decoding=\"async\" src=\"https:\/\/assets.innpro.pl\/1845\/1994\/2.jpg\" border=\"0\" alt=\"\"><\/p>\n<h3>Puikus prigludimas<\/h3>\n<p><p>\u201eSunnylife N4P-B697\u201c d\u0117klas buvo tiksliai suformuotas, kad idealiai tikt\u0173 j\u016bs\u0173 MINI 4 Pro dronui. Jums nereik\u0117s nerimauti, kad dronas jud\u0117s transportavimo metu. Tvirtas prigludimas u\u017etikrina visi\u0161k\u0105 \u012frenginio saugum\u0105.<\/p>\n<\/p>\n<p><img decoding=\"async\" src=\"https:\/\/assets.innpro.pl\/1845\/1994\/3.jpg\" border=\"0\" alt=\"\"><\/p>\n<h3>Apsauga ir patogumas<\/h3>\n<p><p>D\u0117klo vidus i\u0161klotas mink\u0161ta, malonia liesti med\u017eiaga, kuri ne tik apsaugo j\u016bs\u0173 \u012frang\u0105 nuo \u012fbr\u0117\u017eim\u0173 transportavimo metu. Pertvara, skirianti dron\u0105 nuo valdiklio, neleid\u017eia dviem \u012frenginiams atsitrenkti vienas \u012f kit\u0105.<\/p>\n<\/p>\n<p><img decoding=\"async\" src=\"https:\/\/assets.innpro.pl\/1845\/1994\/7.jpg\" border=\"0\" alt=\"\"><\/p>\n<h3>Saugus valdiklio tvirtinimas<\/h3>\n<p><p>Drono valdiklis laikomas tvirtu \u201eVelcro\u201c dir\u017eeliu. Tai rei\u0161kia, kad transportavimo metu nereikia nerimauti d\u0117l valdiklio pasislinkimo, tod\u0117l viskas i\u0161lieka nepriekai\u0161tingos b\u016bkl\u0117s.<\/p>\n<\/p>\n<p><img decoding=\"async\" src=\"https:\/\/assets.innpro.pl\/1845\/1994\/4.jpg\" border=\"0\" alt=\"\"><\/p>\n<h3>Patogi transportavimo rankena<\/h3>\n<p><p>\u201eSunnylife N4P-B697\u201c d\u0117klas turi tvirt\u0105 ranken\u0105, kuri labai palengvina ne\u0161iojim\u0105. Jums nereik\u0117s r\u016bpintis \u012frangos transportavimo nepatogumais \u2013 \u0161is d\u0117klas u\u017etikrina komfort\u0105 ir pasitik\u0117jim\u0105, kad j\u016bs\u0173 dronas visada su jumis.<\/p>\n<\/p>\n<p><img decoding=\"async\" src=\"https:\/\/assets.innpro.pl\/1845\/1994\/7.jpg\" border=\"0\" alt=\"\"><\/p>\n<div class=\"table-wrapper\">\n<p>&nbsp;<\/p>\n<h3>Specifikacijos<\/h3>\n<table>\n<tbody>\n<tr>\n<th>Prek\u0117s \u017eenklas <\/th>\n<td>Sunnylife <\/td>\n<\/tr>\n<tr>\n<th>Modelis <\/th>\n<td>N4P-B697 <\/td>\n<\/tr>\n<tr>\n<th>Svoris <\/th>\n<td>443 g <\/td>\n<\/tr>\n<tr>\n<th>Matmenys <\/th>\n<td>270 x 206 x 79 mm<\/td>\n<\/tr>\n<tr>\n<th><\/th>\n<td><\/td>\n<\/tr>\n<\/tbody>\n<\/table>\n<\/div>\n","protected":false},"excerpt":{"rendered":"<p>\u201eSunnylife N4P-B697\u201c d\u0117klas MINI 4 Pro dronui Ie\u0161kote tobulo d\u0117klo savo MINI 4 Pro dronui? \u201eSunnylife N4P-B697\u201c d\u0117klas, d\u0117l puikaus prigludimo prie drono, stabilizatoriaus apsaugos, sparno stabilizatoriaus ir valdiklio su plan\u0161etinio kompiuterio laikikliu arba saul\u0117s dangteliu, u\u017etikrins ne tik saug\u0173 laikym\u0105, bet ir patog\u0173 transportavim\u0105. Puikus prigludimas \u201eSunnylife N4P-B697\u201c d\u0117klas buvo tiksliai suformuotas, kad idealiai [&#8230;]\n","protected":false},"featured_media":37574,"comment_status":"open","ping_status":"closed","template":"","meta":[],"product_brand":[432],"product_cat":[1103],"product_tag":[],"class_list":{"0":"post-37573","1":"product","2":"type-product","3":"status-publish","4":"has-post-thumbnail","6":"product_brand-sunnylife","7":"product_cat-bags-and-suitcases-drone-accessories","9":"first","10":"outofstock","11":"taxable","12":"shipping-taxable","13":"purchasable","14":"product-type-simple"},"aioseo_notices":[],"_links":{"self":[{"href":"https:\/\/asura.lv\/lt\/wp-json\/wp\/v2\/product\/37573","targetHints":{"allow":["GET"]}}],"collection":[{"href":"https:\/\/asura.lv\/lt\/wp-json\/wp\/v2\/product"}],"about":[{"href":"https:\/\/asura.lv\/lt\/wp-json\/wp\/v2\/types\/product"}],"replies":[{"embeddable":true,"href":"https:\/\/asura.lv\/lt\/wp-json\/wp\/v2\/comments?post=37573"}],"wp:featuredmedia":[{"embeddable":true,"href":"https:\/\/asura.lv\/lt\/wp-json\/wp\/v2\/media\/37574"}],"wp:attachment":[{"href":"https:\/\/asura.lv\/lt\/wp-json\/wp\/v2\/media?parent=37573"}],"wp:term":[{"taxonomy":"product_brand","embeddable":true,"href":"https:\/\/asura.lv\/lt\/wp-json\/wp\/v2\/product_brand?post=37573"},{"taxonomy":"product_cat","embeddable":true,"href":"https:\/\/asura.lv\/lt\/wp-json\/wp\/v2\/product_cat?post=37573"},{"taxonomy":"product_tag","embeddable":true,"href":"https:\/\/asura.lv\/lt\/wp-json\/wp\/v2\/product_tag?post=37573"}],"curies":[{"name":"wp","href":"https:\/\/api.w.org\/{rel}","templated":true}]}}