{"id":37591,"date":"2025-11-28T21:08:38","date_gmt":"2025-11-28T21:08:38","guid":{"rendered":"https:\/\/asura.lv\/product\/smartwatch-colmi-c81-black\/"},"modified":"2025-12-12T15:39:03","modified_gmt":"2025-12-12T13:39:03","slug":"smartwatch-colmi-c81-black","status":"publish","type":"product","link":"https:\/\/asura.lv\/lt\/produktas\/smartwatch-colmi-c81-black\/","title":{"rendered":"I\u0161manusis laikrodis \u201eColmi C81\u201c (juodas)"},"content":{"rendered":"<h3>I\u0161manusis laikrodis \u201eColmi C81\u201c (juodas)<\/h3>\n<p>Pasirinkite \u201eColmi C81\u201c ir gaukite prieig\u0105 prie pagrindini\u0173 funkcij\u0173. I\u0161manusis laikrodis perteikia HD kokyb\u0117s vaizdus su AMOLED ekranu ir leid\u017eia patogiai skambinti. Jis veikia su dirbtinio intelekto balso asistentu, leid\u017eian\u010diu greitai ir lengvai pasiekti \u012fvairias laikrod\u017eio funkcijas. Jis si\u016blo daugiau nei 100 sporto re\u017eim\u0173, kad padidint\u0173 j\u016bs\u0173 treniruo\u010di\u0173 efektyvum\u0105. Be to, jis stebi j\u016bs\u0173 \u0161irdies ritm\u0105 ir mieg\u0105 ir gali veikti iki 7 dien\u0173 vienu \u012fkrovimu. Su\u017einokite, k\u0105 dar jis jums si\u016blo!<\/p>\n<p><img decoding=\"async\" src=\"https:\/\/assets.innpro.pl\/1709\/1846\/2.jpg\" border=\"0\" alt=\"\"><\/p>\n<h3>AMOLED 2.0\u201c ekranas<\/h3>\n<p>\u201eColmi C81\u201c turi didel\u012f 2,0 coli\u0173 AMOLED ekran\u0105, tod\u0117l lengva skaityti prane\u0161imus ir tinkinti nustatymus. 410 x 502 pikseli\u0173 ekrano rai\u0161ka u\u017etikrina ry\u0161kius HD vaizdus ir sodrias spalvas. M\u0117gaukit\u0117s ai\u0161kia ir patogia prieiga prie prane\u0161im\u0173 su \u201eColmi\u201c i\u0161maniuoju laikrod\u017eiu.<\/p>\n<p><img decoding=\"async\" src=\"https:\/\/assets.innpro.pl\/1709\/1846\/8.jpg\" border=\"0\" alt=\"\"><\/p>\n<h3>Patogus skambu\u010di\u0173 valdymas<\/h3>\n<p>Jums nebereikia griebtis i\u0161maniojo telefono, kad gal\u0117tum\u0117te valdyti gaunamus skambu\u010dius. \u201eColmi C81\u201c leid\u017eia atsiliepti \u012f skambu\u010dius, juos skambinti ir pasiekti skambu\u010di\u0173 \u017eurnalus. I\u0161manusis laikrodis teikia HD kokyb\u0117s telefono skambu\u010dius, kad b\u016bt\u0173 patogiau. Dabar galite kalb\u0117tis su savo artimaisiais treniruo\u010di\u0173 metu ar pakeliui \u012f darb\u0105 nenaudodami telefono.<\/p>\n<p><img decoding=\"async\" src=\"https:\/\/assets.innpro.pl\/1709\/1846\/1.jpg\" border=\"0\" alt=\"\"><\/p>\n<h3>Balso komand\u0173 palaikymas<\/h3>\n<p>Reikia greitai kam nors paskambinti? \u201eColmi C81\u201c pasir\u016bpins jumis! \u012erenginys veikia su dirbtinio intelekto balso asistentu, tod\u0117l norint pasiekti norim\u0105 laikrod\u017eio funkcij\u0105, tereikia duoti balso komand\u0105. Pa\u017ei\u016br\u0117kite, kaip tai paprasta!<\/p>\n<p><img decoding=\"async\" src=\"https:\/\/assets.innpro.pl\/1709\/1846\/6.jpg\" border=\"0\" alt=\"\"><\/p>\n<h3>Pritaikyta j\u016bs\u0173 poreikiams<\/h3>\n<p>Suasmeninkite savo i\u0161man\u0173j\u012f laikrod\u012f pagal savo pageidavimus. \u201eColmi C81\u201c si\u016blo \u012fvairius laikrod\u017eio ciferblat\u0173 dizainus suasmeninimui, be to, galite \u012fkelti savo nuotraukas. Be to, jame yra keli meniu stiliai, i\u0161 kuri\u0173 galite rinktis. Be to, laikrod\u017eio ekranas \u012fsijungia pak\u0117lus rie\u0161\u0105, tod\u0117l galite greitai patikrinti laik\u0105 arba or\u0173 prognoz\u0119.<\/p>\n<p><img decoding=\"async\" src=\"https:\/\/assets.innpro.pl\/1709\/1846\/7.jpg\" border=\"0\" alt=\"\"><\/p>\n<h3>Galima rinktis i\u0161 daugiau nei 100 sporto re\u017eim\u0173<\/h3>\n<p>Norite efektyviau planuoti treniruotes? \u201eColmi C81\u201c gali jums pad\u0117ti! I\u0161manusis laikrodis naudoja i\u0161maniuosius algoritmus, kad steb\u0117t\u0173 j\u016bs\u0173 \u0161irdies ritm\u0105, sudegintas kalorijas ir mank\u0161tos trukm\u0119, tod\u0117l treniruot\u0117s tampa efektyvesn\u0117s ir padeda grei\u010diau pasiekti norim\u0173 rezultat\u0173. Jis si\u016blo tokius sporto re\u017eimus kaip b\u0117gimas, laipiojimas, \u0161okin\u0117jimas su \u010diuo\u017eykla, krep\u0161inis, \u0117jimas, badmintonas, va\u017eiavimas dvira\u010diu ir futbolas. Nor\u0117dami pasiekti papildomus re\u017eimus, atsisi\u0173skite \u201eFitCloudPro\u201c program\u0117l\u0119.<\/p>\n<p><img decoding=\"async\" src=\"https:\/\/assets.innpro.pl\/1709\/1846\/10.jpg\" border=\"0\" alt=\"\"><\/p>\n<h3>R\u016bpinkit\u0117s savo sveikata<\/h3>\n<p>I\u0161manusis laikrodis turi optin\u012f jutikl\u012f, kuris automati\u0161kai generuoja \u0161irdies ritmo duomenis kas 30 minu\u010di\u0173. Jis taip pat \u012fsp\u0117s jus apie bet kokius nerim\u0105 kelian\u010dius simptomus, kad gal\u0117tum\u0117te greitai reaguoti. Jis matuoja SpO2, tod\u0117l galite bet kada patikrinti deguonies kiek\u012f kraujyje. Be to, jis stebi j\u016bs\u0173 mieg\u0105 ir \u012fra\u0161o miego fazes, kad pad\u0117t\u0173 jums pagerinti miego \u012fpro\u010dius.<\/p>\n<p><img decoding=\"async\" src=\"https:\/\/assets.innpro.pl\/1709\/1846\/4.jpg\" border=\"0\" alt=\"\"><\/p>\n<h3>Patvari konstrukcija<\/h3>\n<p>I\u0161manusis laikrodis skirtas naudoti kasdien. Jis atsparus vandeniui ir prakaitui, atitinka IP68 standart\u0105, tod\u0117l tinka treniruot\u0117ms ir net lietingomis s\u0105lygomis. Aliuminio lydinio konstrukcija u\u017etikrina patvarum\u0105, o tvirtas stiklas apsaugo ekran\u0105 nuo \u012ftr\u016bkim\u0173. Silikoninis dir\u017eelis yra patogus d\u0117v\u0117ti ir \u0161velnus odai.<\/p>\n<p><img decoding=\"async\" src=\"https:\/\/assets.innpro.pl\/1709\/1846\/3.jpg\" border=\"0\" alt=\"\"><\/p>\n<h3>Papildomos funkcijos<\/h3>\n<p>\u201eColmi C81\u201c gali b\u016bti j\u016bs\u0173 kasdienis asistentas. Jis informuos jus apie naujus prane\u0161imus, kad nepraleistum\u0117te svarbios informacijos. Be to, jis teikia or\u0173 prognozes, nuotolin\u012f kameros valdym\u0105 ir muzikos atk\u016brimo valdym\u0105. Jis taip pat primena, kad tur\u0117tum\u0117te gerti vanden\u012f ir pakeisti pad\u0117t\u012f, jei per ilgai s\u0117d\u0117jote. 250 mAh li\u010dio polimer\u0173 baterija u\u017etikrina ilgalaik\u012f laikrod\u017eio veikim\u0105. Vienu \u012fkrovimu jis gali veikti iki 7 dien\u0173 kasdien naudojant ir ma\u017edaug 30 dien\u0173 bud\u0117jimo re\u017eimu. Naudodami pridedam\u0105 laid\u0105, galite j\u012f \u012fkrauti ma\u017edaug per 2 valandas.<\/p>\n<p><img decoding=\"async\" src=\"https:\/\/assets.innpro.pl\/1709\/1846\/9.jpg\" border=\"0\" alt=\"\"><\/p>\n<h3>Pakuot\u0117je yra:<\/h3>\n<ul>\n<li>I\u0161manusis laikrodis<\/li>\n<li>Magnetinis USB \u012fkrovimo laidas<\/li>\n<li>Naudotojo vadovas<\/li>\n<\/ul>\n<div class=\"table-wrapper\">\n<table>\n<tbody>\n<tr>\n<th>Gamintojas<\/th>\n<td>Colmi<\/td>\n<\/tr>\n<tr>\n<th>Modelis<\/th>\n<td>C81<\/td>\n<\/tr>\n<tr>\n<th>Spalva<\/th>\n<td>Juoda<\/td>\n<\/tr>\n<tr>\n<th>\n<h3>\u201eBLUETOOTH\u201c<\/h3>\n<\/th>\n<td><\/td>\n<\/tr>\n<tr>\n<th>Lustas<\/th>\n<td>\u201eRealtek RTL8763EWE-VP\u201c<\/td>\n<\/tr>\n<tr>\n<th>Ry\u0161ys<\/th>\n<td>\u201eBluetooth 5.0\u201c<\/td>\n<\/tr>\n<tr>\n<th>\u201eBluetooth\u201c atstumas<\/th>\n<td>10 metr\u0173<\/td>\n<\/tr>\n<tr>\n<th>\n<h3>EKRANAS<\/h3>\n<\/th>\n<td><\/td>\n<\/tr>\n<tr>\n<th>Tipas<\/th>\n<td>AMOLED<\/td>\n<\/tr>\n<tr>\n<th>Ekrano dydis<\/th>\n<td>2 coliai<\/td>\n<\/tr>\n<tr>\n<th>Rai\u0161ka<\/th>\n<td>410 x 502 pikseliai<\/td>\n<\/tr>\n<tr>\n<th>\n<h3>BATERIJA<\/h3>\n<\/th>\n<td><\/td>\n<\/tr>\n<tr>\n<th>Tipas<\/th>\n<td>Li\u010dio polimeras<\/td>\n<\/tr>\n<tr>\n<th>Talpa<\/th>\n<td>250 mAh<\/td>\n<\/tr>\n<tr>\n<th>\u012ekrovimo laikas<\/th>\n<td>Ma\u017edaug 2 valandos<\/td>\n<\/tr>\n<tr>\n<th>Naudojimo laikas<\/th>\n<td>5\u20137 dienos<\/td>\n<\/tr>\n<tr>\n<th>Bud\u0117jimo laikas<\/th>\n<td>30 dien\u0173<\/td>\n<\/tr>\n<tr>\n<th>\n<h3>MATMENYS<\/h3>\n<\/th>\n<td><\/td>\n<\/tr>\n<tr>\n<th>Matmenys<\/th>\n<td>47 x 40 x 11 mm<\/td>\n<\/tr>\n<tr>\n<th>Svoris<\/th>\n<td>57 gramai<\/td>\n<\/tr>\n<tr>\n<th>\n<h3>MED\u017dIAGA<\/h3>\n<\/th>\n<td><\/td>\n<\/tr>\n<tr>\n<th>Med\u017eiaga<\/th>\n<td>Silikonas, cinko lydinys, iML<\/td>\n<\/tr>\n<tr>\n<th>\n<h3>DIR\u017dELIS<\/h3>\n<\/th>\n<td><\/td>\n<\/tr>\n<tr>\n<th>Dir\u017eelio plotis<\/th>\n<td>22 mm<\/td>\n<\/tr>\n<tr>\n<th>\n<h3>APP<\/h3>\n<\/th>\n<td><\/td>\n<\/tr>\n<tr>\n<th>Pavadinimas<\/th>\n<td>FitCloudPro<\/td>\n<\/tr>\n<tr>\n<th>Suderinamumas<\/th>\n<td>\u201eAndroid 4.4\u201c (arba naujesn\u0117), \u201eiOS 8.0\u201c (arba naujesn\u0117), \u201eHarmony OS\u201c<\/td>\n<\/tr>\n<tr>\n<th>Atnaujinimas<\/th>\n<td>OTA<\/td>\n<\/tr>\n<tr>\n<th>\n<h3>KALBOS<\/h3>\n<\/th>\n<td><\/td>\n<\/tr>\n<tr>\n<th>Palaikoma i\u0161maniojo laikrod\u017eio<\/th>\n<td>Kin\u0173 (supaprastinta), angl\u0173, vokie\u010di\u0173, rus\u0173, ispan\u0173, portugal\u0173, pranc\u016bz\u0173, japon\u0173, arab\u0173, oland\u0173, ital\u0173, \u010dek\u0173, indonezie\u010di\u0173, lenk\u0173, taj\u0173, vietnamie\u010di\u0173, slovak\u0173, turk\u0173<\/td>\n<\/tr>\n<tr>\n<th>Palaikoma program\u0117l\u0117s<\/th>\n<td>Angl\u0173, kin\u0173 (supaprastinta), kin\u0173 (tradicin\u0117), vokie\u010di\u0173, pranc\u016bz\u0173, arab\u0173, \u010dek\u0173, graik\u0173, ispan\u0173, japon\u0173, pers\u0173, ital\u0173 Kor\u0117jie\u010di\u0173, lenk\u0173, portugal\u0173, rus\u0173, suomi\u0173, \u0161ved\u0173, taj\u0173, vengr\u0173, slovak\u0173, kroat\u0173, alban\u0173, turk\u0173, ukrainie\u010di\u0173<\/td>\n<\/tr>\n<tr>\n<th>\n<h3>ATSPARUMAS<\/h3>\n<\/th>\n<td><\/td>\n<\/tr>\n<tr>\n<th>Atsparumas vandeniui<\/th>\n<td>IP68<\/td>\n<\/tr>\n<\/tbody>\n<\/table>\n<\/div>\n","protected":false},"excerpt":{"rendered":"<p>I\u0161manusis laikrodis \u201eColmi C81\u201c (juodas) Pasirinkite \u201eColmi C81\u201c ir gaukite prieig\u0105 prie pagrindini\u0173 funkcij\u0173. I\u0161manusis laikrodis perteikia HD kokyb\u0117s vaizdus su AMOLED ekranu ir leid\u017eia patogiai skambinti. Jis veikia su dirbtinio intelekto balso asistentu, leid\u017eian\u010diu greitai ir lengvai pasiekti \u012fvairias laikrod\u017eio funkcijas. Jis si\u016blo daugiau nei 100 sporto re\u017eim\u0173, kad padidint\u0173 j\u016bs\u0173 treniruo\u010di\u0173 efektyvum\u0105. Be [&#8230;]\n","protected":false},"featured_media":37592,"comment_status":"open","ping_status":"closed","template":"","meta":[],"product_brand":[471],"product_cat":[986],"product_tag":[],"class_list":{"0":"post-37591","1":"product","2":"type-product","3":"status-publish","4":"has-post-thumbnail","6":"product_brand-colmi","7":"product_cat-smartwatches-smartwatches","9":"first","10":"outofstock","11":"taxable","12":"shipping-taxable","13":"purchasable","14":"product-type-simple"},"aioseo_notices":[],"_links":{"self":[{"href":"https:\/\/asura.lv\/lt\/wp-json\/wp\/v2\/product\/37591","targetHints":{"allow":["GET"]}}],"collection":[{"href":"https:\/\/asura.lv\/lt\/wp-json\/wp\/v2\/product"}],"about":[{"href":"https:\/\/asura.lv\/lt\/wp-json\/wp\/v2\/types\/product"}],"replies":[{"embeddable":true,"href":"https:\/\/asura.lv\/lt\/wp-json\/wp\/v2\/comments?post=37591"}],"wp:featuredmedia":[{"embeddable":true,"href":"https:\/\/asura.lv\/lt\/wp-json\/wp\/v2\/media\/37592"}],"wp:attachment":[{"href":"https:\/\/asura.lv\/lt\/wp-json\/wp\/v2\/media?parent=37591"}],"wp:term":[{"taxonomy":"product_brand","embeddable":true,"href":"https:\/\/asura.lv\/lt\/wp-json\/wp\/v2\/product_brand?post=37591"},{"taxonomy":"product_cat","embeddable":true,"href":"https:\/\/asura.lv\/lt\/wp-json\/wp\/v2\/product_cat?post=37591"},{"taxonomy":"product_tag","embeddable":true,"href":"https:\/\/asura.lv\/lt\/wp-json\/wp\/v2\/product_tag?post=37591"}],"curies":[{"name":"wp","href":"https:\/\/api.w.org\/{rel}","templated":true}]}}