{"id":37675,"date":"2025-11-28T21:08:31","date_gmt":"2025-11-28T21:08:31","guid":{"rendered":"https:\/\/asura.lv\/product\/cable-audio-optical-toslink-vention-bavhi-3m-gray\/"},"modified":"2025-12-12T15:38:55","modified_gmt":"2025-12-12T13:38:55","slug":"cable-audio-optical-toslink-vention-bavhi-3m-gray","status":"publish","type":"product","link":"https:\/\/asura.lv\/lt\/produktas\/cable-audio-optical-toslink-vention-bavhi-3m-gray\/","title":{"rendered":"Optinis garso kabelis Toslink Vention BAVHI 3m pilkas"},"content":{"rendered":"<h3>\u201eVention\u201c 3 m optinio pluo\u0161to garso kabelis<\/h3>\n<p>\u201eVention\u201c optinio pluo\u0161to garso kabelis u\u017etikrina auk\u0161tos kokyb\u0117s optin\u012f garso perdavim\u0105. D\u0117l savo universalumo j\u012f galite prijungti prie \u012fvairi\u0173 \u012frengini\u0173, toki\u0173 kaip televizoriai, PS4 konsol\u0117s ar \u201eBlu-ray\u201c grotuvai, per universali\u0105 S\/PDIF s\u0105saj\u0105. Optinio pluo\u0161to \u0161erdis u\u017etikrina perdavim\u0105 be trukd\u017ei\u0173, o ki\u0161tuko spaustukas garantuoja stabil\u0173 ry\u0161\u012f. Apsauga nuo dulki\u0173 ir paauksuotos jungtys padidina patvarum\u0105 ir naudojimo saug\u0105, o toki\u0173 garso format\u0173 kaip \u201eDolby\u201c ir \u201eDTS\u201c palaikymas daro j\u012f b\u016btinu komponentu bet kuriam audiofilui.<\/p>\n<p><img decoding=\"async\" src=\"https:\/\/assets.innpro.pl\/1745\/1882\/1.jpg\" border=\"0\" alt=\"\"><\/p>\n<h3>Auk\u0161tos kokyb\u0117s Hi-Fi garsas<\/h3>\n<p>\u201eVention\u201c optinio pluo\u0161to garso kabelis u\u017etikrina auk\u0161\u010diausio lygio optin\u012f perdavim\u0105, u\u017etikrindamas Hi-Fi garso gyl\u012f ir detales. Tai u\u017etikrina tiksl\u0173 kiekvieno akordo ir natos atk\u016brim\u0105, u\u017etikrinant ai\u0161k\u0173 ir ai\u0161k\u0173 gars\u0105.<\/p>\n<p><img decoding=\"async\" src=\"https:\/\/assets.innpro.pl\/1745\/1882\/4.jpg\" border=\"0\" alt=\"\"><\/p>\n<h3>Universalus naudojimas<\/h3>\n<p>\u0160is laidas yra ne tik auk\u0161tos kokyb\u0117s, bet ir ne\u012ftik\u0117tinai universalus. D\u0117l universalios S\/PDIF s\u0105sajos vartotojai gali j\u012f prijungti prie \u012fvairi\u0173 \u012frengini\u0173, \u012fskaitant televizorius, PS4 konsoles, dekoderius, DVD grotuvus arba \u201eBlu-ray\u201c grotuvus.<\/p>\n<p><img decoding=\"async\" src=\"https:\/\/assets.innpro.pl\/1745\/1882\/5.jpg\" border=\"0\" alt=\"\"><\/p>\n<h3>Be trukd\u017ei\u0173<\/h3>\n<p>Jo \u0161erdis, pagaminta i\u0161 optinio pluo\u0161to, u\u017etikrina, kad garsas b\u016bt\u0173 perduodamas be trukd\u017ei\u0173. Jums nereikia jaudintis d\u0117l magnetini\u0173 ar elektrini\u0173 trukd\u017ei\u0173. D\u0117l to \u201eVention\u201c \u0161viesolaidinis kabelis yra ne tik prakti\u0161kas, bet ir patikimas bet kokiomis s\u0105lygomis.<\/p>\n<p><img decoding=\"async\" src=\"https:\/\/assets.innpro.pl\/1745\/1882\/6.jpg\" border=\"0\" alt=\"\"><\/p>\n<h3>Saugus ir patvarus ry\u0161ys<\/h3>\n<p>Kabelis turi special\u0173 spaustuk\u0105 ant ki\u0161tuko, kuris u\u017etikrina tvirt\u0105 ir stabil\u0173 ry\u0161\u012f su \u012frenginiu. Be to, kabelio galai yra apsaugoti plastikiniais dangteliais, kad nepatekt\u0173 dulki\u0173. Visa tai garantuoja ilgalaik\u012f ir saug\u0173 naudojim\u0105.<\/p>\n<p><img decoding=\"async\" src=\"https:\/\/assets.innpro.pl\/1745\/1882\/3.jpg\" border=\"0\" alt=\"\"><\/p>\n<h3>Papildomos funkcijos<\/h3>\n<p>\u201eVention\u201c \u0161viesolaidiniame kabelyje naudojamos paauksuotos jungtys garantuoja i\u0161skirtin\u012f patvarum\u0105 ir puik\u0173 signalo laidum\u0105. Auksas, b\u016bdamas vienu geriausi\u0173 laidinink\u0173, suma\u017eina garso kokyb\u0117s praradimo rizik\u0105, suma\u017eindamas var\u017e\u0105 ir trukd\u017eius. Be to, paauksuotos jungtys yra atsparios korozijai, tod\u0117l pailg\u0117ja laido tarnavimo laikas ir u\u017etikrinamas puikus kontaktas su \u012frenginiu daugel\u012f naudojimo met\u0173. Prakti\u0161kai tai rei\u0161kia \u0161varesn\u012f, tikslesn\u012f garso perdavim\u0105 ir didesn\u012f patikimum\u0105, palyginti su standartiniais sprendimais. Jis palaiko populiarius garso formatus, tokius kaip \u201eDolby\u201c, DTS, PCM ir 5.1 erdvinio garso sistema, tod\u0117l yra idealus pasirinkimas garso entuziastams.<\/p>\n<p><img decoding=\"async\" src=\"https:\/\/assets.innpro.pl\/1745\/1882\/7.jpg\" border=\"0\" alt=\"\"><\/p>\n<div class=\"table-wrapper\">\n<p>&nbsp;<\/p>\n<h3><\/h3>\n<table>\n<tbody>\n<tr>\n<th>Prek\u0117s \u017eenklas<\/th>\n<td>Ventilacija<\/td>\n<\/tr>\n<tr>\n<th>Modelis<\/th>\n<td>BAVHI<\/td>\n<\/tr>\n<tr>\n<th>Spalva<\/th>\n<td>Pilka<\/td>\n<\/tr>\n<tr>\n<th>Ilgis<\/th>\n<td>3 m<\/td>\n<\/tr>\n<tr>\n<th>Palaikymas<\/th>\n<td>Dolby, DTS, PCM, 5.1 garsas<\/td>\n<\/tr>\n<tr>\n<th>Auksu padengtos jungtys<\/th>\n<td>Taip<\/td>\n<\/tr>\n<tr>\n<th>Jungtis<\/th>\n<td>Optinis (S\/PDIF) ki\u0161tukas<\/td>\n<\/tr>\n<tr>\n<th><\/th>\n<td><\/td>\n<\/tr>\n<\/tbody>\n<\/table>\n<\/div>\n","protected":false},"excerpt":{"rendered":"<p>\u201eVention\u201c 3 m optinio pluo\u0161to garso kabelis \u201eVention\u201c optinio pluo\u0161to garso kabelis u\u017etikrina auk\u0161tos kokyb\u0117s optin\u012f garso perdavim\u0105. D\u0117l savo universalumo j\u012f galite prijungti prie \u012fvairi\u0173 \u012frengini\u0173, toki\u0173 kaip televizoriai, PS4 konsol\u0117s ar \u201eBlu-ray\u201c grotuvai, per universali\u0105 S\/PDIF s\u0105saj\u0105. Optinio pluo\u0161to \u0161erdis u\u017etikrina perdavim\u0105 be trukd\u017ei\u0173, o ki\u0161tuko spaustukas garantuoja stabil\u0173 ry\u0161\u012f. Apsauga nuo dulki\u0173 [&#8230;]\n","protected":false},"featured_media":37676,"comment_status":"open","ping_status":"closed","template":"","meta":[],"product_brand":[474],"product_cat":[1502],"product_tag":[],"class_list":{"0":"post-37675","1":"product","2":"type-product","3":"status-publish","4":"has-post-thumbnail","6":"product_brand-vention","7":"product_cat-audio-cables","9":"first","10":"outofstock","11":"taxable","12":"shipping-taxable","13":"purchasable","14":"product-type-simple"},"aioseo_notices":[],"_links":{"self":[{"href":"https:\/\/asura.lv\/lt\/wp-json\/wp\/v2\/product\/37675","targetHints":{"allow":["GET"]}}],"collection":[{"href":"https:\/\/asura.lv\/lt\/wp-json\/wp\/v2\/product"}],"about":[{"href":"https:\/\/asura.lv\/lt\/wp-json\/wp\/v2\/types\/product"}],"replies":[{"embeddable":true,"href":"https:\/\/asura.lv\/lt\/wp-json\/wp\/v2\/comments?post=37675"}],"wp:featuredmedia":[{"embeddable":true,"href":"https:\/\/asura.lv\/lt\/wp-json\/wp\/v2\/media\/37676"}],"wp:attachment":[{"href":"https:\/\/asura.lv\/lt\/wp-json\/wp\/v2\/media?parent=37675"}],"wp:term":[{"taxonomy":"product_brand","embeddable":true,"href":"https:\/\/asura.lv\/lt\/wp-json\/wp\/v2\/product_brand?post=37675"},{"taxonomy":"product_cat","embeddable":true,"href":"https:\/\/asura.lv\/lt\/wp-json\/wp\/v2\/product_cat?post=37675"},{"taxonomy":"product_tag","embeddable":true,"href":"https:\/\/asura.lv\/lt\/wp-json\/wp\/v2\/product_tag?post=37675"}],"curies":[{"name":"wp","href":"https:\/\/api.w.org\/{rel}","templated":true}]}}