{"id":37873,"date":"2025-11-28T20:50:44","date_gmt":"2025-11-28T20:50:44","guid":{"rendered":"https:\/\/asura.lv\/product\/temperature-humidity-meter-habotest-ht607\/"},"modified":"2025-12-12T15:33:24","modified_gmt":"2025-12-12T13:33:24","slug":"temperature-humidity-meter-habotest-ht607","status":"publish","type":"product","link":"https:\/\/asura.lv\/lt\/produktas\/temperature-humidity-meter-habotest-ht607\/","title":{"rendered":"Temperat\u016bros ir dr\u0117gm\u0117s matuoklis Habotest HT607"},"content":{"rendered":"<h3>\u201eHabotest HT607\u201c temperat\u016bros ir dr\u0117gm\u0117s matuoklis<\/h3>\n<p>\u201eHabotest HT607\u201c matuoklis gali matuoti dr\u0117gm\u0119, aplinkos temperat\u016br\u0105, rasos ta\u0161k\u0105 ir dr\u0117gm\u0117s termometr\u0105. Tod\u0117l jis bus naudingas tokiose vietose kaip laboratorija ar sand\u0117lis. Jame yra LCD ekranas, kuriame matavimo rezultatai rodomi realiuoju laiku. Jis i\u0161siskiria greitu reagavimo laiku ir automati\u0161kai i\u0161sijungia po tam tikro laiko, kad taupyt\u0173 energij\u0105.<\/p>\n<p><img decoding=\"async\" src=\"https:\/\/b2b.innpro.pl\/data\/include\/cms\/04Habotest\/HT607\/3.jpg\"><\/p>\n<h3>Tiksl\u016bs matavimai \u2013 lengvai \u012fskaitomas ekranas<\/h3>\n<p>Prietaiso zondas turi jutikl\u012f, kuris leid\u017eia atlikti tikslius matavimus per trump\u0105 laik\u0105. Rezultatai realiuoju laiku rodomi dideliame, lengvai \u012fskaitomame LCD ekrane \u2013 d\u0117l foninio ap\u0161vietimo galite patogiai naudoti prietais\u0105 beveik bet kokiomis s\u0105lygomis. Matuoklis taip pat prane\u0161 apie minimalias ir maksimalias vertes. Taip pat galima keisti \u00b0C\/\u00b0F vienetus.<\/p>\n<p><img decoding=\"async\" src=\"https:\/\/b2b.innpro.pl\/data\/include\/cms\/04Habotest\/HT607\/9.jpg\"><\/p>\n<h3>Apgalvotas dizainas<\/h3>\n<p>Produktas maitinamas trimis AAA baterijomis, kurias rasite komplekte, o \u012fd\u0117ti jas \u012f \u012frenginio vid\u0173 nebus problema \u2013 tereikia nuimti galin\u012f dangtel\u012f. Be to, patvari\u0173 med\u017eiag\u0173 naudojimas u\u017etikrina atsparum\u0105 pa\u017eeidimams. Papildom\u0105 apsaug\u0105 suteikia zondo dangtelis, o valdym\u0105 palengvina special\u016bs mygtukai.<\/p>\n<p><img decoding=\"async\" src=\"https:\/\/b2b.innpro.pl\/data\/include\/cms\/04Habotest\/HT607\/8.jpg\"><\/p>\n<h3>Pridedama<\/h3>\n<ul>\n<li>matuoklis<\/li>\n<li>3 AAA baterijos<\/li>\n<li>naudojimo instrukcija<\/li>\n<\/ul>\n<div class=\"table-wrapper\">\n<table>\n<tbody>\n<tr>\n<th>Gamintojas<\/th>\n<td>Habotest<\/td>\n<\/tr>\n<tr>\n<th>Modelis<\/th>\n<td>HT607<\/td>\n<\/tr>\n<tr>\n<th>Aplinkos temperat\u016bros matavimo diapazonas + tikslumas<\/th>\n<td>-20\u00b0C-60\u00b0C (-4\u00b0F-140\u00b0F) \/ \u00b11,5 \u00b0C<\/td>\n<\/tr>\n<tr>\n<th>Rasos ta\u0161ko temperat\u016bros matavimo diapazonas + tikslumas<\/th>\n<td>-50 \u00b0C\u201360 \u00b0C (-58 \u00b0F\u2013140 \u00b0F) \/ \u00b11,5 \u00b0C<\/td>\n<\/tr>\n<tr>\n<th>\u0160lapios lemput\u0117s temperat\u016bros matavimo diapazonas + tikslumas<\/th>\n<td>-20 \u00b0C\u201360 \u00b0C (-4 \u00b0F\u2013140 \u00b0F) \/ \u00b11,5 \u00b0C<\/td>\n<\/tr>\n<tr>\n<th>Dr\u0117gm\u0117s matavimo diapazonas + tikslumas<\/th>\n<td>0\u2013100 % \/ \u00b15,0 %<\/td>\n<\/tr>\n<tr>\n<th>Ekrano tikslumas<span> <\/span><\/th>\n<td>\n<p>aplinkos temperat\u016bra: 0.1\/1<\/p>\n<p>rasos ta\u0161kas: 0.1\/1<\/p>\n<p>\u0161lapioji lemput\u0117: 0.1\/1<\/p>\n<p>dr\u0117gm\u0117: 0.1<\/p>\n<\/td>\n<\/tr>\n<tr>\n<th>Ekranas<\/th>\n<td>LCD<\/td>\n<\/tr>\n<tr>\n<th>MAX\/MIN<\/th>\n<td>Taip<\/td>\n<\/tr>\n<tr>\n<th>Automatinis i\u0161sijungimas<\/th>\n<td>Taip<\/td>\n<\/tr>\n<tr>\n<th>I\u0161sikrovusio akumuliatoriaus indikatorius<\/th>\n<td>Taip<\/td>\n<\/tr>\n<tr>\n<th>Matmenys<\/th>\n<td>142 x 58 mm<\/td>\n<\/tr>\n<tr>\n<th>Maitinimo \u0161altinis<\/th>\n<td>3x AAA 1,5 V baterijos (\u012ftraukta)<\/td>\n<\/tr>\n<\/tbody>\n<\/table>\n<\/div>\n","protected":false},"excerpt":{"rendered":"<p>\u201eHabotest HT607\u201c temperat\u016bros ir dr\u0117gm\u0117s matuoklis \u201eHabotest HT607\u201c matuoklis gali matuoti dr\u0117gm\u0119, aplinkos temperat\u016br\u0105, rasos ta\u0161k\u0105 ir dr\u0117gm\u0117s termometr\u0105. Tod\u0117l jis bus naudingas tokiose vietose kaip laboratorija ar sand\u0117lis. Jame yra LCD ekranas, kuriame matavimo rezultatai rodomi realiuoju laiku. Jis i\u0161siskiria greitu reagavimo laiku ir automati\u0161kai i\u0161sijungia po tam tikro laiko, kad taupyt\u0173 energij\u0105. Tiksl\u016bs [&#8230;]\n","protected":false},"featured_media":37874,"comment_status":"open","ping_status":"closed","template":"","meta":[],"product_brand":[282],"product_cat":[878],"product_tag":[],"class_list":{"0":"post-37873","1":"product","2":"type-product","3":"status-publish","4":"has-post-thumbnail","6":"product_brand-habotest","7":"product_cat-measuring-tools-tools-home-and-garden","9":"first","10":"outofstock","11":"taxable","12":"shipping-taxable","13":"purchasable","14":"product-type-simple"},"aioseo_notices":[],"_links":{"self":[{"href":"https:\/\/asura.lv\/lt\/wp-json\/wp\/v2\/product\/37873","targetHints":{"allow":["GET"]}}],"collection":[{"href":"https:\/\/asura.lv\/lt\/wp-json\/wp\/v2\/product"}],"about":[{"href":"https:\/\/asura.lv\/lt\/wp-json\/wp\/v2\/types\/product"}],"replies":[{"embeddable":true,"href":"https:\/\/asura.lv\/lt\/wp-json\/wp\/v2\/comments?post=37873"}],"wp:featuredmedia":[{"embeddable":true,"href":"https:\/\/asura.lv\/lt\/wp-json\/wp\/v2\/media\/37874"}],"wp:attachment":[{"href":"https:\/\/asura.lv\/lt\/wp-json\/wp\/v2\/media?parent=37873"}],"wp:term":[{"taxonomy":"product_brand","embeddable":true,"href":"https:\/\/asura.lv\/lt\/wp-json\/wp\/v2\/product_brand?post=37873"},{"taxonomy":"product_cat","embeddable":true,"href":"https:\/\/asura.lv\/lt\/wp-json\/wp\/v2\/product_cat?post=37873"},{"taxonomy":"product_tag","embeddable":true,"href":"https:\/\/asura.lv\/lt\/wp-json\/wp\/v2\/product_tag?post=37873"}],"curies":[{"name":"wp","href":"https:\/\/api.w.org\/{rel}","templated":true}]}}