{"id":37903,"date":"2025-11-28T20:50:41","date_gmt":"2025-11-28T20:50:41","guid":{"rendered":"https:\/\/asura.lv\/product\/remote-control-switchbot-remote\/"},"modified":"2025-12-12T15:33:20","modified_gmt":"2025-12-12T13:33:20","slug":"remote-control-switchbot-remote","status":"publish","type":"product","link":"https:\/\/asura.lv\/lt\/produktas\/remote-control-switchbot-remote\/","title":{"rendered":"Nuotolinio valdymo pultas \u201eSwitchBot\u201c nuotolinio valdymo pultui"},"content":{"rendered":"<h3>Nuotolinio valdymo pultas \u201eSwitchBot Remote\u201c<\/h3>\n<p>Palengvinkite savo \u012frengini\u0173 valdym\u0105 i\u0161 \u201eSwitchBot\u201c ekosistemos. Specialus \u201eSwitchBot Remote\u201c nuotolinio valdymo pultas turi 2 mygtukus, kuriems galite lengvai priskirti norimas funkcijas \u2013 tereikia naudoti program\u0117l\u0119. Produkt\u0105 labai lengva nustatyti ir jis turi ilg\u0105 \u201eBluetooth\u201c diapazon\u0105. Pad\u0117kite j\u012f bet kurioje savo diapazono vietoje ir patogiai valdykite pasirinkt\u0105 \u012frang\u0105!<\/p>\n<p><img decoding=\"async\" src=\"https:\/\/b2b.innpro.pl\/data\/include\/cms\/SwitchBot\/SwitchBot-Remote-bialy\/13.jpg\"><\/p>\n<h3>Platus suderinamumas<\/h3>\n<p>Nuotolinio valdymo pultas suderinamas su daugeliu \u201eSwitchBot\u201c ekosistemos \u012frengini\u0173. Pavyzd\u017eiui, jis puikiai veikia su \u201eSwitchBot Bot\u201c jungikliu ir \u201eSwitchBot Curtain\u201c sistemomis. Jei ie\u0161kote papildom\u0173 nuotolinio valdymo galimybi\u0173 arba nenorite valdyti savo \u012frengini\u0173 program\u0117l\u0117mis ar balso komandomis, tai bus puikus pasirinkimas!<\/p>\n<p><img decoding=\"async\" src=\"https:\/\/b2b.innpro.pl\/data\/include\/cms\/SwitchBot\/SwitchBot-Remote-bialy\/1.jpg\"><\/p>\n<h3>Sukurta j\u016bs\u0173 patogumui<\/h3>\n<p>M\u0117gaukit\u0117s patogiu savo \u012frengini\u0173 valdymu. Tiesiog pad\u0117kite nuotolinio valdymo pult\u0105 lengvai pasiekiamoje vietoje \u2013 pavyzd\u017eiui, ant stalo ar komodos. Produktas palaiko tolimojo nuotolio \u201eBluetooth\u201c ry\u0161\u012f, tod\u0117l galite j\u012f laisvai naudoti bet kurioje savo nam\u0173 vietoje. Nebijokite signalo kokyb\u0117s problem\u0173! \u012erenginys taip pat labai paprastas ir patogus naudoti, jam maitinti reikia tik vienos CR2450 baterijos (pridedama).<\/p>\n<p><img decoding=\"async\" src=\"https:\/\/b2b.innpro.pl\/data\/include\/cms\/SwitchBot\/SwitchBot-Remote-bialy\/4.jpg\"><\/p>\n<h3>Pritaikykite j\u012f pagal savo poreikius<\/h3>\n<p>Nuotolinio valdymo pulte yra 2 mygtukai, kuriuos galite programuoti taip, kaip norite. Vienu i\u0161 j\u0173 galite \u012fjungti ir i\u0161jungti \u201eSwitchBot Curtain\u201c sistem\u0105, o kitu valdyti \u201eSwitchBot Bot\u201c jungikl\u012f, atsaking\u0105 u\u017e ap\u0161vietimo valdym\u0105. Galimyb\u0117s i\u0161ties pla\u010dios! Dabar viskas, ko jums reikia, yra po ranka.<\/p>\n<p><img decoding=\"async\" src=\"https:\/\/b2b.innpro.pl\/data\/include\/cms\/SwitchBot\/SwitchBot-Remote-bialy\/8.jpg\"><\/p>\n<h3>D\u0117\u017eut\u0117je<\/h3>\n<ul>\n<li>Nuotolinio valdymo pultas<\/li>\n<li>Naudotojo vadovas<\/li>\n<li>3M lipni juosta x2<\/li>\n<li>CR2450 baterija<\/li>\n<li>Laikiklis<\/li>\n<li>\u201ePasidaryk pats\u201c lipdukai (2&#215;3)<\/li>\n<\/ul>\n<div class=\"table-wrapper\">\n<table>\n<tbody>\n<tr>\n<th>Prek\u0117s \u017eenklas<\/th>\n<td>SwitchBot<\/td>\n<\/tr>\n<tr>\n<th>Modelis<\/th>\n<td>W0301700<\/td>\n<\/tr>\n<tr>\n<th>Spalva<\/th>\n<td>Balta<\/td>\n<\/tr>\n<tr>\n<th>Maitinimo \u0161altinis<\/th>\n<td>CR2450 baterija (pridedama)<\/td>\n<\/tr>\n<tr>\n<th>Ry\u0161is<\/th>\n<td>\u201eBluetooth\u201c ma\u017eai energijos naudojantis<\/td>\n<\/tr>\n<tr>\n<th>Med\u017eiaga<\/th>\n<td>ABS su apsauga nuo UV spinduli\u0173<\/td>\n<\/tr>\n<tr>\n<th>Matmenys<\/th>\n<td>37,1 x 43,1 x 13,4 mm<\/td>\n<\/tr>\n<tr>\n<th>Svoris<\/th>\n<td>17,7 g<\/td>\n<\/tr>\n<\/tbody>\n<\/table>\n<\/div>\n","protected":false},"excerpt":{"rendered":"<p>Nuotolinio valdymo pultas \u201eSwitchBot Remote\u201c Palengvinkite savo \u012frengini\u0173 valdym\u0105 i\u0161 \u201eSwitchBot\u201c ekosistemos. Specialus \u201eSwitchBot Remote\u201c nuotolinio valdymo pultas turi 2 mygtukus, kuriems galite lengvai priskirti norimas funkcijas \u2013 tereikia naudoti program\u0117l\u0119. Produkt\u0105 labai lengva nustatyti ir jis turi ilg\u0105 \u201eBluetooth\u201c diapazon\u0105. Pad\u0117kite j\u012f bet kurioje savo diapazono vietoje ir patogiai valdykite pasirinkt\u0105 \u012frang\u0105! Platus suderinamumas [&#8230;]\n","protected":false},"featured_media":37904,"comment_status":"open","ping_status":"closed","template":"","meta":[],"product_brand":[460],"product_cat":[932],"product_tag":[],"class_list":{"0":"post-37903","1":"product","2":"type-product","3":"status-publish","4":"has-post-thumbnail","6":"product_brand-switchbot","7":"product_cat-switches","9":"first","10":"outofstock","11":"taxable","12":"shipping-taxable","13":"purchasable","14":"product-type-simple"},"aioseo_notices":[],"_links":{"self":[{"href":"https:\/\/asura.lv\/lt\/wp-json\/wp\/v2\/product\/37903","targetHints":{"allow":["GET"]}}],"collection":[{"href":"https:\/\/asura.lv\/lt\/wp-json\/wp\/v2\/product"}],"about":[{"href":"https:\/\/asura.lv\/lt\/wp-json\/wp\/v2\/types\/product"}],"replies":[{"embeddable":true,"href":"https:\/\/asura.lv\/lt\/wp-json\/wp\/v2\/comments?post=37903"}],"wp:featuredmedia":[{"embeddable":true,"href":"https:\/\/asura.lv\/lt\/wp-json\/wp\/v2\/media\/37904"}],"wp:attachment":[{"href":"https:\/\/asura.lv\/lt\/wp-json\/wp\/v2\/media?parent=37903"}],"wp:term":[{"taxonomy":"product_brand","embeddable":true,"href":"https:\/\/asura.lv\/lt\/wp-json\/wp\/v2\/product_brand?post=37903"},{"taxonomy":"product_cat","embeddable":true,"href":"https:\/\/asura.lv\/lt\/wp-json\/wp\/v2\/product_cat?post=37903"},{"taxonomy":"product_tag","embeddable":true,"href":"https:\/\/asura.lv\/lt\/wp-json\/wp\/v2\/product_tag?post=37903"}],"curies":[{"name":"wp","href":"https:\/\/api.w.org\/{rel}","templated":true}]}}