{"id":37933,"date":"2025-11-28T20:50:39","date_gmt":"2025-11-28T20:50:39","guid":{"rendered":"https:\/\/asura.lv\/product\/darkflash-aquarius-acrylic-computer-case\/"},"modified":"2025-12-12T15:33:19","modified_gmt":"2025-12-12T13:33:19","slug":"darkflash-aquarius-acrylic-computer-case","status":"publish","type":"product","link":"https:\/\/asura.lv\/lt\/produktas\/darkflash-aquarius-acrylic-computer-case\/","title":{"rendered":"\u201eDarkflash Aquarius\u201c akrilinis kompiuterio korpusas"},"content":{"rendered":"<h3>\u201eDarkflash Aquarius\u201c akrilinis kompiuterio korpusas<\/h3>\n<p>Susikurkite tobul\u0105 kompiuter\u012f darbui ar \u017eaidimams. \u201eDarkflash Aquarius\u201c akrilinis korpusas leis jums be joki\u0173 problem\u0173 \u012fdiegti pasirinktus komponentus ir suteiks vietos iki 8 ventiliatori\u0173, kad b\u016bt\u0173 i\u0161vengta perkaitimo. Taip pat tur\u0117site kelet\u0105 pagrindini\u0173 prievad\u0173, \u012fskaitant USB 3.0. Produktas taip pat i\u0161siskiria moderniu, originaliu dizainu \u2013 permatomos plok\u0161t\u0117s leis lengviau pasiekti fantasti\u0161kus vaizdinius efektus, pavyzd\u017eiui, naudojant ARGB ventiliatorius.<\/p>\n<p>\n<img decoding=\"async\" border=\"0\" src=\"https:\/\/assets.innpro.pl\/7858\/13896\/9.jpg\"\/>\n<\/p>\n<h3>Susikurkite savo svajoni\u0173 kompiuter\u012f<\/h3>\n<p>Ar norite \u017eaisti net ir reikliausius \u017eaidimus be trukd\u017ei\u0173? O galb\u016bt jums reikia galingo kompiuterio darbui? \u201eAquarius\u201c akrilinis korpusas pasiteisins beveik bet kokioje situacijoje! Produktas suderinamas su ITX, M-ATX ir ATX pagrindini\u0173 plok\u0161\u010di\u0173 standartais ir leid\u017eia \u012fdiegti SSD arba HDD diskus. Taip pat galite \u012fdiegti iki 330 mm ilgio vaizdo plok\u0161t\u0119 ir iki 160 mm auk\u0161\u010dio procesoriaus au\u0161intuv\u0105. Korpusas taip pat si\u016blo 7 lizdus i\u0161pl\u0117timo plok\u0161t\u0117ms. Galimyb\u0117s beveik neribotos!<\/p>\n<p>\n<img decoding=\"async\" border=\"0\" src=\"https:\/\/assets.innpro.pl\/7858\/13896\/1.jpg\"\/>\n<\/p>\n<h3>Efektyvi au\u0161inimo sistema<\/h3>\n<p>Jums nebereikia jaudintis, kad j\u016bs\u0173 kompiuteris per daug \u012fkais. \u201eAquarius Acrylic\u201c korpusas turi specialiai sukurt\u0105 vidin\u012f au\u0161inimo kanal\u0105 ir leid\u017eia \u012fmontuoti iki 8 120 mm ventiliatori\u0173. Taip pat priekiniame skydelyje galima \u012fmontuoti 240 mm vandens au\u0161intuv\u0105. Dabar galite be r\u016bpes\u010di\u0173 naudoti sud\u0117tingas grafikos programas arba \u017eaisti m\u0117gstamus \u017eaidimus!<\/p>\n<p>\n<img decoding=\"async\" border=\"0\" src=\"https:\/\/assets.innpro.pl\/7858\/13896\/3.jpg\"\/>\n<\/p>\n<h3>Naudingi prievadai ir mygtukai<\/h3>\n<p>M\u0117gaukit\u0117s patogiu darbu prie kompiuterio. D\u0117klas turi kelis prievadus, pavyzd\u017eiui, USB 2.0 ir USB 3.0, tod\u0117l galite greitai perkelti reikiamus failus. Tai idealiai tinka grafikos dizaineriams, fotografams ir kitiems! \u201eAquarius Acrylic\u201c modelis taip pat turi ausini\u0173 \/ garsiakalbio i\u0161vest\u012f, mikrofono \u012fvest\u012f, taip pat atstatymo ir maitinimo mygtukus. Dabar viskas, ko jums reikia, yra po ranka!<\/p>\n<p>\n<img decoding=\"async\" border=\"0\" src=\"https:\/\/assets.innpro.pl\/7858\/13896\/8.jpg\"\/>\n<\/p>\n<h3>Stilingas ir funkcionalus<\/h3>\n<p>Korpusas i\u0161siskiria originaliu priekiniu skydeliu, kurio dizainas primena deimanto formos pj\u016bv\u012f. Jis taip pat buvo apr\u016bpintas \u0161onine panele, pagaminta i\u0161 akrilo. D\u0117l to, pavyzd\u017eiui, galite ap\u0161viesti komponentus RGB foniniu ap\u0161vietimu ir suteikti savo kompiuteriui i\u0161skirtin\u012f \u017eaidim\u0173 charakter\u012f! Produktas taip pat si\u016blo nepriklausom\u0105 kietojo disko korpus\u0105. Taip pat verta pamin\u0117ti magnetin\u012f vir\u0161utin\u012f dangtel\u012f, kuris apsaugos j\u016bs\u0173 \u012frang\u0105 nuo dulki\u0173 ir palengvins jos valym\u0105.<\/p>\n<p>\n<img decoding=\"async\" border=\"0\" src=\"https:\/\/assets.innpro.pl\/7858\/13896\/2.jpg\"\/>\n<\/p>\n<div class=\"table-wrapper\">\n<p>B\u00a0<\/p>\n<h3><\/h3>\n<table>\n<tbody>\n<tr>\n<th>Gamintojas<\/th>\n<td>Darkflash<\/td>\n<\/tr>\n<tr>\n<th>Modelis<\/th>\n<td>Aquarius akrilinis<\/td>\n<\/tr>\n<tr>\n<th>Spalva<\/th>\n<td>Juoda<\/td>\n<\/tr>\n<tr>\n<th>Korpuso tipas<\/th>\n<td>Vidurinis bok\u0161tas<\/td>\n<\/tr>\n<tr>\n<th>Pagrindin\u0117s plok\u0161t\u0117s standartas<\/th>\n<td>ATX, M-ATX, ITX<\/td>\n<\/tr>\n<tr>\n<th>\u0160onas skydelis<\/th>\n<td>Akrilas<\/td>\n<\/tr>\n<tr>\n<th>Priekinis skydelis<\/th>\n<td>Plastikas<\/td>\n<\/tr>\n<tr>\n<th>Matmenys<\/th>\n<td>365 x 192 x 450 mm<\/td>\n<\/tr>\n<tr>\n<th>Svoris<\/th>\n<td>3,18 kg<\/td>\n<\/tr>\n<tr>\n<th>Disk\u0173 tvirtinimo vietos<\/th>\n<td>Kietasis diskas x 3; SSD x 2;<\/td>\n<\/tr>\n<tr>\n<th>I\u0161pl\u0117timo plok\u0161\u010di\u0173 lizdai<\/th>\n<td>7<\/td>\n<\/tr>\n<tr>\n<th>Maksimalus vaizdo plok\u0161t\u0117s ilgis<\/th>\n<td>330 mm<\/td>\n<\/tr>\n<tr>\n<th>Maksimalus procesoriaus au\u0161inimo auk\u0161tis<\/th>\n<td>160 mm<\/td>\n<\/tr>\n<tr>\n<th>Maitinimo \u0161altinio tvirtinimo vieta<\/th>\n<td>Apa\u010dioje<\/td>\n<\/tr>\n<tr>\n<th>Ventiliatoriaus tvirtinimo parinktys<\/th>\n<td>Priekyje: 120 mm ventiliatorius x3; Gale: 120 mm ventiliatorius x1; Vir\u0161uje: 120 mm ventiliatorius x2; Apa\u010dioje: 120 mm ventiliatorius x2 (be ventiliatori\u0173).<\/td>\n<\/tr>\n<tr>\n<th>Vandens au\u0161inimas<\/th>\n<td>Priekyje: 240 mm vandens au\u0161inimas<\/td>\n<\/tr>\n<tr>\n<th>Jungtys<\/th>\n<td>USB 3.0 x1, USB 2.0 x2, ausini\u0173 \/ garsiakalbio i\u0161vestis, mikrofono \u012fvestis, maitinimas, atstatymas<\/td>\n<\/tr>\n<\/tbody>\n<\/table>\n<\/div>\n","protected":false},"excerpt":{"rendered":"<p>\u201eDarkflash Aquarius\u201c akrilinis kompiuterio korpusas Susikurkite tobul\u0105 kompiuter\u012f darbui ar \u017eaidimams. \u201eDarkflash Aquarius\u201c akrilinis korpusas leis jums be joki\u0173 problem\u0173 \u012fdiegti pasirinktus komponentus ir suteiks vietos iki 8 ventiliatori\u0173, kad b\u016bt\u0173 i\u0161vengta perkaitimo. Taip pat tur\u0117site kelet\u0105 pagrindini\u0173 prievad\u0173, \u012fskaitant USB 3.0. Produktas taip pat i\u0161siskiria moderniu, originaliu dizainu \u2013 permatomos plok\u0161t\u0117s leis lengviau pasiekti [&#8230;]\n","protected":false},"featured_media":37934,"comment_status":"open","ping_status":"closed","template":"","meta":[],"product_brand":[316],"product_cat":[1310],"product_tag":[],"class_list":{"0":"post-37933","1":"product","2":"type-product","3":"status-publish","4":"has-post-thumbnail","6":"product_brand-darkflash","7":"product_cat-without-fan","9":"first","10":"outofstock","11":"taxable","12":"shipping-taxable","13":"purchasable","14":"product-type-simple"},"aioseo_notices":[],"_links":{"self":[{"href":"https:\/\/asura.lv\/lt\/wp-json\/wp\/v2\/product\/37933","targetHints":{"allow":["GET"]}}],"collection":[{"href":"https:\/\/asura.lv\/lt\/wp-json\/wp\/v2\/product"}],"about":[{"href":"https:\/\/asura.lv\/lt\/wp-json\/wp\/v2\/types\/product"}],"replies":[{"embeddable":true,"href":"https:\/\/asura.lv\/lt\/wp-json\/wp\/v2\/comments?post=37933"}],"wp:featuredmedia":[{"embeddable":true,"href":"https:\/\/asura.lv\/lt\/wp-json\/wp\/v2\/media\/37934"}],"wp:attachment":[{"href":"https:\/\/asura.lv\/lt\/wp-json\/wp\/v2\/media?parent=37933"}],"wp:term":[{"taxonomy":"product_brand","embeddable":true,"href":"https:\/\/asura.lv\/lt\/wp-json\/wp\/v2\/product_brand?post=37933"},{"taxonomy":"product_cat","embeddable":true,"href":"https:\/\/asura.lv\/lt\/wp-json\/wp\/v2\/product_cat?post=37933"},{"taxonomy":"product_tag","embeddable":true,"href":"https:\/\/asura.lv\/lt\/wp-json\/wp\/v2\/product_tag?post=37933"}],"curies":[{"name":"wp","href":"https:\/\/api.w.org\/{rel}","templated":true}]}}