{"id":37939,"date":"2025-11-28T20:50:39","date_gmt":"2025-11-28T20:50:39","guid":{"rendered":"https:\/\/asura.lv\/product\/charger-skyrc-t1000-maestro\/"},"modified":"2025-12-12T15:33:19","modified_gmt":"2025-12-12T13:33:19","slug":"charger-skyrc-t1000-maestro","status":"publish","type":"product","link":"https:\/\/asura.lv\/lt\/produktas\/charger-skyrc-t1000-maestro\/","title":{"rendered":"\u012ekroviklis \u201eSkyRC T1000 Maestro\u201c"},"content":{"rendered":"<h3>\u201eSkyRC T1000 Maestro\u201c \u012fkroviklis<\/h3>\n<p>\u201eSkyRC T1000 Maestro\u201c \u2013 tai naujas, ne\u012ftik\u0117tinai galingas RC modelio \u012fkroviklis, i\u0161siskiriantis iki 450 W (kintama) arba net 1000 W (nuolatin\u0117) galia. Jame naudojamas pa\u017eangus \u201eArm Cortex-M4\u201c branduolys ir spalvotas ekranas, kuriame pateikiama svarbiausia informacija apie jo veikim\u0105. Tai leid\u017eia vienu metu naudoti 2 prievadus, tod\u0117l j\u012f transportuojant nekils problem\u0173. Taip pat galima \u012fsigyti speciali\u0105 \u201eCharger Master\u201c programin\u0119 \u012frang\u0105, kuri suteikia dar daugiau galimybi\u0173.<\/p>\n<p><img decoding=\"async\" src=\"https:\/\/b2b.innpro.pl\/data\/include\/cms\/SkyRC\/T1000\/10.jpg\"><\/p>\n<h3>Patikimas veikimas<\/h3>\n<p>Per\u017eengkite ribas su \u201eSkyRC T1000\u201c \u012fkrovikliu ir gaukite daugiau parink\u010di\u0173 kitoms RC lenktyn\u0117ms. Produktas palaiko pa\u017eangi\u0105 DSP technologij\u0105 ir turi modern\u0173 \u201eArm Cortex-M4\u201c branduol\u012f, kuriame taip pat naudojamas koprocesorius (FPU). D\u0117l to jis gali u\u017etikrinti ne\u012ftik\u0117tin\u0105 greit\u012f, na\u0161um\u0105 ir patikimum\u0105! Rinkit\u0117s patikrintus sprendimus ir rinkit\u0117s \u012fkrovikl\u012f, kuris veiks beveik kiekvienoje situacijoje.<\/p>\n<p><img decoding=\"async\" src=\"https:\/\/b2b.innpro.pl\/data\/include\/cms\/SkyRC\/T1000\/3.jpg\"><\/p>\n<h3>Dar greitesnis \u012fkrovimas<\/h3>\n<p>M\u0117gaukit\u0117s dar greitesniu \u012fkrovimu. \u012ekroviklis turi 2 prievadus, kurie leis jums vienu metu \u012fkrauti 2 baterijas per trump\u0105 laik\u0105. Taip pat galite pasirinkti kintamosios arba nuolatin\u0117s srov\u0117s \u012fvest\u012f. Kintamosios srov\u0117s re\u017eimu \u012fkrovimo galia siekia 450 W, o nuolatin\u0117s srov\u0117s re\u017eimu \u2013 iki 1000 W! Tai \u012fkraus j\u016bs\u0173 baterijas iki 9 kart\u0173 grei\u010diau (kintamosios srov\u0117s re\u017eimu) arba iki 20 kart\u0173 grei\u010diau (nuolatin\u0117s srov\u0117s re\u017eimu) nei naudojant standartinius \u012fkroviklius.<\/p>\n<p><img decoding=\"async\" src=\"https:\/\/b2b.innpro.pl\/data\/include\/cms\/SkyRC\/T1000\/7.jpg\"><\/p>\n<h3>Pa\u017eangus energijos paskirstymas<\/h3>\n<p>Kai naudojate tik vien\u0105 prievad\u0105, \u012fkroviklis vis\u0105 savo energij\u0105 nukreips \u012f t\u0105 prievad\u0105 ir tieks iki 20 A srov\u0119. Kai naudojate abu prievadus, \u012fkrovimo srov\u0117s parametrai bus dinami\u0161kai ir sumaniai paskirstyti tarp kiekvieno i\u0161 j\u0173. Taigi daugeliu atvej\u0173 galite m\u0117gautis optimaliu na\u0161umu! Be to, kai vienas prievadas nustos veikti, kitas prad\u0117s krauti visu paj\u0117gumu. Naudojant 2 lizdus vienu metu, bendra srov\u0117 siekia iki 35 A.<\/p>\n<p><img decoding=\"async\" src=\"https:\/\/b2b.innpro.pl\/data\/include\/cms\/SkyRC\/T1000\/2.jpg\"><\/p>\n<h3>Skaitmeninis maitinimo \u0161altinis<\/h3>\n<p>T1000 puikiai veiks ne tik kaip \u012fkroviklis, bet ir kaip skaitmeninis maitinimo \u0161altinis. Tereikia keli\u0173 paspaudim\u0173 jo meniu! Produktas si\u016blo 5\u201327 V \u012ftamp\u0105 su 0,1 V \u017eingsniais ir reguliuojam\u0105 srov\u0119 nuo 1 iki 15 A. Jis taip pat apr\u016bpintas trumpojo jungimo, perkrovos ir atvirk\u0161tinio poli\u0161kumo apsauga. Taigi, jis u\u017etikrina neprilygstam\u0105 na\u0161um\u0105 ir saugum\u0105!<\/p>\n<p><img decoding=\"async\" src=\"https:\/\/b2b.innpro.pl\/data\/include\/cms\/SkyRC\/T1000\/6.jpg\"><\/p>\n<h3>Papildomos galimyb\u0117s<\/h3>\n<p>Ar jums r\u016bpi papildomos galimyb\u0117s? I\u0161bandykite atskirai \u012fsigyjamus \u012frenginius, kurie veikia su \u012fkrovikliu! Pavyzd\u017eiui, BD350 i\u0161kroviklis tiekia iki 40 A srov\u0119. Kartu su T1000 Maestro jis taip pat leid\u017eia patikrinti akumuliatoriaus b\u016bkl\u0119 naudojant \u201eCharger Master\u201c programin\u0119 \u012frang\u0105. Taip pat yra \u012fkrovimo mazgas, galintis apdoroti iki 150 W ir turintis iki 4 prievad\u0173 (3 x USB-C, 1 x USB-A).<\/p>\n<p><img decoding=\"async\" src=\"https:\/\/b2b.innpro.pl\/data\/include\/cms\/SkyRC\/T1000\/4.jpg\"><\/p>\n<h3>Patogi vartotojo s\u0105saja<\/h3>\n<p>\u012ekroviklis turi lengvai \u012fskaitom\u0105 2,8 colio TN LCD ekran\u0105 su ai\u0161kia \u201eColorX\u201c s\u0105saja. Jis u\u017etikrina 240 x 320 skiriam\u0105j\u0105 geb\u0105 ir rodo vaizd\u0105 262 144 spalvomis. Taip pat verta pamin\u0117ti 250:1 kontrasto santyk\u012f. Prisitaikantys \u201eWeb2.0\u201c meniu ir specialiai sukurtos piktogramos leid\u017eia \u012frengin\u012f valdyti daug papras\u010diau ir maloniau! Be to, s\u0105saja si\u016blo 4 kalbas \u2013 angl\u0173, oland\u0173, kin\u0173 ir japon\u0173.<\/p>\n<p><img decoding=\"async\" src=\"https:\/\/b2b.innpro.pl\/data\/include\/cms\/SkyRC\/T1000\/1.jpg\"><\/p>\n<h3>Pasiteisins keliaujant<\/h3>\n<p>Pasiimkite \u012fkrovikl\u012f \u012f kit\u0105 RC rengin\u012f ir neaukokite galimyb\u0117s greitai \u012fkrauti baterijas, kol esate i\u0161vyk\u0119. \u201eT1000 Maestro\u201c suderinamas su 100\u2013240 V \u012ftampa, o tai rei\u0161kia, kad j\u012f galite naudoti daugelyje pasaulio \u0161ali\u0173 be joki\u0173 problem\u0173. Produktas taip pat turi speciali\u0105 ranken\u0105, tod\u0117l j\u012f daug lengviau ne\u0161ioti.<\/p>\n<p><img decoding=\"async\" src=\"https:\/\/b2b.innpro.pl\/data\/include\/cms\/SkyRC\/T1000\/5.jpg\"><\/p>\n<h3>I\u0161bandykite \u201eCharger Master\u201c programin\u0119 \u012frang\u0105<\/h3>\n<p>Gaukite patogi\u0105 prieig\u0105 prie svarbiausios informacijos \u2013 tiesiog naudokit\u0117s \u201eCharger Master\u201c programine \u012franga. Tiesiog prijunkite T1000 \u012fkrovikl\u012f prie kompiuterio USB-C laidu! Tai padar\u0119, pavyzd\u017eiui, gal\u0117site atsisi\u0173sti OTA atnaujinimus ir sinchronizuoti naujausi\u0105 programin\u0117s \u012frangos versij\u0105 su debesimi realiuoju laiku. Taip pat galite per\u017ei\u016br\u0117ti \u012fkrovimo \/ i\u0161krovimo duomen\u0173 grafik\u0105.<\/p>\n<p><img decoding=\"async\" src=\"https:\/\/b2b.innpro.pl\/data\/include\/cms\/SkyRC\/T1000\/8.jpg\"><\/p>\n<h3>D\u0117\u017eut\u0117je<\/h3>\n<ul>\n<li>T1000 \u012fkroviklis<\/li>\n<li>Kintamosios srov\u0117s maitinimo laidas<\/li>\n<li>Naudotojo vadovas<\/li>\n<\/ul>\n<div class=\"table-wrapper\">\n<table>\n<tbody>\n<tr>\n<th>Prek\u0117s \u017eenklas<\/th>\n<td>SkyRC<\/td>\n<\/tr>\n<tr>\n<th>Modelis<\/th>\n<td>T1000<\/td>\n<\/tr>\n<tr>\n<th>\u012e\u0117jimo \u012ftampa<\/th>\n<td>Kintamoji srov\u0117: 100\u2013240 V (50 \/ 60 Hz);<br \/>Nuolatin\u0117 srov\u0117: 10\u201330 V;<\/td>\n<\/tr>\n<tr>\n<th>\u012e\u0117jimo srov\u0117<\/th>\n<td>Maks. 35 A<\/td>\n<\/tr>\n<tr>\n<th>\u012ekrovimo galia<\/th>\n<td>Kintamoji srov\u0117: maks. 450 W;<br \/>Nuolatin\u0117 srov\u0117: maks. 1000 W;<\/td>\n<\/tr>\n<tr>\n<th>I\u0161krovimo galia<\/th>\n<td>Pagrindinis prievadas: 10 W;<br \/>Balansinis prievadas: maks. 37 W;<br \/>I\u0161orinis i\u0161krovimas: maks. 350 W;<\/td>\n<\/tr>\n<tr>\n<th>\u012ekrovimo intensyvumas<\/th>\n<td>LiPo \/ LiFe \/ LiIon \/ LiHV \/ NiMH \/ NiCd \/ Pb: 0,1\u201320,0 A;<br \/>Lygiagretus \u012fkrovimas: 20,0\u201335,0 A;<\/td>\n<\/tr>\n<tr>\n<th>I\u0161krovimas intensyvumas<\/th>\n<td>LiPo \/ LiFe \/ LiIon \/ LiHV \/ NiMH \/ NiCd \/ Pb: 0,1\u20132,0 A;<br \/>I\u0161orinis i\u0161krovimas: 0,1\u201340,0 A;*<\/p>\n<p>*\u0160iai funkcijai reikalingas BD350 i\u0161kroviklis, kur\u012f reikia \u012fsigyti atskirai.<\/td>\n<\/tr>\n<tr>\n<th>Balansavimo intensyvumas<\/th>\n<td>LiPo \/ LiFe \/ LiIon \/ LiHV: maks. 1,5 A.<\/td>\n<\/tr>\n<tr>\n<th>Akumuliatoriaus tipas<\/th>\n<td>LiPo \/ LiFe \/ LiIon \/ LiHV: 1\u20136S;<br \/>NiMH \/ NiCd: 4\u201315S;<br \/>Pb: 3S \/ 6S \/ 12S;<\/td>\n<\/tr>\n<tr>\n<th>Nuolatin\u0117s srov\u0117s i\u0161vestis \u012etampa<\/th>\n<td>5\u201327 V<\/td>\n<\/tr>\n<tr>\n<th>Nuolatin\u0117s srov\u0117s i\u0161\u0117jimo srov\u0117<\/th>\n<td>1,0\u201315,0 A<\/td>\n<\/tr>\n<tr>\n<th>Matmenys<\/th>\n<td>190,3 x 153,5 x 100 mm<\/td>\n<\/tr>\n<tr>\n<th>Svoris<\/th>\n<td>1370 g<\/td>\n<\/tr>\n<\/tbody>\n<\/table>\n<\/div>\n","protected":false},"excerpt":{"rendered":"<p>\u201eSkyRC T1000 Maestro\u201c \u012fkroviklis \u201eSkyRC T1000 Maestro\u201c \u2013 tai naujas, ne\u012ftik\u0117tinai galingas RC modelio \u012fkroviklis, i\u0161siskiriantis iki 450 W (kintama) arba net 1000 W (nuolatin\u0117) galia. Jame naudojamas pa\u017eangus \u201eArm Cortex-M4\u201c branduolys ir spalvotas ekranas, kuriame pateikiama svarbiausia informacija apie jo veikim\u0105. Tai leid\u017eia vienu metu naudoti 2 prievadus, tod\u0117l j\u012f transportuojant nekils problem\u0173. Taip [&#8230;]\n","protected":false},"featured_media":37940,"comment_status":"open","ping_status":"closed","template":"","meta":[],"product_brand":[82],"product_cat":[1439],"product_tag":[],"class_list":{"0":"post-37939","1":"product","2":"type-product","3":"status-publish","4":"has-post-thumbnail","6":"product_brand-skyrc","7":"product_cat-chargers","9":"first","10":"outofstock","11":"taxable","12":"shipping-taxable","13":"purchasable","14":"product-type-simple"},"aioseo_notices":[],"_links":{"self":[{"href":"https:\/\/asura.lv\/lt\/wp-json\/wp\/v2\/product\/37939","targetHints":{"allow":["GET"]}}],"collection":[{"href":"https:\/\/asura.lv\/lt\/wp-json\/wp\/v2\/product"}],"about":[{"href":"https:\/\/asura.lv\/lt\/wp-json\/wp\/v2\/types\/product"}],"replies":[{"embeddable":true,"href":"https:\/\/asura.lv\/lt\/wp-json\/wp\/v2\/comments?post=37939"}],"wp:featuredmedia":[{"embeddable":true,"href":"https:\/\/asura.lv\/lt\/wp-json\/wp\/v2\/media\/37940"}],"wp:attachment":[{"href":"https:\/\/asura.lv\/lt\/wp-json\/wp\/v2\/media?parent=37939"}],"wp:term":[{"taxonomy":"product_brand","embeddable":true,"href":"https:\/\/asura.lv\/lt\/wp-json\/wp\/v2\/product_brand?post=37939"},{"taxonomy":"product_cat","embeddable":true,"href":"https:\/\/asura.lv\/lt\/wp-json\/wp\/v2\/product_cat?post=37939"},{"taxonomy":"product_tag","embeddable":true,"href":"https:\/\/asura.lv\/lt\/wp-json\/wp\/v2\/product_tag?post=37939"}],"curies":[{"name":"wp","href":"https:\/\/api.w.org\/{rel}","templated":true}]}}