{"id":37945,"date":"2025-11-28T20:50:38","date_gmt":"2025-11-28T20:50:38","guid":{"rendered":"https:\/\/asura.lv\/product\/darkflash-a290-computer-case-white-3-rgb-fans\/"},"modified":"2025-12-12T15:33:18","modified_gmt":"2025-12-12T13:33:18","slug":"darkflash-a290-computer-case-white-3-rgb-fans","status":"publish","type":"product","link":"https:\/\/asura.lv\/lt\/produktas\/darkflash-a290-computer-case-white-3-rgb-fans\/","title":{"rendered":"\u201eDarkflash A290\u201c kompiuterio korpusas (baltas) + 3 RGB ventiliatoriai"},"content":{"rendered":"<h3>\u201eDarkflash A290\u201c kompiuterio korpusas (baltas) + 3 ARGB ventiliatoriai<\/h3>\n<p>Norite susikurti tobul\u0105 kompiuter\u012f darbui ar \u017eaidimams? \u201eDarkflash A290\u201c korpusas pad\u0117s jums tai padaryti! Jis suderinamas su daugelio tip\u0173 komponentais ir leid\u017eia sukurti galing\u0105 au\u0161inimo sistem\u0105. Jame taip pat yra keletas pagrindini\u0173 prievad\u0173 ir mygtuk\u0173, \u012fskaitant USB 3.0, USB 2.0 ir ausini\u0173\/garsiakalbio i\u0161vest\u012f. Jis taip pat i\u0161siskiria moderniu, stilingu dizainu \u2013 gr\u016bdinto stiklo \u0161oninis skydelis suteiks jums stulbinan\u010dius vaizdinius efektus.<\/p>\n<p>\n<img decoding=\"async\" alt=\"\" border=\"0\" src=\"https:\/\/assets.innpro.pl\/5514\/13853\/1.jpg\"\/>\n<\/p>\n<h3>Daugyb\u0117 i\u0161pl\u0117timo galimybi\u0173<\/h3>\n<p>\u201eA290\u201c korpusas suderinamas su daugybe komponent\u0173, tod\u0117l galite lengvai susikurti b\u016btent tok\u012f kompiuter\u012f, kokio svajojate. Produktas palaiko tokius pagrindini\u0173 plok\u0161\u010di\u0173 standartus kaip ATX, M-ATX ir ITX ir leid\u017eia montuoti vaizdo plok\u0161t\u0119, kurios maksimalus ilgis yra 260 mm. Taip pat tur\u0117site vietos iki 160 mm auk\u0161\u010dio procesoriaus au\u0161inimui.<\/p>\n<p>\n<img decoding=\"async\" alt=\"\" border=\"0\" src=\"https:\/\/assets.innpro.pl\/5514\/13853\/8.jpg\"\/>\n<\/p>\n<h3>Efektyvus au\u0161inimas<\/h3>\n<p>Nesijaudinkite d\u0117l kompiuterio perkaitimo. Gerai apgalvotas A290 korpuso dizainas leid\u017eia efektyviai i\u0161sklaidyti \u0161ilum\u0105, be to, yra galimyb\u0117 \u012fmontuoti 5 120 mm ventiliatorius. Taip pat galite \u012fmontuoti 240 mm vandens au\u0161inim\u0105. Dabar galite \u017eaisti net dinami\u0161kiausi\u0105 \u017eaidim\u0105 ar naudoti sud\u0117tingiausi\u0105 programin\u0119 \u012frang\u0105 be joki\u0173 problem\u0173! Be to, komplekte yra 3 CL6 ventiliatoriai.<\/p>\n<p>\n<img decoding=\"async\" alt=\"\" border=\"0\" src=\"https:\/\/assets.innpro.pl\/5514\/13853\/7.jpg\"\/>\n<\/p>\n<h3>Apgalvotas dizainas<\/h3>\n<p>Korpuso \u0161onin\u0117 panel\u0117 pagaminta i\u0161 gr\u016bdinto stiklo. Tai palanku komponentams su foniniu ap\u0161vietimu, pabr\u0117\u017eiant j\u016bs\u0173 konfig\u016bracijos \u017eaidim\u0173 pob\u016bd\u012f. Be to, A290 i\u0161siskiria modernia apdaila, kuri dar labiau pagerina aparatin\u0117s \u012frangos vizualin\u012f patrauklum\u0105. Korpusas taip pat apr\u016bpintas dulki\u0173 filtru, kur\u012f galima lengvai nuimti ir i\u0161valyti. Tai leid\u017eia lengvai palaikyti \u012frang\u0105 puikios b\u016bkl\u0117s.<\/p>\n<p>\n<img decoding=\"async\" alt=\"\" border=\"0\" src=\"https:\/\/assets.innpro.pl\/5514\/13853\/2.jpg\"\/>\n<\/p>\n<h3>Daugiau patogum\u0173<\/h3>\n<p>D\u0117kle galite \u012fd\u0117ti HDD arba SSD. Pasirink\u0119 A290 model\u012f, taip pat gausite prieig\u0105 prie s\u0105sajos su USB 3.0 prievadu, kuris pasi\u017eymi i\u0161skirtiniu grei\u010diu. O kai norite i\u0161pl\u0117sti savo aparatin\u0117s \u012frangos konfig\u016bracij\u0105, pravers 7 i\u0161pl\u0117timo plok\u0161\u010di\u0173 lizdai.<\/p>\n<p>\n<img decoding=\"async\" alt=\"\" border=\"0\" src=\"https:\/\/assets.innpro.pl\/5514\/13853\/5.jpg\"\/>\n<\/p>\n<h3>\u012etraukta<\/h3>\n<ul class=\"list-disc pl-5\">\n<li>A290 kompiuterio korpusas<\/li>\n<li>3x CL6 ventiliatoriai<\/li>\n<\/ul>\n<div class=\"table-wrapper\">\n<p>B\u00a0<\/p>\n<h3><\/h3>\n<table>\n<tbody>\n<tr>\n<th>Gamintojas<\/th>\n<td>Darkflash<\/td>\n<\/tr>\n<tr>\n<th>Modelis<\/th>\n<td>A290<\/td>\n<\/tr>\n<tr>\n<th>Korpuso tipas<\/th>\n<td>Midi bok\u0161tas<\/td>\n<\/tr>\n<tr>\n<th>\u0160onas skydelis<\/th>\n<td>Gr\u016bdintas stiklas<\/td>\n<\/tr>\n<tr>\n<th>Pagrindin\u0117s plok\u0161t\u0117s standartas<\/th>\n<td>ATX \/ M-ATX \/ ITX<\/td>\n<\/tr>\n<tr>\n<th>Maitinimo \u0161altinio standartas<\/th>\n<td>ATX apa\u010dioje<\/td>\n<\/tr>\n<tr>\n<th>Vidini\u0173 disk\u0173 lizdai<\/th>\n<td>3,5 colio HDD x1; 2,5 colio SSD x1<\/td>\n<\/tr>\n<tr>\n<th>I\u0161pl\u0117timo korteli\u0173 lizdai<\/th>\n<td>7<\/td>\n<\/tr>\n<tr>\n<th>Maksimalus maitinimo bloko ilgis<\/th>\n<td>150 mm<\/td>\n<\/tr>\n<tr>\n<th>Maksimalus vaizdo plok\u0161t\u0117s ilgis<\/th>\n<td>260 mm<\/td>\n<\/tr>\n<tr>\n<th>Maksimalus procesoriaus au\u0161intuvo auk\u0161tis<\/th>\n<td>160 mm<\/td>\n<\/tr>\n<tr>\n<th>Maksimalus ventiliatori\u0173 skai\u010dius<\/th>\n<td>5<\/td>\n<\/tr>\n<tr>\n<th>Ventiliatoriaus tvirtinimas parinktys<\/th>\n<td>Priekyje: 120 mm ventiliatorius x2; Vir\u0161uje: 120 mm ventiliatorius x2; Gale: 120 mm ventiliatorius x1<\/td>\n<\/tr>\n<tr>\n<th>Vandens au\u0161inimo montavimo parinktys<\/th>\n<td>N\u0117ra vandens au\u0161inimo montavimo parink\u010di\u0173<\/td>\n<\/tr>\n<tr>\n<th>\u012erengt\u0173 ventiliatori\u0173 skai\u010dius<\/th>\n<td>3<\/td>\n<\/tr>\n<tr>\n<th>Ventiliatori\u0173 tipas<\/th>\n<td>CL6 ARGB, 4 kontakt\u0173 grandin\u0117<\/td>\n<\/tr>\n<tr>\n<th>Mygtukai ir valdikliai<\/th>\n<td>Maitinimas, atstatymas<\/td>\n<\/tr>\n<tr>\n<th>Jungtys<\/th>\n<td>USB 3.0 x1, USB 2.0 x1, HD garsas<\/td>\n<\/tr>\n<tr>\n<th>Med\u017eiaga<\/th>\n<td>Gr\u016bdintas stiklas, SPCC<\/td>\n<\/tr>\n<tr>\n<th>Spalva<\/th>\n<td>balta<\/td>\n<\/tr>\n<tr>\n<th>Auk\u0161tis<\/th>\n<td>433 mm<\/td>\n<\/tr>\n<tr>\n<th>Plotis<\/th>\n<td>190 mm<\/td>\n<\/tr>\n<tr>\n<th>Gylis<\/th>\n<td>320 mm<\/td>\n<\/tr>\n<tr>\n<th>Svoris<\/th>\n<td>4,7 kg<\/td>\n<\/tr>\n<\/tbody>\n<\/table>\n<\/div>\n","protected":false},"excerpt":{"rendered":"<p>\u201eDarkflash A290\u201c kompiuterio korpusas (baltas) + 3 ARGB ventiliatoriai Norite susikurti tobul\u0105 kompiuter\u012f darbui ar \u017eaidimams? \u201eDarkflash A290\u201c korpusas pad\u0117s jums tai padaryti! Jis suderinamas su daugelio tip\u0173 komponentais ir leid\u017eia sukurti galing\u0105 au\u0161inimo sistem\u0105. Jame taip pat yra keletas pagrindini\u0173 prievad\u0173 ir mygtuk\u0173, \u012fskaitant USB 3.0, USB 2.0 ir ausini\u0173\/garsiakalbio i\u0161vest\u012f. Jis taip pat [&#8230;]\n","protected":false},"featured_media":37946,"comment_status":"open","ping_status":"closed","template":"","meta":[],"product_brand":[316],"product_cat":[1118],"product_tag":[],"class_list":{"0":"post-37945","1":"product","2":"type-product","3":"status-publish","4":"has-post-thumbnail","6":"product_brand-darkflash","7":"product_cat-with-fan","9":"first","10":"outofstock","11":"taxable","12":"shipping-taxable","13":"purchasable","14":"product-type-simple"},"aioseo_notices":[],"_links":{"self":[{"href":"https:\/\/asura.lv\/lt\/wp-json\/wp\/v2\/product\/37945","targetHints":{"allow":["GET"]}}],"collection":[{"href":"https:\/\/asura.lv\/lt\/wp-json\/wp\/v2\/product"}],"about":[{"href":"https:\/\/asura.lv\/lt\/wp-json\/wp\/v2\/types\/product"}],"replies":[{"embeddable":true,"href":"https:\/\/asura.lv\/lt\/wp-json\/wp\/v2\/comments?post=37945"}],"wp:featuredmedia":[{"embeddable":true,"href":"https:\/\/asura.lv\/lt\/wp-json\/wp\/v2\/media\/37946"}],"wp:attachment":[{"href":"https:\/\/asura.lv\/lt\/wp-json\/wp\/v2\/media?parent=37945"}],"wp:term":[{"taxonomy":"product_brand","embeddable":true,"href":"https:\/\/asura.lv\/lt\/wp-json\/wp\/v2\/product_brand?post=37945"},{"taxonomy":"product_cat","embeddable":true,"href":"https:\/\/asura.lv\/lt\/wp-json\/wp\/v2\/product_cat?post=37945"},{"taxonomy":"product_tag","embeddable":true,"href":"https:\/\/asura.lv\/lt\/wp-json\/wp\/v2\/product_tag?post=37945"}],"curies":[{"name":"wp","href":"https:\/\/api.w.org\/{rel}","templated":true}]}}