{"id":38059,"date":"2025-11-28T20:50:28","date_gmt":"2025-11-28T20:50:28","guid":{"rendered":"https:\/\/asura.lv\/product\/baseus-liquid-silica-gel-case-for-iphone-14-pro-elderberry-tempered-glass-cleaning-kit\/"},"modified":"2025-12-12T15:33:10","modified_gmt":"2025-12-12T13:33:10","slug":"baseus-liquid-silica-gel-case-for-iphone-14-pro-elderberry-tempered-glass-cleaning-kit","status":"publish","type":"product","link":"https:\/\/asura.lv\/lt\/produktas\/baseus-liquid-silica-gel-case-for-iphone-14-pro-elderberry-tempered-glass-cleaning-kit\/","title":{"rendered":"\u201eBaseus\u201c skysto silikagelio d\u0117klas, skirtas \u201eiPhone 14 Pro\u201c (\u0161eivamed\u017eio uog\u0173 spalvos) + gr\u016bdintas stiklas + valymo rinkinys"},"content":{"rendered":"<h3>\u201eBaseus\u201c skysto silikagelio d\u0117klas, skirtas \u201eiPhone 14 Pro\u201c (violetinis) + gr\u016bdintas stiklas + valymo rinkinys<\/h3>\n<p>Pasir\u016bpinkite visapusi\u0161ka savo \u201eiPhone 14 Pro\u201c apsauga. \u201eBaseus\u201c skysto silikagelio d\u0117klas apsaugos j\u012f nuo pa\u017eeidim\u0173 ir pad\u0117s j\u012f i\u0161laikyti \u0161var\u0173. Priedas puikiai prisitaiko prie i\u0161maniojo telefono formos ir turi papildom\u0105 nuimam\u0105 dangtel\u012f jo l\u0119\u0161iams. Pakuot\u0117je taip pat rasite gr\u016bdint\u0105 ekrano stikl\u0105 ir special\u0173 valymo rinkin\u012f.<\/p>\n<p><img decoding=\"async\" src=\"https:\/\/b2b.innpro.pl\/data\/include\/cms\/-Baseus\/ARYT020405\/7.jpg\"><\/p>\n<h3>Auk\u0161tos kokyb\u0117s apdaila<\/h3>\n<p>D\u0117klui pagaminti buvo naudojamas auk\u0161tos kokyb\u0117s silikonas, kuris i\u0161siskiria \u012fsp\u016bdingu atsparumu d\u0117v\u0117jimuisi. D\u0117l to priedas ilgai tarnaus jums puikiai \u2013 nesijaudinkite, kad jis i\u0161bluks ar pagels. Produktas taip pat labai malonus liesti, o d\u0117l specialios dangos jo valymas nesukels joki\u0173 problem\u0173. Ant jo nebus matyti pir\u0161t\u0173 atspaud\u0173, dulki\u0173 ar d\u0117mi\u0173!<\/p>\n<p><img decoding=\"async\" src=\"https:\/\/b2b.innpro.pl\/data\/include\/cms\/-Baseus\/ARYT020405\/5.jpg\"><\/p>\n<h3>Puikus prigludimas<\/h3>\n<p>Priedas puikiai prisitaiko prie \u201eiPhone 14 Pro\u201c formos ir netrukdo patogiam naudojimui. Jis taip pat neu\u017estoja prievad\u0173 ar garsiakalbi\u0173. Jis taip pat turi papildom\u0105 objektyvo dangtel\u012f, kur\u012f galite nuimti, jei nuspr\u0119site, kad jo nereikia. Be to, d\u0117klas yra labai lankstus \u2013 j\u012f u\u017esid\u0117ti nesukels joki\u0173 problem\u0173.<\/p>\n<p><img decoding=\"async\" src=\"https:\/\/b2b.innpro.pl\/data\/include\/cms\/-Baseus\/ARYT020405\/6.jpg\"><\/p>\n<h3>Patikima apsauga<\/h3>\n<p>\u201eBaseus\u201c skysto silikagelio d\u0117klas efektyviai apsaugos j\u016bs\u0173 i\u0161man\u0173j\u012f telefon\u0105 nuo pa\u017eeidim\u0173, pavyzd\u017eiui, d\u0117l sm\u016bgio ar kritimo. Be to, pridedamas gr\u016bdintas stiklas u\u017etikrins patikim\u0105 jo ekrano apsaug\u0105. Su \u201eBaseus\u201c j\u016bs\u0173 telefonas bus saugus \u2013 net jei jis nukris ant \u017eem\u0117s ar atsidurs ki\u0161en\u0117je kartu su raktais, jam nieko nenutiks!<\/p>\n<p><img decoding=\"async\" src=\"https:\/\/b2b.innpro.pl\/data\/include\/cms\/-Baseus\/ARYT020405\/3.jpg\"><\/p>\n<h3>D\u0117\u017eut\u0117je<\/h3>\n<ul>\n<li>D\u0117klas<\/li>\n<li>Gr\u016bdintas stiklas<\/li>\n<li>Valymo rinkinys<\/li>\n<\/ul>\n<div class=\"table-wrapper\">\n<table>\n<tbody>\n<tr>\n<th>Prek\u0117s \u017eenklas<\/th>\n<td>Baseus<\/td>\n<\/tr>\n<tr>\n<th>Pavadinimas<\/th>\n<td>Skystas silikagelis D\u0117klas<\/td>\n<\/tr>\n<tr>\n<th>Modelis<\/th>\n<td>ARYT020405<\/td>\n<\/tr>\n<tr>\n<th>Med\u017eiaga<\/th>\n<td>Silikonas<\/td>\n<\/tr>\n<tr>\n<th>Spalva<\/th>\n<td>Violetin\u0117<\/td>\n<\/tr>\n<tr>\n<th>Suderinamumas<\/th>\n<td>iPhone 14 Pro<\/td>\n<\/tr>\n<\/tbody>\n<\/table>\n<\/div>\n","protected":false},"excerpt":{"rendered":"<p>\u201eBaseus\u201c skysto silikagelio d\u0117klas, skirtas \u201eiPhone 14 Pro\u201c (violetinis) + gr\u016bdintas stiklas + valymo rinkinys Pasir\u016bpinkite visapusi\u0161ka savo \u201eiPhone 14 Pro\u201c apsauga. \u201eBaseus\u201c skysto silikagelio d\u0117klas apsaugos j\u012f nuo pa\u017eeidim\u0173 ir pad\u0117s j\u012f i\u0161laikyti \u0161var\u0173. Priedas puikiai prisitaiko prie i\u0161maniojo telefono formos ir turi papildom\u0105 nuimam\u0105 dangtel\u012f jo l\u0119\u0161iams. Pakuot\u0117je taip pat rasite gr\u016bdint\u0105 ekrano [&#8230;]\n","protected":false},"featured_media":38060,"comment_status":"open","ping_status":"closed","template":"","meta":[],"product_brand":[95],"product_cat":[1250],"product_tag":[],"class_list":{"0":"post-38059","1":"product","2":"type-product","3":"status-publish","4":"has-post-thumbnail","6":"product_brand-baseus","7":"product_cat-protective-cases-for-smartphones-cases-gsm-accessories","9":"first","10":"outofstock","11":"taxable","12":"shipping-taxable","13":"purchasable","14":"product-type-simple"},"aioseo_notices":[],"_links":{"self":[{"href":"https:\/\/asura.lv\/lt\/wp-json\/wp\/v2\/product\/38059","targetHints":{"allow":["GET"]}}],"collection":[{"href":"https:\/\/asura.lv\/lt\/wp-json\/wp\/v2\/product"}],"about":[{"href":"https:\/\/asura.lv\/lt\/wp-json\/wp\/v2\/types\/product"}],"replies":[{"embeddable":true,"href":"https:\/\/asura.lv\/lt\/wp-json\/wp\/v2\/comments?post=38059"}],"wp:featuredmedia":[{"embeddable":true,"href":"https:\/\/asura.lv\/lt\/wp-json\/wp\/v2\/media\/38060"}],"wp:attachment":[{"href":"https:\/\/asura.lv\/lt\/wp-json\/wp\/v2\/media?parent=38059"}],"wp:term":[{"taxonomy":"product_brand","embeddable":true,"href":"https:\/\/asura.lv\/lt\/wp-json\/wp\/v2\/product_brand?post=38059"},{"taxonomy":"product_cat","embeddable":true,"href":"https:\/\/asura.lv\/lt\/wp-json\/wp\/v2\/product_cat?post=38059"},{"taxonomy":"product_tag","embeddable":true,"href":"https:\/\/asura.lv\/lt\/wp-json\/wp\/v2\/product_tag?post=38059"}],"curies":[{"name":"wp","href":"https:\/\/api.w.org\/{rel}","templated":true}]}}