{"id":38071,"date":"2025-11-28T20:50:27","date_gmt":"2025-11-28T20:50:27","guid":{"rendered":"https:\/\/asura.lv\/product\/electric-wine-opener-hoto-qwkpq001\/"},"modified":"2025-12-12T15:33:10","modified_gmt":"2025-12-12T13:33:10","slug":"electric-wine-opener-hoto-qwkpq001","status":"publish","type":"product","link":"https:\/\/asura.lv\/lt\/produktas\/electric-wine-opener-hoto-qwkpq001\/","title":{"rendered":"Elektrinis vyno atidarytuvas HOTO QWKPQ001"},"content":{"rendered":"<h3>HOTO elektrinis vyno atidarytuvas QWKPQ001<\/h3>\n<p>\u0160eimos vakarien\u0117, vakarien\u0117 \u017evaki\u0173 \u0161viesoje, susitikimas su draugais \u2013 \u0161iose ir pana\u0161iose situacijose pravers HOTO elektrinis vyno atidarytuvas. \u012erenginys leid\u017eia atidaryti butel\u012f vos per 10 sekund\u017ei\u0173, tereikia paspausti special\u0173 mygtuk\u0105. Jis pagamintas i\u0161 auk\u0161tos kokyb\u0117s med\u017eiag\u0173, o neslystanti apdaila u\u017etikrina stabilum\u0105 ir yra lengvai naudojama.<\/p>\n<p><img decoding=\"async\" src=\"https:\/\/b2b.innpro.pl\/data\/include\/cms\/Hoto\/QWKPQ001\/7.jpg\"><\/p>\n<h3>Lengvas valdymas<\/h3>\n<p>\u012erenginys i\u0161siskiria patogiu ir intuityviu valdymu. Jame yra atkim\u0161imo ir atleidimo mygtukai \u2013 tereikia paspausti atitinkam\u0105. Butelis atsidarys ma\u017edaug po 10 sekund\u017ei\u0173. Be to, gaminys veikia tyliai ir visi\u0161kai i\u0161ima kam\u0161t\u012f. \u201eQWKPQ001\u201c taip pat turi folijos pjaustytuv\u0105, kuris taip pat tarnauja kaip atidarytuvo dangtelis ir leid\u017eia laikyti gamin\u012f vertikalioje pad\u0117tyje. <\/p>\n<p><img decoding=\"async\" src=\"https:\/\/b2b.innpro.pl\/data\/include\/cms\/Hoto\/QWKPQ001\/3.jpg\"><\/p>\n<h3>Galingas variklis<\/h3>\n<p>Atidariklis garantuoja efektyv\u0173 veikim\u0105 d\u0117l galingo variklio, kuriuo apr\u016bpintas gaminys. Be to, \u012frenginiui maitinti reikalingos 4 AA baterijos (rekomenduojamos \u0161armin\u0117s). Jos leid\u017eia atidaryti apie 170 buteli\u0173.<\/p>\n<p><img decoding=\"async\" src=\"https:\/\/b2b.innpro.pl\/data\/include\/cms\/Hoto\/QWKPQ001\/5.jpg\"><\/p>\n<h3>Minimalistinis ir prakti\u0161kas<\/h3>\n<p>\u201eHOTO\u201c elektrinis vyno atidarytuvas bus puikus bet kurios virtuv\u0117s papildymas. Cilindrin\u0117 konstrukcija leid\u017eia prietaisui gerai \u012fsitaisyti rankoje, o patvari ir matin\u0117 PC apdaila u\u017etikrina stabilum\u0105. Atidarytuvo skersmuo yra 36 mm, tod\u0117l gaminys tiks daugumai buteli\u0173. Be to, permatomas langelis leid\u017eia steb\u0117ti atkim\u0161ant.<\/p>\n<p><img decoding=\"async\" src=\"https:\/\/b2b.innpro.pl\/data\/include\/cms\/Hoto\/QWKPQ001\/8.jpg\"><\/p>\n<div class=\"table-wrapper\">\n<table>\n<tbody>\n<tr>\n<th>Gamintojas<\/th>\n<td>HOTO<\/td>\n<\/tr>\n<tr>\n<th>Modelis<\/th>\n<td>QWKPQ001<\/td>\n<\/tr>\n<tr>\n<th>Matmenys<\/th>\n<td>59,9 x 44,7 x 185,4 mm<\/td>\n<\/tr>\n<tr>\n<th>Svoris<\/th>\n<td>Apytiksliai 250 g<\/td>\n<\/tr>\n<tr>\n<th>\u012evertinta \u012etampa<\/th>\n<td>6V<\/td>\n<\/tr>\n<tr>\n<th>Nominali galia<\/th>\n<td>15 W<\/td>\n<\/tr>\n<tr>\n<th>Darbin\u0117 temperat\u016bra<\/th>\n<td>10 \u00b0C ~ 40 \u00b0C<\/td>\n<\/tr>\n<tr>\n<th>Laikymo temperat\u016bra<\/th>\n<td>10 \u00b0C ~ 50 \u00b0C<\/td>\n<\/tr>\n<tr>\n<th>Laikymo dr\u0117gm\u0117<\/th>\n<td>\u226490 % RH<\/td>\n<\/tr>\n<tr>\n<th>Maitinimo \u0161altinis<\/th>\n<td>x4 AA<\/td>\n<\/tr>\n<tr>\n<th>Med\u017eiaga<\/th>\n<td>ABS, ner\u016bdijantis plienas, gele\u017eis<\/td>\n<\/tr>\n<\/tbody>\n<\/table>\n<\/div>\n","protected":false},"excerpt":{"rendered":"<p>HOTO elektrinis vyno atidarytuvas QWKPQ001 \u0160eimos vakarien\u0117, vakarien\u0117 \u017evaki\u0173 \u0161viesoje, susitikimas su draugais \u2013 \u0161iose ir pana\u0161iose situacijose pravers HOTO elektrinis vyno atidarytuvas. \u012erenginys leid\u017eia atidaryti butel\u012f vos per 10 sekund\u017ei\u0173, tereikia paspausti special\u0173 mygtuk\u0105. Jis pagamintas i\u0161 auk\u0161tos kokyb\u0117s med\u017eiag\u0173, o neslystanti apdaila u\u017etikrina stabilum\u0105 ir yra lengvai naudojama. Lengvas valdymas \u012erenginys i\u0161siskiria patogiu [&#8230;]\n","protected":false},"featured_media":38072,"comment_status":"open","ping_status":"closed","template":"","meta":[],"product_brand":[400],"product_cat":[1385],"product_tag":[],"class_list":{"0":"post-38071","1":"product","2":"type-product","3":"status-publish","4":"has-post-thumbnail","6":"product_brand-hoto","7":"product_cat-kitchen-accessories","9":"first","10":"outofstock","11":"taxable","12":"shipping-taxable","13":"purchasable","14":"product-type-simple"},"aioseo_notices":[],"_links":{"self":[{"href":"https:\/\/asura.lv\/lt\/wp-json\/wp\/v2\/product\/38071","targetHints":{"allow":["GET"]}}],"collection":[{"href":"https:\/\/asura.lv\/lt\/wp-json\/wp\/v2\/product"}],"about":[{"href":"https:\/\/asura.lv\/lt\/wp-json\/wp\/v2\/types\/product"}],"replies":[{"embeddable":true,"href":"https:\/\/asura.lv\/lt\/wp-json\/wp\/v2\/comments?post=38071"}],"wp:featuredmedia":[{"embeddable":true,"href":"https:\/\/asura.lv\/lt\/wp-json\/wp\/v2\/media\/38072"}],"wp:attachment":[{"href":"https:\/\/asura.lv\/lt\/wp-json\/wp\/v2\/media?parent=38071"}],"wp:term":[{"taxonomy":"product_brand","embeddable":true,"href":"https:\/\/asura.lv\/lt\/wp-json\/wp\/v2\/product_brand?post=38071"},{"taxonomy":"product_cat","embeddable":true,"href":"https:\/\/asura.lv\/lt\/wp-json\/wp\/v2\/product_cat?post=38071"},{"taxonomy":"product_tag","embeddable":true,"href":"https:\/\/asura.lv\/lt\/wp-json\/wp\/v2\/product_tag?post=38071"}],"curies":[{"name":"wp","href":"https:\/\/api.w.org\/{rel}","templated":true}]}}