{"id":38089,"date":"2025-11-28T20:50:26","date_gmt":"2025-11-28T20:50:26","guid":{"rendered":"https:\/\/asura.lv\/product\/powerbank-baseus-qpow-pro-with-lightning-cable-usb-c-port-and-usb-20000mah-20w-black\/"},"modified":"2025-12-12T15:33:09","modified_gmt":"2025-12-12T13:33:09","slug":"powerbank-baseus-qpow-pro-with-lightning-cable-usb-c-port-and-usb-20000mah-20w-black","status":"publish","type":"product","link":"https:\/\/asura.lv\/lt\/produktas\/powerbank-baseus-qpow-pro-with-lightning-cable-usb-c-port-and-usb-20000mah-20w-black\/","title":{"rendered":"Ne\u0161iojamoji baterija \u201eBaseus Qpow PRO\u201c su \u200b\u200b\u201eLightning\u201c laidu, USB-C prievadu ir USB 20000mAh, 20W (juoda)"},"content":{"rendered":"<h3 style=\"text-align: center;\">Baseus Qpow PRO i\u0161orin\u0117 baterija su USB-C laidu, USB-C, USB, 20000mAh, 20W (juoda)<\/h3>\n<p>Rinkit\u0117s talpi\u0105 \u201eBaseus\u201c i\u0161orin\u0119 baterij\u0105 ir greitai bei saugiai \u012fkraukite savo \u012frenginius. \u201eBaseus Qpow Pro\u201c turi \u012fmontuot\u0105 \u201eLightning\u201c laid\u0105 ir si\u016blo 2 prievadus: USB-C ir USB. Ji taip pat palaiko kelis greito \u012fkrovimo protokolus. Ji leid\u017eia vienu metu atnaujinti 3 \u012frengini\u0173 energij\u0105. Jos i\u0161\u0117jimo galia siekia 20 vat\u0173, o talpa \u2013 20 000 mAh. D\u0117l savo patogumo ir lengvumo j\u0105 transportuoti n\u0117ra problema. Produktas taip pat i\u0161siskiria pla\u010diu suderinamumu ir daugiapakopiu apsauga.<\/p>\n<p><img loading=\"lazy\" decoding=\"async\" src=\"https:\/\/b2b.innpro.pl\/data\/include\/cms\/-Baseus\/PPQD060201\/7.jpg\" border=\"0\" alt=\"\" width=\"1100\" height=\"700\" \/><\/p>\n<p>\u0412\u00a0<\/p>\n<h3 style=\"text-align: center;\">Greitas \u012fkrovimas<\/h3>\n<p>\u201eBaseus Qpow Pro\u201c i\u0161orin\u0117 baterija su integruotu \u201eLightning\u201c laidu turi USB-C ir USB prievadus, tod\u0117l vienu metu gali \u012fkrauti iki 3 \u012frengini\u0173. Jis taip pat palaiko SCP, FCP, QC ir PD greitojo \u012fkrovimo protokolus ir \u012fkraus \u201eApple 13\u201c iki 50 % vos per 30 minu\u010di\u0173.<\/p>\n<p><img loading=\"lazy\" decoding=\"async\" src=\"https:\/\/b2b.innpro.pl\/data\/include\/cms\/-Baseus\/PPQD060201\/5.jpg\" border=\"0\" alt=\"\" width=\"1100\" height=\"700\" \/><\/p>\n<p>\u0412\u00a0<\/p>\n<h3 style=\"text-align: center;\">\u012esp\u016bdinga talpa<\/h3>\n<p>\u201eQpow Pro\u201c i\u0161siskiria 20 000 mAh talpa ir gali \u012fkrauti pasirinktus \u012frenginius iki keli\u0173 kart\u0173. Taigi, \u201eApple 13\u201c energij\u0105 galite atnaujinti ma\u017edaug 4 kartus, \u201eApple 12 Pro\u201c \u2013 ma\u017edaug 4,3 karto, o \u201eMi10 Pro\u201c \u2013 ma\u017edaug 3 kartus. Pamir\u0161kite ilg\u0105 laukim\u0105, kol j\u016bs\u0173 \u012frenginiai bus paruo\u0161ti naudoti!<\/p>\n<p><img loading=\"lazy\" decoding=\"async\" src=\"https:\/\/b2b.innpro.pl\/data\/include\/cms\/-Baseus\/PPQD060201\/3.jpg\" border=\"0\" alt=\"\" width=\"1100\" height=\"700\" \/><\/p>\n<p>\u0412\u00a0<\/p>\n<h3 style=\"text-align: center;\">Auk\u0161tas apsaugos lygis<\/h3>\n<p>I\u0161orin\u0117 baterija turi daugyb\u0119 saugos funkcij\u0173, kurios garantuoja j\u016bs\u0173 \u012fkraut\u0173 \u012frengini\u0173 saugum\u0105. \u201eBaseus Qpow Pro\u201c apsaugo nuo vir\u0161srov\u0117s, vir\u0161\u012ftampio, perkrovimo, auk\u0161tos temperat\u016bros ar elektromagnetinio lauko ir kt. Taip pat verta pamin\u0117ti auk\u0161tos kokyb\u0117s med\u017eiagas ir tvirt\u0105 korpus\u0105.<\/p>\n<p><img loading=\"lazy\" decoding=\"async\" src=\"https:\/\/b2b.innpro.pl\/data\/include\/cms\/-Baseus\/PPQD060201\/4.jpg\" border=\"0\" alt=\"\" width=\"1100\" height=\"700\" \/><\/p>\n<p>\u0412\u00a0<\/p>\n<h3 style=\"text-align: center;\">Kompakti\u0161kas ir patogus<\/h3>\n<p>Apgalvotas i\u0161orin\u0117s baterijos dizainas u\u017etikrina didel\u012f naudojimo patogum\u0105. Lengvai \u012fskaitomas ekranas pateikia informacij\u0105 apie baterijos b\u016bsen\u0105, o d\u0117l ma\u017eo svorio gaminys nesukelia joki\u0173 problem\u0173 transportuojant. Prakti\u0161kas segtukas leid\u017eia pasl\u0117pti \u012fmontuoto laido gal\u0105, tod\u0117l nereikia jaudintis d\u0117l jo pa\u017eeidimo.<\/p>\n<p><img loading=\"lazy\" decoding=\"async\" src=\"https:\/\/b2b.innpro.pl\/data\/include\/cms\/-Baseus\/PPQD060201\/1.jpg\" border=\"0\" alt=\"\" width=\"1100\" height=\"700\" \/><\/p>\n<p>B\u00a0<\/p>\n<div class=\"table-wrapper\">\n<table>\n<tbody>\n<tr>\n<th>Gamintojas<\/th>\n<td>Baseus<\/td>\n<\/tr>\n<tr>\n<th>Modelis<\/th>\n<td>PPQD060201<\/td>\n<\/tr>\n<tr>\n<th>Baterija<\/th>\n<td>Li\u010dio polimeras<\/td>\n<\/tr>\n<tr>\n<th>Med\u017eiaga<\/th>\n<td>ABS + Kompiuteris<\/td>\n<\/tr>\n<tr>\n<th>Talpa<\/th>\n<td>20 000 mAh \/ 3,8 V (76 Wh)<\/td>\n<\/tr>\n<tr>\n<th>Nominali talpa<\/th>\n<td>12 000 mAh (5 V \/ 2,4 A)<\/td>\n<\/tr>\n<tr>\n<th>Energijos konversijos koeficientas<\/th>\n<td>\u224875 %<\/td>\n<\/tr>\n<tr>\n<th>\u201eLightning\u201c \u012fvestis<\/th>\n<td>5 V \/ 2 A<\/td>\n<\/tr>\n<tr>\n<th>USB-C \u012fvestis<\/th>\n<td>5 V \/ 3 A, 9 V \/ 2 A, 12 V \/ 1,5 A<\/td>\n<\/tr>\n<tr>\n<th>USB-C i\u0161vestis<\/th>\n<td>5 V \/ 2,4 A, 9 V \/ 2,22 A, 12 V \/ 1,5 A<\/td>\n<\/tr>\n<tr>\n<th>USB i\u0161vestis<\/th>\n<td>4,5 V \/ 5 A (SCP), 5 V \/ 4,5 A (SCP), 5 V \/ 2,4 A, 9 V \/ 2 A, 12 V \/ 1,5 A<\/td>\n<\/tr>\n<tr>\n<th>Bendra i\u0161\u0117jimo srov\u0117<\/th>\n<td>5 V \/ 2,4 A<\/td>\n<\/tr>\n<tr>\n<th>Matmenys<\/th>\n<td>123 x 74,6 x 32,8 mm<\/td>\n<\/tr>\n<tr>\n<th>Svoris<\/th>\n<td>Apytiksliai 360 g<\/td>\n<\/tr>\n<tr>\n<th>Laido ilgis<\/th>\n<td>Apytiksliai 19 cm<\/td>\n<\/tr>\n<tr>\n<th>Kabelio med\u017eiaga<\/th>\n<td>TPE<\/td>\n<\/tr>\n<tr>\n<th>Spalva<\/th>\n<td>Juoda<\/td>\n<\/tr>\n<\/tbody>\n<\/table>\n<\/div>\n<style type=\"text\/css\"><!--\n.table-wrapper{width:100%;overflow-x:auto}.table-wrapper>table{border-spacing:0}.table-wrapper>table>tbody>tr>td,.table-wrapper>table>tbody>tr>th{padding:10px 35px;text-align:left}.table-wrapper>table>tbody>tr>th{vertical-align:top}.table-wrapper>table>tbody>tr:nth-child(even){background-color:#f7f7f7}\n--><\/style>\n","protected":false},"excerpt":{"rendered":"<p>Baseus Qpow PRO i\u0161orin\u0117 baterija su USB-C laidu, USB-C, USB, 20000mAh, 20W (juoda) Rinkit\u0117s talpi\u0105 \u201eBaseus\u201c i\u0161orin\u0119 baterij\u0105 ir greitai bei saugiai \u012fkraukite savo \u012frenginius. \u201eBaseus Qpow Pro\u201c turi \u012fmontuot\u0105 \u201eLightning\u201c laid\u0105 ir si\u016blo 2 prievadus: USB-C ir USB. Ji taip pat palaiko kelis greito \u012fkrovimo protokolus. Ji leid\u017eia vienu metu atnaujinti 3 \u012frengini\u0173 energij\u0105. [&#8230;]\n","protected":false},"featured_media":38090,"comment_status":"open","ping_status":"closed","template":"","meta":[],"product_brand":[95],"product_cat":[1025],"product_tag":[],"class_list":{"0":"post-38089","1":"product","2":"type-product","3":"status-publish","4":"has-post-thumbnail","6":"product_brand-baseus","7":"product_cat-powerbanks","9":"first","10":"outofstock","11":"taxable","12":"shipping-taxable","13":"purchasable","14":"product-type-simple"},"aioseo_notices":[],"_links":{"self":[{"href":"https:\/\/asura.lv\/lt\/wp-json\/wp\/v2\/product\/38089","targetHints":{"allow":["GET"]}}],"collection":[{"href":"https:\/\/asura.lv\/lt\/wp-json\/wp\/v2\/product"}],"about":[{"href":"https:\/\/asura.lv\/lt\/wp-json\/wp\/v2\/types\/product"}],"replies":[{"embeddable":true,"href":"https:\/\/asura.lv\/lt\/wp-json\/wp\/v2\/comments?post=38089"}],"wp:featuredmedia":[{"embeddable":true,"href":"https:\/\/asura.lv\/lt\/wp-json\/wp\/v2\/media\/38090"}],"wp:attachment":[{"href":"https:\/\/asura.lv\/lt\/wp-json\/wp\/v2\/media?parent=38089"}],"wp:term":[{"taxonomy":"product_brand","embeddable":true,"href":"https:\/\/asura.lv\/lt\/wp-json\/wp\/v2\/product_brand?post=38089"},{"taxonomy":"product_cat","embeddable":true,"href":"https:\/\/asura.lv\/lt\/wp-json\/wp\/v2\/product_cat?post=38089"},{"taxonomy":"product_tag","embeddable":true,"href":"https:\/\/asura.lv\/lt\/wp-json\/wp\/v2\/product_tag?post=38089"}],"curies":[{"name":"wp","href":"https:\/\/api.w.org\/{rel}","templated":true}]}}