{"id":38107,"date":"2025-11-28T20:50:25","date_gmt":"2025-11-28T20:50:25","guid":{"rendered":"https:\/\/asura.lv\/product\/powerbank-baseus-magnetic-10000mah-usb-c-20w-magsafe-white\/"},"modified":"2025-12-12T15:33:07","modified_gmt":"2025-12-12T13:33:07","slug":"powerbank-baseus-magnetic-10000mah-usb-c-20w-magsafe-white","status":"publish","type":"product","link":"https:\/\/asura.lv\/lt\/produktas\/powerbank-baseus-magnetic-10000mah-usb-c-20w-magsafe-white\/","title":{"rendered":"I\u0161orin\u0117 baterija \u201eBaseus Magnetic\u201c, 10000mAh, USB-C 20W, \u201eMagSafe\u201c (balta)"},"content":{"rendered":"<h3>\u201eBaseus Magnetic Mini\u201c i\u0161orin\u0117 baterija 10000mAh 20W (balta).<\/h3>\n<p>Greitai ir saugiai \u012fkraukite savo \u012frenginius su \u201eBaseus\u201c i\u0161orine baterija! \u201eBaseus Magnetic Mini\u201c i\u0161orin\u0117 baterija turi USB-C prievad\u0105, taip pat leid\u017eia belaid\u017eiu b\u016bdu \u012fkrauti. Jos talpa siekia net 10 000 mAh. Ji taip pat turi \u012fmontuot\u0105 ekran\u0105, leid\u017eiant\u012f bet kuriuo metu patikrinti baterijos talp\u0105. Ji palaiko tokius greito \u012fkrovimo protokolus kaip, pavyzd\u017eiui, PD 20W.<\/p>\n<p><img decoding=\"async\" src=\"https:\/\/b2b.innpro.pl\/data\/include\/cms\/-Baseus\/PPCX070002\/9.jpg\"><\/p>\n<h3>Apgalvotas dizainas<\/h3>\n<p>Produktas pasi\u017eymi lengvu svoriu ir kompakti\u0161ku dyd\u017eiu, tod\u0117l j\u012f visada galite ne\u0161iotis su savimi! Be to, jis buvo sukurtas taip, kad gal\u0117tum\u0117te patogiai belaid\u017eiu b\u016bdu \u012fkrauti savo i\u0161man\u0173j\u012f telefon\u0105 \u2013 jis neu\u017edengia telefono kameros, tod\u0117l galite j\u012f s\u0117kmingai naudoti, o d\u0117l \u012fmontuot\u0173 magnet\u0173, turin\u010di\u0173 didel\u0119 traukos j\u0117g\u0105, jis suteikia ant jo pad\u0117tam telefonui stabilumo. Be to, med\u017eiaga maloni liesti ir neleid\u017eia jam i\u0161slysti i\u0161 rankos.<\/p>\n<p><img decoding=\"async\" src=\"https:\/\/b2b.innpro.pl\/data\/include\/cms\/-Baseus\/PPCX070002\/3.jpg\"><\/p>\n<h3>Laidinis ir belaidis \u012fkrovimas<\/h3>\n<p>Produktas leid\u017eia \u012fkrauti tiek laidiniu, tiek belaid\u017eiu b\u016bdu. Naudojami sprendimai suteiks jums norim\u0105 patogum\u0105. Jis palaiko didel\u0117s spartos laidin\u012f 20 vat\u0173 \u012fkrovim\u0105. K\u0105 tai rei\u0161kia prakti\u0161kai? J\u016bs\u0173 \u201eiPhone\u201c bus \u012fkrautas iki 50 % vos per 30 minu\u010di\u0173! Taip pat palaikomas 15 W belaidis \u012fkrovimas.<\/p>\n<p><img decoding=\"async\" src=\"https:\/\/b2b.innpro.pl\/data\/include\/cms\/-Baseus\/PPCX070002\/1.jpg\"><\/p>\n<h3>Platus suderinamumas<\/h3>\n<p>\u0160ios prakti\u0161kos i\u0161orin\u0117s baterijos pagalba galite lengvai \u012fkrauti daugum\u0105 populiariausi\u0173 \u012frengini\u0173. Produktas leid\u017eia greitai \u012fkrauti \u201eiPhone 12-13\u201c serijos telefonus ir yra suderinamas su \u201eXiaomi\u201c bei \u201eHuawei\u201c telefonais. Jis taip pat leid\u017eia maitinti plan\u0161etinius kompiuterius ir belaid\u0117s ausines. D\u0117l net 10 000 mAh talpos nereik\u0117s jo da\u017enai \u012fkrauti.<\/p>\n<p><img decoding=\"async\" src=\"https:\/\/b2b.innpro.pl\/data\/include\/cms\/-Baseus\/PPCX070002\/4.jpg\"><\/p>\n<h3>Didel\u0117 talpa<\/h3>\n<p>\u012erenginys pasi\u017eymi 10 000 mAh talpa, kuri leid\u017eia \u012fkrauti \u012frenginius kelis kartus. \u201eApple 8\u201c galite \u012fkrauti iki 3 kart\u0173, \u201eApple 12\u201c \u2013 iki 2 kart\u0173, o \u201eApple 13\u201c energij\u0105 atnaujinsite 1,8 karto. LED indikatorius parodys likusi\u0105 i\u0161orin\u0117s baterijos energij\u0105.<\/p>\n<p><img decoding=\"async\" src=\"https:\/\/b2b.innpro.pl\/data\/include\/cms\/-Baseus\/PPCX070002\/6.jpg\"><\/p>\n<h3>Saugu naudoti<\/h3>\n<p>Auk\u0161tos klas\u0117s polimerinis li\u010dio akumuliatorius garantuoja saug\u0173 \u012fkrovim\u0105. \u201eBaseus\u201c si\u016blo apsaug\u0105 nuo vir\u0161\u012ftampio, vir\u0161srov\u0117s, perkrovimo ir trumpojo jungimo bei kit\u0173 veiksni\u0173. I\u0161orin\u0117je baterijoje taip pat yra NTC temperat\u016bros jutikliai, apsaugantys nuo perkaitimo. Be to, produktas atitinka tarptautinius oro transporto standartus, tod\u0117l galite j\u012f pasiimti su savimi beveik visur.<\/p>\n<p><img decoding=\"async\" src=\"https:\/\/b2b.innpro.pl\/data\/include\/cms\/-Baseus\/PPCX070002\/7.jpg\"><\/p>\n<h3>Pridedama:<\/h3>\n<ul>\n<li>I\u0161orin\u0117 baterija<\/li>\n<li>USB-C\u2013USB-C laidas<\/li>\n<\/ul>\n<div class=\"table-wrapper\">\n<table>\n<tbody>\n<tr>\n<th>Prek\u0117s \u017eenklas<\/th>\n<td>Baseus<\/td>\n<\/tr>\n<tr>\n<th>Pavadinimas<\/th>\n<td>I\u0161orin\u0117 baterija \u201eBaseus Magnetic Mini\u201c<\/td>\n<\/tr>\n<tr>\n<th>Spalva<\/th>\n<td>Balta<\/td>\n<\/tr>\n<tr>\n<th>Baterija Talpa<\/th>\n<td>10000 mAh \/ 38,5 Wh<\/td>\n<\/tr>\n<tr>\n<th>Baterija<\/th>\n<td>Polimerin\u0117 li\u010dio baterija<\/td>\n<\/tr>\n<tr>\n<th>Nominali talpa<\/th>\n<td>5800 mAh (5 V \/ 2,4 A)<\/td>\n<\/tr>\n<tr>\n<th>Energijos konversijos koeficientas<\/th>\n<td>\u224875 %<\/td>\n<\/tr>\n<tr>\n<th>USB-C \u012fvestis<\/th>\n<td>5 V \u2013 3 A, 9 V \u2013 2 A<\/td>\n<\/tr>\n<tr>\n<th>USB-C i\u0161vestis<\/th>\n<td>5 V \/ 2,4 A; 9 V \/ 2,22 A; 12 V \/ 1,5 A<\/td>\n<\/tr>\n<tr>\n<th>Belaid\u017eio \u012fkroviklio i\u0161\u0117jimo galia<\/th>\n<td>5 W \/ 7,5 W \/ 10 W \/ 15 W<\/td>\n<\/tr>\n<tr>\n<th>Bendra i\u0161\u0117jimo srov\u0117<\/th>\n<td>5 V \/ 2,4 A<\/td>\n<\/tr>\n<tr>\n<th>Med\u017eiaga<\/th>\n<td>PC + ABS<\/td>\n<\/tr>\n<tr>\n<th>Matmenys<\/th>\n<td>104,6 x 68,9 x 20 mm<\/td>\n<\/tr>\n<tr>\n<th>Svoris<\/th>\n<td>208 g<\/td>\n<\/tr>\n<tr>\n<th>Laido med\u017eiaga<\/th>\n<td>TPE<\/td>\n<\/tr>\n<tr>\n<th>Laidas galia<\/th>\n<td>60 W<\/td>\n<\/tr>\n<tr>\n<th>Laido s\u0105saja<\/th>\n<td>USB-C\/USB-C<\/td>\n<\/tr>\n<tr>\n<th>Laido ilgis<\/th>\n<td>50 cm<\/td>\n<\/tr>\n<tr>\n<th><\/th>\n<\/tr>\n<\/tbody>\n<\/table>\n<\/div>\n","protected":false},"excerpt":{"rendered":"<p>\u201eBaseus Magnetic Mini\u201c i\u0161orin\u0117 baterija 10000mAh 20W (balta). Greitai ir saugiai \u012fkraukite savo \u012frenginius su \u201eBaseus\u201c i\u0161orine baterija! \u201eBaseus Magnetic Mini\u201c i\u0161orin\u0117 baterija turi USB-C prievad\u0105, taip pat leid\u017eia belaid\u017eiu b\u016bdu \u012fkrauti. Jos talpa siekia net 10 000 mAh. Ji taip pat turi \u012fmontuot\u0105 ekran\u0105, leid\u017eiant\u012f bet kuriuo metu patikrinti baterijos talp\u0105. Ji palaiko tokius [&#8230;]\n","protected":false},"featured_media":38108,"comment_status":"open","ping_status":"closed","template":"","meta":[],"product_brand":[95],"product_cat":[1025],"product_tag":[],"class_list":{"0":"post-38107","1":"product","2":"type-product","3":"status-publish","4":"has-post-thumbnail","6":"product_brand-baseus","7":"product_cat-powerbanks","9":"first","10":"outofstock","11":"taxable","12":"shipping-taxable","13":"purchasable","14":"product-type-simple"},"aioseo_notices":[],"_links":{"self":[{"href":"https:\/\/asura.lv\/lt\/wp-json\/wp\/v2\/product\/38107","targetHints":{"allow":["GET"]}}],"collection":[{"href":"https:\/\/asura.lv\/lt\/wp-json\/wp\/v2\/product"}],"about":[{"href":"https:\/\/asura.lv\/lt\/wp-json\/wp\/v2\/types\/product"}],"replies":[{"embeddable":true,"href":"https:\/\/asura.lv\/lt\/wp-json\/wp\/v2\/comments?post=38107"}],"wp:featuredmedia":[{"embeddable":true,"href":"https:\/\/asura.lv\/lt\/wp-json\/wp\/v2\/media\/38108"}],"wp:attachment":[{"href":"https:\/\/asura.lv\/lt\/wp-json\/wp\/v2\/media?parent=38107"}],"wp:term":[{"taxonomy":"product_brand","embeddable":true,"href":"https:\/\/asura.lv\/lt\/wp-json\/wp\/v2\/product_brand?post=38107"},{"taxonomy":"product_cat","embeddable":true,"href":"https:\/\/asura.lv\/lt\/wp-json\/wp\/v2\/product_cat?post=38107"},{"taxonomy":"product_tag","embeddable":true,"href":"https:\/\/asura.lv\/lt\/wp-json\/wp\/v2\/product_tag?post=38107"}],"curies":[{"name":"wp","href":"https:\/\/api.w.org\/{rel}","templated":true}]}}