{"id":38113,"date":"2025-11-28T20:50:24","date_gmt":"2025-11-28T20:50:24","guid":{"rendered":"https:\/\/asura.lv\/product\/powerbank-baseus-bipow-10000mah-20w-white\/"},"modified":"2025-12-12T15:33:06","modified_gmt":"2025-12-12T13:33:06","slug":"powerbank-baseus-bipow-10000mah-20w-white","status":"publish","type":"product","link":"https:\/\/asura.lv\/lt\/produktas\/powerbank-baseus-bipow-10000mah-20w-white\/","title":{"rendered":"Ne\u0161iojamoji baterija \u201eBaseus Bipow\u201c 10000mAh, 20W (balta)"},"content":{"rendered":"<h3>\u201eBaseus Bipow\u201c i\u0161orin\u0117 baterija<\/h3>\n<p>Ar jums r\u016bpi galimyb\u0117 greitai \u012fkrauti savo \u012frenginius beveik bet kurioje pasaulio vietoje? I\u0161bandykite \u201eBaseus Bipow\u201c i\u0161orin\u0119 baterij\u0105, kurios talpa yra 10 000 mAh! Prie jos galite prijungti kelis \u012frenginius vienu metu ir nesijaudinti d\u0117l j\u0173 saugumo \u2013 sud\u0117tinga apsaugos sistema efektyviai apsaugo juos nuo pa\u017eeidim\u0173. Integruotas LED ekranas leid\u017eia lengvai valdyti gamin\u012f, o kompakti\u0161kas dydis, lengvas svoris ir atitikimas tarptautiniams oro transporto standartams leid\u017eia pasiimti j\u012f su savimi beveik visur.<\/p>\n<p><img decoding=\"async\" src=\"https:\/\/b2b.innpro.pl\/data\/include\/cms\/-Baseus\/PPBD050502\/5.jpg\"><\/p>\n<h3>Greitas j\u016bs\u0173 \u012frengini\u0173 \u012fkrovimas<\/h3>\n<p>I\u0161orin\u0117 baterija palaiko kelis greito \u012fkrovimo protokolus. Ji suderinama su FCP, QC ir AFC, be kita ko. Tod\u0117l ji puikiai tinka maitinti \u201eHuawei\u201c, \u201eXiaomi\u201c ar \u201eSamsung\u201c i\u0161maniuosius telefonus. Tai taip pat leid\u017eia, pavyzd\u017eiui, greitai \u012fkrauti \u201eiPhone 12\u201c su 20 vat\u0173 galia \u2013 50 % energijos atkurti prireiks tik apie 30 minu\u010di\u0173! Taigi j\u016bs\u0173 \u012frenginiai v\u0117l gal\u0117s veikti akimirksniu. O kaip d\u0117l pa\u010dios i\u0161orin\u0117s baterijos? J\u0105 visi\u0161kai \u012fkrauti 18 vat\u0173 galia u\u017etrunka tik 6\u20137 valandas.<\/p>\n<p><img decoding=\"async\" src=\"https:\/\/b2b.innpro.pl\/data\/include\/cms\/-Baseus\/PPBD050502\/1.jpg\"><\/p>\n<h3>Prijunkite kelis \u012frenginius vienu metu<\/h3>\n<p>\u012erenginys turi kelis lizdus, \u200b\u200btod\u0117l vienu metu galite prie jo prijungti daugiau nei vien\u0105 \u012frengin\u012f. Produktas turi 2 USB-A ir USB-C prievadus. K\u0105 tai rei\u0161kia prakti\u0161kai? Pavyzd\u017eiui, naudodami i\u0161orin\u0119 baterij\u0105 galite maitinti plan\u0161etin\u012f kompiuter\u012f ir 2 i\u0161maniuosius telefonus vienu metu \u2013 nebereik\u0117s laukti, kol pirmasis \u012frenginys bus \u012fkrautas, kad gal\u0117tum\u0117te prijungti kit\u0105!<\/p>\n<p><img decoding=\"async\" src=\"https:\/\/b2b.innpro.pl\/data\/include\/cms\/-Baseus\/PPBD050502\/2.jpg\"><\/p>\n<h3>Nesijaudinkite d\u0117l saugumo<\/h3>\n<p>Auk\u0161tos kokyb\u0117s polimer\u0173 jon\u0173 baterija garantuoja ne tik greit\u0105, bet ir saug\u0173 \u012fkrovim\u0105. \u201eBaseus\u201c si\u016blo apsaug\u0105 nuo vir\u0161\u012ftampio, vir\u0161srov\u0117s, perkrovimo ir trumpojo jungimo. I\u0161orin\u0117je baterijoje taip pat yra NTC temperat\u016bros jutikliai, apsaugantys nuo perkaitimo. Produktas i\u0161maniai aptinka prijungtus \u012frenginius ir pritaiko jiems \u012fkrovimo srov\u0119, apsaugodamas juos nuo pa\u017eeidim\u0173.<\/p>\n<p><img decoding=\"async\" src=\"https:\/\/b2b.innpro.pl\/data\/include\/cms\/-Baseus\/PPBD050502\/4.jpg\"><\/p>\n<h3>Sukurta j\u016bs\u0173 patogumui<\/h3>\n<p>I\u0161orin\u0117s baterijos prie\u017ei\u016bra nepriekai\u0161tinga nesukels jums n\u0117 menkiausios problemos. Jos korpusas pasi\u017eymi malonia liesti tekst\u016bra, atsparia prakaitui ir pir\u0161t\u0173 atspaudams \u2013 j\u012f lengvai palaikysite \u0161var\u0173. D\u0117l to \u012frengin\u012f galite patogiai naudoti ir vasar\u0105. Produktas apr\u016bpintas lengvai \u012fskaitomu LED ekranu, kuriame realiuoju laiku rodomas dabartinis akumuliatoriaus lygis.<\/p>\n<p><img decoding=\"async\" src=\"https:\/\/b2b.innpro.pl\/data\/include\/cms\/-Baseus\/PPBD050502\/7.jpg\"><\/p>\n<h3>Svajoni\u0173 kelioni\u0173 palydovas<\/h3>\n<p>Sukurkite patikim\u0105 energijos \u0161altin\u012f, kuris jus lyd\u0117s beveik visur. \u201eBaseus\u201c i\u0161orin\u0117 baterija yra lengva ir patogi \u2013 jos transportavimas nesukels joki\u0173 problem\u0173. \u0160\u012f prakti\u0161k\u0105 \u012frengin\u012f galite netgi pasiimti su savimi \u012f l\u0117ktuv\u0105 \u2013 jis atitinka visus b\u016btinus reikalavimus. \u201eBaseus\u201c suteikia galimyb\u0119 patogiai \u012fkrauti savo \u012frenginius bet kur, kur jums reikia.<\/p>\n<p><img decoding=\"async\" src=\"https:\/\/b2b.innpro.pl\/data\/include\/cms\/-Baseus\/PPBD050502\/9.jpg\"><\/p>\n<h3>J\u012f naudosite daugybe b\u016bd\u0173<\/h3>\n<p>I\u0161orin\u0117 baterija neb\u016btinai turi b\u016bti naudojama tik telefonui \u012fkrauti! \u201eBaseus\u201c prek\u0117s \u017eenklo \u012frenginys tinka \u012fvairiems tikslams. Ar kar\u0161t\u0105 vasaros dien\u0105 norite \u0161iek tiek v\u0117sos? Prijunkite ne\u0161iojam\u0105j\u012f ventiliatori\u0173 ir m\u0117gaukit\u0117s maloniu v\u0117jeliu! Dingo elektra, j\u016bs\u0173 ne\u0161iojamas kompiuteris tuoj i\u0161sikraus, o jums reikia u\u017ebaigti svarb\u0173 projekt\u0105? \u012e pagalb\u0105 ateina ne\u0161iojamoji baterija! Ilgas veikimo laikas ir ne\u0161iojamas dizainas tikrai pateisins j\u016bs\u0173 l\u016bkes\u010dius.<\/p>\n<p><img decoding=\"async\" src=\"https:\/\/b2b.innpro.pl\/data\/include\/cms\/-Baseus\/PPBD050502\/3.jpg\"><\/p>\n<div class=\"table-wrapper\">\n<table>\n<tbody>\n<tr>\n<th>Gamintojas<\/th>\n<td>Baseus<\/td>\n<\/tr>\n<tr>\n<th>Pavadinimas<\/th>\n<td>\u201eBipow\u201c skaitmeninio ekrano i\u0161orin\u0117 baterija<\/td>\n<\/tr>\n<tr>\n<th>Modelis<\/th>\n<td>PPBD050502<\/td>\n<\/tr>\n<tr>\n<th>Matmenys<\/th>\n<td>68,8x153x29,5 mm<\/td>\n<\/tr>\n<tr>\n<th>Spalva<\/th>\n<td>Balta<\/td>\n<\/tr>\n<tr>\n<th>Baterijos tipas<\/th>\n<td>Polimerinis-li\u010dio<\/td>\n<\/tr>\n<tr>\n<th>Talpa<\/th>\n<td>10 000 mAh<\/td>\n<\/tr>\n<tr>\n<th>Energijos vartojimo efektyvumas<\/th>\n<td>\u224875 %<\/td>\n<\/tr>\n<tr>\n<th>Micro USB \u012fvestis<\/th>\n<td>5 V \/ 2 A, 9 V \/ 2 A<\/td>\n<\/tr>\n<tr>\n<th>USB-C \u012fvestis<\/th>\n<td>5 V \/ 3 A, 9 V \/ 2 A<\/td>\n<\/tr>\n<tr>\n<th>USB-C i\u0161vestis<\/th>\n<td>5 V \/ 3 A, 9 V \/ 2,22 A, 12 V \/ 1,5 A<\/td>\n<\/tr>\n<tr>\n<th>USB1 \/ USB2 i\u0161vestis<\/th>\n<td>5 V \/ 3 A, 9 V \/ 2 A, 12 V \/ 1,5 A<\/td>\n<\/tr>\n<tr>\n<th>Bendra i\u0161vesties srov\u0117<\/th>\n<td>5 V \/ 3 A maks.<\/td>\n<\/tr>\n<\/tbody>\n<\/table>\n<\/div>\n","protected":false},"excerpt":{"rendered":"<p>\u201eBaseus Bipow\u201c i\u0161orin\u0117 baterija Ar jums r\u016bpi galimyb\u0117 greitai \u012fkrauti savo \u012frenginius beveik bet kurioje pasaulio vietoje? I\u0161bandykite \u201eBaseus Bipow\u201c i\u0161orin\u0119 baterij\u0105, kurios talpa yra 10 000 mAh! Prie jos galite prijungti kelis \u012frenginius vienu metu ir nesijaudinti d\u0117l j\u0173 saugumo \u2013 sud\u0117tinga apsaugos sistema efektyviai apsaugo juos nuo pa\u017eeidim\u0173. Integruotas LED ekranas leid\u017eia lengvai [&#8230;]\n","protected":false},"featured_media":38114,"comment_status":"open","ping_status":"closed","template":"","meta":[],"product_brand":[95],"product_cat":[1025],"product_tag":[],"class_list":{"0":"post-38113","1":"product","2":"type-product","3":"status-publish","4":"has-post-thumbnail","6":"product_brand-baseus","7":"product_cat-powerbanks","9":"first","10":"outofstock","11":"taxable","12":"shipping-taxable","13":"purchasable","14":"product-type-simple"},"aioseo_notices":[],"_links":{"self":[{"href":"https:\/\/asura.lv\/lt\/wp-json\/wp\/v2\/product\/38113","targetHints":{"allow":["GET"]}}],"collection":[{"href":"https:\/\/asura.lv\/lt\/wp-json\/wp\/v2\/product"}],"about":[{"href":"https:\/\/asura.lv\/lt\/wp-json\/wp\/v2\/types\/product"}],"replies":[{"embeddable":true,"href":"https:\/\/asura.lv\/lt\/wp-json\/wp\/v2\/comments?post=38113"}],"wp:featuredmedia":[{"embeddable":true,"href":"https:\/\/asura.lv\/lt\/wp-json\/wp\/v2\/media\/38114"}],"wp:attachment":[{"href":"https:\/\/asura.lv\/lt\/wp-json\/wp\/v2\/media?parent=38113"}],"wp:term":[{"taxonomy":"product_brand","embeddable":true,"href":"https:\/\/asura.lv\/lt\/wp-json\/wp\/v2\/product_brand?post=38113"},{"taxonomy":"product_cat","embeddable":true,"href":"https:\/\/asura.lv\/lt\/wp-json\/wp\/v2\/product_cat?post=38113"},{"taxonomy":"product_tag","embeddable":true,"href":"https:\/\/asura.lv\/lt\/wp-json\/wp\/v2\/product_tag?post=38113"}],"curies":[{"name":"wp","href":"https:\/\/api.w.org\/{rel}","templated":true}]}}