{"id":38143,"date":"2025-11-28T20:50:22","date_gmt":"2025-11-28T20:50:22","guid":{"rendered":"https:\/\/asura.lv\/product\/ultrasonic-facial-massager-with-light-therapy-anlan-01-adry15-001\/"},"modified":"2025-12-12T15:33:04","modified_gmt":"2025-12-12T13:33:04","slug":"ultrasonic-facial-massager-with-light-therapy-anlan-01-adry15-001","status":"publish","type":"product","link":"https:\/\/asura.lv\/lt\/produktas\/ultrasonic-facial-massager-with-light-therapy-anlan-01-adry15-001\/","title":{"rendered":"Ultragarsinis veido masa\u017euoklis su \u0161viesos terapija ANLAN 01-ADRY15-001"},"content":{"rendered":"<h3>Ultragarsinis veido masa\u017euoklis su \u0161viesos terapija ANLAN 01-ADRY15-001<\/h3>\n<p>Norite pasir\u016bpinti savo oda, bet vis dar tr\u016bksta laiko detaliai prie\u017ei\u016brai? Su ultragarsiniu veido masa\u017euokliu i\u0161 ANLAN, penki\u0173 minu\u010di\u0173 per dien\u0105 pakanka tinkamai pasir\u016bpinti savo veido oda ir gauti patenkinamus rezultatus. Prietaiso valdymas yra ne\u012ftik\u0117tinai paprastas, o masa\u017euoklio veikim\u0105 galite lengvai pritaikyti pagal savo poreikius ir pasirinkti net 4 prie\u017ei\u016bros re\u017eimus, 3 fototerapijos tipus ir 3 temperat\u016bros lygius. D\u0117l galingos baterijos prietaisas tarnaus jums ilg\u0105 laik\u0105.<\/p>\n<p><img decoding=\"async\" src=\"https:\/\/b2b.innpro.pl\/data\/include\/cms\/03ANLAN\/01-ADRY15-001\/9.jpg\"><\/p>\n<h3>Efektyvus veido valymas<\/h3>\n<p>Jei kovojate su spuogais, matomomis poromis arba j\u016bs\u0173 oda yra pilk\u0161vo atspalvio, pagalvokite apie valymo metodo pakeitim\u0105. Kai veido plovimas rankomis neduoda norim\u0173 rezultat\u0173, pasinaudokite ANLAN ultragarsinio veido masa\u017euoklio teikiamomis galimyb\u0117mis. \u0160iltas kompresas (38 \u00b0C \/ 40 \u00b0C \/ 42 \u00b0C temperat\u016bra) efektyviai atvers poras ir pagerins odos b\u016bkl\u0119. Kita vertus, \u0161altas kompresas (6 \u00b0C \/ 8 \u00b0C \/ 10 \u00b0C temperat\u016bra) susiaurins poras, padarys od\u0105 elastingesn\u0119 ir padidins naudojam\u0173 odos prie\u017ei\u016bros kosmetikos priemoni\u0173 veiksmingum\u0105.<\/p>\n<p><img decoding=\"async\" src=\"https:\/\/b2b.innpro.pl\/data\/include\/cms\/03ANLAN\/01-ADRY15-001\/2.jpg\"><\/p>\n<h3>\u0160viesos terapija<\/h3>\n<p>Pasijuskite lyg SPA centre ir patys atlikite fototerapij\u0105. ANLAN ultragarsinis masa\u017euoklis si\u016blo net 3 r\u016b\u0161i\u0173 \u0161viesos terapij\u0105. Jei norite, kad j\u016bs\u0173 oda tapt\u0173 elastingesn\u0117 ir i\u0161nykt\u0173 rauk\u0161l\u0117s, naudokite raudon\u0105 \u0161vies\u0105. Efektyviai spuog\u0173 kontrolei, maksimaliam odos valymui ir bakterij\u0173 pa\u0161alinimui naudokite m\u0117lyn\u0105 \u0161vies\u0105. Paskutin\u0117 \u0161viesa \u2013 \u017ealia \u2013 pagerina mikrocirkuliacij\u0105, pa\u0161alina patinim\u0105 ir suma\u017eina riebal\u0173 i\u0161siskyrim\u0105.<\/p>\n<p><img decoding=\"async\" src=\"https:\/\/b2b.innpro.pl\/data\/include\/cms\/03ANLAN\/01-ADRY15-001\/10.jpg\"><\/p>\n<h3>Odos patempimas namuose<\/h3>\n<p>Ar pastebite, kad vis da\u017eniau atsiranda rauk\u0161li\u0173? O galb\u016bt j\u016bs\u0173 oda susilpn\u0117jusi ir ma\u017eiau elastinga? Jums nereikia registruotis brangioms proced\u016broms, kad i\u0161spr\u0119stum\u0117te \u0161ias problemas. ANLAN masa\u017euoklio naudojamos EMS mikro srov\u0117s \u012fsiskverbia giliai \u012f j\u016bs\u0173 raumenis, kad pad\u0117t\u0173 j\u016bs\u0173 odai tapti elastingesnei ir regeneruotis. Vos po 7 dien\u0173 reguliaraus naudojimo (2 kartus per dien\u0105, po 10\u201315 minu\u010di\u0173) d\u017eiaugsit\u0117s sveika ir jaunatvi\u0161ka i\u0161vaizda!<\/p>\n<p><img decoding=\"async\" src=\"https:\/\/b2b.innpro.pl\/data\/include\/cms\/03ANLAN\/01-ADRY15-001\/8.jpg\"><\/p>\n<h3>Vienas prietaisas, daug panaudojimo b\u016bd\u0173<\/h3>\n<p>ANLAN ultragarsinis veido masa\u017euoklis turi tiek daug funkcij\u0173, kad pakei\u010dia net 5 skirtingus odos prie\u017ei\u016bros prietaisus. Prietais\u0105 galite naudoti fototerapijai atlikti, giliai valyti od\u0105, daryti kompresus ar net liekninti veid\u0105. Ir tai dar ne visos prietaiso galimyb\u0117s! Veikimo re\u017eimas, naudojant jonus ir auk\u0161to da\u017enio vibracijas, u\u017etikrins, kad naudojam\u0173 odos prie\u017ei\u016bros priemoni\u0173 maistin\u0117s med\u017eiagos pasieks giliausius odos sluoksnius, tod\u0117l d\u017eiaugsit\u0117s nepriekai\u0161tinga veido oda. Prie\u0161 naudodami masa\u017euokl\u012f, nepamir\u0161kite kruop\u0161\u010diai nusiplauti makia\u017eo.<\/p>\n<p><img decoding=\"async\" src=\"https:\/\/b2b.innpro.pl\/data\/include\/cms\/03ANLAN\/01-ADRY15-001\/3.jpg\"><\/p>\n<h3>Apgalvotas dizainas<\/h3>\n<p>LED ekranas informuos jus apie ANLAN \u012frenginio veikimo b\u016bsen\u0105. Be kita ko, lengvai patikrinsite temperat\u016bros lyg\u012f ar akumuliatoriaus \u012fkrov\u0105. Masa\u017euoklio \u012fkrovimo laikas yra apie 3 valandas. \u012erenginio naudojimas nesukels joki\u0173 problem\u0173. Be to, masa\u017euoklis puikiai telpa rankoje, tod\u0117l r\u016bpindamiesi oda nejausite jokio diskomforto. Pridedamas specialus stovas, kuris leid\u017eia patogiai ir saugiai laikyti gamin\u012f. Dedamos visos pastangos, kad ANLAN masa\u017euoklio naudojimas b\u016bt\u0173 efektyvus ir patogus.<\/p>\n<p><img decoding=\"async\" src=\"https:\/\/b2b.innpro.pl\/data\/include\/cms\/03ANLAN\/01-ADRY15-001\/5.jpg\"><\/p>\n<h3>\u012e komplekt\u0105 \u012feina:<\/h3>\n<ul>\n<li>Ultragarsinis veido masa\u017euoklis su \u0161viesos terapija<\/li>\n<li>Kosmetinio \u012fkloto \u017eiedas<\/li>\n<li>Pagrindas<\/li>\n<li>Kosmetinis \u012fklotas<\/li>\n<li>USB-C \u012fkrovimo laidas<\/li>\n<li>Naudotojo vadovas<\/li>\n<\/ul>\n<div class=\"table-wrapper\">\n<table>\n<tbody>\n<tr>\n<th>Gamintojas<\/th>\n<td>ANLAN<\/td>\n<\/tr>\n<tr>\n<th>Modelis<\/th>\n<td>01-ADRY15-001<\/td>\n<\/tr>\n<tr>\n<th>Med\u017eiaga<\/th>\n<td>ABS + ner\u016bdijantis plienas<\/td>\n<\/tr>\n<tr>\n<th>Matmenys<\/th>\n<td>179 x 60 x 61 mm<\/td>\n<\/tr>\n<tr>\n<th>Svoris<\/th>\n<td>195 g<\/td>\n<\/tr>\n<tr>\n<th>Vibracijos da\u017enis<\/th>\n<td>8000 aps.\/min.<\/td>\n<\/tr>\n<tr>\n<th>\u0160viesos bangos ilgis<\/th>\n<td>Raudona \u0161viesa 622 nm <br \/>M\u0117lyna \u0161viesa 467 nm <br \/>\u017dalia \u0161viesa 523 nm<\/td>\n<\/tr>\n<tr>\n<th>Baterijos talpa<\/th>\n<td>1000 mAh<\/td>\n<\/tr>\n<tr>\n<th>\u012ekrovimo laikas<\/th>\n<td>3 val.<\/td>\n<\/tr>\n<tr>\n<th>Naudojimo laikas<\/th>\n<td>ma\u017edaug 62 minut\u0117s<\/td>\n<\/tr>\n<tr>\n<th>Automatinis i\u0161sijungimas<\/th>\n<td>\u0160varos, EMS, Dr\u0117gm\u0117s re\u017eimas: 5 minut\u0117s <br \/>V\u0117sinimo re\u017eimas: 2 minut\u0117s<\/td>\n<\/tr>\n<\/tbody>\n<\/table>\n<\/div>\n","protected":false},"excerpt":{"rendered":"<p>Ultragarsinis veido masa\u017euoklis su \u0161viesos terapija ANLAN 01-ADRY15-001 Norite pasir\u016bpinti savo oda, bet vis dar tr\u016bksta laiko detaliai prie\u017ei\u016brai? Su ultragarsiniu veido masa\u017euokliu i\u0161 ANLAN, penki\u0173 minu\u010di\u0173 per dien\u0105 pakanka tinkamai pasir\u016bpinti savo veido oda ir gauti patenkinamus rezultatus. Prietaiso valdymas yra ne\u012ftik\u0117tinai paprastas, o masa\u017euoklio veikim\u0105 galite lengvai pritaikyti pagal savo poreikius ir pasirinkti [&#8230;]\n","protected":false},"featured_media":38144,"comment_status":"open","ping_status":"closed","template":"","meta":[],"product_brand":[355],"product_cat":[1457],"product_tag":[],"class_list":{"0":"post-38143","1":"product","2":"type-product","3":"status-publish","4":"has-post-thumbnail","6":"product_brand-anlan","7":"product_cat-massagers","9":"first","10":"outofstock","11":"taxable","12":"shipping-taxable","13":"purchasable","14":"product-type-simple"},"aioseo_notices":[],"_links":{"self":[{"href":"https:\/\/asura.lv\/lt\/wp-json\/wp\/v2\/product\/38143","targetHints":{"allow":["GET"]}}],"collection":[{"href":"https:\/\/asura.lv\/lt\/wp-json\/wp\/v2\/product"}],"about":[{"href":"https:\/\/asura.lv\/lt\/wp-json\/wp\/v2\/types\/product"}],"replies":[{"embeddable":true,"href":"https:\/\/asura.lv\/lt\/wp-json\/wp\/v2\/comments?post=38143"}],"wp:featuredmedia":[{"embeddable":true,"href":"https:\/\/asura.lv\/lt\/wp-json\/wp\/v2\/media\/38144"}],"wp:attachment":[{"href":"https:\/\/asura.lv\/lt\/wp-json\/wp\/v2\/media?parent=38143"}],"wp:term":[{"taxonomy":"product_brand","embeddable":true,"href":"https:\/\/asura.lv\/lt\/wp-json\/wp\/v2\/product_brand?post=38143"},{"taxonomy":"product_cat","embeddable":true,"href":"https:\/\/asura.lv\/lt\/wp-json\/wp\/v2\/product_cat?post=38143"},{"taxonomy":"product_tag","embeddable":true,"href":"https:\/\/asura.lv\/lt\/wp-json\/wp\/v2\/product_tag?post=38143"}],"curies":[{"name":"wp","href":"https:\/\/api.w.org\/{rel}","templated":true}]}}