{"id":38149,"date":"2025-11-28T20:50:22","date_gmt":"2025-11-28T20:50:22","guid":{"rendered":"https:\/\/asura.lv\/product\/darkflash-c285-computer-case-black\/"},"modified":"2025-12-12T15:33:05","modified_gmt":"2025-12-12T13:33:05","slug":"darkflash-c285-computer-case-black","status":"publish","type":"product","link":"https:\/\/asura.lv\/lt\/produktas\/darkflash-c285-computer-case-black\/","title":{"rendered":"\u201eDarkflash C285\u201c kompiuterio korpusas (juodas)"},"content":{"rendered":"<h3>\u201eDarkflash C285\u201c kompiuterio korpusas (juodas)<\/h3>\n<p>\u201eDarkflash C285\u201c kompiuterio korpusas leis jums surinkti patikim\u0105, na\u0161\u0173 kompiuter\u012f, su kuriuo m\u0117gausit\u0117s \u017eaisdami ar dirbdami. Jis si\u016blo kelet\u0105 prievad\u0173, \u012fskaitant USB 3.0 ir USB 2.0, ir leid\u017eia montuoti HDD \/ SSD diskus bei iki 9 120 mm ventiliatori\u0173. Jis taip pat i\u0161siskiria moderniu, stilingu dizainu \u2013 permatoma \u0161onin\u0117 panel\u0117, pagaminta i\u0161 gr\u016bdinto stiklo, leid\u017eia sukurti \u012fdomius vaizdinius efektus, pavyzd\u017eiui, su RGB foniniu ap\u0161vietimu.<\/p>\n<p>\n<img decoding=\"async\" alt=\"\" border=\"0\" src=\"https:\/\/assets.innpro.pl\/7801\/16765\/5.jpg\"\/>\n<\/p>\n<h3>Tobulas kompiuteris jums<\/h3>\n<p>Svajojate apie galing\u0105 \u017eaidim\u0173 kompiuter\u012f? O galb\u016bt norite susikurti tobul\u0105 darbo viet\u0105 sau? C285 korpusas tiks beveik bet kokioje situacijoje! Jis suderinamas su ATX, Micro ATX ir ITX pagrindini\u0173 plok\u0161\u010di\u0173 standartais ir leid\u017eia montuoti HDD arba SSD diskus. Taip pat yra vietos iki 160 mm auk\u0161\u010dio procesoriaus au\u0161intuvui ir iki 410 mm ilgio vaizdo plok\u0161tei. Taip pat yra 7 lizdai i\u0161pl\u0117timo plok\u0161t\u0117ms. Sukurkite optimali\u0105 konfig\u016bracij\u0105 sau!<\/p>\n<p>\n<img decoding=\"async\" alt=\"\" border=\"0\" src=\"https:\/\/assets.innpro.pl\/7801\/16765\/4.jpg\"\/>\n<\/p>\n<h3>Pasir\u016bpinkite patikimu au\u0161inimu<\/h3>\n<p>Reiklios grafikos programos? O galb\u016bt dinami\u0161kas \u017eaidimas? C285 korpusas leis jums surinkti kompiuter\u012f, kuris gali susidoroti su bet kokiu i\u0161\u0161\u016bkiu ir neperkais. Jame yra vietos iki 9 120 mm ventiliatori\u0173 arba 4 140 mm ventiliatori\u0173. Taip pat galite montuoti 120 mm, 240 mm, 280 mm ar net 360 mm vandens au\u0161inim\u0105. Tokiu b\u016bdu galite lengvai pasir\u016bpinti, kad j\u016bs\u0173 kompiuterio temperat\u016bra b\u016bt\u0173 tinkama!<\/p>\n<p>\n<img decoding=\"async\" alt=\"\" border=\"0\" src=\"https:\/\/assets.innpro.pl\/7801\/16765\/9.jpg\"\/>\n<\/p>\n<h3>Naudojimo patogumas<\/h3>\n<p>Tai dar ne viskas \u2013 d\u0117klas sukurtas taip, kad gal\u0117tum\u0117te patogiai dirbti su kompiuteriu. Jame yra keletas nauding\u0173 prievad\u0173, pavyzd\u017eiui, USB 2.0 ir USB 3.0, kurie leis jums greitai perkelti failus. Jei da\u017enai perkeliate nuotraukas ar vaizdo \u012fra\u0161us tarp \u012frengini\u0173, tai bus puikus pasirinkimas jums! Taip pat yra ausini\u0173\/garsiakalbio i\u0161vestis, mikrofono \u012fvestis, taip pat mygtukai \u201eReset\u201c ir \u201ePower\u201c.<\/p>\n<p>\n<img decoding=\"async\" alt=\"\" border=\"0\" src=\"https:\/\/assets.innpro.pl\/7801\/16765\/3.jpg\"\/>\n<\/p>\n<h3>Modernus dizainas<\/h3>\n<p>Sukurkite kompiuter\u012f, kuris jus su\u017eav\u0117s ne tik savo na\u0161umu, bet ir i\u0161skirtiniu dizainu. \u201eDarkflash C285\u201c korpusas turi 2 permatomas plok\u0161tes, tod\u0117l galite \u012fdomiai eksponuoti pasirinktus komponentus. Jei nuspr\u0119site naudoti elementus su RGB foniniu ap\u0161vietimu, pavyzd\u017eiui, ventiliatorius, gausite original\u0173 \u017eaidimo efekt\u0105! Be to, plok\u0161\u010di\u0173 i\u0161ardymas nesukels joki\u0173 problem\u0173 \u2013 prireikus gal\u0117site lengvai i\u0161valyti \u012frang\u0105 arba pakeisti dalis.<\/p>\n<p>\n<img decoding=\"async\" alt=\"\" border=\"0\" src=\"https:\/\/assets.innpro.pl\/7801\/16765\/8.jpg\"\/>\n<\/p>\n<div class=\"table-wrapper\">\n<p>B\u00a0<\/p>\n<h3><\/h3>\n<table>\n<tbody>\n<tr>\n<th>Gamintojas<\/th>\n<td>Darkflash<\/td>\n<\/tr>\n<tr>\n<th>Modelis<\/th>\n<td>C285<\/td>\n<\/tr>\n<tr>\n<th>Korpuso tipas<\/th>\n<td>Midi Tower<\/td>\n<\/tr>\n<tr>\n<th>\u0160oninis skydelis<\/th>\n<td>Gr\u016bdintas stiklas<\/td>\n<\/tr>\n<tr>\n<th>Pagrindin\u0117s plok\u0161t\u0117s standartas<\/th>\n<td>ATX, Micro ATX, ITX<\/td>\n<\/tr>\n<tr>\n<th>Maitinimo \u0161altinio standartas<\/th>\n<td>ATX apa\u010dioje<\/td>\n<\/tr>\n<tr>\n<th>Vidini\u0173 disk\u0173 lizdai<\/th>\n<td>3,5 colio HDD x1, 2,5 colio SSD x2<\/td>\n<\/tr>\n<tr>\n<th>I\u0161pl\u0117timo korteli\u0173 lizdai<\/th>\n<td>7<\/td>\n<\/tr>\n<tr>\n<th>Maks. maitinimo bloko ilgis<\/th>\n<td>240 mm<\/td>\n<\/tr>\n<tr>\n<th>Maks. vaizdo plok\u0161t\u0117s ilgis<\/th>\n<td>410 mm<\/td>\n<\/tr>\n<tr>\n<th>Maks. procesoriaus au\u0161intuvo auk\u0161tis<\/th>\n<td>160 mm<\/td>\n<\/tr>\n<tr>\n<th>Maks. ventiliatori\u0173 skai\u010dius<\/th>\n<td>9 (120 mm) arba 4 (140 mm)<\/td>\n<\/tr>\n<tr>\n<th>Ventiliatori\u0173 montavimo parinktys<\/th>\n<td>Vir\u0161uje: 120 mm ventiliatorius x3 \/ 140 mm ventiliatorius x2; \u0160onas: 120 mm ventiliatorius x2 \/ 140 mm ventiliatorius x2; Apa\u010dia: 120 mm ventiliatorius x3<\/td>\n<\/tr>\n<tr>\n<th>Vandens au\u0161inimo montavimo parinktys<\/th>\n<td>\u0160onas: vandens au\u0161inimas 120 \/ 240 \/ 280 mm; Vir\u0161us: vandens au\u0161inimas 120 \/ 240 \/ 280 \/ 360 mm; Apa\u010dia: vandens au\u0161inimas 120 \/ 240 \/ 360 mm<\/td>\n<\/tr>\n<tr>\n<th>\u012erengt\u0173 ventiliatori\u0173 skai\u010dius<\/th>\n<td>ventiliatori\u0173 n\u0117ra<\/td>\n<\/tr>\n<tr>\n<th>Ventiliatori\u0173 tipas<\/th>\n<td>ventiliatori\u0173 n\u0117ra<\/td>\n<\/tr>\n<tr>\n<th>Mygtukai ir valdikliai<\/th>\n<td>Maitinimas, atstatymas, LED<\/td>\n<\/tr>\n<tr>\n<th>Jungtys<\/th>\n<td>USB 3.0 x1, USB 2.0 x2, HD garsas<\/td>\n<\/tr>\n<tr>\n<th>Med\u017eiaga<\/th>\n<td>gr\u016bdintas stiklas<\/td>\n<\/tr>\n<tr>\n<th>Spalva<\/th>\n<td>juoda<\/td>\n<\/tr>\n<tr>\n<th>Auk\u0161tis<\/th>\n<td>400 mm<\/td>\n<\/tr>\n<tr>\n<th>Plotis<\/th>\n<td>285 mm<\/td>\n<\/tr>\n<tr>\n<th>Gylis<\/th>\n<td>425 mm<\/td>\n<\/tr>\n<tr>\n<th>Svoris<\/th>\n<td>8,8 kg<\/td>\n<\/tr>\n<\/tbody>\n<\/table>\n<\/div>\n","protected":false},"excerpt":{"rendered":"<p>\u201eDarkflash C285\u201c kompiuterio korpusas (juodas) \u201eDarkflash C285\u201c kompiuterio korpusas leis jums surinkti patikim\u0105, na\u0161\u0173 kompiuter\u012f, su kuriuo m\u0117gausit\u0117s \u017eaisdami ar dirbdami. Jis si\u016blo kelet\u0105 prievad\u0173, \u012fskaitant USB 3.0 ir USB 2.0, ir leid\u017eia montuoti HDD \/ SSD diskus bei iki 9 120 mm ventiliatori\u0173. Jis taip pat i\u0161siskiria moderniu, stilingu dizainu \u2013 permatoma \u0161onin\u0117 panel\u0117, [&#8230;]\n","protected":false},"featured_media":38150,"comment_status":"open","ping_status":"closed","template":"","meta":[],"product_brand":[316],"product_cat":[1310],"product_tag":[],"class_list":{"0":"post-38149","1":"product","2":"type-product","3":"status-publish","4":"has-post-thumbnail","6":"product_brand-darkflash","7":"product_cat-without-fan","9":"first","10":"outofstock","11":"taxable","12":"shipping-taxable","13":"purchasable","14":"product-type-simple"},"aioseo_notices":[],"_links":{"self":[{"href":"https:\/\/asura.lv\/lt\/wp-json\/wp\/v2\/product\/38149","targetHints":{"allow":["GET"]}}],"collection":[{"href":"https:\/\/asura.lv\/lt\/wp-json\/wp\/v2\/product"}],"about":[{"href":"https:\/\/asura.lv\/lt\/wp-json\/wp\/v2\/types\/product"}],"replies":[{"embeddable":true,"href":"https:\/\/asura.lv\/lt\/wp-json\/wp\/v2\/comments?post=38149"}],"wp:featuredmedia":[{"embeddable":true,"href":"https:\/\/asura.lv\/lt\/wp-json\/wp\/v2\/media\/38150"}],"wp:attachment":[{"href":"https:\/\/asura.lv\/lt\/wp-json\/wp\/v2\/media?parent=38149"}],"wp:term":[{"taxonomy":"product_brand","embeddable":true,"href":"https:\/\/asura.lv\/lt\/wp-json\/wp\/v2\/product_brand?post=38149"},{"taxonomy":"product_cat","embeddable":true,"href":"https:\/\/asura.lv\/lt\/wp-json\/wp\/v2\/product_cat?post=38149"},{"taxonomy":"product_tag","embeddable":true,"href":"https:\/\/asura.lv\/lt\/wp-json\/wp\/v2\/product_tag?post=38149"}],"curies":[{"name":"wp","href":"https:\/\/api.w.org\/{rel}","templated":true}]}}