{"id":38185,"date":"2025-11-28T20:50:19","date_gmt":"2025-11-28T20:50:19","guid":{"rendered":"https:\/\/asura.lv\/product\/baseus-crystal-transparent-case-for-airpods-3\/"},"modified":"2025-12-12T15:33:03","modified_gmt":"2025-12-12T13:33:03","slug":"baseus-crystal-transparent-case-for-airpods-3","status":"publish","type":"product","link":"https:\/\/asura.lv\/lt\/produktas\/baseus-crystal-transparent-case-for-airpods-3\/","title":{"rendered":"\u201eBaseus Crystal\u201c skaidrus d\u0117klas, skirtas \u201eAirPods 3\u201c"},"content":{"rendered":"<h3>\u201eBaseus Crystal\u201c skaidrus d\u0117klas, skirtas \u201eAirPods 3\u201c<\/h3>\n<p>Ar norite pasir\u016bpinti savo ausini\u0173 saugumu? Ar jums r\u016bpi j\u0173 estetin\u0117 i\u0161vaizda? \u201eBaseus Crystal\u201c skaidrus d\u0117klas, skirtas \u201eAirPods 3\u201c, bus puikus pasirinkimas jums! Nuimamas d\u0117klo dangtelis padidina gaminio patogum\u0105, o didelis skaidrumo laipsnis ir plonas dizainas leis visi\u0161kai nejausti d\u0117klo buvimo. Gaminys yra atsparus u\u017eter\u0161tumui ir pagamintas i\u0161 patvarios TPU med\u017eiagos.<\/p>\n<p><img decoding=\"async\" src=\"https:\/\/b2b.innpro.pl\/data\/include\/cms\/-Baseus\/ARAP000000\/6.jpg\"><\/p>\n<h3>Ausini\u0173 prie\u017ei\u016bra<\/h3>\n<p>\u201eBaseus Crystal\u201c d\u0117klas suderinamas su \u201eAirPods 3\u201c. Gaminys pagamintas i\u0161 odai draugi\u0161kos, lanks\u010dios ir patvarios med\u017eiagos, kurioje yra speciali\u0173 mikrogranuli\u0173 \u2013 tod\u0117l jis efektyviai amortizuoja kritimus ir apsaugo j\u016bs\u0173 ausines nuo pa\u017eeidim\u0173. D\u0117klas yra atsparus pageltimui, pir\u0161t\u0173 atspaudams, prakaito d\u0117m\u0117ms ir apsaugo nuo dulki\u0173 patekimo. D\u0117l to jis visada atrodys tvarkingai. J\u012f galite lengvai valyti pagal poreik\u012f. Be to, gaminys turi ang\u0105 patogiam ausini\u0173 \u012fkrovimui. Pasir\u016bpinkite savo \u012franga su \u201eBaseus\u201c prek\u0117s \u017eenklo d\u0117klu!<\/p>\n<p><img decoding=\"async\" src=\"https:\/\/b2b.innpro.pl\/data\/include\/cms\/-Baseus\/ARAP000000\/1.jpg\"><\/p>\n<div class=\"table-wrapper\">\n<table>\n<tbody>\n<tr>\n<th>Gamintojas<\/th>\n<td>Baseus<\/td>\n<\/tr>\n<tr>\n<th>Pavadinimas<\/th>\n<td>\u201eCrystal\u201c serijos apsauginis d\u0117klas, skirtas \u201eAirPods\u201c ausin\u0117ms<\/td>\n<\/tr>\n<tr>\n<th>Modelis<\/th>\n<td>ARAP0000<\/td>\n<\/tr>\n<tr>\n<th>Suderinamumas<\/th>\n<td>\u201eAirPods\u201c ausin\u0117s 3<\/td>\n<\/tr>\n<tr>\n<th>Med\u017eiaga<\/th>\n<td>TPU<\/td>\n<\/tr>\n<tr>\n<th>Spalva<\/th>\n<td>Skaidri<\/td>\n<\/tr>\n<\/tbody>\n<\/table>\n<\/div>\n","protected":false},"excerpt":{"rendered":"<p>\u201eBaseus Crystal\u201c skaidrus d\u0117klas, skirtas \u201eAirPods 3\u201c Ar norite pasir\u016bpinti savo ausini\u0173 saugumu? Ar jums r\u016bpi j\u0173 estetin\u0117 i\u0161vaizda? \u201eBaseus Crystal\u201c skaidrus d\u0117klas, skirtas \u201eAirPods 3\u201c, bus puikus pasirinkimas jums! Nuimamas d\u0117klo dangtelis padidina gaminio patogum\u0105, o didelis skaidrumo laipsnis ir plonas dizainas leis visi\u0161kai nejausti d\u0117klo buvimo. Gaminys yra atsparus u\u017eter\u0161tumui ir pagamintas i\u0161 [&#8230;]\n","protected":false},"featured_media":38186,"comment_status":"open","ping_status":"closed","template":"","meta":[],"product_brand":[95],"product_cat":[1679],"product_tag":[],"class_list":{"0":"post-38185","1":"product","2":"type-product","3":"status-publish","4":"has-post-thumbnail","6":"product_brand-baseus","7":"product_cat-accessory-cases-cases-gsm-accessories","9":"first","10":"outofstock","11":"taxable","12":"shipping-taxable","13":"purchasable","14":"product-type-simple"},"aioseo_notices":[],"_links":{"self":[{"href":"https:\/\/asura.lv\/lt\/wp-json\/wp\/v2\/product\/38185","targetHints":{"allow":["GET"]}}],"collection":[{"href":"https:\/\/asura.lv\/lt\/wp-json\/wp\/v2\/product"}],"about":[{"href":"https:\/\/asura.lv\/lt\/wp-json\/wp\/v2\/types\/product"}],"replies":[{"embeddable":true,"href":"https:\/\/asura.lv\/lt\/wp-json\/wp\/v2\/comments?post=38185"}],"wp:featuredmedia":[{"embeddable":true,"href":"https:\/\/asura.lv\/lt\/wp-json\/wp\/v2\/media\/38186"}],"wp:attachment":[{"href":"https:\/\/asura.lv\/lt\/wp-json\/wp\/v2\/media?parent=38185"}],"wp:term":[{"taxonomy":"product_brand","embeddable":true,"href":"https:\/\/asura.lv\/lt\/wp-json\/wp\/v2\/product_brand?post=38185"},{"taxonomy":"product_cat","embeddable":true,"href":"https:\/\/asura.lv\/lt\/wp-json\/wp\/v2\/product_cat?post=38185"},{"taxonomy":"product_tag","embeddable":true,"href":"https:\/\/asura.lv\/lt\/wp-json\/wp\/v2\/product_tag?post=38185"}],"curies":[{"name":"wp","href":"https:\/\/api.w.org\/{rel}","templated":true}]}}