{"id":38227,"date":"2025-11-28T20:50:14","date_gmt":"2025-11-28T20:50:14","guid":{"rendered":"https:\/\/asura.lv\/product\/baseus-crystal-tempered-glass-0-3mm-for-iphone-14-plus-13-pro-max-2pcs\/"},"modified":"2025-12-12T15:33:00","modified_gmt":"2025-12-12T13:33:00","slug":"baseus-crystal-tempered-glass-0-3mm-for-iphone-14-plus-13-pro-max-2pcs","status":"publish","type":"product","link":"https:\/\/asura.lv\/lt\/produktas\/baseus-crystal-tempered-glass-0-3mm-for-iphone-14-plus-13-pro-max-2pcs\/","title":{"rendered":"\u201eBaseus Crystal\u201c gr\u016bdintas stiklas 0,3 mm, skirtas \u201eiPhone 14 Plus\u201c \/ \u201e13 Pro Max\u201c (2 vnt.)"},"content":{"rendered":"<h3>\u201eBaseus Crystal 0.3mm\u201c gr\u016bdintas stiklas, skirtas \u201eiPhone 14 Plus\/13 Pro Max\u201c (2 vnt.)<\/h3>\n<p>\u201eBaseus\u201c gr\u016bdintas stiklas skirtas \u201eiPhone 14 Plus\/13 Pro Max\u201c ir visi\u0161kai u\u017edengia ekran\u0105, kad apsaugot\u0173 j\u012f nuo pa\u017eeidim\u0173. Jis u\u017etikrina didel\u012f \u0161viesos pralaidum\u0105 ir yra atsparus pir\u0161t\u0173 atspaudams. Be to, jis turi m\u0117lynos \u0161viesos filtravimo sluoksn\u012f. Rinkinyje rasite 2 gaminio vienetus, tod\u0117l jo montavimas nesukels problem\u0173.<\/p>\n<p><img decoding=\"async\" src=\"https:\/\/b2b.innpro.pl\/data\/include\/cms\/-Baseus\/SGBL100202\/6.jpg\"><\/p>\n<h3>Efektyvi apsauga<\/h3>\n<p>\u201eBaseus\u201c gr\u016bdintas stiklas dengia vis\u0105 ekran\u0105, nei\u0161siskiria ir nesudaro oro burbuliuk\u0173. Jis i\u0161laik\u0117 daugyb\u0119 patvarumo test\u0173, tod\u0117l efektyviai apsaugo ekran\u0105 nuo \u012fbr\u0117\u017eim\u0173 ir \u012ftr\u016bkim\u0173. Jis taip pat atsparus kritimams i\u0161 1,2 metro auk\u0161\u010dio, iki 20 kg apkrovai ir pir\u0161t\u0173 atspaudams. Be to, jis tinka bet kokiam telefono d\u0117klui.<\/p>\n<p><img decoding=\"async\" src=\"https:\/\/b2b.innpro.pl\/data\/include\/cms\/-Baseus\/SGBL100202\/5.jpg\"><\/p>\n<h3>Patogus naudojimas<\/h3>\n<p>Produktas neturi \u012ftakos vaizdo kokybei ir i\u0161maniojo telefono valdymui, tod\u0117l galite m\u0117gautis 8K 120 Hz vaizdo rai\u0161ka ir nat\u016braliomis spalvomis. Jame yra m\u0117lynos \u0161viesos filtravimo sluoksnis, apsaugantis j\u016bs\u0173 akis. Be to, jis leid\u017eia naudoti \u201eFace ID\u201c funkcij\u0105. <\/p>\n<p><img decoding=\"async\" src=\"https:\/\/b2b.innpro.pl\/data\/include\/cms\/-Baseus\/SGBL100202\/3.jpg\"><\/p>\n<h3>Pridedama<\/h3>\n<ul>\n<li>gr\u016bdintas stiklas x2<\/li>\n<li>tvirtinimo priedai<\/li>\n<\/ul>\n<div class=\"table-wrapper\">\n<table>\n<tbody>\n<tr>\n<th>Gamintojas<\/th>\n<td>Baseus<\/td>\n<\/tr>\n<tr>\n<th>Modelis<\/th>\n<td>SGBL100202<\/td>\n<\/tr>\n<tr>\n<th>Storis<\/th>\n<td>0,3 mm<\/td>\n<\/tr>\n<tr>\n<th>Tinka<\/th>\n<td>iPhone 14 Plus\/13 Pro Maks.<\/td>\n<\/tr>\n<\/tbody>\n<\/table>\n<\/div>\n","protected":false},"excerpt":{"rendered":"<p>\u201eBaseus Crystal 0.3mm\u201c gr\u016bdintas stiklas, skirtas \u201eiPhone 14 Plus\/13 Pro Max\u201c (2 vnt.) \u201eBaseus\u201c gr\u016bdintas stiklas skirtas \u201eiPhone 14 Plus\/13 Pro Max\u201c ir visi\u0161kai u\u017edengia ekran\u0105, kad apsaugot\u0173 j\u012f nuo pa\u017eeidim\u0173. Jis u\u017etikrina didel\u012f \u0161viesos pralaidum\u0105 ir yra atsparus pir\u0161t\u0173 atspaudams. Be to, jis turi m\u0117lynos \u0161viesos filtravimo sluoksn\u012f. Rinkinyje rasite 2 gaminio vienetus, tod\u0117l [&#8230;]\n","protected":false},"featured_media":38228,"comment_status":"open","ping_status":"closed","template":"","meta":[],"product_brand":[95],"product_cat":[1319],"product_tag":[],"class_list":{"0":"post-38227","1":"product","2":"type-product","3":"status-publish","4":"has-post-thumbnail","6":"product_brand-baseus","7":"product_cat-for-smartphones-tempered-glass-and-screen-protectors-gsm-accessories","9":"first","10":"outofstock","11":"taxable","12":"shipping-taxable","13":"purchasable","14":"product-type-simple"},"aioseo_notices":[],"_links":{"self":[{"href":"https:\/\/asura.lv\/lt\/wp-json\/wp\/v2\/product\/38227","targetHints":{"allow":["GET"]}}],"collection":[{"href":"https:\/\/asura.lv\/lt\/wp-json\/wp\/v2\/product"}],"about":[{"href":"https:\/\/asura.lv\/lt\/wp-json\/wp\/v2\/types\/product"}],"replies":[{"embeddable":true,"href":"https:\/\/asura.lv\/lt\/wp-json\/wp\/v2\/comments?post=38227"}],"wp:featuredmedia":[{"embeddable":true,"href":"https:\/\/asura.lv\/lt\/wp-json\/wp\/v2\/media\/38228"}],"wp:attachment":[{"href":"https:\/\/asura.lv\/lt\/wp-json\/wp\/v2\/media?parent=38227"}],"wp:term":[{"taxonomy":"product_brand","embeddable":true,"href":"https:\/\/asura.lv\/lt\/wp-json\/wp\/v2\/product_brand?post=38227"},{"taxonomy":"product_cat","embeddable":true,"href":"https:\/\/asura.lv\/lt\/wp-json\/wp\/v2\/product_cat?post=38227"},{"taxonomy":"product_tag","embeddable":true,"href":"https:\/\/asura.lv\/lt\/wp-json\/wp\/v2\/product_tag?post=38227"}],"curies":[{"name":"wp","href":"https:\/\/api.w.org\/{rel}","templated":true}]}}