{"id":38251,"date":"2025-11-28T20:50:12","date_gmt":"2025-11-28T20:50:12","guid":{"rendered":"https:\/\/asura.lv\/product\/tempered-glass-baseus-0-3mm-for-ipad-12-9-2pcs\/"},"modified":"2025-12-12T15:32:59","modified_gmt":"2025-12-12T13:32:59","slug":"tempered-glass-baseus-0-3mm-for-ipad-12-9-2pcs","status":"publish","type":"product","link":"https:\/\/asura.lv\/lt\/produktas\/tempered-glass-baseus-0-3mm-for-ipad-12-9-2pcs\/","title":{"rendered":"Gr\u016bdinto stiklo \u201eBaseus 0.3mm\u201c d\u0117klas iPad 12.9&#8243; (2 vnt.)"},"content":{"rendered":"<h3>\u201eBaseus\u201c 0,3 mm gr\u016bdintas stiklas, skirtas \u201eiPad 12,9\u201c (2 vnt.)<\/h3>\n<p>Apsaugokite plan\u0161etinio kompiuterio ekran\u0105 nuo pa\u017eeidim\u0173. \u201eBaseus\u201c gr\u016bdintas stiklas visi\u0161kai u\u017edengia ekran\u0105 ir apsaugo j\u012f nuo \u012fbr\u0117\u017eim\u0173. Jis neturi \u012ftakos \u012frenginio veikimui ir leid\u017eia naudoti veido atpa\u017einimo funkcij\u0105. Be to, jis u\u017etikrina auk\u0161t\u0105 vaizdo kokyb\u0119 ir atspindi nat\u016bralias spalvas.<\/p>\n<p><img decoding=\"async\" src=\"https:\/\/b2b.innpro.pl\/data\/include\/cms\/-Baseus\/SGBL320302\/2.jpg\"><\/p>\n<h3>Efektyvi apsauga<\/h3>\n<p>Skirtas 12,9 colio \u201eiPad\u201c, stiklas kruop\u0161\u010diai u\u017edengia ekran\u0105, apsaugodamas j\u012f nuo \u012fbr\u0117\u017eim\u0173. Jis turi u\u017eapvalintus kra\u0161tus ir susideda i\u0161 4 sluoksni\u0173. Jis i\u0161siskiria dideliu kietumu ir i\u0161laik\u0117 daugyb\u0119 kritimo test\u0173. <\/p>\n<p><img decoding=\"async\" src=\"https:\/\/b2b.innpro.pl\/data\/include\/cms\/-Baseus\/SGBL320302\/5.jpg\"><\/p>\n<h3>Naudojimo patogumas<\/h3>\n<p>Stiklas u\u017etikrina 4K HD vaizd\u0105, tod\u0117l galite m\u0117gautis puikia kokybe. Be to, jis neturi \u012ftakos plan\u0161etinio kompiuterio valdymui ir leid\u017eia be trukd\u017ei\u0173 naudoti \u201eFace ID\u201c funkcij\u0105. Jis atsparus pir\u0161t\u0173 atspaudams ir ne\u0161varumams, o jo montavim\u0105 palengvina pridedami priedai.<\/p>\n<p><img decoding=\"async\" src=\"https:\/\/b2b.innpro.pl\/data\/include\/cms\/-Baseus\/SGBL320302\/4.jpg\"><\/p>\n<h3>Pridedama<\/h3>\n<ul>\n<li>gr\u016bdintas stiklas x2<\/li>\n<li>tvirtinimo priedai<\/li>\n<\/ul>\n<div class=\"table-wrapper\">\n<table>\n<tbody>\n<tr>\n<th>Gamintojas<\/th>\n<td>Baseus<\/td>\n<\/tr>\n<tr>\n<th>Modelis<\/th>\n<td>SGBL320302<\/td>\n<\/tr>\n<tr>\n<th>Storis<\/th>\n<td>0,3 mm<\/td>\n<\/tr>\n<tr>\n<th>Tinka<\/th>\n<td>iPad 12,9 colio<\/td>\n<\/tr>\n<\/tbody>\n<\/table>\n<\/div>\n","protected":false},"excerpt":{"rendered":"<p>\u201eBaseus\u201c 0,3 mm gr\u016bdintas stiklas, skirtas \u201eiPad 12,9\u201c (2 vnt.) Apsaugokite plan\u0161etinio kompiuterio ekran\u0105 nuo pa\u017eeidim\u0173. \u201eBaseus\u201c gr\u016bdintas stiklas visi\u0161kai u\u017edengia ekran\u0105 ir apsaugo j\u012f nuo \u012fbr\u0117\u017eim\u0173. Jis neturi \u012ftakos \u012frenginio veikimui ir leid\u017eia naudoti veido atpa\u017einimo funkcij\u0105. Be to, jis u\u017etikrina auk\u0161t\u0105 vaizdo kokyb\u0119 ir atspindi nat\u016bralias spalvas. Efektyvi apsauga Skirtas 12,9 colio \u201eiPad\u201c, [&#8230;]\n","protected":false},"featured_media":38252,"comment_status":"open","ping_status":"closed","template":"","meta":[],"product_brand":[95],"product_cat":[1523],"product_tag":[],"class_list":{"0":"post-38251","1":"product","2":"type-product","3":"status-publish","4":"has-post-thumbnail","6":"product_brand-baseus","7":"product_cat-for-tablets-tempered-glass-and-screen-protectors-gsm-accessories","9":"first","10":"outofstock","11":"taxable","12":"shipping-taxable","13":"purchasable","14":"product-type-simple"},"aioseo_notices":[],"_links":{"self":[{"href":"https:\/\/asura.lv\/lt\/wp-json\/wp\/v2\/product\/38251","targetHints":{"allow":["GET"]}}],"collection":[{"href":"https:\/\/asura.lv\/lt\/wp-json\/wp\/v2\/product"}],"about":[{"href":"https:\/\/asura.lv\/lt\/wp-json\/wp\/v2\/types\/product"}],"replies":[{"embeddable":true,"href":"https:\/\/asura.lv\/lt\/wp-json\/wp\/v2\/comments?post=38251"}],"wp:featuredmedia":[{"embeddable":true,"href":"https:\/\/asura.lv\/lt\/wp-json\/wp\/v2\/media\/38252"}],"wp:attachment":[{"href":"https:\/\/asura.lv\/lt\/wp-json\/wp\/v2\/media?parent=38251"}],"wp:term":[{"taxonomy":"product_brand","embeddable":true,"href":"https:\/\/asura.lv\/lt\/wp-json\/wp\/v2\/product_brand?post=38251"},{"taxonomy":"product_cat","embeddable":true,"href":"https:\/\/asura.lv\/lt\/wp-json\/wp\/v2\/product_cat?post=38251"},{"taxonomy":"product_tag","embeddable":true,"href":"https:\/\/asura.lv\/lt\/wp-json\/wp\/v2\/product_tag?post=38251"}],"curies":[{"name":"wp","href":"https:\/\/api.w.org\/{rel}","templated":true}]}}