{"id":38437,"date":"2025-11-28T20:42:58","date_gmt":"2025-11-28T20:42:58","guid":{"rendered":"https:\/\/asura.lv\/product\/shadeless-tent-puluz-80cm-led-8500-lumens\/"},"modified":"2025-12-12T15:27:35","modified_gmt":"2025-12-12T13:27:35","slug":"shadeless-tent-puluz-80cm-led-8500-lumens","status":"publish","type":"product","link":"https:\/\/asura.lv\/lt\/produktas\/shadeless-tent-puluz-80cm-led-8500-lumens\/","title":{"rendered":"Palapin\u0117 be \u0161e\u0161\u0117lio \u201ePuluz\u201c 80 cm LED 8500 liumen\u0173"},"content":{"rendered":"<h3>80 cm LED palapin\u0117 be \u0161e\u0161\u0117li\u0173, 8500 liumen\u0173, \u201ePuluz\u201c <\/h3>\n<p>Patirkite, kaip paprasta ir greita daryti tobulas objekt\u0173 nuotraukas. \u201ePuluz\u201c ap\u0161vietimo palapin\u0117 naudojama auk\u0161tos kokyb\u0117s, be \u0161e\u0161\u0117li\u0173 \u012fvairi\u0173 objekt\u0173 nuotraukoms kurti. Visas rinkinys yra paruo\u0161tas naudoti i\u0161 karto i\u0161pakavus ir surinkti u\u017etrunka vos kelias minutes. Jis patogus, tod\u0117l j\u012f galime naudoti tiek lauke, tiek namuose ar biure. Produktas pateisins net ir reikliausi\u0173 vartotoj\u0173 l\u016bkes\u010dius. Nuotraukoms kurti nereikia joki\u0173 papildom\u0173 pried\u0173 \u2013 tereikia fotoaparato ar i\u0161maniojo telefono.<\/p>\n<p><img decoding=\"async\" src=\"https:\/\/b2b.innpro.pl\/data\/include\/cms\/02Puluz\/PU5080EU\/8.jpg\"><\/p>\n<h3>Daugyb\u0117 privalum\u0173 <\/h3>\n<p>Palapin\u0117 be \u0161e\u0161\u0117li\u0173 yra patogios konstrukcijos sulankstyta, tod\u0117l jos laikymas n\u0117ra didel\u0117 problema. Palapin\u0117s surinkimas yra paprastas ir trunka labai ma\u017eai laiko. Palapin\u0117 neturi stroboskopinio efekto, pasi\u017eymi dideliu ry\u0161kumu ir labai gerai paskirsto \u0161ilum\u0105. <\/p>\n<p><img decoding=\"async\" src=\"https:\/\/b2b.innpro.pl\/data\/include\/cms\/02Puluz\/PU5080EU\/7.jpg\"><\/p>\n<h3>Universalumas <\/h3>\n<p>Palapin\u0117 turi atidarom\u0105 vir\u0161utin\u012f dangt\u012f, tod\u0117l galite fotografuoti ir i\u0161 vir\u0161aus. Rinkinyje taip pat rasite skirting\u0173 spalv\u0173 fotografinius fonus, tod\u0117l gal\u0117site lengvai pritaikyti spalv\u0173 gam\u0105 prie konkretaus gaminio. <\/p>\n<p><img decoding=\"async\" src=\"https:\/\/b2b.innpro.pl\/data\/include\/cms\/02Puluz\/PU5080EU\/6.jpg\"><\/p>\n<h3>LED ap\u0161vietimas <\/h3>\n<p>\u012emontuotos LED plok\u0161t\u0117s u\u017etikrina puik\u0173 palapin\u0117s ap\u0161vietim\u0105. Lempos taip pat gali keisti pad\u0117t\u012f, tod\u0117l galime patys reguliuoti \u0161viesos krypt\u012f. Tai rei\u0161kia, kad jums nereikia joki\u0173 papildom\u0173 lemp\u0173 \u2013 viskas, ko jums reikia, yra komplekte!<\/p>\n<p><img decoding=\"async\" src=\"https:\/\/b2b.innpro.pl\/data\/include\/cms\/02Puluz\/PU5080EU\/4.jpg\"><\/p>\n<h3>Lengvas surinkimas<\/h3>\n<p>Paprastas ir kompakti\u0161kas dizainas leid\u017eia palapin\u0119 pastatyti vos per kelias minutes. Pridedamas ne\u0161iojimo d\u0117klas palengvina palapin\u0117s transportavim\u0105 ir apsaugo j\u0105 nuo purvo ar pa\u017eeidim\u0173.<\/p>\n<p><img decoding=\"async\" src=\"https:\/\/b2b.innpro.pl\/data\/include\/cms\/02Puluz\/PU5080EU\/3.jpg\"><\/p>\n<h3>Pridedama<\/h3>\n<ul>\n<li>palapin\u0117 be \u0161e\u0161\u0117lio<\/li>\n<li>laidai + maitinimo \u0161altinis<\/li>\n<li>fotografiniai fonai x3 (raudona, balta, oran\u017ein\u0117)<\/li>\n<li>ne\u0161iojimo d\u0117klas<\/li>\n<\/ul>\n<div class=\"table-wrapper\">\n<table>\n<tbody>\n<tr>\n<th>Gamintojas<\/th>\n<td>Puluz<\/td>\n<\/tr>\n<tr>\n<th>Modelis<\/th>\n<td>PU5080EU<\/td>\n<\/tr>\n<tr>\n<th>Dydis<\/th>\n<td>80 x 80 x 80 cm <\/td>\n<\/tr>\n<tr>\n<th>LED plok\u0161\u010di\u0173 skai\u010dius<\/th>\n<td>2<\/td>\n<\/tr>\n<tr>\n<th>LED skai\u010dius<\/th>\n<td>156<\/td>\n<\/tr>\n<tr>\n<th>Liumen\u0173 skai\u010dius <\/th>\n<td>8500 lm<\/td>\n<\/tr>\n<tr>\n<th>\u0160viesos spalva <\/th>\n<td>5500 K <\/td>\n<\/tr>\n<tr>\n<th>I\u0161\u0117jimo galia <\/th>\n<td>80 W <\/td>\n<\/tr>\n<tr>\n<th>Maitinimo \u0161altinis <\/th>\n<td>Kintamosios srov\u0117s laidas 110\u2013250 V<\/td>\n<\/tr>\n<\/tbody>\n<\/table>\n<\/div>\n","protected":false},"excerpt":{"rendered":"<p>80 cm LED palapin\u0117 be \u0161e\u0161\u0117li\u0173, 8500 liumen\u0173, \u201ePuluz\u201c Patirkite, kaip paprasta ir greita daryti tobulas objekt\u0173 nuotraukas. \u201ePuluz\u201c ap\u0161vietimo palapin\u0117 naudojama auk\u0161tos kokyb\u0117s, be \u0161e\u0161\u0117li\u0173 \u012fvairi\u0173 objekt\u0173 nuotraukoms kurti. Visas rinkinys yra paruo\u0161tas naudoti i\u0161 karto i\u0161pakavus ir surinkti u\u017etrunka vos kelias minutes. Jis patogus, tod\u0117l j\u012f galime naudoti tiek lauke, tiek namuose ar [&#8230;]\n","protected":false},"featured_media":38438,"comment_status":"open","ping_status":"closed","template":"","meta":[],"product_brand":[149],"product_cat":[1601],"product_tag":[],"class_list":{"0":"post-38437","1":"product","2":"type-product","3":"status-publish","4":"has-post-thumbnail","6":"product_brand-puluz","7":"product_cat-shadowless-tents","9":"first","10":"outofstock","11":"taxable","12":"shipping-taxable","13":"purchasable","14":"product-type-simple"},"aioseo_notices":[],"_links":{"self":[{"href":"https:\/\/asura.lv\/lt\/wp-json\/wp\/v2\/product\/38437","targetHints":{"allow":["GET"]}}],"collection":[{"href":"https:\/\/asura.lv\/lt\/wp-json\/wp\/v2\/product"}],"about":[{"href":"https:\/\/asura.lv\/lt\/wp-json\/wp\/v2\/types\/product"}],"replies":[{"embeddable":true,"href":"https:\/\/asura.lv\/lt\/wp-json\/wp\/v2\/comments?post=38437"}],"wp:featuredmedia":[{"embeddable":true,"href":"https:\/\/asura.lv\/lt\/wp-json\/wp\/v2\/media\/38438"}],"wp:attachment":[{"href":"https:\/\/asura.lv\/lt\/wp-json\/wp\/v2\/media?parent=38437"}],"wp:term":[{"taxonomy":"product_brand","embeddable":true,"href":"https:\/\/asura.lv\/lt\/wp-json\/wp\/v2\/product_brand?post=38437"},{"taxonomy":"product_cat","embeddable":true,"href":"https:\/\/asura.lv\/lt\/wp-json\/wp\/v2\/product_cat?post=38437"},{"taxonomy":"product_tag","embeddable":true,"href":"https:\/\/asura.lv\/lt\/wp-json\/wp\/v2\/product_tag?post=38437"}],"curies":[{"name":"wp","href":"https:\/\/api.w.org\/{rel}","templated":true}]}}