{"id":38677,"date":"2025-11-28T20:42:38","date_gmt":"2025-11-28T20:42:38","guid":{"rendered":"https:\/\/asura.lv\/product\/baseus-osculum-gravitational-phone-holder-red\/"},"modified":"2025-12-12T15:27:21","modified_gmt":"2025-12-12T13:27:21","slug":"baseus-osculum-gravitational-phone-holder-red","status":"publish","type":"product","link":"https:\/\/asura.lv\/lt\/produktas\/baseus-osculum-gravitational-phone-holder-red\/","title":{"rendered":"Baseus Osculum gravitacinio telefono laikiklis (raudonas)"},"content":{"rendered":"<h3>Baseus Osculum<\/h3>\n<p>Tai gravitacin\u0117 rankena, kuri garantuos \u012frangos saugum\u0105. Trikampio formos konstrukcija u\u017etikrina puik\u0173 stabilum\u0105 va\u017eiuojant, o i\u0161lenktos rankenos \u2013 tvirt\u0105 sukibim\u0105. D\u0117l automatinio u\u017erakto \u012frengin\u012f lengva valdyti. Tiesiog u\u017ed\u0117kite telefon\u0105 ant jo, ir rankenos u\u017esidarys automati\u0161kai. Ranken\u0105 lengva valdyti viena ranka.<\/p>\n<p><img decoding=\"async\" src=\"https:\/\/b2b.innpro.pl\/data\/include\/cms\/Baseus2\/4a\/1.jpg\"><\/p>\n<h3>Montavimas<\/h3>\n<p>Pirmasis siurbtuko formos laiptelis tvirtinamas prie stiklo, o antrasis \u2013 prie prietais\u0173 skydelio arba kabinos. Laikiklis yra daugiafunkcis ir gali prisitaikyti prie telefono ekrano \u012fstri\u017eain\u0117s.<\/p>\n<p><img decoding=\"async\" src=\"https:\/\/b2b.innpro.pl\/data\/include\/cms\/Baseus2\/4a\/2.jpg\"><\/p>\n<h3>360 laipsni\u0173 sukimasis<\/h3>\n<p>360 laipsni\u0173 reguliavimas rodo, kokia prakti\u0161ka yra rankena, j\u0105 galima be problem\u0173 naudoti skirtinguose automobiliuose ant skirting\u0173 pavir\u0161i\u0173.<\/p>\n<p><img decoding=\"async\" src=\"https:\/\/b2b.innpro.pl\/data\/include\/cms\/Baseus2\/4a\/3.jpg\"><\/p>\n<div class=\"table-wrapper\">\n<table width=\"699\">\n<tbody>\n<tr>\n<td>Gamintojas<\/td>\n<td><span>Baseus<\/span><\/td>\n<\/tr>\n<tr>\n<td>Modelis<\/td>\n<td>Osculum<\/td>\n<\/tr>\n<tr>\n<td>Produkto kodas<\/td>\n<td><span>SUYL-XP09<\/span><\/td>\n<\/tr>\n<tr>\n<td>Med\u017eiaga<\/td>\n<td>PC + aliuminis<\/td>\n<\/tr>\n<td><span>Tvirtinimo tipas<\/span><\/td>\n<td><span>Ant prietais\u0173 skydelio arba ant stiklo<\/span><\/td>\n<\/tr>\n<tr>\n<td>Svoris<\/td>\n<td>140 gramai<\/td>\n<\/tr>\n<tr>\n<td><span>Spalva<\/span><\/td>\n<td>Juoda + raudona<\/td>\n<\/tr>\n<tr>\n<td><span>Suderinamumas<\/span><\/td>\n<td><span>\u012erenginiai, kuri\u0173 plotis 6,3\u20138,8 cm<\/span><\/td>\n<\/tr>\n<tr>\n<td><span>Matmenys<\/span><\/td>\n<td>18,5 x 11,6 x 9 cm<\/td>\n<\/tr>\n<\/tbody>\n<\/table>\n<\/div>\n","protected":false},"excerpt":{"rendered":"<p>Baseus Osculum Tai gravitacin\u0117 rankena, kuri garantuos \u012frangos saugum\u0105. Trikampio formos konstrukcija u\u017etikrina puik\u0173 stabilum\u0105 va\u017eiuojant, o i\u0161lenktos rankenos \u2013 tvirt\u0105 sukibim\u0105. D\u0117l automatinio u\u017erakto \u012frengin\u012f lengva valdyti. Tiesiog u\u017ed\u0117kite telefon\u0105 ant jo, ir rankenos u\u017esidarys automati\u0161kai. Ranken\u0105 lengva valdyti viena ranka. Montavimas Pirmasis siurbtuko formos laiptelis tvirtinamas prie stiklo, o antrasis \u2013 prie prietais\u0173 [&#8230;]\n","protected":false},"featured_media":38678,"comment_status":"open","ping_status":"closed","template":"","meta":[],"product_brand":[95],"product_cat":[1343],"product_tag":[],"class_list":{"0":"post-38677","1":"product","2":"type-product","3":"status-publish","4":"has-post-thumbnail","6":"product_brand-baseus","7":"product_cat-phone-holders","9":"first","10":"outofstock","11":"taxable","12":"shipping-taxable","13":"purchasable","14":"product-type-simple"},"aioseo_notices":[],"_links":{"self":[{"href":"https:\/\/asura.lv\/lt\/wp-json\/wp\/v2\/product\/38677","targetHints":{"allow":["GET"]}}],"collection":[{"href":"https:\/\/asura.lv\/lt\/wp-json\/wp\/v2\/product"}],"about":[{"href":"https:\/\/asura.lv\/lt\/wp-json\/wp\/v2\/types\/product"}],"replies":[{"embeddable":true,"href":"https:\/\/asura.lv\/lt\/wp-json\/wp\/v2\/comments?post=38677"}],"wp:featuredmedia":[{"embeddable":true,"href":"https:\/\/asura.lv\/lt\/wp-json\/wp\/v2\/media\/38678"}],"wp:attachment":[{"href":"https:\/\/asura.lv\/lt\/wp-json\/wp\/v2\/media?parent=38677"}],"wp:term":[{"taxonomy":"product_brand","embeddable":true,"href":"https:\/\/asura.lv\/lt\/wp-json\/wp\/v2\/product_brand?post=38677"},{"taxonomy":"product_cat","embeddable":true,"href":"https:\/\/asura.lv\/lt\/wp-json\/wp\/v2\/product_cat?post=38677"},{"taxonomy":"product_tag","embeddable":true,"href":"https:\/\/asura.lv\/lt\/wp-json\/wp\/v2\/product_tag?post=38677"}],"curies":[{"name":"wp","href":"https:\/\/api.w.org\/{rel}","templated":true}]}}