{"id":38689,"date":"2025-11-28T20:42:37","date_gmt":"2025-11-28T20:42:37","guid":{"rendered":"https:\/\/asura.lv\/product\/propeller-guards-ryze-tello-set-powered-by-dji\/"},"modified":"2025-12-12T15:27:20","modified_gmt":"2025-12-12T13:27:20","slug":"propeller-guards-ryze-tello-set-powered-by-dji","status":"publish","type":"product","link":"https:\/\/asura.lv\/lt\/produktas\/propeller-guards-ryze-tello-set-powered-by-dji\/","title":{"rendered":"Propeleri\u0173 apsaugos &#8211; \u201eRyze Tello\u201c rinkinys (maitina DJI)"},"content":{"rendered":"<h3>\u201eRyze Tello\u201c sraigto apsaugos<\/h3>\n<p>Apsaugos apsaugo varom\u0105j\u0105 sistem\u0105 nuo \u012fvairi\u0173 objekt\u0173 sukeliam\u0173 pa\u017eeidim\u0173. Jos yra lengvos ir patvarios. Jos puikiai tiks pradedantiesiems operatoriams.<\/p>\n<p><img decoding=\"async\" src=\"https:\/\/b2b.innpro.pl\/data\/include\/cms\/Alicja\/3_5.jpg\"\/><\/p>\n","protected":false},"excerpt":{"rendered":"<p>\u201eRyze Tello\u201c sraigto apsaugos Apsaugos apsaugo varom\u0105j\u0105 sistem\u0105 nuo \u012fvairi\u0173 objekt\u0173 sukeliam\u0173 pa\u017eeidim\u0173. Jos yra lengvos ir patvarios. Jos puikiai tiks pradedantiesiems operatoriams.<\/p>\n","protected":false},"featured_media":38690,"comment_status":"open","ping_status":"closed","template":"","meta":[],"product_brand":[89],"product_cat":[1028],"product_tag":[],"class_list":{"0":"post-38689","1":"product","2":"type-product","3":"status-publish","4":"has-post-thumbnail","6":"product_brand-dji","7":"product_cat-dji","9":"first","10":"outofstock","11":"taxable","12":"shipping-taxable","13":"purchasable","14":"product-type-simple"},"aioseo_notices":[],"_links":{"self":[{"href":"https:\/\/asura.lv\/lt\/wp-json\/wp\/v2\/product\/38689","targetHints":{"allow":["GET"]}}],"collection":[{"href":"https:\/\/asura.lv\/lt\/wp-json\/wp\/v2\/product"}],"about":[{"href":"https:\/\/asura.lv\/lt\/wp-json\/wp\/v2\/types\/product"}],"replies":[{"embeddable":true,"href":"https:\/\/asura.lv\/lt\/wp-json\/wp\/v2\/comments?post=38689"}],"wp:featuredmedia":[{"embeddable":true,"href":"https:\/\/asura.lv\/lt\/wp-json\/wp\/v2\/media\/38690"}],"wp:attachment":[{"href":"https:\/\/asura.lv\/lt\/wp-json\/wp\/v2\/media?parent=38689"}],"wp:term":[{"taxonomy":"product_brand","embeddable":true,"href":"https:\/\/asura.lv\/lt\/wp-json\/wp\/v2\/product_brand?post=38689"},{"taxonomy":"product_cat","embeddable":true,"href":"https:\/\/asura.lv\/lt\/wp-json\/wp\/v2\/product_cat?post=38689"},{"taxonomy":"product_tag","embeddable":true,"href":"https:\/\/asura.lv\/lt\/wp-json\/wp\/v2\/product_tag?post=38689"}],"curies":[{"name":"wp","href":"https:\/\/api.w.org\/{rel}","templated":true}]}}