{"id":38743,"date":"2025-11-28T20:42:36","date_gmt":"2025-11-28T20:42:36","guid":{"rendered":"https:\/\/asura.lv\/product\/charger-skyrc-e450-2-4s-6-8s-lipo-life-lihv-nimh\/"},"modified":"2025-12-12T15:27:19","modified_gmt":"2025-12-12T13:27:19","slug":"charger-skyrc-e450-2-4s-6-8s-lipo-life-lihv-nimh","status":"publish","type":"product","link":"https:\/\/asura.lv\/lt\/produktas\/charger-skyrc-e450-2-4s-6-8s-lipo-life-lihv-nimh\/","title":{"rendered":"\u012ekroviklis SkyRC e450 2-4S \/ 6-8S LiPo \/ LiFe \/ LiHV \/ NiMH"},"content":{"rendered":"<h3>\u201eSkyRC e450\u201c 2-4S \/ 6-8S LiPo \/ LiFe \/ LiHV \/ NiMH \u012fkroviklis<\/h3>\n<p>\u201eSkyRC E450\u201c yra universalus \u012fkroviklis, skirtas 2-4S LiPO \/ LiFe \/ LiHV ir 6-8S NiMH akumuliatoriams. J\u012f itin paprasta naudoti, o ma\u017eos talpos akumuliatoriai \u012fkraunami labai greitai. \u012ekroviklio b\u016bsen\u0105 rodo 4 \u0161viesos diodai. Be to, \u012fkroviklis automati\u0161kai aptinka akumuliatori\u0173 \u012fkrov\u0105 ir baigia \u012fkrovim\u0105. \u012ekroviklis tiekiamas su maitinimo laidu, skirtu prijungti prie 230 V elektros tinklo.<\/p>\n<h3>Pridedama:<\/h3>\n<ul>\n<li>E450 \u012fkroviklis<\/li>\n<li>Maitinimo laidas<\/li>\n<li>XT60 laidas su bananais<\/li>\n<\/ul>\n<div class=\"table-wrapper\">\n<table>\n<tbody>\n<tr>\n<th>Gamintojas<\/th>\n<td>SkyRC<\/td>\n<\/tr>\n<tr>\n<th>Modelis<\/th>\n<td>SK-100122-02<\/td>\n<\/tr>\n<tr>\n<th>Maitinimo \u0161altinis AC 100-240V<\/th>\n<td>LiPo\/Li-Fe\/LiHV\/NiMH akumuliatoriaus tipas<\/td>\n<\/tr>\n<tr>\n<th>\u012ekraunam\u0173 element\u0173 skai\u010dius 2-4 \/ 6-8 NiMH<\/th>\n<td>\u012ekrovimo srov\u0117 4 A maks. \u00b1 10 %<\/td>\n<\/tr>\n<tr>\n<th>Galutin\u0117 \u012ftampa vienam elementui:<\/th>\n<td>LiPo 4,2 V \u00b1 0,02 V<\/td>\n<\/tr>\n<tr>\n<th>LiFe 3,6 V \u00b1 0,02 V<\/th>\n<td>LiHV 4,35 V \u00b1 0,02 V<\/td>\n<\/tr>\n<tr>\n<th>NiMH -0\u201dV<\/th>\n<td>Grandin\u0117s maitinimo \u0161altinis 50 W \u00b1 10 %<\/td>\n<\/tr>\n<tr>\n<th>Matmenys 110,7 x 69,4 x 40,5 mm<\/th>\n<td>Svoris 220 g<\/td>\n<\/tr>\n<\/tbody>\n<\/table>\n<\/div>\n","protected":false},"excerpt":{"rendered":"<p>\u201eSkyRC e450\u201c 2-4S \/ 6-8S LiPo \/ LiFe \/ LiHV \/ NiMH \u012fkroviklis \u201eSkyRC E450\u201c yra universalus \u012fkroviklis, skirtas 2-4S LiPO \/ LiFe \/ LiHV ir 6-8S NiMH akumuliatoriams. J\u012f itin paprasta naudoti, o ma\u017eos talpos akumuliatoriai \u012fkraunami labai greitai. \u012ekroviklio b\u016bsen\u0105 rodo 4 \u0161viesos diodai. Be to, \u012fkroviklis automati\u0161kai aptinka akumuliatori\u0173 \u012fkrov\u0105 ir baigia [&#8230;]\n","protected":false},"featured_media":38744,"comment_status":"open","ping_status":"closed","template":"","meta":[],"product_brand":[82],"product_cat":[1439],"product_tag":[],"class_list":{"0":"post-38743","1":"product","2":"type-product","3":"status-publish","4":"has-post-thumbnail","6":"product_brand-skyrc","7":"product_cat-chargers","9":"first","10":"outofstock","11":"taxable","12":"shipping-taxable","13":"purchasable","14":"product-type-simple"},"aioseo_notices":[],"_links":{"self":[{"href":"https:\/\/asura.lv\/lt\/wp-json\/wp\/v2\/product\/38743","targetHints":{"allow":["GET"]}}],"collection":[{"href":"https:\/\/asura.lv\/lt\/wp-json\/wp\/v2\/product"}],"about":[{"href":"https:\/\/asura.lv\/lt\/wp-json\/wp\/v2\/types\/product"}],"replies":[{"embeddable":true,"href":"https:\/\/asura.lv\/lt\/wp-json\/wp\/v2\/comments?post=38743"}],"wp:featuredmedia":[{"embeddable":true,"href":"https:\/\/asura.lv\/lt\/wp-json\/wp\/v2\/media\/38744"}],"wp:attachment":[{"href":"https:\/\/asura.lv\/lt\/wp-json\/wp\/v2\/media?parent=38743"}],"wp:term":[{"taxonomy":"product_brand","embeddable":true,"href":"https:\/\/asura.lv\/lt\/wp-json\/wp\/v2\/product_brand?post=38743"},{"taxonomy":"product_cat","embeddable":true,"href":"https:\/\/asura.lv\/lt\/wp-json\/wp\/v2\/product_cat?post=38743"},{"taxonomy":"product_tag","embeddable":true,"href":"https:\/\/asura.lv\/lt\/wp-json\/wp\/v2\/product_tag?post=38743"}],"curies":[{"name":"wp","href":"https:\/\/api.w.org\/{rel}","templated":true}]}}