{"id":38887,"date":"2025-11-28T22:12:36","date_gmt":"2025-11-28T22:12:36","guid":{"rendered":"https:\/\/asura.lv\/product\/torras-ostand-r-fusion-case-for-iphone-16-pink\/"},"modified":"2025-12-12T15:48:45","modified_gmt":"2025-12-12T13:48:45","slug":"torras-ostand-r-fusion-case-for-iphone-16-pink","status":"publish","type":"product","link":"https:\/\/asura.lv\/lt\/produktas\/torras-ostand-r-fusion-case-for-iphone-16-pink\/","title":{"rendered":"\u201eTorras Ostand R Fusion\u201c d\u0117klas, skirtas \u201eiPhone 16\u201c (ro\u017einis)"},"content":{"rendered":"<h3>\u201eTorras Ostand R Fusion\u201c d\u0117klas, skirtas \u201eiPhone 16\u201c (ro\u017einis)<\/h3>\n<p>\u201eTORRAS Ostand R Fusion\u201c d\u0117klas sukurtas maksimaliai apsaugoti j\u016bs\u0173 \u201eiPhone 16\u201c. Pagamintas i\u0161 patvari\u0173 med\u017eiag\u0173, jis u\u017etikrina veiksming\u0105 apsaug\u0105 nuo kritim\u0173, \u012fbr\u0117\u017eim\u0173 ir kit\u0173 pa\u017eeidim\u0173. D\u0117l plono dizaino telefonas n\u0117ra per didelis, tod\u0117l i\u0161laiko original\u0173 siluet\u0105 ir yra visi\u0161kai apsaugotas.<\/p>\n<p>\n<img decoding=\"async\" border=\"0\" src=\"https:\/\/assets.innpro.pl\/9262\/10825\/4.jpg\"\/>\n<\/p>\n<h3>Patogumas bet kokioje pad\u0117tyje \u2013 360\u00b0 sukimasis<\/h3>\n<p>D\u0117l novatori\u0161ko 360 laipsni\u0173 besisukan\u010dio \u017eiedo dizaino \u201eTORRAS Ostand R Fusion\u201c d\u0117klas si\u016blo neprilygstam\u0105 patogum\u0105. Telefon\u0105 galite laikyti bet kokiu kampu, tod\u0117l \u017ei\u016br\u0117ti vaizdo \u012fra\u0161us, skambinti vaizdo skambu\u010diais ar nar\u0161yti internete bus dar patogiau. \u0160i funkcija taip pat leid\u017eia tvirtai laikyti telefon\u0105 rankoje, suma\u017einant rizik\u0105 j\u012f nety\u010dia numesti.<\/p>\n<p>\n<img decoding=\"async\" border=\"0\" src=\"https:\/\/assets.innpro.pl\/9262\/10825\/2.jpg\"\/>\n<\/p>\n<h3>Magnetinis sukibimas<\/h3>\n<p>D\u0117kle yra stipr\u016bs magnetai, kurie u\u017etikrina stabil\u0173 tvirtinim\u0105 tiek prie automobilio laikikli\u0173, tiek prie kit\u0173 magnetini\u0173 pried\u0173. Galite be r\u016bpes\u010di\u0173 naudoti telefon\u0105 vairuodami, sportuodami ant stacionaraus dvira\u010dio ar tiesiog ils\u0117damiesi su \u012frenginiu rankoje \u2013 stiprus magnetas u\u017etikrins, kad telefonas laikysis vietoje, nepriklausomai nuo s\u0105lyg\u0173.<\/p>\n<p>\n<img decoding=\"async\" border=\"0\" src=\"https:\/\/assets.innpro.pl\/9262\/10825\/7.jpg\"\/>\n<\/p>\n<div class=\"table-wrapper\">\n<p>B\u00a0<\/p>\n<h3><\/h3>\n<table>\n<tbody>\n<tr>\n<th>Gamintojas<\/th>\n<td>Torras<\/td>\n<\/tr>\n<tr>\n<th>Modelis<\/th>\n<td>Ostand R Fusion<\/td>\n<\/tr>\n<tr>\n<th>Spalva<\/th>\n<td>Ro\u017ein\u0117<\/td>\n<\/tr>\n<tr>\n<th>Suderinamumas<\/th>\n<td>iPhone 16<\/td>\n<\/tr>\n<\/tbody>\n<\/table>\n<\/div>\n","protected":false},"excerpt":{"rendered":"<p>\u201eTorras Ostand R Fusion\u201c d\u0117klas, skirtas \u201eiPhone 16\u201c (ro\u017einis) \u201eTORRAS Ostand R Fusion\u201c d\u0117klas sukurtas maksimaliai apsaugoti j\u016bs\u0173 \u201eiPhone 16\u201c. Pagamintas i\u0161 patvari\u0173 med\u017eiag\u0173, jis u\u017etikrina veiksming\u0105 apsaug\u0105 nuo kritim\u0173, \u012fbr\u0117\u017eim\u0173 ir kit\u0173 pa\u017eeidim\u0173. D\u0117l plono dizaino telefonas n\u0117ra per didelis, tod\u0117l i\u0161laiko original\u0173 siluet\u0105 ir yra visi\u0161kai apsaugotas. Patogumas bet kokioje pad\u0117tyje \u2013 360\u00b0 [&#8230;]\n","protected":false},"featured_media":38888,"comment_status":"open","ping_status":"closed","template":"","meta":[],"product_brand":[538],"product_cat":[1250],"product_tag":[],"class_list":{"0":"post-38887","1":"product","2":"type-product","3":"status-publish","4":"has-post-thumbnail","6":"product_brand-torras","7":"product_cat-protective-cases-for-smartphones-cases-gsm-accessories","9":"first","10":"outofstock","11":"taxable","12":"shipping-taxable","13":"purchasable","14":"product-type-simple"},"aioseo_notices":[],"_links":{"self":[{"href":"https:\/\/asura.lv\/lt\/wp-json\/wp\/v2\/product\/38887","targetHints":{"allow":["GET"]}}],"collection":[{"href":"https:\/\/asura.lv\/lt\/wp-json\/wp\/v2\/product"}],"about":[{"href":"https:\/\/asura.lv\/lt\/wp-json\/wp\/v2\/types\/product"}],"replies":[{"embeddable":true,"href":"https:\/\/asura.lv\/lt\/wp-json\/wp\/v2\/comments?post=38887"}],"wp:featuredmedia":[{"embeddable":true,"href":"https:\/\/asura.lv\/lt\/wp-json\/wp\/v2\/media\/38888"}],"wp:attachment":[{"href":"https:\/\/asura.lv\/lt\/wp-json\/wp\/v2\/media?parent=38887"}],"wp:term":[{"taxonomy":"product_brand","embeddable":true,"href":"https:\/\/asura.lv\/lt\/wp-json\/wp\/v2\/product_brand?post=38887"},{"taxonomy":"product_cat","embeddable":true,"href":"https:\/\/asura.lv\/lt\/wp-json\/wp\/v2\/product_cat?post=38887"},{"taxonomy":"product_tag","embeddable":true,"href":"https:\/\/asura.lv\/lt\/wp-json\/wp\/v2\/product_tag?post=38887"}],"curies":[{"name":"wp","href":"https:\/\/api.w.org\/{rel}","templated":true}]}}