{"id":39013,"date":"2025-11-28T22:12:24","date_gmt":"2025-11-28T22:12:24","guid":{"rendered":"https:\/\/asura.lv\/product\/telesin-magnetic-mount-for-sports-cameras\/"},"modified":"2025-12-12T15:48:38","modified_gmt":"2025-12-12T13:48:38","slug":"telesin-magnetic-mount-for-sports-cameras","status":"publish","type":"product","link":"https:\/\/asura.lv\/lt\/produktas\/telesin-magnetic-mount-for-sports-cameras\/","title":{"rendered":"\u201eTelesin\u201c magnetinis laikiklis sporto kameroms"},"content":{"rendered":"<h3>\u201eTelesin\u201c magnetinis laikiklis sporto kameroms<\/h3>\n<p>\u201eTELESIN\u201c laikiklis yra pa\u017eangus \u012frankis, idealiai tinkantis dinami\u0161koms s\u0105lygoms, leid\u017eiantis saugiai ir stabiliai filmuoti. D\u0117l tvirtos aliuminio konstrukcijos ir \u0161e\u0161i\u0173 neodimio magnet\u0173 jis u\u017etikrina patikim\u0105 sukibim\u0105, u\u017etikrindamas, kad j\u016bs\u0173 sporto kamera i\u0161liks vietoje, kad ir kokios b\u016bt\u0173 aplinkyb\u0117s.<\/p>\n<p>\n<img decoding=\"async\" border=\"0\" src=\"https:\/\/assets.innpro.pl\/8976\/10499\/1.jpg\"\/>\n<\/p>\n<h3>Stiprumas, kuriuo galite pasitik\u0117ti<\/h3>\n<p>\u201eTELESIN\u201c laikiklis apr\u016bpintas \u0161e\u0161iais galingais neodimio magnetais, kuri\u0173 stiprumas yra 3600GS, u\u017etikrinan\u010diais tvirt\u0105 ir saug\u0173 laikym\u0105 ant bet kokio metalinio pavir\u0161iaus. Tai leid\u017eia jums sutelkti d\u0117mes\u012f \u012f savo nuotyki\u0173 fiksavim\u0105, b\u016bnant tikriems, kad j\u016bs\u0173 kamera saugiai pritvirtinta, net ir sud\u0117tingomis s\u0105lygomis.<\/p>\n<p>\n<img decoding=\"async\" border=\"0\" src=\"https:\/\/assets.innpro.pl\/8976\/10499\/2.jpg\"\/>\n<\/p>\n<h3>Universalumas su dviguba rutuline galvute<\/h3>\n<p>Dviguba rutulin\u0117 galvut\u0117 leid\u017eia visi\u0161kai reguliuoti \u012fra\u0161ymo kamp\u0105, tod\u0117l TELESIN laikiklis yra itin universalus. Galite reguliuoti kameros pad\u0117t\u012f tiek horizontaliai, tiek vertikaliai, suteikdami neribotas k\u016brybines galimybes, nesvarbu, ar filmuojate kelion\u0119 automobiliu, ruo\u0161iate kulinarinius kadrus, ar ketinate u\u017efiksuoti sporto var\u017eyb\u0173 dinamik\u0105.<\/p>\n<p>\n<img decoding=\"async\" border=\"0\" src=\"https:\/\/assets.innpro.pl\/8976\/10499\/4.jpg\"\/>\n<\/p>\n<h3>Kompakti\u0161kas dizainas ir pavir\u0161iaus apsauga<\/h3>\n<p>TELESIN taip pat pasir\u016bpino patogiu naudojimu ir laikymu. Laikiklis yra sulankstomas, tod\u0117l j\u012f lengva laikyti ki\u0161en\u0117je ar kuprin\u0117je. Be to, apatin\u0117 laikiklio dalis yra i\u0161klota silikoniniu pamink\u0161tinimu, kuris apsaugo pavir\u0161i\u0173, prie kurio tvirtinamas laikiklis, nuo \u012fbr\u0117\u017eim\u0173, o tai ypa\u010d svarbu tvirtinant prie automobilio k\u0117bulo.<\/p>\n<p>\n<img decoding=\"async\" border=\"0\" src=\"https:\/\/assets.innpro.pl\/8976\/10499\/7.jpg\"\/>\n<\/p>\n<h3>Pridedama<\/h3>\n<ul class=\"list-disc pl-5\">\n<li>Magnetinis laikiklis su pagrindu<\/li>\n<li>Rutulin\u0117 galvut\u0117 (trij\u0173 svir\u010di\u0173) 1\/4 colio<\/li>\n<li>1\/4 colio aliuminio rutulin\u0117 galvut\u0117<\/li>\n<li>Tvirtinimo var\u017etas<\/li>\n<li>Apsaugin\u0117 virv\u0117<\/li>\n<li>Naudotojo vadovas<\/li>\n<\/ul>\n<div class=\"table-wrapper\">\n<p>B\u00a0<\/p>\n<h3><\/h3>\n<table>\n<tbody>\n<tr>\n<th>Gamintojas<\/th>\n<td>Telesin<\/td>\n<\/tr>\n<tr>\n<th>Gamintojo kodas<\/th>\n<td>CMM-001<\/td>\n<\/tr>\n<tr>\n<th>Med\u017eiaga<\/th>\n<td>Aliuminio lydinys ir nailonas su pluo\u0161tu<\/td>\n<\/tr>\n<tr>\n<th>Magnetin\u0117 traukos j\u0117ga<\/th>\n<td>3600GS<\/td>\n<\/tr>\n<tr>\n<th>K\u0117limo galia<\/th>\n<td>Maksimali 300<\/td>\n<\/tr>\n<tr>\n<th>Matmenys<\/th>\n<td>Auk\u0161tis: 127 mm; Pagrindo skersmuo: 64,5 mm<\/td>\n<\/tr>\n<\/tbody>\n<\/table>\n<\/div>\n","protected":false},"excerpt":{"rendered":"<p>\u201eTelesin\u201c magnetinis laikiklis sporto kameroms \u201eTELESIN\u201c laikiklis yra pa\u017eangus \u012frankis, idealiai tinkantis dinami\u0161koms s\u0105lygoms, leid\u017eiantis saugiai ir stabiliai filmuoti. D\u0117l tvirtos aliuminio konstrukcijos ir \u0161e\u0161i\u0173 neodimio magnet\u0173 jis u\u017etikrina patikim\u0105 sukibim\u0105, u\u017etikrindamas, kad j\u016bs\u0173 sporto kamera i\u0161liks vietoje, kad ir kokios b\u016bt\u0173 aplinkyb\u0117s. Stiprumas, kuriuo galite pasitik\u0117ti \u201eTELESIN\u201c laikiklis apr\u016bpintas \u0161e\u0161iais galingais neodimio magnetais, kuri\u0173 [&#8230;]\n","protected":false},"featured_media":39014,"comment_status":"open","ping_status":"closed","template":"","meta":[],"product_brand":[296],"product_cat":[1112],"product_tag":[],"class_list":{"0":"post-39013","1":"product","2":"type-product","3":"status-publish","4":"has-post-thumbnail","6":"product_brand-telesin","7":"product_cat-tripods-mounts","9":"first","10":"outofstock","11":"taxable","12":"shipping-taxable","13":"purchasable","14":"product-type-simple"},"aioseo_notices":[],"_links":{"self":[{"href":"https:\/\/asura.lv\/lt\/wp-json\/wp\/v2\/product\/39013","targetHints":{"allow":["GET"]}}],"collection":[{"href":"https:\/\/asura.lv\/lt\/wp-json\/wp\/v2\/product"}],"about":[{"href":"https:\/\/asura.lv\/lt\/wp-json\/wp\/v2\/types\/product"}],"replies":[{"embeddable":true,"href":"https:\/\/asura.lv\/lt\/wp-json\/wp\/v2\/comments?post=39013"}],"wp:featuredmedia":[{"embeddable":true,"href":"https:\/\/asura.lv\/lt\/wp-json\/wp\/v2\/media\/39014"}],"wp:attachment":[{"href":"https:\/\/asura.lv\/lt\/wp-json\/wp\/v2\/media?parent=39013"}],"wp:term":[{"taxonomy":"product_brand","embeddable":true,"href":"https:\/\/asura.lv\/lt\/wp-json\/wp\/v2\/product_brand?post=39013"},{"taxonomy":"product_cat","embeddable":true,"href":"https:\/\/asura.lv\/lt\/wp-json\/wp\/v2\/product_cat?post=39013"},{"taxonomy":"product_tag","embeddable":true,"href":"https:\/\/asura.lv\/lt\/wp-json\/wp\/v2\/product_tag?post=39013"}],"curies":[{"name":"wp","href":"https:\/\/api.w.org\/{rel}","templated":true}]}}