{"id":39061,"date":"2025-11-28T22:12:21","date_gmt":"2025-11-28T22:12:21","guid":{"rendered":"https:\/\/asura.lv\/product\/t-bayonet-mount-genius-rig-freewell-for-iphone-15\/"},"modified":"2025-12-12T15:48:37","modified_gmt":"2025-12-12T13:48:37","slug":"t-bayonet-mount-genius-rig-freewell-for-iphone-15","status":"publish","type":"product","link":"https:\/\/asura.lv\/lt\/produktas\/t-bayonet-mount-genius-rig-freewell-for-iphone-15\/","title":{"rendered":"T formos laikiklis \u201eGenius Rig Freewell\u201c, skirtas \u201eiPhone 15\u201c"},"content":{"rendered":"<h3>\u201eFreewell\u201c T-bajonetinis laikiklis, skirtas \u201eiPhone 15\u201c serijai<\/h3>\n<p>\u201eFreewell\u201c T-bajonetinis laikiklis, skirtas \u201eiPhone 15\u201c serijai, leid\u017eia greitai ir skland\u017eiai pritvirtinti \u201eMoment T\u201c serijos objektyvus prie \u201eFreewell Genius\u201c platformos. Taip u\u017etikrinamas visi\u0161kas suderinamumas su \u201eFreewell\u201c magnetiniais filtrais, kad b\u016bt\u0173 universalus ir patogus. Tai puikus \u012frankis mobiliesiems fotografams ir film\u0173 k\u016br\u0117jams, norintiems i\u0161pl\u0117sti savo k\u016brybines galimybes neprarandant kokyb\u0117s ir funkcionalumo.<\/p>\n<p>\n<img decoding=\"async\" border=\"0\" src=\"https:\/\/assets.innpro.pl\/8672\/10153\/1.jpg\"\/>\n<\/p>\n<div class=\"table-wrapper\">\n<p>B\u00a0<\/p>\n<h3><\/h3>\n<table>\n<tbody>\n<tr>\n<th>Gamintojas<\/th>\n<td>Freewell<\/td>\n<\/tr>\n<tr>\n<th>Modelis<\/th>\n<td>FW-iMTGEN<\/td>\n<\/tr>\n<tr>\n<th>Suderinamumas<\/th>\n<td>15 serijos \u201eiPhone\u201c<\/td>\n<\/tr>\n<\/tbody>\n<\/table>\n<\/div>\n","protected":false},"excerpt":{"rendered":"<p>\u201eFreewell\u201c T-bajonetinis laikiklis, skirtas \u201eiPhone 15\u201c serijai \u201eFreewell\u201c T-bajonetinis laikiklis, skirtas \u201eiPhone 15\u201c serijai, leid\u017eia greitai ir skland\u017eiai pritvirtinti \u201eMoment T\u201c serijos objektyvus prie \u201eFreewell Genius\u201c platformos. Taip u\u017etikrinamas visi\u0161kas suderinamumas su \u201eFreewell\u201c magnetiniais filtrais, kad b\u016bt\u0173 universalus ir patogus. Tai puikus \u012frankis mobiliesiems fotografams ir film\u0173 k\u016br\u0117jams, norintiems i\u0161pl\u0117sti savo k\u016brybines galimybes neprarandant kokyb\u0117s [&#8230;]\n","protected":false},"featured_media":39062,"comment_status":"open","ping_status":"closed","template":"","meta":[],"product_brand":[491],"product_cat":[1685],"product_tag":[],"class_list":{"0":"post-39061","1":"product","2":"type-product","3":"status-publish","4":"has-post-thumbnail","6":"product_brand-freewell","7":"product_cat-phone-lenses-gsm-accessories","9":"first","10":"outofstock","11":"taxable","12":"shipping-taxable","13":"purchasable","14":"product-type-simple"},"aioseo_notices":[],"_links":{"self":[{"href":"https:\/\/asura.lv\/lt\/wp-json\/wp\/v2\/product\/39061","targetHints":{"allow":["GET"]}}],"collection":[{"href":"https:\/\/asura.lv\/lt\/wp-json\/wp\/v2\/product"}],"about":[{"href":"https:\/\/asura.lv\/lt\/wp-json\/wp\/v2\/types\/product"}],"replies":[{"embeddable":true,"href":"https:\/\/asura.lv\/lt\/wp-json\/wp\/v2\/comments?post=39061"}],"wp:featuredmedia":[{"embeddable":true,"href":"https:\/\/asura.lv\/lt\/wp-json\/wp\/v2\/media\/39062"}],"wp:attachment":[{"href":"https:\/\/asura.lv\/lt\/wp-json\/wp\/v2\/media?parent=39061"}],"wp:term":[{"taxonomy":"product_brand","embeddable":true,"href":"https:\/\/asura.lv\/lt\/wp-json\/wp\/v2\/product_brand?post=39061"},{"taxonomy":"product_cat","embeddable":true,"href":"https:\/\/asura.lv\/lt\/wp-json\/wp\/v2\/product_cat?post=39061"},{"taxonomy":"product_tag","embeddable":true,"href":"https:\/\/asura.lv\/lt\/wp-json\/wp\/v2\/product_tag?post=39061"}],"curies":[{"name":"wp","href":"https:\/\/api.w.org\/{rel}","templated":true}]}}