{"id":39241,"date":"2025-11-28T22:12:05","date_gmt":"2025-11-28T22:12:05","guid":{"rendered":"https:\/\/asura.lv\/product\/puluz-motorcycle-windshield-clip-for-sports-cameras-dji-osmo-action-4-gopro-hero-12-insta360-ace-pro-x4black\/"},"modified":"2025-12-12T15:48:28","modified_gmt":"2025-12-12T13:48:28","slug":"puluz-motorcycle-windshield-clip-for-sports-cameras-dji-osmo-action-4-gopro-hero-12-insta360-ace-pro-x4black","status":"publish","type":"product","link":"https:\/\/asura.lv\/lt\/produktas\/puluz-motorcycle-windshield-clip-for-sports-cameras-dji-osmo-action-4-gopro-hero-12-insta360-ace-pro-x4black\/","title":{"rendered":"PULUZ motociklo priekinio stiklo laikiklis sportin\u0117ms kameroms (DJI Osmo Action 4, GoPro Hero 12, Insta360 Ace Pro \/ X4) (juodas)"},"content":{"rendered":"<h3>PULUZ motociklo priekinio stiklo laikiklis sportin\u0117ms kameroms DJI Osmo Action 4, GoPro Hero 12, Insta360 Ace Pro \/ X4 (juodas)<\/h3>\n<p>Atraskite nauj\u0105 motocikl\u0173 fotografijos dimensij\u0105 su PULUZ priekinio stiklo laikikliu. Pagamintas i\u0161 auk\u0161\u010diausios kokyb\u0117s aliuminio lydinio ir tiksliai apdirbtas CNC procesu, \u0161is laikiklis sujungia prakti\u0161kum\u0105 ir elegancij\u0105. D\u0117l tvirtos konstrukcijos u\u017etikrinamas patikimumas net ir sunkiausiomis s\u0105lygomis, o tekst\u016bruotas pavir\u0161ius suteikia estetikos ir stiliaus.<\/p>\n<p>\n<img decoding=\"async\" alt=\"\" border=\"0\" src=\"https:\/\/assets.innpro.pl\/8472\/9891\/1.jpg\"\/>\n<\/p>\n<h3>Lengva naudoti<\/h3>\n<p>\u012erenginys skirtas sportin\u0117ms ir panoramin\u0117ms kameroms montuoti ant motocikl\u0173 priekini\u0173 stikl\u0173. Kompakti\u0161kas ir ne\u0161iojamas laikiklio dizainas daro j\u012f itin funkcional\u0173, o greito atleidimo tvirtinimo elementas leid\u017eia j\u012f akimirksniu sumontuoti ir nuimti. Dabar galite lengvai u\u017efiksuoti kiekvien\u0105 savo kelion\u0117s akimirk\u0105 be joki\u0173 komplikacij\u0173.<\/p>\n<p>\n<img decoding=\"async\" alt=\"\" border=\"0\" src=\"https:\/\/assets.innpro.pl\/8472\/9891\/3.jpg\"\/>\n<\/p>\n<h3>Fotografuokite vaizdus be apribojim\u0173<\/h3>\n<p>Segtukas turi pastorint\u0105 silikonin\u012f tarpsluoksn\u012f, kuris ne tik apsaugo motociklo priekin\u012f stikl\u0105 nuo pa\u017eeidim\u0173, bet ir u\u017etikrina saug\u0173 bei stabil\u0173 tvirtinim\u0105. Tokiu b\u016bdu jums nereik\u0117s nerimauti, kad segtukas nety\u010dia nukris ar pajud\u0117s va\u017eiuojant. Be to, jo vir\u0161uje yra 1\/4 colio var\u017eto skyl\u0117, leid\u017eianti reguliuoti kameros auk\u0161t\u012f, o tai atveria naujas filmavimo kamp\u0173 galimybes.<\/p>\n<p>\n<img decoding=\"async\" alt=\"\" border=\"0\" src=\"https:\/\/assets.innpro.pl\/8472\/9891\/6.jpg\"\/>\n<\/p>\n<h3>Patikimas bet kokioje situacijoje<\/h3>\n<p>Idealiai tinkantis filmuoti i\u0161 pirmojo asmens perspektyvos, \u201ePULUZ\u201c segtukas puikiai tiks tiek \u012fsp\u016bding\u0173 atrakcion\u0173 \u012fra\u0161ymui, tiek tiesiogin\u0117ms transliacijoms. Pasiruo\u0161kite nuostabiems kadrams ir m\u0117gaukit\u0117s kiekviena akimirka kelyje su novatori\u0161ku PULUZ priekinio stiklo laikiuku.<\/p>\n<p>\n<img decoding=\"async\" alt=\"\" border=\"0\" src=\"https:\/\/assets.innpro.pl\/8472\/9891\/8.jpg\"\/>\n<\/p>\n<h3>\u012etraukta:<\/h3>\n<ul class=\"list-disc pl-5\">\n<li>priekinio stiklo laikiklis<\/li>\n<li>judinamas L formos pagrindas<\/li>\n<li>ilgas var\u017etas<\/li>\n<\/ul>\n<div class=\"table-wrapper\">\n<p>\u0412\u00a0<\/p>\n<h3><\/h3>\n<table>\n<tbody>\n<tr>\n<th>Gamintojas<\/th>\n<td>PULUZ<\/td>\n<\/tr>\n<tr>\n<th>Suderinamumas<\/th>\n<td>DJI Osmo Action 4; GoPro Hero 12; \u201eInsta360 Ace Pro \/ X4\u201c<\/td>\n<\/tr>\n<tr>\n<th>Konstrukcin\u0117s med\u017eiagos<\/th>\n<td>ABS plastikas (var\u017etas ir judantis stovas); aliuminis (priekinio stiklo laikiklis)<\/td>\n<\/tr>\n<tr>\n<th>Spalva<\/th>\n<td>juoda<\/td>\n<\/tr>\n<tr>\n<th>Matmenys<\/th>\n<td>7 cm x 7 cm x 6 cm<\/td>\n<\/tr>\n<\/tbody>\n<\/table>\n<\/div>\n","protected":false},"excerpt":{"rendered":"<p>PULUZ motociklo priekinio stiklo laikiklis sportin\u0117ms kameroms DJI Osmo Action 4, GoPro Hero 12, Insta360 Ace Pro \/ X4 (juodas) Atraskite nauj\u0105 motocikl\u0173 fotografijos dimensij\u0105 su PULUZ priekinio stiklo laikikliu. Pagamintas i\u0161 auk\u0161\u010diausios kokyb\u0117s aliuminio lydinio ir tiksliai apdirbtas CNC procesu, \u0161is laikiklis sujungia prakti\u0161kum\u0105 ir elegancij\u0105. D\u0117l tvirtos konstrukcijos u\u017etikrinamas patikimumas net ir sunkiausiomis [&#8230;]\n","protected":false},"featured_media":39242,"comment_status":"open","ping_status":"closed","template":"","meta":[],"product_brand":[149],"product_cat":[1046],"product_tag":[],"class_list":{"0":"post-39241","1":"product","2":"type-product","3":"status-publish","4":"has-post-thumbnail","6":"product_brand-puluz","7":"product_cat-straps-mounts-and-holders","9":"first","10":"outofstock","11":"taxable","12":"shipping-taxable","13":"purchasable","14":"product-type-simple"},"aioseo_notices":[],"_links":{"self":[{"href":"https:\/\/asura.lv\/lt\/wp-json\/wp\/v2\/product\/39241","targetHints":{"allow":["GET"]}}],"collection":[{"href":"https:\/\/asura.lv\/lt\/wp-json\/wp\/v2\/product"}],"about":[{"href":"https:\/\/asura.lv\/lt\/wp-json\/wp\/v2\/types\/product"}],"replies":[{"embeddable":true,"href":"https:\/\/asura.lv\/lt\/wp-json\/wp\/v2\/comments?post=39241"}],"wp:featuredmedia":[{"embeddable":true,"href":"https:\/\/asura.lv\/lt\/wp-json\/wp\/v2\/media\/39242"}],"wp:attachment":[{"href":"https:\/\/asura.lv\/lt\/wp-json\/wp\/v2\/media?parent=39241"}],"wp:term":[{"taxonomy":"product_brand","embeddable":true,"href":"https:\/\/asura.lv\/lt\/wp-json\/wp\/v2\/product_brand?post=39241"},{"taxonomy":"product_cat","embeddable":true,"href":"https:\/\/asura.lv\/lt\/wp-json\/wp\/v2\/product_cat?post=39241"},{"taxonomy":"product_tag","embeddable":true,"href":"https:\/\/asura.lv\/lt\/wp-json\/wp\/v2\/product_tag?post=39241"}],"curies":[{"name":"wp","href":"https:\/\/api.w.org\/{rel}","templated":true}]}}