{"id":39283,"date":"2025-11-28T22:12:01","date_gmt":"2025-11-28T22:12:01","guid":{"rendered":"https:\/\/asura.lv\/product\/white-balance-lens-cap-freewell-for-sony-e-mount\/"},"modified":"2025-12-12T15:48:26","modified_gmt":"2025-12-12T13:48:26","slug":"white-balance-lens-cap-freewell-for-sony-e-mount","status":"publish","type":"product","link":"https:\/\/asura.lv\/lt\/produktas\/white-balance-lens-cap-freewell-for-sony-e-mount\/","title":{"rendered":"Baltos spalvos balanso objektyvo dangtelis FREEWELL, skirtas \u201eSony E\u201c tvirtinimui"},"content":{"rendered":"<h3>\u201eFREEWELL\u201c baltos spalvos balanso objektyvo gaubtas, skirtas \u201eSony E\u201c<\/h3>\n<p>\u201eFrewell\u201c baltos spalvos balanso objektyvo gaubtas yra puikus pasirinkimas \u201eSony E\u201c fotoaparat\u0173 savininkams. Su juo bet kuris fotografas, nesvarbu, ar jis m\u0117g\u0117jas, ar profesionalas, gali m\u0117gautis puikia nuotrauk\u0173 kokybe net ir sud\u0117tingiausiomis ap\u0161vietimo s\u0105lygomis. Jis ne tik leid\u017eia lengvai ir greitai nustatyti baltos spalvos balans\u0105, bet ir pagerina spalv\u0173 nuoseklum\u0105 tarp kadr\u0173. Jis taip pat yra lengvas ir kompakti\u0161kas, tod\u0117l lengvai telpa \u012f bet kur\u012f fotografavimo krep\u0161\u012f.<\/p>\n<p>\n<img decoding=\"async\" border=\"0\" src=\"https:\/\/assets.innpro.pl\/8224\/9624\/1.jpg\"\/>\n<\/p>\n<h3>Tikslus spalv\u0173 kalibravimas<\/h3>\n<p>\u201eFREEWELL\u201c baltos spalvos balanso objektyvo gaubtas u\u017etikrina tiksl\u0173 spalv\u0173 kalibravim\u0105 d\u0117l novatori\u0161ko dizaino su keturiais spalv\u0173 kvadrantais: pilka, juoda ir balta. Naudodami \u0161\u012f sprendim\u0105, galite gauti nat\u016bralius ir nuoseklius atspalvius nuotraukose net ir sud\u0117tingiausiomis ap\u0161vietimo s\u0105lygomis.<\/p>\n<p>\n<img decoding=\"async\" border=\"0\" src=\"https:\/\/assets.innpro.pl\/8224\/9624\/3.jpg\"\/>\n<\/p>\n<h3>Greitieji nustatymai<\/h3>\n<p>Dabar pasirinktinio baltos spalvos balanso nustatymo procesas yra itin paprastas. Jums tereikia padaryti atskaitos nuotrauk\u0105 naudojant prie objektyvo pritvirtint\u0105 gaubt\u0105, kuris \u017eymiai pagreitina pasiruo\u0161im\u0105. \u0160i funkcija idealiai tinka profesionalams, kurie vertina greit\u012f ir efektyvum\u0105 fotosesij\u0173 metu.<\/p>\n<p>\n<img decoding=\"async\" border=\"0\" src=\"https:\/\/assets.innpro.pl\/8224\/9624\/2.jpg\"\/>\n<\/p>\n<h3>Spalv\u0173 nuoseklumas<\/h3>\n<p>FREEWELL gaubtas garantuoja spalv\u0173 nuoseklum\u0105 tarp kadr\u0173. Tai labai svarbu aplinkoje, kurioje ap\u0161vietimas da\u017enai kei\u010diasi, nes tai leid\u017eia pasiekti profesionali\u0173 rezultat\u0173, nereikia nuolat koreguoti nustatym\u0173.<\/p>\n<p>\n<img decoding=\"async\" border=\"0\" src=\"https:\/\/assets.innpro.pl\/8224\/9624\/4.jpg\"\/>\n<\/p>\n<div class=\"table-wrapper\">\n<p>B\u00a0<\/p>\n<h3><\/h3>\n<table>\n<tbody>\n<tr>\n<th>Gamintojas<\/th>\n<td>Freewell<\/td>\n<\/tr>\n<tr>\n<th>Modelis<\/th>\n<td>FW-LC-SE-CC<\/td>\n<\/tr>\n<tr>\n<th>Suderinamumas<\/th>\n<td>Sony E<\/td>\n<\/tr>\n<\/tbody>\n<\/table>\n<\/div>\n","protected":false},"excerpt":{"rendered":"<p>\u201eFREEWELL\u201c baltos spalvos balanso objektyvo gaubtas, skirtas \u201eSony E\u201c \u201eFrewell\u201c baltos spalvos balanso objektyvo gaubtas yra puikus pasirinkimas \u201eSony E\u201c fotoaparat\u0173 savininkams. Su juo bet kuris fotografas, nesvarbu, ar jis m\u0117g\u0117jas, ar profesionalas, gali m\u0117gautis puikia nuotrauk\u0173 kokybe net ir sud\u0117tingiausiomis ap\u0161vietimo s\u0105lygomis. Jis ne tik leid\u017eia lengvai ir greitai nustatyti baltos spalvos balans\u0105, bet [&#8230;]\n","protected":false},"featured_media":39284,"comment_status":"open","ping_status":"closed","template":"","meta":[],"product_brand":[491],"product_cat":[1016],"product_tag":[],"class_list":{"0":"post-39283","1":"product","2":"type-product","3":"status-publish","4":"has-post-thumbnail","6":"product_brand-freewell","7":"product_cat-for-cameras-and-camcorders","9":"first","10":"outofstock","11":"taxable","12":"shipping-taxable","13":"purchasable","14":"product-type-simple"},"aioseo_notices":[],"_links":{"self":[{"href":"https:\/\/asura.lv\/lt\/wp-json\/wp\/v2\/product\/39283","targetHints":{"allow":["GET"]}}],"collection":[{"href":"https:\/\/asura.lv\/lt\/wp-json\/wp\/v2\/product"}],"about":[{"href":"https:\/\/asura.lv\/lt\/wp-json\/wp\/v2\/types\/product"}],"replies":[{"embeddable":true,"href":"https:\/\/asura.lv\/lt\/wp-json\/wp\/v2\/comments?post=39283"}],"wp:featuredmedia":[{"embeddable":true,"href":"https:\/\/asura.lv\/lt\/wp-json\/wp\/v2\/media\/39284"}],"wp:attachment":[{"href":"https:\/\/asura.lv\/lt\/wp-json\/wp\/v2\/media?parent=39283"}],"wp:term":[{"taxonomy":"product_brand","embeddable":true,"href":"https:\/\/asura.lv\/lt\/wp-json\/wp\/v2\/product_brand?post=39283"},{"taxonomy":"product_cat","embeddable":true,"href":"https:\/\/asura.lv\/lt\/wp-json\/wp\/v2\/product_cat?post=39283"},{"taxonomy":"product_tag","embeddable":true,"href":"https:\/\/asura.lv\/lt\/wp-json\/wp\/v2\/product_tag?post=39283"}],"curies":[{"name":"wp","href":"https:\/\/api.w.org\/{rel}","templated":true}]}}