{"id":39415,"date":"2025-11-28T22:05:50","date_gmt":"2025-11-28T22:05:50","guid":{"rendered":"https:\/\/asura.lv\/product\/dust-bag-for-roidmi-eve-cc\/"},"modified":"2025-12-12T15:41:59","modified_gmt":"2025-12-12T13:41:59","slug":"dust-bag-for-roidmi-eve-cc","status":"publish","type":"product","link":"https:\/\/asura.lv\/lt\/produktas\/dust-bag-for-roidmi-eve-cc\/","title":{"rendered":"Dulki\u0173 mai\u0161elis, skirtas \u201eRoidmi EVE CC\u201c"},"content":{"rendered":"<h3>Dulki\u0173 mai\u0161elis, skirtas \u201eRoidmi EVE CC\u201c<\/h3>\n<p>\u012e komplekt\u0105 \u012feina dulki\u0173 mai\u0161elis, skirtas \u201eRoidmi EVE CC\u201c valymo roboto i\u0161tu\u0161tinimo stotelei. Jo talpa yra 3 l, tod\u0117l j\u012f galite keisti ma\u017edaug kart\u0105 per m\u0117nes\u012f.<\/p>\n<p>\n<img decoding=\"async\" border=\"0\" src=\"https:\/\/assets.innpro.pl\/9007\/10533\/1.jpg\"\/>\n<\/p>\n<div class=\"table-wrapper\">\n<p>B\u00a0<\/p>\n<h3><\/h3>\n<table>\n<tbody>\n<tr>\n<th>Gamintojas<\/th>\n<td>Roidmi<\/td>\n<\/tr>\n<tr>\n<th>Pavadinimas<\/th>\n<td>Dulki\u0173 mai\u0161elis<\/td>\n<\/tr>\n<tr>\n<th>Talpa<\/th>\n<td>3 l<\/td>\n<\/tr>\n<tr>\n<th>Tinka<\/th>\n<td>Roidmi EVE CC<\/td>\n<\/tr>\n<\/tbody>\n<\/table>\n<\/div>\n","protected":false},"excerpt":{"rendered":"<p>Dulki\u0173 mai\u0161elis, skirtas \u201eRoidmi EVE CC\u201c \u012e komplekt\u0105 \u012feina dulki\u0173 mai\u0161elis, skirtas \u201eRoidmi EVE CC\u201c valymo roboto i\u0161tu\u0161tinimo stotelei. Jo talpa yra 3 l, tod\u0117l j\u012f galite keisti ma\u017edaug kart\u0105 per m\u0117nes\u012f. B\u00a0 Gamintojas Roidmi Pavadinimas Dulki\u0173 mai\u0161elis Talpa 3 l Tinka Roidmi EVE CC<\/p>\n","protected":false},"featured_media":39416,"comment_status":"open","ping_status":"closed","template":"","meta":[],"product_brand":[582],"product_cat":[1430],"product_tag":[],"class_list":{"0":"post-39415","1":"product","2":"type-product","3":"status-publish","4":"has-post-thumbnail","6":"product_brand-roidmi","7":"product_cat-spare-parts","9":"first","10":"outofstock","11":"taxable","12":"shipping-taxable","13":"purchasable","14":"product-type-simple"},"aioseo_notices":[],"_links":{"self":[{"href":"https:\/\/asura.lv\/lt\/wp-json\/wp\/v2\/product\/39415","targetHints":{"allow":["GET"]}}],"collection":[{"href":"https:\/\/asura.lv\/lt\/wp-json\/wp\/v2\/product"}],"about":[{"href":"https:\/\/asura.lv\/lt\/wp-json\/wp\/v2\/types\/product"}],"replies":[{"embeddable":true,"href":"https:\/\/asura.lv\/lt\/wp-json\/wp\/v2\/comments?post=39415"}],"wp:featuredmedia":[{"embeddable":true,"href":"https:\/\/asura.lv\/lt\/wp-json\/wp\/v2\/media\/39416"}],"wp:attachment":[{"href":"https:\/\/asura.lv\/lt\/wp-json\/wp\/v2\/media?parent=39415"}],"wp:term":[{"taxonomy":"product_brand","embeddable":true,"href":"https:\/\/asura.lv\/lt\/wp-json\/wp\/v2\/product_brand?post=39415"},{"taxonomy":"product_cat","embeddable":true,"href":"https:\/\/asura.lv\/lt\/wp-json\/wp\/v2\/product_cat?post=39415"},{"taxonomy":"product_tag","embeddable":true,"href":"https:\/\/asura.lv\/lt\/wp-json\/wp\/v2\/product_tag?post=39415"}],"curies":[{"name":"wp","href":"https:\/\/api.w.org\/{rel}","templated":true}]}}