{"id":39505,"date":"2025-11-28T22:05:41","date_gmt":"2025-11-28T22:05:41","guid":{"rendered":"https:\/\/asura.lv\/product\/joyroom-pn-15b2-glacier-case-for-iphone-15-pro-clear\/"},"modified":"2025-12-12T15:41:52","modified_gmt":"2025-12-12T13:41:52","slug":"joyroom-pn-15b2-glacier-case-for-iphone-15-pro-clear","status":"publish","type":"product","link":"https:\/\/asura.lv\/lt\/produktas\/joyroom-pn-15b2-glacier-case-for-iphone-15-pro-clear\/","title":{"rendered":"\u201eJoyroom PN-15B2 Glacier\u201c d\u0117klas, skirtas \u201eiPhone 15 Pro\u201c (skaidrus)"},"content":{"rendered":"<h3>\u201eJoyroom PN-15B2 Glacier\u201c d\u0117klas, skirtas \u201eiPhone 15 Pro\u201c (skaidrus).<\/h3>\n<\/p>\n<p>\u012ene\u0161kite \u012f savo gyvenim\u0105 elegancijos su \u201eJoyroom\u201c. \u201eGlacier\u201c serijos d\u0117klas i\u0161siskiria blizgiais kristalais, kurie tiksliai i\u0161d\u0117styti telefono objektyve. Jo konstrukcijai buvo naudojamos auk\u0161tos kokyb\u0117s med\u017eiagos, u\u017etikrinan\u010dios atsparum\u0105 d\u0117v\u0117jimosi \u017eym\u0117ms, tod\u0117l j\u016bs\u0173 \u201eiPhone 15 Pro\u201c visada atrodys esteti\u0161kai patraukliai.<\/p>\n<\/p>\n<p>\n<img decoding=\"async\" border=\"0\" src=\"https:\/\/assets.innpro.pl\/4746\/5495\/3.jpg\"\/>\n<\/p>\n<h3>Auk\u0161tos kokyb\u0117s kristalai<\/h3>\n<\/p>\n<p>\u201eJoyroom Glacier\u201c d\u0117kl\u0105 \u012fkv\u0117p\u0117 ledyn\u0173 gro\u017eis. Atrinkti blizg\u016bs kristalai, puo\u0161iantys aksesuar\u0105, yra i\u0161 tos pa\u010dios gamyklos, kaip ir garsieji \u201eSwarovski\u201c kristalai. D\u0117l rankini\u0173 intarsij\u0173 ir pa\u017eangi\u0173 technik\u0173 naudojimo kiekviena detal\u0117 buvo i\u0161tobulinta.<\/p>\n<\/p>\n<p>\n<img decoding=\"async\" border=\"0\" src=\"https:\/\/assets.innpro.pl\/4746\/5495\/5.jpg\"\/>\n<\/p>\n<h3>Patvarios med\u017eiagos<\/h3>\n<\/p>\n<p>\u201eJoyroom Glacier\u201c korpuso gamyboje buvo naudojamos voki\u0161kos \u201eBayer\u201c med\u017eiagos, kurios u\u017etikrino patvarum\u0105 ir atsparum\u0105 pageltimui. Novatori\u0161ka AR danga, pagaminta naudojant nanotechnologijas, kartu su oleofobine danga apsaugo nuo riebal\u0173 ir pir\u0161t\u0173 atspaud\u0173 \u017eymi\u0173 \u2013 d\u0117l to aksesuaras visada atrodo esteti\u0161kai patraukliai.<\/p>\n<\/p>\n<p>\n<img decoding=\"async\" border=\"0\" src=\"https:\/\/assets.innpro.pl\/4746\/5495\/1.jpg\"\/>\n<\/p>\n<div class=\"table-wrapper\">\n<p>B\u00a0<\/p>\n<h3><\/h3>\n<table>\n<tbody>\n<tr>\n<th>Gamintojas<\/th>\n<td>Joyroom<\/td>\n<\/tr>\n<tr>\n<th>Modelis<\/th>\n<td>PN-15B2<\/td>\n<\/tr>\n<tr>\n<th>Serija<\/th>\n<td>Glacier<\/td>\n<\/tr>\n<tr>\n<th>Suderinamumas<\/th>\n<td>iPhone 15 Pro<\/td>\n<\/tr>\n<tr>\n<th>Spalva<\/th>\n<td>skaidrus<\/td>\n<\/tr>\n<\/tbody>\n<\/table>\n<\/div>\n","protected":false},"excerpt":{"rendered":"<p>\u201eJoyroom PN-15B2 Glacier\u201c d\u0117klas, skirtas \u201eiPhone 15 Pro\u201c (skaidrus). \u012ene\u0161kite \u012f savo gyvenim\u0105 elegancijos su \u201eJoyroom\u201c. \u201eGlacier\u201c serijos d\u0117klas i\u0161siskiria blizgiais kristalais, kurie tiksliai i\u0161d\u0117styti telefono objektyve. Jo konstrukcijai buvo naudojamos auk\u0161tos kokyb\u0117s med\u017eiagos, u\u017etikrinan\u010dios atsparum\u0105 d\u0117v\u0117jimosi \u017eym\u0117ms, tod\u0117l j\u016bs\u0173 \u201eiPhone 15 Pro\u201c visada atrodys esteti\u0161kai patraukliai. Auk\u0161tos kokyb\u0117s kristalai \u201eJoyroom Glacier\u201c d\u0117kl\u0105 \u012fkv\u0117p\u0117 ledyn\u0173 [&#8230;]\n","protected":false},"featured_media":39506,"comment_status":"open","ping_status":"closed","template":"","meta":[],"product_brand":[443],"product_cat":[1250],"product_tag":[],"class_list":{"0":"post-39505","1":"product","2":"type-product","3":"status-publish","4":"has-post-thumbnail","6":"product_brand-joyroom","7":"product_cat-protective-cases-for-smartphones-cases-gsm-accessories","9":"first","10":"outofstock","11":"taxable","12":"shipping-taxable","13":"purchasable","14":"product-type-simple"},"aioseo_notices":[],"_links":{"self":[{"href":"https:\/\/asura.lv\/lt\/wp-json\/wp\/v2\/product\/39505","targetHints":{"allow":["GET"]}}],"collection":[{"href":"https:\/\/asura.lv\/lt\/wp-json\/wp\/v2\/product"}],"about":[{"href":"https:\/\/asura.lv\/lt\/wp-json\/wp\/v2\/types\/product"}],"replies":[{"embeddable":true,"href":"https:\/\/asura.lv\/lt\/wp-json\/wp\/v2\/comments?post=39505"}],"wp:featuredmedia":[{"embeddable":true,"href":"https:\/\/asura.lv\/lt\/wp-json\/wp\/v2\/media\/39506"}],"wp:attachment":[{"href":"https:\/\/asura.lv\/lt\/wp-json\/wp\/v2\/media?parent=39505"}],"wp:term":[{"taxonomy":"product_brand","embeddable":true,"href":"https:\/\/asura.lv\/lt\/wp-json\/wp\/v2\/product_brand?post=39505"},{"taxonomy":"product_cat","embeddable":true,"href":"https:\/\/asura.lv\/lt\/wp-json\/wp\/v2\/product_cat?post=39505"},{"taxonomy":"product_tag","embeddable":true,"href":"https:\/\/asura.lv\/lt\/wp-json\/wp\/v2\/product_tag?post=39505"}],"curies":[{"name":"wp","href":"https:\/\/api.w.org\/{rel}","templated":true}]}}