{"id":39739,"date":"2025-11-28T22:05:21","date_gmt":"2025-11-28T22:05:21","guid":{"rendered":"https:\/\/asura.lv\/product\/smart-wifi-touch-wall-switch-sonoff-tx-t5-2c-2-channel\/"},"modified":"2025-12-12T15:41:37","modified_gmt":"2025-12-12T13:41:37","slug":"smart-wifi-touch-wall-switch-sonoff-tx-t5-2c-2-channel","status":"publish","type":"product","link":"https:\/\/asura.lv\/lt\/produktas\/smart-wifi-touch-wall-switch-sonoff-tx-t5-2c-2-channel\/","title":{"rendered":"I\u0161manusis WiFi jutiklinis sieninis jungiklis \u201eSonoff TX T5 2C\u201c (2 kanal\u0173)"},"content":{"rendered":"<h3>I\u0161manusis \u201eWi-Fi\u201c jutiklinis sieninis jungiklis \u201eSonoff TX T5 2C\u201c (2 kanal\u0173)<\/h3>\n<p>Sukurkite i\u0161maniuosius namus su \u201eSonoff\u201c. \u201eTX T5 2C\u201c yra dviej\u0173 kanal\u0173 sieninis jungiklis, leid\u017eiantis patogiai valdyti ap\u0161vietim\u0105. J\u012f taip pat galite valdyti nuotoliniu b\u016bdu naudodami balso komandas arba \u201eeWeLink\u201c program\u0117l\u0119. Be to, gaminys turi laikma\u010dio funkcij\u0105 ir spalving\u0105 LED fonin\u012f ap\u0161vietim\u0105, kur\u012f galite pritaikyti pagal savo poreikius. Taip pat galite suasmeninti jungiklio i\u0161vaizd\u0105 naudodami spalvingas plok\u0161tes (nepridedamos).<\/p>\n<p><img decoding=\"async\" src=\"https:\/\/assets.innpro.pl\/4082\/4538\/1 \u2014 kopija.jpg\" border=\"0\" alt=\"\"><\/p>\n<h3>Balso valdymas<\/h3>\n<p>Norite i\u0161jungti \u0161viesas svetain\u0117je neatsikeldami nuo sofos? Su \u201eSonoff TX T5 2C\u201c tai ne problema. Sieninis jungiklis veikia su tokiais asistentais kaip \u201eAmazon Alexa\u201c, \u201eGoogle Home\u201c ir \u201eAlice\u201c. Tereikia paprastos balso komandos \u2013 jums nebereikia pertraukti m\u0117gstamos laidos.<\/p>\n<p><img decoding=\"async\" src=\"https:\/\/assets.innpro.pl\/4082\/4538\/4 \u2014 kopija.jpg\" border=\"0\" alt=\"\"><\/p>\n<h3>Dvikryptis ap\u0161vietimo valdymas<\/h3>\n<p>Jungikl\u012f galima naudoti kaip \u201eeWeLink\u201c \u0161liuz\u0105. Tai leid\u017eia kurti i\u0161mani\u0105sias scenas. leid\u017eia tiek TX T5 2C, tiek R5 arba S-MATE (nepridedami) valdyti vieno \u0161viestuvo veikim\u0105. Pasinaudokite \u201eSonoff\u201c si\u016blomomis galimyb\u0117mis be nereikalingo laid\u0173 jungimo.<\/p>\n<p><img decoding=\"async\" src=\"https:\/\/assets.innpro.pl\/4082\/4538\/2 \u0412\u201d kopija.jpg\" border=\"0\" alt=\"\"><\/p>\n<h3>Papildomos funkcijos<\/h3>\n<p>Jungiklis turi \u012fmontuot\u0105 laikmat\u012f, kuris leid\u017eia reguliuoti laik\u0105, kada \u0161viesa automati\u0161kai i\u0161sijungs, ir bus \u012fjungtas spalvingas foninis ap\u0161vietimas aplink jungikl\u012f. Tai leid\u017eia lengvai rasti \u012frengin\u012f sutemus. Be to, yra galimyb\u0117 \u012fjungti i\u0161mani\u0105sias scenas, o \u012fmontuotas garsiakalbis leid\u017eia jungikliui veikti kaip dur\u0173 skambu\u010diui \u2013 \u0161iam tikslui reikalingas \u201eSonoff SNZB-01\u201c.<\/p>\n<p><img decoding=\"async\" src=\"https:\/\/assets.innpro.pl\/4082\/4538\/6 \u2014\u201d kopija.jpg\" border=\"0\" alt=\"\"><\/p>\n<h3>Jutiklinis skydelis ir spalvingas foninis ap\u0161vietimas<\/h3>\n<p>\u201eSonoff TX T5 2C\u201c turi du mygtukus, tod\u0117l galite patogiai \u012fjungti, pavyzd\u017eiui, \u0161vies\u0105. \u012erenginys signalizuos apie komand\u0105 garso signalu ir \u0161velnia vibracija. Be to, jis si\u016blo 8 spalvingo foninio ap\u0161vietimo tipus, \u012fskaitant vakar\u0117lio, nakties \u0161viesos ir spalv\u0173 re\u017eimus. Pasirinkite jums tinkamiausi\u0105.<\/p>\n<p><img decoding=\"async\" src=\"https:\/\/assets.innpro.pl\/4082\/4538\/3 \u0d02\u201d kopija.jpg\" border=\"0\" alt=\"\"><\/p>\n<h3>\u012e komplekt\u0105 \u012feina<\/h3>\n<ul>\n<li>Jungiklis<\/li>\n<li>Var\u017etai x2<\/li>\n<li>Naudotojo vadovas<\/li>\n<\/ul>\n<div class=\"table-wrapper\">\n<p>&nbsp;<\/p>\n<h3><\/h3>\n<table>\n<tbody>\n<tr>\n<th>Gamintojas<\/th>\n<td>Sonoff<\/td>\n<\/tr>\n<tr>\n<th>Modelis<\/th>\n<td>TX T5 2C <\/td>\n<\/tr>\n<tr>\n<th>Kanal\u0173 skai\u010dius<\/th>\n<td>2<\/td>\n<\/tr>\n<tr>\n<th>\u012e\u0117jimo \/ i\u0161\u0117jimo \u012ftampa<\/th>\n<td>100\u2013240 V ~ 50\/60 Hz maks. 10 A<\/td>\n<\/tr>\n<tr>\n<th>Galia<\/th>\n<td>1200 W maks. (240 V) vienam kanalui, 2400 W bendra<\/td>\n<\/tr>\n<tr>\n<th>\u0160viesos diod\u0173 apkrova<\/th>\n<td>150 W maks. (240 V) vienam kanalui \/ 75 W maks. (100 V) vienam kanalui<\/td>\n<\/tr>\n<tr>\n<th>\u201eWi-Fi\u201c<\/th>\n<td>IEEE 802.11 b\/g\/n 2,4 GHz<\/td>\n<\/tr>\n<tr>\n<th>Spalva<\/th>\n<td>Balta<\/td>\n<\/tr>\n<tr>\n<th>Med\u017eiaga<\/th>\n<td>PC, CRS<\/td>\n<\/tr>\n<tr>\n<th>Matmenys<\/th>\n<td>86 x 86 x 39 mm<\/td>\n<\/tr>\n<tr>\n<th>Svoris<\/th>\n<td>168,5 g<\/td>\n<\/tr>\n<tr>\n<th>Veikimo Sistemos<\/th>\n<td>iOS, \u201eAndroid\u201c<\/td>\n<\/tr>\n<tr>\n<th>\u201eBluetooth\u201c<\/th>\n<td>4.2<\/td>\n<\/tr>\n<tr>\n<th>Program\u0117l\u0117<\/th>\n<td>eWeLink<\/td>\n<\/tr>\n<tr>\n<th>Balso valdymas<\/th>\n<td>\u201eAmazon Alexa\u201c, \u201eGoogle Home\u201c, \u201eAlice\u201c<\/td>\n<\/tr>\n<\/tbody>\n<\/table>\n<\/div>\n","protected":false},"excerpt":{"rendered":"<p>I\u0161manusis \u201eWi-Fi\u201c jutiklinis sieninis jungiklis \u201eSonoff TX T5 2C\u201c (2 kanal\u0173) Sukurkite i\u0161maniuosius namus su \u201eSonoff\u201c. \u201eTX T5 2C\u201c yra dviej\u0173 kanal\u0173 sieninis jungiklis, leid\u017eiantis patogiai valdyti ap\u0161vietim\u0105. J\u012f taip pat galite valdyti nuotoliniu b\u016bdu naudodami balso komandas arba \u201eeWeLink\u201c program\u0117l\u0119. Be to, gaminys turi laikma\u010dio funkcij\u0105 ir spalving\u0105 LED fonin\u012f ap\u0161vietim\u0105, kur\u012f galite pritaikyti [&#8230;]\n","protected":false},"featured_media":39740,"comment_status":"open","ping_status":"closed","template":"","meta":[],"product_brand":[203],"product_cat":[932],"product_tag":[],"class_list":{"0":"post-39739","1":"product","2":"type-product","3":"status-publish","4":"has-post-thumbnail","6":"product_brand-sonoff","7":"product_cat-switches","9":"first","10":"outofstock","11":"taxable","12":"shipping-taxable","13":"purchasable","14":"product-type-simple"},"aioseo_notices":[],"_links":{"self":[{"href":"https:\/\/asura.lv\/lt\/wp-json\/wp\/v2\/product\/39739","targetHints":{"allow":["GET"]}}],"collection":[{"href":"https:\/\/asura.lv\/lt\/wp-json\/wp\/v2\/product"}],"about":[{"href":"https:\/\/asura.lv\/lt\/wp-json\/wp\/v2\/types\/product"}],"replies":[{"embeddable":true,"href":"https:\/\/asura.lv\/lt\/wp-json\/wp\/v2\/comments?post=39739"}],"wp:featuredmedia":[{"embeddable":true,"href":"https:\/\/asura.lv\/lt\/wp-json\/wp\/v2\/media\/39740"}],"wp:attachment":[{"href":"https:\/\/asura.lv\/lt\/wp-json\/wp\/v2\/media?parent=39739"}],"wp:term":[{"taxonomy":"product_brand","embeddable":true,"href":"https:\/\/asura.lv\/lt\/wp-json\/wp\/v2\/product_brand?post=39739"},{"taxonomy":"product_cat","embeddable":true,"href":"https:\/\/asura.lv\/lt\/wp-json\/wp\/v2\/product_cat?post=39739"},{"taxonomy":"product_tag","embeddable":true,"href":"https:\/\/asura.lv\/lt\/wp-json\/wp\/v2\/product_tag?post=39739"}],"curies":[{"name":"wp","href":"https:\/\/api.w.org\/{rel}","templated":true}]}}