{"id":39787,"date":"2025-11-28T22:05:17","date_gmt":"2025-11-28T22:05:17","guid":{"rendered":"https:\/\/asura.lv\/product\/charger-b6ac-neo\/"},"modified":"2025-12-12T15:41:34","modified_gmt":"2025-12-12T13:41:34","slug":"charger-b6ac-neo","status":"publish","type":"product","link":"https:\/\/asura.lv\/lt\/produktas\/charger-b6ac-neo\/","title":{"rendered":"\u012ekroviklis B6AC Neo"},"content":{"rendered":"<h3>\u012ekroviklis B6AC Neo<\/h3>\n<\/p>\n<p>\u201eSkyRC B6AC Neo\u201c \u012fkroviklis nustebins jus savo did\u017eiul\u0117mis galimyb\u0117mis. Jis gali \u012fkrauti iki 200 vat\u0173 (nuolatin\u0117s srov\u0117s) arba 60 vat\u0173 (kintamosios srov\u0117s) galios baterijas, taip pat jas i\u0161krauti ir steb\u0117ti j\u0173 b\u016bkl\u0119. Jis i\u0161siskiria \u012fsp\u016bdingu na\u0161umu ir tyliu veikimu, o d\u0117l GaN technologijos naudojimo yra itin kompakti\u0161kas, tod\u0117l j\u012f daug lengviau transportuoti. \u012erenginys taip pat puikiai tiks kaip \u012fprastas i\u0161maniojo telefono ar ne\u0161iojamojo kompiuterio \u012fkroviklis \u2013 jis u\u017etikrins iki 65 vat\u0173 gali\u0105.<\/p>\n<\/p>\n<p>\n<img decoding=\"async\" border=\"0\" src=\"https:\/\/assets.innpro.pl\/4041\/4496\/2.jpg\"\/>\n<\/p>\n<h3>Inovatyvi GaN technologija \u2013 didelis na\u0161umas, ma\u017eas dydis<\/h3>\n<\/p>\n<p>\u012ekroviklyje naudojama inovatyvi GaN technologija, tod\u0117l jame derinamas didelis na\u0161umas, efektyvus \u0161ilumos i\u0161sklaidymas ir kompakti\u0161kas dizainas. \u012erenginys yra ma\u017eesnis nei standartin\u0117 kreditin\u0117 kortel\u0117, tod\u0117l j\u012f patogu ir be r\u016bpes\u010di\u0173 transportuoti. J\u012f galite ne\u0161iotis su savimi visada!<\/p>\n<\/p>\n<p>\n<img decoding=\"async\" border=\"0\" src=\"https:\/\/assets.innpro.pl\/4041\/4496\/9.jpg\"\/>\n<\/p>\n<h3>\u012esp\u016bdinga galia<\/h3>\n<\/p>\n<p>Pamir\u0161kite ilg\u0105 laukim\u0105, kol j\u016bs\u0173 baterijos bus \u012fkrautos. Kai \u012fkroviklis maitinamas nuolatine srove (DC), jis tiekia iki 200 vat\u0173 galios, tod\u0117l \u012fkrovimo laik\u0105 galite sutrumpinti iki ma\u017edaug 10 minu\u010di\u0173. Kita vertus, jei naudojate kintam\u0105j\u0105 srov\u0119 (AC), \u012frenginio galia bus maksimali 60 vat\u0173. Tai leis jums \u012fkrauti baterij\u0105 ma\u017edaug per 20 minu\u010di\u0173! Be to, XT60 nuolatin\u0117s srov\u0117s s\u0105saja ir suderinamumas su 100\u2013240 V AC suteikia daugiau lankstumo ir laisv\u0117s. Pastaba: matavimai buvo atlikti kraunant 6S LiPo baterij\u0105, kurios talpa 1300 mAh.<\/p>\n<\/p>\n<p>\n<img decoding=\"async\" border=\"0\" src=\"https:\/\/assets.innpro.pl\/4041\/4496\/6.jpg\"\/>\n<\/p>\n<h3>I\u0161kraukite baterij\u0105 per kelias akimirkas<\/h3>\n<\/p>\n<p>Reikia greitai i\u0161krauti baterij\u0105? Joki\u0173 problem\u0173 \u2013 B6AC Neo \u012fkroviklis turi special\u0173 prievad\u0105 efektyviam ir veiksmingam i\u0161krovimui. Kartu su pagrindiniu prievadu jis u\u017etikrina iki 19 vat\u0173 galios. K\u0105 tai rei\u0161kia prakti\u0161kai? Pavyzd\u017eiui, 1300 mAh LiPo 6S baterijai i\u0161krauti reikia tik apie 1,5 valandos. Ta\u010diau atminkite, kad jei nuspr\u0119site naudoti tik pagrindin\u012f prievad\u0105, galia bus apribota iki 5 vat\u0173.<\/p>\n<\/p>\n<p>\n<img decoding=\"async\" border=\"0\" src=\"https:\/\/assets.innpro.pl\/4041\/4496\/8.jpg\"\/>\n<\/p>\n<h3>Patikrinkite akumuliatori\u0173 b\u016bkl\u0119<\/h3>\n<\/p>\n<p>Akumuliatori\u0173 b\u016bkl\u0117s steb\u0117jimas ir tinkama j\u0173 prie\u017ei\u016bra yra raktas \u012f j\u0173 tarnavimo laiko prailginim\u0105 ir saugaus naudojimo u\u017etikrinim\u0105. \u201eSkyRC B6AC Neo\u201c \u012fkroviklis jums pad\u0117s tai padaryti! Jo pagalba galite lengvai patikrinti element\u0173 \u012ftamp\u0105 ir balans\u0105. Tokiu b\u016bdu visada \u017einosite, ar j\u016bs\u0173 akumuliatori\u0173 reikia \u012fkrauti, i\u0161krauti ar subalansuoti! Pastaba: \u012ftampos ir balanso matavimo funkcija galima LiPo, LiHV, LiFe ir LiIon akumuliatoriams.<\/p>\n<\/p>\n<p>\n<img decoding=\"async\" border=\"0\" src=\"https:\/\/assets.innpro.pl\/4041\/4496\/3.jpg\"\/>\n<\/p>\n<h3>Universalus \u012fkroviklis ir skaitmeninis maitinimo \u0161altinis<\/h3>\n<\/p>\n<p>Su \u201eSkyRC B6AC Neo\u201c \u012fkrovikliu \u012fkrausite ne tik savo akumuliatorius, bet ir, pavyzd\u017eiui, i\u0161man\u0173j\u012f telefon\u0105, ne\u0161iojam\u0105j\u012f kompiuter\u012f ar \u201eNintendo Switch\u201c konsol\u0119. \u012erenginyje yra papildomas USB-C prievadas, palaikantis PD 65 W greit\u0105j\u012f \u012fkrovim\u0105. Tai leid\u017eia j\u016bs\u0173 \u012frang\u0105 paleisti veikti akimirksniu! Be to, \u201eB6AC Neo\u201c pasiteisins kaip skaitmeninis maitinimo \u0161altinis \u2013 jis si\u016blo optimali\u0105 2\u201327 V \u012ftamp\u0105 su 0,1 V \u017eingsniais ir reguliuojam\u0105 1\u201310 A srov\u0119.<\/p>\n<\/p>\n<p>\n<img decoding=\"async\" border=\"0\" src=\"https:\/\/assets.innpro.pl\/4041\/4496\/5.jpg\"\/>\n<\/p>\n<h3>Na\u0161umas ir saugumas<\/h3>\n<\/p>\n<p>\u012ekroviklis naudoja patentuot\u0105 lygintuvo grandin\u0119, kad efektyviai konvertuot\u0173 nuolatin\u0119 srov\u0119 ir b\u016bt\u0173 u\u017etikrintas saugus maitinimo tiekimas. Jis taip pat turi \u012fmontuot\u0105 MCU, kuris tiksliai valdo \u012fkrovim\u0105, kad suma\u017eint\u0173 energijos nuostolius. Papildomas jo privalumas \u2013 pa\u017eangi apsaugos sistema nuo trumpojo jungimo, perkaitimo ir vir\u0161\u012ftampio, be kita ko. Taigi galite m\u0117gautis ne tik na\u0161umu, bet ir saugumu!<\/p>\n<\/p>\n<p>\n<img decoding=\"async\" border=\"0\" src=\"https:\/\/assets.innpro.pl\/4041\/4496\/7.jpg\"\/>\n<\/p>\n<h3>Patogu naudoti<\/h3>\n<\/p>\n<p>Patogiai valdyti \u012fkrovikl\u012f \u012fmanoma d\u0117l \u012fmontuoto ekrano su nauja \u201eColorX\u201c s\u0105saja, kurioje yra ai\u0161kus, reaguojantis meniu ir specialiai sukurtos, lengvai skaitomos piktogramos. Be to, galite rinktis i\u0161 net 5 kalb\u0173 \u2013 angl\u0173, oland\u0173, pranc\u016bz\u0173, kin\u0173 ir japon\u0173. Taip pat verta pamin\u0117ti tyl\u0173 \u012frenginio veikim\u0105 \u2013 net ir esant pilnai apkrovai jo ventiliatori\u0173 garsumo lygis yra tik apie 48 dB. Nebijokite erzinan\u010dio triuk\u0161mo! Taip pat yra speciali \u201eCharger Master\u201c program\u0117l\u0117, kuri, be kita ko, leid\u017eia patogiai atnaujinti \u012fkroviklio programin\u0119 \u012frang\u0105 \u2013 tiesiog prijunkite j\u012f prie kompiuterio per USB-C prievad\u0105.<\/p>\n<\/p>\n<p>\n<img decoding=\"async\" border=\"0\" src=\"https:\/\/assets.innpro.pl\/4041\/4496\/4.jpg\"\/>\n<\/p>\n<div class=\"table-wrapper\">\n<p>B\u00a0<\/p>\n<h3><\/h3>\n<table>\n<tbody>\n<tr>\n<th>Gamintojas<\/th>\n<td>SkyRC<\/td>\n<\/tr>\n<tr>\n<th>Pavadinimas<\/th>\n<td>B6AC Neo<\/td>\n<\/tr>\n<tr>\n<th>Modelis<\/th>\n<td>SK-100200<\/td>\n<\/tr>\n<tr>\n<th>Spalva<\/th>\n<td>Juoda<\/td>\n<\/tr>\n<tr>\n<th>Ekranas<\/th>\n<td>TN<\/td>\n<\/tr>\n<tr>\n<th>Ekrano \u012fstri\u017eain\u0117<\/th>\n<td>1,77 colio<\/td>\n<\/tr>\n<tr>\n<th>Aktyvus ekrano plotas<\/th>\n<td>28,03 x 35,04 mm<\/td>\n<\/tr>\n<tr>\n<th>Ekrano rai\u0161ka<\/th>\n<td>128x160p<\/td>\n<\/tr>\n<tr>\n<th>Ekrano spalv\u0173 skai\u010dius<\/th>\n<td>262 t\u016bkst.<\/td>\n<\/tr>\n<tr>\n<th>Kintamosios srov\u0117s \u012f\u0117jimo \u012ftampa<\/th>\n<td>100 V &#8211; 240 V 50\/60 Hz<\/td>\n<\/tr>\n<tr>\n<th>Nuolatin\u0117s srov\u0117s \u012f\u0117jimo \u012ftampa<\/th>\n<td>10-30 V<\/td>\n<\/tr>\n<tr>\n<th>\u012ekrovimo galia<\/th>\n<td>Nuolatin\u0117 srov\u0117: 200 W; Kintamoji srov\u0117: 60 W; QC3.0 \/ PD: 5 V \u00d7 3 A, 9 V \u00d7 3 A, 12 V \u00d7 3 A, 20 V \u00d7 3,25 A, maks. 65 W;<\/td>\n<\/tr>\n<tr>\n<th>I\u0161krovimo galia<\/th>\n<td>19 W (esant 6S, 4,2 V \/ S)<\/td>\n<\/tr>\n<tr>\n<th>Suderinamos baterijos<\/th>\n<td>LiPo \/ LiFe \/ LiIon \/ LiHV: 1\u20136 celi\u0173; NiMH \/ NiCd: 1\u201315 celi\u0173; Pb: 3S \/ 6S;<\/td>\n<\/tr>\n<tr>\n<th>\u012ekrovimo intensyvumas<\/th>\n<td>LiPo \/ LiFe \/ LiIon \/ LiHV \/ NiMH \/ NiCd \/ Pb: 0,2\u201310 A;<\/td>\n<\/tr>\n<tr>\n<th>I\u0161krovimo intensyvumas<\/th>\n<td>LiPo \/ LiFe \/ LiIon \/ LiHV \/ NiMH \/ NiCd \/ Pb: 0,1\u20130,2 A;<\/td>\n<\/tr>\n<tr>\n<th>Balansavimo srov\u0117<\/th>\n<td>LiPo \/ LiFe \/ LiIon \/ LiHV: maks. 500 A;<\/td>\n<\/tr>\n<tr>\n<th>Savyb\u0117s<\/th>\n<td>LiPo \/ LiFe \/ LiIon \/ LiHV: Balansinis \u012fkrovimas, \u012fkrovimas, kaupimas, i\u0161krovimas;<br \/>NiMH \/ NiCd: \u012fkrovimas, pakartotinis piko su\u017eadinimas, CYCLE_C_D, CYCLE_D_C, i\u0161krovimas;<br \/> Pb: \u012eprastas, AGM \u012fkrovimas, \u0161altas \u012fkrovimas, i\u0161krovimas;<\/td>\n<\/tr>\n<tr>\n<th>Med\u017eiaga<\/th>\n<td>PC-ABS V0<\/td>\n<\/tr>\n<tr>\n<th>Matmenys<\/th>\n<td>70,6 x 50,6 x 46 mm<\/td>\n<\/tr>\n<tr>\n<th>Svoris<\/th>\n<td>150 g<\/td>\n<\/tr>\n<\/tbody>\n<\/table>\n<\/div>\n","protected":false},"excerpt":{"rendered":"<p>\u012ekroviklis B6AC Neo \u201eSkyRC B6AC Neo\u201c \u012fkroviklis nustebins jus savo did\u017eiul\u0117mis galimyb\u0117mis. Jis gali \u012fkrauti iki 200 vat\u0173 (nuolatin\u0117s srov\u0117s) arba 60 vat\u0173 (kintamosios srov\u0117s) galios baterijas, taip pat jas i\u0161krauti ir steb\u0117ti j\u0173 b\u016bkl\u0119. Jis i\u0161siskiria \u012fsp\u016bdingu na\u0161umu ir tyliu veikimu, o d\u0117l GaN technologijos naudojimo yra itin kompakti\u0161kas, tod\u0117l j\u012f daug lengviau transportuoti. [&#8230;]\n","protected":false},"featured_media":39788,"comment_status":"open","ping_status":"closed","template":"","meta":[],"product_brand":[82],"product_cat":[1439],"product_tag":[],"class_list":{"0":"post-39787","1":"product","2":"type-product","3":"status-publish","4":"has-post-thumbnail","6":"product_brand-skyrc","7":"product_cat-chargers","9":"first","10":"outofstock","11":"taxable","12":"shipping-taxable","13":"purchasable","14":"product-type-simple"},"aioseo_notices":[],"_links":{"self":[{"href":"https:\/\/asura.lv\/lt\/wp-json\/wp\/v2\/product\/39787","targetHints":{"allow":["GET"]}}],"collection":[{"href":"https:\/\/asura.lv\/lt\/wp-json\/wp\/v2\/product"}],"about":[{"href":"https:\/\/asura.lv\/lt\/wp-json\/wp\/v2\/types\/product"}],"replies":[{"embeddable":true,"href":"https:\/\/asura.lv\/lt\/wp-json\/wp\/v2\/comments?post=39787"}],"wp:featuredmedia":[{"embeddable":true,"href":"https:\/\/asura.lv\/lt\/wp-json\/wp\/v2\/media\/39788"}],"wp:attachment":[{"href":"https:\/\/asura.lv\/lt\/wp-json\/wp\/v2\/media?parent=39787"}],"wp:term":[{"taxonomy":"product_brand","embeddable":true,"href":"https:\/\/asura.lv\/lt\/wp-json\/wp\/v2\/product_brand?post=39787"},{"taxonomy":"product_cat","embeddable":true,"href":"https:\/\/asura.lv\/lt\/wp-json\/wp\/v2\/product_cat?post=39787"},{"taxonomy":"product_tag","embeddable":true,"href":"https:\/\/asura.lv\/lt\/wp-json\/wp\/v2\/product_tag?post=39787"}],"curies":[{"name":"wp","href":"https:\/\/api.w.org\/{rel}","templated":true}]}}