{"id":39823,"date":"2025-11-28T21:12:24","date_gmt":"2025-11-28T21:12:24","guid":{"rendered":"https:\/\/asura.lv\/product\/darkflash-dk431-mesh-computer-case-white\/"},"modified":"2025-12-12T15:41:32","modified_gmt":"2025-12-12T13:41:32","slug":"darkflash-dk431-mesh-computer-case-white","status":"publish","type":"product","link":"https:\/\/asura.lv\/lt\/produktas\/darkflash-dk431-mesh-computer-case-white\/","title":{"rendered":"\u201eDarkflash DK431 MESH\u201c kompiuterio korpusas (baltas)"},"content":{"rendered":"<h3>\u201eDarkflash DK431 MESH\u201c kompiuterio korpusas (baltas)<\/h3>\n<p>Su \u201eDarkflash DK431 Mesh\u201c kompiuterio korpusu galite lengvai sukurti aparatin\u0117s \u012frangos konfig\u016bracij\u0105, kurioje m\u0117gausit\u0117s \u017eaidimais ar darbu. Gaminys turi \u012fvairius prievadus, tokius kaip USB 3.0 ir 2.0, o jo gamyboje naudojamos auk\u0161tos kokyb\u0117s med\u017eiagos. Skaidrus, atidaromas \u0161oninis skydelis ne tik palengvins komponent\u0173 keitim\u0105, bet ir leis pasiekti \u012fdomi\u0173 vaizdini\u0173 efekt\u0173, pavyzd\u017eiui, kartu su RGB ventiliatoriais.<\/p>\n<p>\n<img decoding=\"async\" alt=\"\" border=\"0\" src=\"https:\/\/assets.innpro.pl\/4653\/5379\/9 \u2014 kopija.jpg\"\/>\n<\/p>\n<h3>Stilingas ir funkcionalus<\/h3>\n<p>Korpuso \u0161oninis skydelis turi prakti\u0161kus vyrius, tod\u0117l j\u012f lengva atidaryti norint pakeisti komponentus arba i\u0161valyti aparatin\u0119 \u012frang\u0105. Jo konstrukcijai buvo naudojamas gr\u016bdintas stiklas, kuris leid\u017eia matyti viduje esan\u010dius komponentus \u2013 pavyzd\u017eiui, tuos, kurie turi spalving\u0105 fonin\u012f ap\u0161vietim\u0105. Jo atidarym\u0105 palengvina speciali \u0161ilko rankena. Be to, priekinis skydelis su tinklelio strukt\u016bra ir PVC filtru suteikia korpusui dar \u012fdomesn\u012f industrin\u012f charakter\u012f.<\/p>\n<p>\n<img decoding=\"async\" alt=\"\" border=\"0\" src=\"https:\/\/assets.innpro.pl\/4653\/5379\/5.jpg\"\/>\n<\/p>\n<h3>Optimali au\u0161inimo sistema<\/h3>\n<p>\u017daiskite dinami\u0161kus \u017eaidimus ir b\u016bkite tikri, kad j\u016bs\u0173 kompiuteris neperkais. DK431 leid\u017eia \u012fmontuoti iki 12 120 mm ventiliatori\u0173 arba 8 140 mm ventiliatorius. \u0160oniniame skydelyje taip pat yra ventiliacijos angos, kad \u0161iluma b\u016bt\u0173 dar geriau i\u0161sklaidyta. Be to, korpuso vir\u0161uje arba priekyje galite \u012fmontuoti 360 mm vandens au\u0161inim\u0105. Pastaba: negalima vienu metu \u012fmontuoti ventiliatori\u0173 de\u0161in\u0117je pus\u0117je ir vandens au\u0161inimo priekin\u0117je korpuso pus\u0117je.<\/p>\n<p>\n<img decoding=\"async\" alt=\"\" border=\"0\" src=\"https:\/\/assets.innpro.pl\/4653\/5379\/2.jpg\"\/>\n<\/p>\n<h3>Daugiau i\u0161pl\u0117timo galimybi\u0173<\/h3>\n<p>Korpusas leid\u017eia \u012fdiegti iki 4 stand\u017ei\u0173j\u0173 disk\u0173, tod\u0117l j\u016bs Nesijaudinkite, kad pritr\u016bks vietos nuotraukoms ar vaizdo \u012fra\u0161ams. Jis idealiai tinka grafikos dizaineriams ir fotografams bei kitiems. Jis taip pat leid\u017eia montuoti 400 mm VGA plok\u0161t\u0119 ir 160 mm auk\u0161\u010dio procesoriaus au\u0161intuv\u0105. Kruop\u0161\u010diai apgalvotas dizainas ir prakti\u0161kas kabelio \u017eiedas u\u017etikrina, kad galite optimizuoti erdv\u0119. DK431 taip pat turi nuimam\u0105 dulki\u0173 filtr\u0105, kuris pad\u0117s palaikyti ger\u0105 komponent\u0173 b\u016bkl\u0119.<\/p>\n<p>\n<img decoding=\"async\" alt=\"\" border=\"0\" src=\"https:\/\/assets.innpro.pl\/4653\/5379\/4.jpg\"\/>\n<\/p>\n<h3>Daugyb\u0117 nauding\u0173 prievad\u0173<\/h3>\n<p>Sukurkite patogi\u0105 naudoti aparatin\u0117s \u012frangos konfig\u016bracij\u0105. DK431 tinklelio korpusas turi daug nauding\u0173 prievad\u0173 ir mygtuk\u0173, kurie labai palengvins j\u016bs\u0173 darb\u0105. Be kita ko, turite mikrofono \u012fvest\u012f ir ausini\u0173 \/ garsiakalbio i\u0161vest\u012f, 2 USB 2.0 prievadus, taip pat mygtukus \u201eReset\u201c ir \u201ePower\u201c. Taip pat yra USB 3.0 prievadas, kuris&#8230; leid\u017eia greitai \u012fkrauti prijungtus \u012frenginius ir akimirksniu perkelti failus.<\/p>\n<p>\n<img decoding=\"async\" alt=\"\" border=\"0\" src=\"https:\/\/assets.innpro.pl\/4653\/5379\/1.jpg\"\/>\n<\/p>\n<div class=\"table-wrapper\">\n<p>B\u00a0<\/p>\n<h3><\/h3>\n<table>\n<tbody>\n<tr>\n<th>Gamintojas<\/th>\n<td>Darkflash<\/td>\n<\/tr>\n<tr>\n<th>Modelis<\/th>\n<td>DK431 MESH<\/td>\n<\/tr>\n<tr>\n<th>Korpuso tipas<\/th>\n<td>Midi Tower<\/td>\n<\/tr>\n<tr>\n<th>\u0160oninis skydelis<\/th>\n<td>Gr\u016bdintas stiklas<\/td>\n<\/tr>\n<tr>\n<th>Pagrindin\u0117s plok\u0161t\u0117s standartas<\/th>\n<td>E-ATX, ATX, M-ATX<\/td>\n<\/tr>\n<tr>\n<th>Maitinimo \u0161altinis standartinis<\/th>\n<td>ATX apa\u010dioje<\/td>\n<\/tr>\n<tr>\n<th>Vidini\u0173 disk\u0173 lizdai<\/th>\n<td>3,5 colio HDD x2, 2,5 colio SSD x2<\/td>\n<\/tr>\n<tr>\n<th>I\u0161pl\u0117timo korteli\u0173 lizdai<\/th>\n<td>7<\/td>\n<\/tr>\n<tr>\n<th>Maks. maitinimo bloko ilgis<\/th>\n<td>200 mm<\/td>\n<\/tr>\n<tr>\n<th>Maks. vaizdo plok\u0161t\u0117s ilgis<\/th>\n<td>400 mm<\/td>\n<\/tr>\n<tr>\n<th>Maks. procesoriaus au\u0161intuvo auk\u0161tis<\/th>\n<td>160 mm<\/td>\n<\/tr>\n<tr>\n<th>Maks. ventiliatori\u0173 skai\u010dius<\/th>\n<td>12<\/td>\n<\/tr>\n<tr>\n<th>Ventiliatori\u0173 montavimo parinktys<\/th>\n<td>Priekyje: 120 mm x3 \/ 140 mm x3; Vir\u0161uje: 120 mm x3 \/ 140 mm x2; Gale: 120 mm x1; maitinimo blokas Skyrius: 120 mm x3; \u0160onas: 120 mm x2;<\/td>\n<\/tr>\n<tr>\n<th>Vandens au\u0161inimo montavimo parinktys<\/th>\n<td>Priekis: 360 mm; Vir\u0161us: 360 mm;<\/td>\n<\/tr>\n<tr>\n<th>\u012erengt\u0173 ventiliatori\u0173 skai\u010dius<\/th>\n<td>N\u0116RA \u012eRENGT\u0172 VENTILIATORI\u0172<\/td>\n<\/tr>\n<tr>\n<th>Ventiliatori\u0173 tipas<\/th>\n<td>N\u0117ra \u012fmontuot\u0173 ventiliatori\u0173<\/td>\n<\/tr>\n<tr>\n<th>Mygtukai ir valdikliai<\/th>\n<td>Maitinimas, atstatymas<\/td>\n<\/tr>\n<tr>\n<th>Jungtys<\/th>\n<td>USB 2.0 x2, USB 3.0 x1, HD garsas<\/td>\n<\/tr>\n<tr>\n<th>Med\u017eiaga<\/th>\n<td>0,6 mm SPCC<\/td>\n<\/tr>\n<tr>\n<th>Spalva<\/th>\n<td>Balta<\/td>\n<\/tr>\n<tr>\n<th>Auk\u0161tis<\/th>\n<td>485 mm<\/td>\n<\/tr>\n<tr>\n<th>Plotis<\/th>\n<td>205 mm<\/td>\n<\/tr>\n<tr>\n<th>Gylis<\/th>\n<td>470 mm<\/td>\n<\/tr>\n<tr>\n<th>Svoris<\/th>\n<td>7,5 kg<\/td>\n<\/tr>\n<\/tbody>\n<\/table>\n<\/div>\n","protected":false},"excerpt":{"rendered":"<p>\u201eDarkflash DK431 MESH\u201c kompiuterio korpusas (baltas) Su \u201eDarkflash DK431 Mesh\u201c kompiuterio korpusu galite lengvai sukurti aparatin\u0117s \u012frangos konfig\u016bracij\u0105, kurioje m\u0117gausit\u0117s \u017eaidimais ar darbu. Gaminys turi \u012fvairius prievadus, tokius kaip USB 3.0 ir 2.0, o jo gamyboje naudojamos auk\u0161tos kokyb\u0117s med\u017eiagos. Skaidrus, atidaromas \u0161oninis skydelis ne tik palengvins komponent\u0173 keitim\u0105, bet ir leis pasiekti \u012fdomi\u0173 vaizdini\u0173 [&#8230;]\n","protected":false},"featured_media":39824,"comment_status":"open","ping_status":"closed","template":"","meta":[],"product_brand":[316],"product_cat":[1310],"product_tag":[],"class_list":{"0":"post-39823","1":"product","2":"type-product","3":"status-publish","4":"has-post-thumbnail","6":"product_brand-darkflash","7":"product_cat-without-fan","9":"first","10":"outofstock","11":"taxable","12":"shipping-taxable","13":"purchasable","14":"product-type-simple"},"aioseo_notices":[],"_links":{"self":[{"href":"https:\/\/asura.lv\/lt\/wp-json\/wp\/v2\/product\/39823","targetHints":{"allow":["GET"]}}],"collection":[{"href":"https:\/\/asura.lv\/lt\/wp-json\/wp\/v2\/product"}],"about":[{"href":"https:\/\/asura.lv\/lt\/wp-json\/wp\/v2\/types\/product"}],"replies":[{"embeddable":true,"href":"https:\/\/asura.lv\/lt\/wp-json\/wp\/v2\/comments?post=39823"}],"wp:featuredmedia":[{"embeddable":true,"href":"https:\/\/asura.lv\/lt\/wp-json\/wp\/v2\/media\/39824"}],"wp:attachment":[{"href":"https:\/\/asura.lv\/lt\/wp-json\/wp\/v2\/media?parent=39823"}],"wp:term":[{"taxonomy":"product_brand","embeddable":true,"href":"https:\/\/asura.lv\/lt\/wp-json\/wp\/v2\/product_brand?post=39823"},{"taxonomy":"product_cat","embeddable":true,"href":"https:\/\/asura.lv\/lt\/wp-json\/wp\/v2\/product_cat?post=39823"},{"taxonomy":"product_tag","embeddable":true,"href":"https:\/\/asura.lv\/lt\/wp-json\/wp\/v2\/product_tag?post=39823"}],"curies":[{"name":"wp","href":"https:\/\/api.w.org\/{rel}","templated":true}]}}