{"id":39877,"date":"2025-11-28T21:12:20","date_gmt":"2025-11-28T21:12:20","guid":{"rendered":"https:\/\/asura.lv\/product\/shelly-wall-switch-4-button-black\/"},"modified":"2025-12-12T15:41:30","modified_gmt":"2025-12-12T13:41:30","slug":"shelly-wall-switch-4-button-black","status":"publish","type":"product","link":"https:\/\/asura.lv\/lt\/produktas\/shelly-wall-switch-4-button-black\/","title":{"rendered":"Shelly sieninis jungiklis 4 mygtuk\u0173 (juodas)"},"content":{"rendered":"<h3>\u201eShelly\u201c sieninis jungiklis su 4 mygtukais (juodas)<\/h3>\n<\/p>\n<p>\u201eShelly WS 4\u201c \u2013 tai modernus \u012frenginys, skirtas i\u0161mani\u0173j\u0173 nam\u0173 sistemoms. Be to, jungiklis pasi\u017eymi \u0161iuolaiki\u0161ku dizainu, kuris puikiai dera prie \u012fvairi\u0173 interjer\u0173. D\u0117l kompakti\u0161ko dyd\u017eio ir paprasto laid\u0173 i\u0161ved\u017eiojimo j\u012f lengva montuoti \u012f esamas sienini\u0173 jungikli\u0173 konsoles, tod\u0117l nereikia keisti nam\u0173 instaliacijos.<\/p>\n<\/p>\n<p>\n<img decoding=\"async\" border=\"0\" src=\"https:\/\/assets.innpro.pl\/4069\/4525\/2.jpg\"\/>\n<\/p>\n<h3>Apgalvotas dizainas<\/h3>\n<\/p>\n<p>\u0160is eleganti\u0161kas jungiklis sukurtas maksimaliam patogumui. Jame yra 4 funkciniai mygtukai, leid\u017eiantys valdyti i\u0161mani\u0105sias reles. Juo galite \u012fjungti skirtingas scenas, valdyti ap\u0161vietim\u0105, valdyti \u0161viesos reguliatorius ir \u017ealiuzes. Tai sprendimas, kuris leid\u017eia gerokai supaprastinti kasdien\u012f gyvenim\u0105, kartu u\u017etikrindamas eleganti\u0161k\u0105 i\u0161vaizd\u0105 ir patog\u0173 naudojim\u0105.<\/p>\n<\/p>\n<p>\n<img decoding=\"async\" border=\"0\" src=\"https:\/\/assets.innpro.pl\/4069\/4525\/7.jpg\"\/>\n<\/p>\n<h3>Pridedama<\/h3>\n<ul class=\"list-disc pl-5\">\n<li>sieninis jungiklis<\/li>\n<li>1 x modulio tvirtinimo laikiklis<\/li>\n<li>2 x tvirtinimo var\u017etai<\/li>\n<li>naudojimo instrukcija<\/li>\n<\/ul>\n<div class=\"table-wrapper\">\n<p>B\u00a0<\/p>\n<h3><\/h3>\n<table>\n<tbody>\n<tr>\n<th>Gamintojas<\/th>\n<td>Shelly<\/td>\n<\/tr>\n<tr>\n<th>Modelis<\/th>\n<td>Sieninis jungiklis4 Baltas<\/td>\n<\/tr>\n<tr>\n<th>Spalva<\/th>\n<td>juoda<\/td>\n<\/tr>\n<tr>\n<th>Mygtuk\u0173 skai\u010dius<\/th>\n<td>4<\/td>\n<\/tr>\n<\/tbody>\n<\/table>\n<\/div>\n","protected":false},"excerpt":{"rendered":"<p>\u201eShelly\u201c sieninis jungiklis su 4 mygtukais (juodas) \u201eShelly WS 4\u201c \u2013 tai modernus \u012frenginys, skirtas i\u0161mani\u0173j\u0173 nam\u0173 sistemoms. Be to, jungiklis pasi\u017eymi \u0161iuolaiki\u0161ku dizainu, kuris puikiai dera prie \u012fvairi\u0173 interjer\u0173. D\u0117l kompakti\u0161ko dyd\u017eio ir paprasto laid\u0173 i\u0161ved\u017eiojimo j\u012f lengva montuoti \u012f esamas sienini\u0173 jungikli\u0173 konsoles, tod\u0117l nereikia keisti nam\u0173 instaliacijos. Apgalvotas dizainas \u0160is eleganti\u0161kas jungiklis [&#8230;]\n","protected":false},"featured_media":39878,"comment_status":"open","ping_status":"closed","template":"","meta":[],"product_brand":[551],"product_cat":[932],"product_tag":[],"class_list":{"0":"post-39877","1":"product","2":"type-product","3":"status-publish","4":"has-post-thumbnail","6":"product_brand-shelly","7":"product_cat-switches","9":"first","10":"outofstock","11":"taxable","12":"shipping-taxable","13":"purchasable","14":"product-type-simple"},"aioseo_notices":[],"_links":{"self":[{"href":"https:\/\/asura.lv\/lt\/wp-json\/wp\/v2\/product\/39877","targetHints":{"allow":["GET"]}}],"collection":[{"href":"https:\/\/asura.lv\/lt\/wp-json\/wp\/v2\/product"}],"about":[{"href":"https:\/\/asura.lv\/lt\/wp-json\/wp\/v2\/types\/product"}],"replies":[{"embeddable":true,"href":"https:\/\/asura.lv\/lt\/wp-json\/wp\/v2\/comments?post=39877"}],"wp:featuredmedia":[{"embeddable":true,"href":"https:\/\/asura.lv\/lt\/wp-json\/wp\/v2\/media\/39878"}],"wp:attachment":[{"href":"https:\/\/asura.lv\/lt\/wp-json\/wp\/v2\/media?parent=39877"}],"wp:term":[{"taxonomy":"product_brand","embeddable":true,"href":"https:\/\/asura.lv\/lt\/wp-json\/wp\/v2\/product_brand?post=39877"},{"taxonomy":"product_cat","embeddable":true,"href":"https:\/\/asura.lv\/lt\/wp-json\/wp\/v2\/product_cat?post=39877"},{"taxonomy":"product_tag","embeddable":true,"href":"https:\/\/asura.lv\/lt\/wp-json\/wp\/v2\/product_tag?post=39877"}],"curies":[{"name":"wp","href":"https:\/\/api.w.org\/{rel}","templated":true}]}}