{"id":39985,"date":"2025-11-28T21:05:44","date_gmt":"2025-11-28T21:05:44","guid":{"rendered":"https:\/\/asura.lv\/product\/wireless-earphones-tws-earfun-airmini2-white\/"},"modified":"2025-12-12T15:36:46","modified_gmt":"2025-12-12T13:36:46","slug":"wireless-earphones-tws-earfun-airmini2-white","status":"publish","type":"product","link":"https:\/\/asura.lv\/lt\/produktas\/wireless-earphones-tws-earfun-airmini2-white\/","title":{"rendered":"Belaid\u0117s ausin\u0117s TWS EarFun AirMini2 (baltos)"},"content":{"rendered":"<h3>TWS EarFun AirMini2 ausin\u0117s (baltos)<\/h3>\n<p>Su \u201eEarFun AirMini 2\u201c galite m\u0117gautis fantasti\u0161ka garso kokybe ir komfortu be joki\u0173 kompromis\u0173. \u012erengtos 10 milimetr\u0173 garsiakalbiai, jos skleid\u017eia sodr\u0173, detal\u0173, ai\u0161k\u0173 ir nat\u016bral\u0173 gars\u0105. Su \u012fkrovimo d\u0117klu jos si\u016blo iki 24 valand\u0173 muzikos atk\u016brim\u0105, o d\u0117l \u012fmontuot\u0173 mikrofon\u0173 galite palaikyti ry\u0161\u012f su artimaisiais, kad ir kur b\u016btum\u0117te. Ausin\u0117s taip pat yra lengvos, kompakti\u0161kos ir patogios d\u0117v\u0117ti ilg\u0105 laik\u0105.<\/p>\n<p><img decoding=\"async\" src=\"https:\/\/b2b.innpro.pl\/data\/include\/cms\/Earfun\/TW203W\/8.jpg\" alt=\"Earfun\/TW203W\/8\"><\/p>\n<h3>Puiki garso kokyb\u0117<\/h3>\n<p>Atraskite nauj\u0105 garso dimensij\u0105 su \u201eEarFun AirMini 2\u201c. Ausin\u0117se yra 10 milimetr\u0173 kompoziciniai garsiakalbiai, kurie u\u017etikrina puiki\u0105 garso kokyb\u0119. Detali\u0173 sodrumas, galingi ir gil\u016bs bosai bei kri\u0161tolo skaidrumo garsas privers jus i\u0161 naujo pamilti m\u0117gstamiausias dainas. Nesvarbu, ar esate roko, hiphopo, ar klasikin\u0117s muzikos gerb\u0117jas, \u0161ios ausin\u0117s suteiks jums nuostabi\u0105 garso patirt\u012f! <\/p>\n<p><img decoding=\"async\" src=\"https:\/\/b2b.innpro.pl\/data\/include\/cms\/Earfun\/TW203W\/2.jpg\" alt=\"Earfun\/TW203W\/2\"><\/p>\n<h3>Iki 24 valand\u0173 atk\u016brimo<\/h3>\n<p>Vykstate \u012f ilg\u0105 kelion\u0119? Pasiimkite \u201eAirMini 2\u201c su savimi ir klausykit\u0117s muzikos tiek, kiek norite! Galinga \u012fkraunama baterija vienu \u012fkrovimu u\u017etikrina iki 6 valand\u0173 nepertraukiamo ausini\u0173 naudojimo. Komplekte taip pat yra \u012fkrovimo d\u0117klas, kuris leis jums atnaujinti ausini\u0173 energij\u0105 iki 3 kart\u0173. Tai leid\u017eia jums klausytis muzikos net vis\u0105 dien\u0105 be pertrauk\u0173!<\/p>\n<p><img decoding=\"async\" src=\"https:\/\/b2b.innpro.pl\/data\/include\/cms\/Earfun\/TW203W\/7.jpg\" alt=\"Earfun\/TW203W\/7\"><\/p>\n<h3>Laisvai skambinkite telefonu<\/h3>\n<p>Dabar galite kalb\u0117ti telefonu net ir itin perpildytose vietose! Ausin\u0117s turi 2 auk\u0161tos kokyb\u0117s mikrofonus, kurie tiksliai \u012fra\u0161ys j\u016bs\u0173 bals\u0105, pa\u0161alindami aplinkos garsus. Tokiu b\u016bdu galite b\u016bti tikri, kad j\u016bs\u0173 skambinantieji i\u0161girs vis\u0105 svarbi\u0105 informacij\u0105, kuria turite su jais pasidalyti.<\/p>\n<p><img decoding=\"async\" src=\"https:\/\/b2b.innpro.pl\/data\/include\/cms\/Earfun\/TW203W\/1.jpg\" alt=\"Earfun\/TW203W\/1\"><\/p>\n<h3>Galvojant apie \u017eaidim\u0173 m\u0117g\u0117jus<\/h3>\n<p>Ar esate pasiruo\u0161\u0119 nepamir\u0161tamiems nuotykiams? \u201eEarFun AirMini 2\u201c ausin\u0117s leis jums pasinerti \u012f virtual\u0173 pasaul\u012f! Jos si\u016blo special\u0173 re\u017eim\u0105, sukurt\u0105 galvojant apie \u017eaid\u0117jus, kuris u\u017etikrina ma\u017e\u0105 100 ms dels\u0105. D\u0117l to galite m\u0117gautis tobula garso ir vaizdo sinchronizacija. Dabar galite lengvai i\u0161girsti art\u0117jan\u010dio prie\u0161ininko \u017eingsnius ir pasiekti dar vien\u0105 pergal\u0119 \u017eaidime!<\/p>\n<p><img decoding=\"async\" src=\"https:\/\/b2b.innpro.pl\/data\/include\/cms\/Earfun\/TW203W\/4.jpg\" alt=\"Earfun\/TW203W\/4\"><\/p>\n<h3>Lengvos ir kompakti\u0161kos<\/h3>\n<p>\u201eEarFun AirMini 2\u201c ausin\u0117s puikiai tinka kasdieniam naudojimui! Visa tai d\u0117ka ma\u017eo ir lengvo ausini\u0173 dizaino \u2013 vienos ausin\u0117s sveria vos 3,8 g. D\u0117l ergonomi\u0161ko dizaino pamir\u0161ite, kad jas d\u0117vite! Komplekte taip pat yra kei\u010diami dangteliai, kurie leis jums dar geriau pritaikyti ausines pagal savo pageidavimus. Be to, j\u0173 susiejimas jums visi\u0161kai nesukels problem\u0173 \u2013 tiesiog prijunkite ausines prie pasirinkto \u012frenginio vien\u0105 kart\u0105, ir jos kaskart bus suporuotos automati\u0161kai.<\/p>\n<p><img decoding=\"async\" src=\"https:\/\/b2b.innpro.pl\/data\/include\/cms\/Earfun\/TW203W\/6.jpg\" alt=\"Earfun\/TW203W\/6\"><\/p>\n<h3>Pridedama<\/h3>\n<ul>\n<li>ausin\u0117s<\/li>\n<li>\u012fkrovimo d\u0117klas<\/li>\n<li>USB \u012fkrovimo laidas<\/li>\n<li>kei\u010diami dangteliai x2<\/li>\n<li>naudotojo vadovas<\/li>\n<\/ul>\n<div class=\"table-wrapper\">\n<table>\n<tbody>\n<tr>\n<th>Gamintojas<\/th>\n<td>EarFun<\/td>\n<\/tr>\n<tr>\n<th>Modelis<\/th>\n<td>AirMini 2 (TW203)<\/td>\n<\/tr>\n<tr>\n<th>Spalva<\/th>\n<td>Balta<\/td>\n<\/tr>\n<tr>\n<th>Keitikliai<\/th>\n<td>10 mm<\/td>\n<\/tr>\n<tr>\n<th>Veikimo laikas<\/th>\n<td>Iki 6 val. Iki 24 val. su \u012fkrovimo d\u0117klu<\/td>\n<\/tr>\n<tr>\n<th>Ausini\u0173 svoris<\/th>\n<td>3,8 g<\/td>\n<\/tr>\n<\/tbody>\n<\/table>\n<\/div>\n","protected":false},"excerpt":{"rendered":"<p>TWS EarFun AirMini2 ausin\u0117s (baltos) Su \u201eEarFun AirMini 2\u201c galite m\u0117gautis fantasti\u0161ka garso kokybe ir komfortu be joki\u0173 kompromis\u0173. \u012erengtos 10 milimetr\u0173 garsiakalbiai, jos skleid\u017eia sodr\u0173, detal\u0173, ai\u0161k\u0173 ir nat\u016bral\u0173 gars\u0105. Su \u012fkrovimo d\u0117klu jos si\u016blo iki 24 valand\u0173 muzikos atk\u016brim\u0105, o d\u0117l \u012fmontuot\u0173 mikrofon\u0173 galite palaikyti ry\u0161\u012f su artimaisiais, kad ir kur b\u016btum\u0117te. Ausin\u0117s [&#8230;]\n","protected":false},"featured_media":39986,"comment_status":"open","ping_status":"closed","template":"","meta":[],"product_brand":[399],"product_cat":[956],"product_tag":[],"class_list":{"0":"post-39985","1":"product","2":"type-product","3":"status-publish","4":"has-post-thumbnail","6":"product_brand-earfun","7":"product_cat-tws","9":"first","10":"outofstock","11":"taxable","12":"shipping-taxable","13":"purchasable","14":"product-type-simple"},"aioseo_notices":[],"_links":{"self":[{"href":"https:\/\/asura.lv\/lt\/wp-json\/wp\/v2\/product\/39985","targetHints":{"allow":["GET"]}}],"collection":[{"href":"https:\/\/asura.lv\/lt\/wp-json\/wp\/v2\/product"}],"about":[{"href":"https:\/\/asura.lv\/lt\/wp-json\/wp\/v2\/types\/product"}],"replies":[{"embeddable":true,"href":"https:\/\/asura.lv\/lt\/wp-json\/wp\/v2\/comments?post=39985"}],"wp:featuredmedia":[{"embeddable":true,"href":"https:\/\/asura.lv\/lt\/wp-json\/wp\/v2\/media\/39986"}],"wp:attachment":[{"href":"https:\/\/asura.lv\/lt\/wp-json\/wp\/v2\/media?parent=39985"}],"wp:term":[{"taxonomy":"product_brand","embeddable":true,"href":"https:\/\/asura.lv\/lt\/wp-json\/wp\/v2\/product_brand?post=39985"},{"taxonomy":"product_cat","embeddable":true,"href":"https:\/\/asura.lv\/lt\/wp-json\/wp\/v2\/product_cat?post=39985"},{"taxonomy":"product_tag","embeddable":true,"href":"https:\/\/asura.lv\/lt\/wp-json\/wp\/v2\/product_tag?post=39985"}],"curies":[{"name":"wp","href":"https:\/\/api.w.org\/{rel}","templated":true}]}}