{"id":40039,"date":"2025-11-28T21:05:39","date_gmt":"2025-11-28T21:05:39","guid":{"rendered":"https:\/\/asura.lv\/product\/smartwatch-colmi-c81-orange\/"},"modified":"2025-12-12T15:36:43","modified_gmt":"2025-12-12T13:36:43","slug":"smartwatch-colmi-c81-orange","status":"publish","type":"product","link":"https:\/\/asura.lv\/lt\/produktas\/smartwatch-colmi-c81-orange\/","title":{"rendered":"I\u0161manusis laikrodis Colmi C81 (oran\u017einis)"},"content":{"rendered":"<h3>I\u0161manusis laikrodis \u201eColmi C81\u201c (oran\u017einis)<\/h3>\n<p>Pasirinkite \u201eColmi C81\u201c ir gaukite prieig\u0105 prie svarbiausi\u0173 funkcij\u0173. I\u0161manusis laikrodis per AMOLED ekran\u0105 transliuoja HD vaizdo \u012fra\u0161us ir leid\u017eia patogiai skambinti. Jis veikia su dirbtinio intelekto balso asistentu, tod\u0117l galite greitai ir patogiai naudoti pasirinktas laikrod\u017eio funkcijas. Jis si\u016blo daugiau nei 100 sporto re\u017eim\u0173 ir leis padidinti treniruo\u010di\u0173 efektyvum\u0105. Be to, jis stebi j\u016bs\u0173 \u0161irdies ritm\u0105 ir mieg\u0105 ir vienu \u012fkrovimu veikia iki 7 dien\u0173. Pa\u017ei\u016br\u0117kite, kuo dar jis gali jus nustebinti!<\/p>\n<p><img decoding=\"async\" src=\"https:\/\/b2b.innpro.pl\/data\/include\/cms\/03Colmi\/C81-Orange\/6.jpg\" border=\"0\" alt=\"03Colmi\/C81-Orange\/6\" \/><\/p>\n<h3>AMOLED 2.0&#8243; ekranas<\/h3>\n<p>\u201eColmi C81\u201c si\u016blo didel\u012f AMOLED ekran\u0105 su 2.0&#8243; \u012fstri\u017eaine, tod\u0117l galite lengvai skaityti prane\u0161imus ir reguliuoti nustatymus. Be to, ekrano rai\u0161ka yra 410 x 502 pikseli\u0173, o tai rei\u0161kia ry\u0161k\u0173 HD vaizd\u0105 ir sodrias spalvas. M\u0117gaukit\u0117s ai\u0161kia ir patogia prieiga prie prane\u0161im\u0173 su \u201eColmi\u201c i\u0161maniuoju laikrod\u017eiu.<\/p>\n<p><img decoding=\"async\" src=\"https:\/\/b2b.innpro.pl\/data\/include\/cms\/03Colmi\/C81-Orange\/8.jpg\" border=\"0\" alt=\"03Colmi\/C81-Orange\/8\" \/><\/p>\n<h3>Patogiai atsiliepkite \u012f skambu\u010dius<\/h3>\n<p>Jums nebereikia ie\u0161koti i\u0161maniojo telefono, kad gal\u0117tum\u0117te valdyti gaunamus skambu\u010dius. \u201eColmi C81\u201c leid\u017eia atsiliepti ir skambinti. Taip pat galite pasiekti skambu\u010di\u0173 \u017eurnal\u0105. I\u0161manusis laikrodis teikia HD telefono skambu\u010dius, kad b\u016bt\u0173 patogiau. Dabar galite kalb\u0117tis su savo artimaisiais sportuodami ar pakeliui \u012f darb\u0105 nenaudodami i\u0161maniojo telefono.<\/p>\n<p><img decoding=\"async\" src=\"https:\/\/b2b.innpro.pl\/data\/include\/cms\/03Colmi\/C81-Orange\/5.jpg\" border=\"0\" alt=\"03Colmi\/C81-Orange\/5\" \/><\/p>\n<h3>Balso komand\u0173 palaikymas<\/h3>\n<p>Reikia greitai paskambinti mylimam \u017emogui? \u201eColmi C81\u201c j\u016bs\u0173 nenuvils! \u012erenginys veikia su dirbtinio intelekto balso asistentu, tod\u0117l tereikia paprastos balso komandos, kad gal\u0117tum\u0117te naudoti pasirinkt\u0105 laikrod\u017eio funkcij\u0105. Su\u017einokite, kaip tai paprasta!<\/p>\n<p><img decoding=\"async\" src=\"https:\/\/b2b.innpro.pl\/data\/include\/cms\/03Colmi\/C81-Orange\/7.jpg\" border=\"0\" alt=\"03Colmi\/C81-Orange\/7\" \/><\/p>\n<h3>Pritaikyta j\u016bs\u0173 poreikiams<\/h3>\n<p>Pritaikykite i\u0161man\u0173j\u012f laikrod\u012f dar labiau pagal savo skon\u012f. \u201eColmi C81\u201c si\u016blo \u012fvairius ciferblato dizainus, kad gal\u0117tum\u0117te suasmeninti savo i\u0161maniojo laikrod\u017eio i\u0161vaizd\u0105. Taip pat galite \u012fkelti pasirinkt\u0105 nuotrauk\u0105. Be to, galimi keli meniu stiliai, kad gal\u0117tum\u0117te pasirinkti sau tinkamiausi\u0105. Be to, pak\u0117lus rie\u0161\u0105 \u012fsijungs laikrod\u017eio ekranas, tod\u0117l gal\u0117site greitai patikrinti laik\u0105 arba or\u0173 prognoz\u0119.<\/p>\n<p><img decoding=\"async\" src=\"https:\/\/b2b.innpro.pl\/data\/include\/cms\/03Colmi\/C81-Orange\/4.jpg\" border=\"0\" alt=\"03Colmi\/C81-Orange\/4\" \/><\/p>\n<h3>Galima rinktis i\u0161 daugiau nei 100 sporto re\u017eim\u0173<\/h3>\n<p>Norite dar geriau planuoti savo treniruotes? \u201eColmi C81\u201c pad\u0117s jums tai padaryti! I\u0161manusis laikrodis naudoja i\u0161maniuosius algoritmus, kurie stebi j\u016bs\u0173 \u0161irdies ritm\u0105, sudegint\u0173 kalorij\u0173 skai\u010di\u0173 ir treniruo\u010di\u0173 laik\u0105, tod\u0117l jos bus efektyvesn\u0117s, o j\u016bs grei\u010diau pasieksite norim\u0173 rezultat\u0173. Taip pat galite per\u017ei\u016br\u0117ti savo treniruo\u010di\u0173 istorij\u0105 per pastar\u0105sias 7 dienas. I\u0161manusis laikrodis si\u016blo tokius sporto re\u017eimus kaip b\u0117gimas, laipiojimas, \u0161okin\u0117jimas su \u010diuo\u017eykla, krep\u0161inis, \u0117jimas, badmintonas, va\u017eiavimas dvira\u010diu ir futbolas. Nor\u0117dami pasiekti kitus re\u017eimus, atsisi\u0173skite \u201eFitCloudPro\u201c program\u0117l\u0119.<\/p>\n<p><img decoding=\"async\" src=\"https:\/\/b2b.innpro.pl\/data\/include\/cms\/03Colmi\/C81-Orange\/1.jpg\" border=\"0\" alt=\"03Colmi\/C81-Orange\/1\" \/><\/p>\n<h3>Leid\u017eia r\u016bpintis savo sveikata<\/h3>\n<p>I\u0161manusis laikrodis turi optin\u012f jutikl\u012f, kuris automati\u0161kai generuoja \u0161irdies ritmo duomenis kas 30 minu\u010di\u0173. Jis taip pat prane\u0161 apie nerim\u0105 kelian\u010dius simptomus, kad gal\u0117tum\u0117te greitai \u012f juos reaguoti. Be to, jis matuoja SpO2, tod\u0117l galite bet kada patikrinti savo kraujo deguonies kiek\u012f. Be to, jis stebi mieg\u0105 ir fiksuoja jo fazes, o tai pad\u0117s jums atsikratyti \u017ealing\u0173 \u012fpro\u010di\u0173.<\/p>\n<p><img decoding=\"async\" src=\"https:\/\/b2b.innpro.pl\/data\/include\/cms\/03Colmi\/C81-Orange\/10.jpg\" border=\"0\" alt=\"03Colmi\/C81-Orange\/10\" \/><\/p>\n<h3>Efektyvus veikimas<\/h3>\n<p>I\u0161manusis laikrodis \u201eColmi C81\u201c naudoja RTL8763EWE-VP lust\u0105, kuris i\u0161siskiria ma\u017eomis energijos s\u0105naudomis ir u\u017etikrina greit\u0105 bei skland\u0173 \u012frenginio veikim\u0105. Savo ruo\u017etu 250 mAh talpos li\u010dio polimer\u0173 baterija u\u017etikrina ilg\u0105 i\u0161maniojo laikrod\u017eio veikimo laik\u0105. Vienu \u012fkrovimu gaminys veikia iki 7 dien\u0173 (kasdienis naudojimas) ir bud\u0117jimo re\u017eime i\u0161lieka apie 30 dien\u0173. Naudodami pridedam\u0105 laid\u0105, jo energij\u0105 atnaujinsite ma\u017edaug per 2 valandas.<\/p>\n<p><img decoding=\"async\" src=\"https:\/\/b2b.innpro.pl\/data\/include\/cms\/03Colmi\/C81-Orange\/2.jpg\" border=\"0\" alt=\"03Colmi\/C81-Orange\/2\" \/><\/p>\n<h3>Tvirtas dizainas<\/h3>\n<p>I\u0161manusis laikrodis puikiai tiks kasdieniam naudojimui. Jis yra atsparus vandeniui ir prakaitui pagal IP68 standart\u0105, tod\u0117l galite j\u012f s\u0117kmingai pasiimti su savimi \u012f treniruot\u0119. Jo taip pat neg\u0105sdina lietus. Aliuminio lydinio naudojimas u\u017etikrina patvarum\u0105, o patvarus stiklas apsaugo ekran\u0105 nuo \u012ftr\u016bkim\u0173. Savo ruo\u017etu, silikoninis dir\u017eelis yra malonus liesti ir \u0161velnus odai.<\/p>\n<p><img decoding=\"async\" src=\"https:\/\/b2b.innpro.pl\/data\/include\/cms\/03Colmi\/C81-Orange\/9.jpg\" border=\"0\" alt=\"03Colmi\/C81-Orange\/9\" \/><\/p>\n<h3>Papildomos funkcijos<\/h3>\n<p>\u201eColmi C81\u201c gali b\u016bti j\u016bs\u0173 kasdienis asistentas. Jis informuos jus apie naujus prane\u0161imus, kad nepraleistum\u0117te svarbios informacijos. Be to, jis leis jums patikrinti or\u0173 prognoz\u0119, nuotoliniu b\u016bdu fotografuoti ir valdyti muzikos grotuv\u0105. Be to, jis primins jums atsigerti vandens ir pakeisti pad\u0117t\u012f, jei s\u0117d\u0117site per ilgai.<\/p>\n<p><img decoding=\"async\" src=\"https:\/\/b2b.innpro.pl\/data\/include\/cms\/03Colmi\/C81-Orange\/11.jpg\" border=\"0\" alt=\"03Colmi\/C81-Orange\/11\" \/><\/p>\n<h3>Pridedama<\/h3>\n<ul>\n<li>i\u0161manusis laikrodis<\/li>\n<li>magnetinis USB \u012fkrovimo laidas<\/li>\n<li>naudotojo vadovas<\/li>\n<\/ul>\n<div class=\"table-wrapper\">\n<table>\n<tbody>\n<tr>\n<th>Gamintojas<\/th>\n<td>Colmi<\/td>\n<\/tr>\n<tr>\n<th>Modelis<\/th>\n<td>C81<\/td>\n<\/tr>\n<tr>\n<th>Spalva<\/th>\n<td>oran\u017ein\u0117<\/td>\n<\/tr>\n<tr>\n<th>Lustas<\/th>\n<td>Realtek RTL8763EWE-VP<\/td>\n<\/tr>\n<tr>\n<th>Ry\u0161ys<\/th>\n<td>\u201eBluetooth 5.0\u201c<\/td>\n<\/tr>\n<tr>\n<th>\u201eBluetooth\u201c diapazonas<\/th>\n<td>10 m<\/td>\n<\/tr>\n<tr>\n<th>Ekranas<\/th>\n<td>AMOLED<\/td>\n<\/tr>\n<tr>\n<th>Ekranas \u012fstri\u017eain\u0117<\/th>\n<td>2&#8243;<\/td>\n<\/tr>\n<tr>\n<th>Rai\u0161ka<\/th>\n<td>410 x 502p<\/td>\n<\/tr>\n<tr>\n<th>Baterija<\/th>\n<td>Li\u010dio polimer\u0173<\/td>\n<\/tr>\n<tr>\n<th>Baterijos talpa<\/th>\n<td>250 mAh<\/td>\n<\/tr>\n<tr>\n<th>\u012ekrovimo laikas<\/th>\n<td>apytiksliai 2 val.<\/td>\n<\/tr>\n<tr>\n<th>Darbo laikas<\/th>\n<td>5\u20137 dienos<\/td>\n<\/tr>\n<tr>\n<th>Bud\u0117jimo re\u017eimo veikimo laikas<\/th>\n<td>30 dien\u0173<\/td>\n<\/tr>\n<tr>\n<th>Matmenys<\/th>\n<td>47 x 40 x 11 mm<\/td>\n<\/tr>\n<tr>\n<th>Med\u017eiaga<\/th>\n<td>Silikonas, cinko lydinys, iML<\/td>\n<\/tr>\n<tr>\n<th>Svoris<\/th>\n<td>57 g<\/td>\n<\/tr>\n<tr>\n<th>Dir\u017eelio plotis<\/th>\n<td>22 mm<\/td>\n<\/tr>\n<tr>\n<th>Suderinamumas<\/th>\n<td>\u201eAndroid 4.4\u201c (arba naujesn\u0117), \u201eiOS 8.0\u201c (arba naujesn\u0117), \u201eHarmony OS\u201c<\/td>\n<\/tr>\n<tr>\n<th>Program\u0117l\u0117<\/th>\n<td>\u201eFitCloudPro\u201c<\/td>\n<\/tr>\n<tr>\n<th>Atsparumas vandeniui<\/th>\n<td>IP68<\/td>\n<\/tr>\n<tr>\n<th>Atnaujinimas<\/th>\n<td>OTA<\/td>\n<\/tr>\n<tr>\n<th>Palaikomos kalbos<\/th>\n<td>\n<p>\u201esmartwatch\u201c: supaprastinta Kin\u0173, angl\u0173, vokie\u010di\u0173, rus\u0173, ispan\u0173, portugal\u0173, pranc\u016bz\u0173, japon\u0173, arab\u0173, oland\u0173, ital\u0173, \u010dek\u0173, indonezie\u010di\u0173, lenk\u0173, tailandie\u010di\u0173, vietnamie\u010di\u0173, slovak\u0173, turk\u0173;<\/p>\n<p>program\u0117l\u0117: angl\u0173, supaprastinta kin\u0173, tradicin\u0117 kin\u0173, vokie\u010di\u0173, pranc\u016bz\u0173, arab\u0173, \u010dek\u0173, graik\u0173, ispan\u0173, japon\u0173, pers\u0173, ital\u0173, kor\u0117jie\u010di\u0173, lenk\u0173, portugal\u0173, rus\u0173, suomi\u0173, \u0161ved\u0173, tailandie\u010di\u0173, vengr\u0173, slovak\u0173, kroat\u0173, alban\u0173, turk\u0173, ukrainie\u010di\u0173<\/p>\n<\/td>\n<\/tr>\n<\/tbody>\n<\/table>\n<\/div>\n","protected":false},"excerpt":{"rendered":"<p>I\u0161manusis laikrodis \u201eColmi C81\u201c (oran\u017einis) Pasirinkite \u201eColmi C81\u201c ir gaukite prieig\u0105 prie svarbiausi\u0173 funkcij\u0173. I\u0161manusis laikrodis per AMOLED ekran\u0105 transliuoja HD vaizdo \u012fra\u0161us ir leid\u017eia patogiai skambinti. Jis veikia su dirbtinio intelekto balso asistentu, tod\u0117l galite greitai ir patogiai naudoti pasirinktas laikrod\u017eio funkcijas. Jis si\u016blo daugiau nei 100 sporto re\u017eim\u0173 ir leis padidinti treniruo\u010di\u0173 efektyvum\u0105. [&#8230;]\n","protected":false},"featured_media":40040,"comment_status":"open","ping_status":"closed","template":"","meta":[],"product_brand":[471],"product_cat":[986],"product_tag":[],"class_list":{"0":"post-40039","1":"product","2":"type-product","3":"status-publish","4":"has-post-thumbnail","6":"product_brand-colmi","7":"product_cat-smartwatches-smartwatches","9":"first","10":"outofstock","11":"taxable","12":"shipping-taxable","13":"purchasable","14":"product-type-simple"},"aioseo_notices":[],"_links":{"self":[{"href":"https:\/\/asura.lv\/lt\/wp-json\/wp\/v2\/product\/40039","targetHints":{"allow":["GET"]}}],"collection":[{"href":"https:\/\/asura.lv\/lt\/wp-json\/wp\/v2\/product"}],"about":[{"href":"https:\/\/asura.lv\/lt\/wp-json\/wp\/v2\/types\/product"}],"replies":[{"embeddable":true,"href":"https:\/\/asura.lv\/lt\/wp-json\/wp\/v2\/comments?post=40039"}],"wp:featuredmedia":[{"embeddable":true,"href":"https:\/\/asura.lv\/lt\/wp-json\/wp\/v2\/media\/40040"}],"wp:attachment":[{"href":"https:\/\/asura.lv\/lt\/wp-json\/wp\/v2\/media?parent=40039"}],"wp:term":[{"taxonomy":"product_brand","embeddable":true,"href":"https:\/\/asura.lv\/lt\/wp-json\/wp\/v2\/product_brand?post=40039"},{"taxonomy":"product_cat","embeddable":true,"href":"https:\/\/asura.lv\/lt\/wp-json\/wp\/v2\/product_cat?post=40039"},{"taxonomy":"product_tag","embeddable":true,"href":"https:\/\/asura.lv\/lt\/wp-json\/wp\/v2\/product_tag?post=40039"}],"curies":[{"name":"wp","href":"https:\/\/api.w.org\/{rel}","templated":true}]}}