{"id":40093,"date":"2025-11-28T21:05:34","date_gmt":"2025-11-28T21:05:34","guid":{"rendered":"https:\/\/asura.lv\/product\/tempered-glass-baseus-crystal-0-3-mm-for-ipad-pro-air3-105-ipad-7-8-9-10-2-2-pcs\/"},"modified":"2025-12-12T15:36:38","modified_gmt":"2025-12-12T13:36:38","slug":"tempered-glass-baseus-crystal-0-3-mm-for-ipad-pro-air3-105-ipad-7-8-9-10-2-2-pcs","status":"publish","type":"product","link":"https:\/\/asura.lv\/lt\/produktas\/tempered-glass-baseus-crystal-0-3-mm-for-ipad-pro-air3-105-ipad-7-8-9-10-2-2-pcs\/","title":{"rendered":"Gr\u016bdintas stiklas Baseus Crystal 0.3 mm iPad Pro\/Air3 10,5&#8243; \/ iPad 7\/8\/9 10.2&#8243; (2 vnt.)"},"content":{"rendered":"<h3>\u201eBaseus Crystal 0.3mm\u201c gr\u016bdintas stiklas, skirtas \u201eiPad Pro\/Air3 10.5\u201c \/ \u201eiPad 7\/8\/9 10.2\u201c (2 vnt.)<\/h3>\n<p>Norite apsaugoti savo \u201eiPad\u201c? Rinkit\u0117s \u201eBaseus\u201c gr\u016bdint\u0105 stikl\u0105! Jis ne tik garantuoja visapusi\u0161k\u0105 apsaug\u0105, bet ir u\u017etikrina puik\u0173 vaizd\u0105. Jo d\u0117ka ekranas ilgiau i\u0161liks \u0161varus, nes riebaluoti atspaudai ant jo per ilgai neu\u017esib\u016bna. Tai bus idealus pasirinkimas aistringiems \u017eaid\u0117jams, nes d\u0117l plono 0,3 mm storio netrukdys skland\u017eiam valdymui. Be to, stiklas taip pat apsaugo nuo kenksmingos m\u0117lynos \u0161viesos. Su \u201eBaseus\u201c galite naudoti savo \u201eiPad\u201c taip, kaip jums patinka, nesijaudindami d\u0117l jo saugumo ar reg\u0117jimo!<\/p>\n<p><img decoding=\"async\" src=\"https:\/\/b2b.innpro.pl\/data\/include\/cms\/-Baseus\/SGJC080802\/1.jpg\" alt=\"-Baseus\/SGJC080802\/1\"><\/p>\n<h3>Puiki kokyb\u0117<\/h3>\n<p>\u201eBaseus\u201c gr\u016bdintas stiklas buvo sukurtas su did\u017eiausiu kruop\u0161tumu. Jis dengia vis\u0105 \u012frenginio ekran\u0105, kad b\u016bt\u0173 u\u017etikrintas didesnis saugumas. Be to, jis pasi\u017eymi didesniu atsparumu sm\u016bgiams, tod\u0117l j\u012f sunku sudu\u017eti. Jis taip pat pasi\u017eymi dideliu atsparumu \u012fbr\u0117\u017eimams. Jo montavimas nesukels joki\u0173 problem\u0173, nes tai greita ir paprasta. <\/p>\n<p><img decoding=\"async\" src=\"https:\/\/b2b.innpro.pl\/data\/include\/cms\/-Baseus\/SGJC080802\/2.jpg\" alt=\"-Baseus\/SGJC080802\/2\"><\/p>\n<div class=\"table-wrapper\">\n<table>\n<tbody>\n<tr>\n<th>Gamintojas <\/th>\n<td>Baseus <\/td>\n<\/tr>\n<tr>\n<th>Modelis <\/th>\n<td>SGJC070202<\/td>\n<\/tr>\n<tr>\n<th>Med\u017eiaga <\/th>\n<td>stiklas <\/td>\n<\/tr>\n<tr>\n<th>Procesas <\/th>\n<td>CNC<\/td>\n<\/tr>\n<tr>\n<th>Storis<\/th>\n<td>0.3 mm<\/td>\n<\/tr>\n<tr>\n<th>Suderinamumas<\/th>\n<td>iPad Pro\/Air3 10.5&#8243; \/ iPad 7\/8\/9 10.2&#8243;<\/td>\n<\/tr>\n<tr>\n<th>Kiekis<\/th>\n<td>2 vnt.<\/td>\n<\/tr>\n<\/tbody>\n<\/table>\n<\/div>\n","protected":false},"excerpt":{"rendered":"<p>\u201eBaseus Crystal 0.3mm\u201c gr\u016bdintas stiklas, skirtas \u201eiPad Pro\/Air3 10.5\u201c \/ \u201eiPad 7\/8\/9 10.2\u201c (2 vnt.) Norite apsaugoti savo \u201eiPad\u201c? Rinkit\u0117s \u201eBaseus\u201c gr\u016bdint\u0105 stikl\u0105! Jis ne tik garantuoja visapusi\u0161k\u0105 apsaug\u0105, bet ir u\u017etikrina puik\u0173 vaizd\u0105. Jo d\u0117ka ekranas ilgiau i\u0161liks \u0161varus, nes riebaluoti atspaudai ant jo per ilgai neu\u017esib\u016bna. Tai bus idealus pasirinkimas aistringiems \u017eaid\u0117jams, nes [&#8230;]\n","protected":false},"featured_media":40094,"comment_status":"open","ping_status":"closed","template":"","meta":[],"product_brand":[95],"product_cat":[1523],"product_tag":[],"class_list":{"0":"post-40093","1":"product","2":"type-product","3":"status-publish","4":"has-post-thumbnail","6":"product_brand-baseus","7":"product_cat-for-tablets-tempered-glass-and-screen-protectors-gsm-accessories","9":"first","10":"outofstock","11":"taxable","12":"shipping-taxable","13":"purchasable","14":"product-type-simple"},"aioseo_notices":[],"_links":{"self":[{"href":"https:\/\/asura.lv\/lt\/wp-json\/wp\/v2\/product\/40093","targetHints":{"allow":["GET"]}}],"collection":[{"href":"https:\/\/asura.lv\/lt\/wp-json\/wp\/v2\/product"}],"about":[{"href":"https:\/\/asura.lv\/lt\/wp-json\/wp\/v2\/types\/product"}],"replies":[{"embeddable":true,"href":"https:\/\/asura.lv\/lt\/wp-json\/wp\/v2\/comments?post=40093"}],"wp:featuredmedia":[{"embeddable":true,"href":"https:\/\/asura.lv\/lt\/wp-json\/wp\/v2\/media\/40094"}],"wp:attachment":[{"href":"https:\/\/asura.lv\/lt\/wp-json\/wp\/v2\/media?parent=40093"}],"wp:term":[{"taxonomy":"product_brand","embeddable":true,"href":"https:\/\/asura.lv\/lt\/wp-json\/wp\/v2\/product_brand?post=40093"},{"taxonomy":"product_cat","embeddable":true,"href":"https:\/\/asura.lv\/lt\/wp-json\/wp\/v2\/product_cat?post=40093"},{"taxonomy":"product_tag","embeddable":true,"href":"https:\/\/asura.lv\/lt\/wp-json\/wp\/v2\/product_tag?post=40093"}],"curies":[{"name":"wp","href":"https:\/\/api.w.org\/{rel}","templated":true}]}}