{"id":40141,"date":"2025-11-28T21:05:31","date_gmt":"2025-11-28T21:05:31","guid":{"rendered":"https:\/\/asura.lv\/product\/micro-needle-facebody-roller-9in1-geske-with-app-gray\/"},"modified":"2025-12-12T15:36:36","modified_gmt":"2025-12-12T13:36:36","slug":"micro-needle-facebody-roller-9in1-geske-with-app-gray","status":"publish","type":"product","link":"https:\/\/asura.lv\/lt\/produktas\/micro-needle-facebody-roller-9in1-geske-with-app-gray\/","title":{"rendered":"Mikroadatinis veido ir k\u016bno volelis 9in1 su program\u0117le (pilkas)"},"content":{"rendered":"<h3>Veido ir k\u016bno adatinis mezoterapijos volelis 9in1 Geske su aplikacija (pilkas)<\/h3>\n<p>M\u0117gaukit\u0117s profesionalia odos prie\u017ei\u016bra savo nam\u0173 jaukumoje ir pamir\u0161kite apie brangias proced\u016bras! Gaukite gaiv\u0173, sveik\u0105 vaizd\u0105 su 9in1 veido ir k\u016bno mikroadatiniu mezoterapijos voleliu! \u012erengtas 3 galvut\u0117mis \u2013 mikroadatine, v\u0117sinam\u0105ja ir kvarcine \u2013 jis i\u0161siskiria savo universalumu ir tinka visiems odos tipams. Volelis yra \u201eSmartAppGuided\u201c \u012frenginys, veikiantis su specialia GESKE German Beauty Tech program\u0117le. Jis pad\u0117s jums greitai pasiekti svajoni\u0173 rezultat\u0173 \u2013 atsi\u017evelgdamas \u012f j\u016bs\u0173 odos i\u0161vaizd\u0105, jis si\u016blo odos prie\u017ei\u016bros proced\u016bras, pritaikytas j\u016bs\u0173 poreikiams, kad pagerint\u0173 j\u016bs\u0173 odos i\u0161vaizd\u0105 ir kasdien suteikt\u0173 jaunatvi\u0161k\u0105 \u0161vyt\u0117jim\u0105! Efektyvum\u0105 patvirtino \u017eurnalas ELLE!<\/p>\n<p><img decoding=\"async\" src=\"https:\/\/b2b.innpro.pl\/data\/include\/cms\/Geske\/GK000042GY01-Gray\/1.jpg\" border=\"0\" alt=\"Geske\/GK000042GY01-Gray\/1\" \/><\/p>\n<h3>Dirbtinis intelektas j\u016bs\u0173 gro\u017eiui<\/h3>\n<p>\u201eGeske\u201c 9 viename volelis \u2013 tai revoliucija gro\u017eio pasaulyje! Naudodamiesi specialia \u201eGESKE German Beauty Tech\u201c program\u0117le, i\u0161naudosite jos potencial\u0105 iki galo! Jums tereikia nuskaityti savo od\u0105 program\u0117le, kad gautum\u0117te asmenin\u012f gro\u017eio vadov\u0105. J\u016bs\u0173 paslaugoms \u2013 t\u016bkstan\u010diai seans\u0173 su ekspertais, kad kiekvien\u0105 dien\u0105 atrodytum\u0117te lyg k\u0105 tik i\u0161\u017eeng\u0119 i\u0161 gro\u017eio salono!<\/p>\n<p><img decoding=\"async\" src=\"https:\/\/b2b.innpro.pl\/data\/include\/cms\/Geske\/GK000042GY01-Gray\/3.jpg\" border=\"0\" alt=\"Geske\/GK000042GY01-Gray\/3\" \/><\/p>\n<h3>Profesionalios proced\u016bros vos u\u017e keli\u0173 \u017eingsni\u0173<\/h3>\n<p>Pa\u017eangios technologijos u\u017etikrina, kad \u201eGeske\u201c volelis b\u016bt\u0173 patikimas kovojant su sen\u0117jimo po\u017eymiais. \u201eSmartSonic Pulsation\u201c technologija per minut\u0119 siun\u010dia net 14 000 garso impuls\u0173, kurie padeda odos prie\u017ei\u016bros seans\u0173 metu pa\u0161alinti ne\u0161varumus, riebal\u0173 pertekli\u0173 ir makia\u017eo liku\u010dius. \u201eRed Light Active Regeneration\u201c suma\u017eina smulkias rauk\u0161leles, o \u201eFine Lines Refinement\u201c tiksliai jas i\u0161lygina. Reguliariai naudodami mezoterapijos volel\u012f, stimuliuojate savo odos l\u0105steles, tod\u0117l ji tampa gaivi ir regeneruota, o j\u016bs galite ilgiau d\u017eiaugtis spindin\u010diu spindesiu.<\/p>\n<p><img decoding=\"async\" src=\"https:\/\/b2b.innpro.pl\/data\/include\/cms\/Geske\/GK000042GY01-Gray\/2.jpg\" border=\"0\" alt=\"Geske\/GK000042GY01-Gray\/2\" \/><\/p>\n<h3>Greita jaunyst\u0117s injekcija<\/h3>\n<p>Ar j\u016bs\u0173 laukia didel\u0117 i\u0161vyka? Norite pagerinti savo odos i\u0161vaizd\u0105? Dabar tereikia keli\u0173 akimirk\u0173, kad gautum\u0117te fantasti\u0161k\u0105 efekt\u0105! Gaivinan\u010dio volelio su kvarciniu voleliu seansas? O kaip d\u0117l spindes\u012f atkurian\u010dio v\u0117saus kaklo masa\u017eo voleliu? Galimyb\u0117s i\u0161ties did\u017eiul\u0117s! Energizuojanti v\u0117sinimo technologija pa\u0161alina patinim\u0105 ir nuovargio po\u017eymius. Detoksikuojanti ro\u017einio kvarco SPA seansas pagerina mikrocirkuliacij\u0105 ir suteikia odai matom\u0105 skaistesn\u0119 i\u0161vaizd\u0105. \u0160i greita proced\u016bra akimirksniu paruo\u0161 jus bet kokiai progai!<\/p>\n<p><img decoding=\"async\" src=\"https:\/\/b2b.innpro.pl\/data\/include\/cms\/Geske\/GK000042GY01-Gray\/4.jpg\" border=\"0\" alt=\"Geske\/GK000042GY01-Gray\/4\" \/><\/p>\n<h3>Gro\u017eio salonas j\u016bs\u0173 namuose<\/h3>\n<p>Eleganti\u0161kesni, ry\u0161kesni kont\u016brai, lygesn\u0117 oda ir gaivesn\u0117 i\u0161vaizda? 9 viename veido ir k\u016bno adatinis mezoterapijos volelis yra j\u016bs\u0173 s\u0105jungininkas kelyje \u012f sveik\u0105 veido od\u0105! Program\u0117l\u0117je susikurkite savo odos prie\u017ei\u016bros rutinos tikslus ir tvarkara\u0161\u010dius, gaukite jaunatvi\u0161k\u0105 \u0161vyt\u0117jim\u0105, lygesn\u0119, pamaitint\u0105 od\u0105 ir pa\u0161alinkite smulkias rauk\u0161leles bei tamsius ratilus po akimis nei\u0161eidami i\u0161 nam\u0173! Geriausiems rezultatams pasiekti kiekvien\u0105 seans\u0105 u\u017ebaikite stiprinam\u0105ja ir v\u0117sinan\u010dia terapija, kuri sutraukia poras ir skatina m\u0117gstamo serumo \u012fsigert\u012f!<\/p>\n<p><img decoding=\"async\" src=\"https:\/\/b2b.innpro.pl\/data\/include\/cms\/Geske\/GK000042GY01-Gray\/9.jpg\" border=\"0\" alt=\"Geske\/GK000042GY01-Gray\/9\" \/><\/p>\n<h3>Apgalvotas dizainas<\/h3>\n<p>Volelis pagamintas i\u0161 odai draugi\u0161ko silikono ir buvo dermatologi\u0161kai patikrintas, tod\u0117l galite b\u016bti tikri, kad j\u016bs\u0173 rankose laikomas prietaisas yra visi\u0161kai saugus. Magnetinis \u012fkrovimas leid\u017eia patogiai ir lengvai papildyti \u012frenginio energij\u0105, o 3 galvutes galite lengvai pakeisti, kad atliktum\u0117te m\u0117gstam\u0105 proced\u016br\u0105.<\/p>\n<p><img decoding=\"async\" src=\"https:\/\/b2b.innpro.pl\/data\/include\/cms\/Geske\/GK000042GY01-Gray\/6.jpg\" border=\"0\" alt=\"Geske\/GK000042GY01-Gray\/6\" \/><\/p>\n<h3>Rinkinyje<\/h3>\n<ul>\n<li>Volelis 9in1<\/li>\n<li>Mikroadatin\u0117 galvut\u0117<\/li>\n<li>Au\u0161inimo galvut\u0117<\/li>\n<li>Kvarcinis volelis<\/li>\n<li>\u012ekrovimo laidas<\/li>\n<\/ul>\n<div class=\"table-wrapper\">\n<table>\n<tbody>\n<tr>\n<th>Gamintojas<\/th>\n<td>Geske<\/td>\n<\/tr>\n<tr>\n<th>Gamintojo kodas<\/th>\n<td>GK000042GY01<\/td>\n<\/tr>\n<tr>\n<th>Spalva<\/th>\n<td>Pilka<\/td>\n<\/tr>\n<tr>\n<th>Med\u017eiaga<\/th>\n<td>Silikonas<\/td>\n<\/tr>\n<\/tbody>\n<\/table>\n<\/div>\n","protected":false},"excerpt":{"rendered":"<p>Veido ir k\u016bno adatinis mezoterapijos volelis 9in1 Geske su aplikacija (pilkas) M\u0117gaukit\u0117s profesionalia odos prie\u017ei\u016bra savo nam\u0173 jaukumoje ir pamir\u0161kite apie brangias proced\u016bras! Gaukite gaiv\u0173, sveik\u0105 vaizd\u0105 su 9in1 veido ir k\u016bno mikroadatiniu mezoterapijos voleliu! \u012erengtas 3 galvut\u0117mis \u2013 mikroadatine, v\u0117sinam\u0105ja ir kvarcine \u2013 jis i\u0161siskiria savo universalumu ir tinka visiems odos tipams. Volelis yra [&#8230;]\n","protected":false},"featured_media":40142,"comment_status":"open","ping_status":"closed","template":"","meta":[],"product_brand":[505],"product_cat":[1457],"product_tag":[],"class_list":{"0":"post-40141","1":"product","2":"type-product","3":"status-publish","4":"has-post-thumbnail","6":"product_brand-geske","7":"product_cat-massagers","9":"first","10":"outofstock","11":"taxable","12":"shipping-taxable","13":"purchasable","14":"product-type-simple"},"aioseo_notices":[],"_links":{"self":[{"href":"https:\/\/asura.lv\/lt\/wp-json\/wp\/v2\/product\/40141","targetHints":{"allow":["GET"]}}],"collection":[{"href":"https:\/\/asura.lv\/lt\/wp-json\/wp\/v2\/product"}],"about":[{"href":"https:\/\/asura.lv\/lt\/wp-json\/wp\/v2\/types\/product"}],"replies":[{"embeddable":true,"href":"https:\/\/asura.lv\/lt\/wp-json\/wp\/v2\/comments?post=40141"}],"wp:featuredmedia":[{"embeddable":true,"href":"https:\/\/asura.lv\/lt\/wp-json\/wp\/v2\/media\/40142"}],"wp:attachment":[{"href":"https:\/\/asura.lv\/lt\/wp-json\/wp\/v2\/media?parent=40141"}],"wp:term":[{"taxonomy":"product_brand","embeddable":true,"href":"https:\/\/asura.lv\/lt\/wp-json\/wp\/v2\/product_brand?post=40141"},{"taxonomy":"product_cat","embeddable":true,"href":"https:\/\/asura.lv\/lt\/wp-json\/wp\/v2\/product_cat?post=40141"},{"taxonomy":"product_tag","embeddable":true,"href":"https:\/\/asura.lv\/lt\/wp-json\/wp\/v2\/product_tag?post=40141"}],"curies":[{"name":"wp","href":"https:\/\/api.w.org\/{rel}","templated":true}]}}