{"id":40183,"date":"2025-11-28T21:05:26","date_gmt":"2025-11-28T21:05:26","guid":{"rendered":"https:\/\/asura.lv\/product\/ecoflow-super-flat-cable\/"},"modified":"2025-12-12T15:36:33","modified_gmt":"2025-12-12T13:36:33","slug":"ecoflow-super-flat-cable","status":"publish","type":"product","link":"https:\/\/asura.lv\/lt\/produktas\/ecoflow-super-flat-cable\/","title":{"rendered":"\u201eEcoFlow\u201c itin plok\u0161\u010dias kabelis"},"content":{"rendered":"<h3>\u201eEcoFlow MC4\u201c plok\u0161\u010dias kabelis<\/h3>\n<p>\u201eEcoFlow MC4\u201c plok\u0161\u010dias kabelis sukurtas siekiant kuo labiau supaprastinti \u201ePowerStream\u201c sistemos \u012frengim\u0105 name ar bute. Jis leid\u017eia skland\u017eiai prijungti fotovoltines plok\u0161tes prie viduje esan\u010dio mikroinverterio \u2013 nereikia gr\u0119\u017eti skyli\u0173 sienoje. Tiesiog praki\u0161kite kabel\u012f per tarpus po durimis ar langais! Kabelio ilgis yra 0,5 m.<\/p>\n<p><img decoding=\"async\" src=\"https:\/\/b2b.innpro.pl\/data\/include\/cms\/12EcoFlow\/EcoFlow-Super-Flat-MC4-Cable\/1.jpg\" border=\"0\" alt=\"12EcoFlow\/EcoFlow-Super-Flat-MC4-Cable\/1\" \/><\/p>\n<div class=\"table-wrapper\">\n<table>\n<tbody>\n<tr>\n<th>Prek\u0117s \u017eenklas<\/th>\n<td>EcoFlow<\/td>\n<\/tr>\n<tr>\n<th>Pavadinimas<\/th>\n<td>EcoFlow itin plok\u0161\u010dias kabelis<\/td>\n<\/tr>\n<tr>\n<th>Kabelio tipas<\/th>\n<td>MC4<\/td>\n<\/tr>\n<tr>\n<th>Ilgis<\/th>\n<td>0,5 m<\/td>\n<\/tr>\n<\/tbody>\n<\/table>\n<\/div>\n","protected":false},"excerpt":{"rendered":"<p>\u201eEcoFlow MC4\u201c plok\u0161\u010dias kabelis \u201eEcoFlow MC4\u201c plok\u0161\u010dias kabelis sukurtas siekiant kuo labiau supaprastinti \u201ePowerStream\u201c sistemos \u012frengim\u0105 name ar bute. Jis leid\u017eia skland\u017eiai prijungti fotovoltines plok\u0161tes prie viduje esan\u010dio mikroinverterio \u2013 nereikia gr\u0119\u017eti skyli\u0173 sienoje. Tiesiog praki\u0161kite kabel\u012f per tarpus po durimis ar langais! Kabelio ilgis yra 0,5 m. Prek\u0117s \u017eenklas EcoFlow Pavadinimas EcoFlow itin plok\u0161\u010dias [&#8230;]\n","protected":false},"featured_media":40184,"comment_status":"open","ping_status":"closed","template":"","meta":[],"product_brand":[247],"product_cat":[980],"product_tag":[],"class_list":{"0":"post-40183","1":"product","2":"type-product","3":"status-publish","4":"has-post-thumbnail","6":"product_brand-ecoflow","7":"product_cat-accessories-power-stations","9":"first","10":"outofstock","11":"taxable","12":"shipping-taxable","13":"purchasable","14":"product-type-simple"},"aioseo_notices":[],"_links":{"self":[{"href":"https:\/\/asura.lv\/lt\/wp-json\/wp\/v2\/product\/40183","targetHints":{"allow":["GET"]}}],"collection":[{"href":"https:\/\/asura.lv\/lt\/wp-json\/wp\/v2\/product"}],"about":[{"href":"https:\/\/asura.lv\/lt\/wp-json\/wp\/v2\/types\/product"}],"replies":[{"embeddable":true,"href":"https:\/\/asura.lv\/lt\/wp-json\/wp\/v2\/comments?post=40183"}],"wp:featuredmedia":[{"embeddable":true,"href":"https:\/\/asura.lv\/lt\/wp-json\/wp\/v2\/media\/40184"}],"wp:attachment":[{"href":"https:\/\/asura.lv\/lt\/wp-json\/wp\/v2\/media?parent=40183"}],"wp:term":[{"taxonomy":"product_brand","embeddable":true,"href":"https:\/\/asura.lv\/lt\/wp-json\/wp\/v2\/product_brand?post=40183"},{"taxonomy":"product_cat","embeddable":true,"href":"https:\/\/asura.lv\/lt\/wp-json\/wp\/v2\/product_cat?post=40183"},{"taxonomy":"product_tag","embeddable":true,"href":"https:\/\/asura.lv\/lt\/wp-json\/wp\/v2\/product_tag?post=40183"}],"curies":[{"name":"wp","href":"https:\/\/api.w.org\/{rel}","templated":true}]}}