{"id":40321,"date":"2025-11-28T21:05:15","date_gmt":"2025-11-28T21:05:15","guid":{"rendered":"https:\/\/asura.lv\/product\/wireless-adapter-baseus-black-ba07\/"},"modified":"2025-12-12T15:36:23","modified_gmt":"2025-12-12T13:36:23","slug":"wireless-adapter-baseus-black-ba07","status":"publish","type":"product","link":"https:\/\/asura.lv\/lt\/produktas\/wireless-adapter-baseus-black-ba07\/","title":{"rendered":"Belaidis adapteris Baseus juodas BA07"},"content":{"rendered":"<h3>\u201eBaseus BA07\u201c belaidis adapteris (juodas)<\/h3>\n<p>\u201eBaseus\u201c belaidis adapteris u\u017etikrina greitesn\u012f duomen\u0173 perdavim\u0105 ir stabil\u0173 ry\u0161\u012f iki 20 m atstumu d\u0117l savo 5.3 lust\u0173. Jis palaiko \u201ePlug and Play\u201c funkcij\u0105 ir yra pla\u010diai suderinamas su \u012frenginiais, turin\u010diais USB-A prievad\u0105. Jis gali prijungti iki 5 \u012frengini\u0173 vienu metu ir si\u016blo didel\u0117s rai\u0161kos \u201eHi-Fi\u201c gars\u0105.<\/p>\n<p><img decoding=\"async\" src=\"https:\/\/b2b.innpro.pl\/data\/include\/cms\/-Baseus\/ZJBA010001\/3.jpg\" alt=\"-Baseus\/ZJBA010001\/3\"><\/p>\n<h3>Patikimas ry\u0161ys<\/h3>\n<p>Adapteris turi 5.3 belaid\u012f lust\u0105, kuris u\u017etikrina patikim\u0105 ry\u0161\u012f iki 20 metr\u0173 atstumu. \u012erenginys si\u016blo 16 Mbps pla\u010diajuos\u010dio ry\u0161io perdavimo greit\u012f. K\u0105 tai rei\u0161kia prakti\u0161kai? Duomenims ir failams perkelti reikia tik keli\u0173 sekund\u017ei\u0173. Jis taip pat u\u017etikrina puiki\u0105 vaizdo ir garso sinchronizacij\u0105. Tuo pa\u010diu metu jam b\u016bdingas didelis atsparumas trikd\u017eiams \u2013 tod\u0117l jums nereikia jaudintis d\u0117l perdavimo v\u0117lavim\u0173 ir pertraukim\u0173.<\/p>\n<p><img decoding=\"async\" src=\"https:\/\/b2b.innpro.pl\/data\/include\/cms\/-Baseus\/ZJBA010001\/6.jpg\" alt=\"-Baseus\/ZJBA010001\/6\"><\/p>\n<h3>Hi-Fi garsas<\/h3>\n<p>HD perdavimas leid\u017eia m\u0117gautis ai\u0161kiu garsu \u2013 atkuriami garsai yra nat\u016bral\u016bs ir detal\u016bs. Klausydamiesi muzikos, \u017ei\u016br\u0117dami filmus ar naudodamiesi kita multimedija, su \u201eBaseus\u201c adapteriu galite m\u0117gautis puikia garso kokybe!<\/p>\n<p><img decoding=\"async\" src=\"https:\/\/b2b.innpro.pl\/data\/include\/cms\/-Baseus\/ZJBA010001\/7.jpg\" alt=\"-Baseus\/ZJBA010001\/7\"><\/p>\n<h3>Prijunkite iki 5 \u012frengini\u0173<\/h3>\n<p>\u201eBaseus\u201c adapteris yra pla\u010diai suderinamas ir leid\u017eia vienu metu prijungti iki 5 \u012frengini\u0173, toki\u0173 kaip belaid\u0117s ausin\u0117s, garsiakalbis, klaviat\u016bra, pel\u0117, telefonas, plan\u0161etinis kompiuteris ar \u017eaidim\u0173 valdiklis. D\u0117l \u201ePlug and Play\u201c funkcijos nereikia diegti papildom\u0173 tvarkykli\u0173 \u2013 adapteris veikia akimirksniu, kai prijungiamas prie \u201eWindows 8.1\u201c, \u201e10\u201c ir \u201e11\u201c \u012frengini\u0173. M\u0117gaukit\u0117s patogumu ir lankstumu!<\/p>\n<p><img decoding=\"async\" src=\"https:\/\/b2b.innpro.pl\/data\/include\/cms\/-Baseus\/ZJBA010001\/2.jpg\" alt=\"-Baseus\/ZJBA010001\/2\"><\/p>\n<div class=\"table-wrapper\">\n<table>\n<tbody>\n<tr>\n<th>Gamintojas<\/th>\n<td>Baseus<\/td>\n<\/tr>\n<tr>\n<th>Modelis<\/th>\n<td>ZJBA010001<\/td>\n<\/tr>\n<tr>\n<th>Jungtis<\/th>\n<td>USB-A<\/td>\n<\/tr>\n<tr>\n<th>\u201eBluetooth\u201c versija<\/th>\n<td>5.3<\/td>\n<\/tr>\n<tr>\n<th>Diapazonas<\/th>\n<td>iki 20 m<\/td>\n<\/tr>\n<tr>\n<th>Protokolai<\/th>\n<td>A2DP \/ HSP \/ AVRCP \/ HID<\/td>\n<\/tr>\n<tr>\n<th>Operacin\u0117s sistemos<\/th>\n<td>Windows 8.1 \/ Windows 10 \/ Windows 11<\/td>\n<\/tr>\n<tr>\n<th>Med\u017eiaga<\/th>\n<td>ABS + PC<\/td>\n<\/tr>\n<tr>\n<th>Spalva<\/th>\n<td>juoda<\/td>\n<\/tr>\n<\/tbody>\n<\/table>\n<\/div>\n","protected":false},"excerpt":{"rendered":"<p>\u201eBaseus BA07\u201c belaidis adapteris (juodas) \u201eBaseus\u201c belaidis adapteris u\u017etikrina greitesn\u012f duomen\u0173 perdavim\u0105 ir stabil\u0173 ry\u0161\u012f iki 20 m atstumu d\u0117l savo 5.3 lust\u0173. Jis palaiko \u201ePlug and Play\u201c funkcij\u0105 ir yra pla\u010diai suderinamas su \u012frenginiais, turin\u010diais USB-A prievad\u0105. Jis gali prijungti iki 5 \u012frengini\u0173 vienu metu ir si\u016blo didel\u0117s rai\u0161kos \u201eHi-Fi\u201c gars\u0105. Patikimas ry\u0161ys Adapteris [&#8230;]\n","protected":false},"featured_media":40322,"comment_status":"open","ping_status":"closed","template":"","meta":[],"product_brand":[95],"product_cat":[923],"product_tag":[],"class_list":{"0":"post-40321","1":"product","2":"type-product","3":"status-publish","4":"has-post-thumbnail","6":"product_brand-baseus","7":"product_cat-adapters-connectors-and-converters","9":"first","10":"outofstock","11":"taxable","12":"shipping-taxable","13":"purchasable","14":"product-type-simple"},"aioseo_notices":[],"_links":{"self":[{"href":"https:\/\/asura.lv\/lt\/wp-json\/wp\/v2\/product\/40321","targetHints":{"allow":["GET"]}}],"collection":[{"href":"https:\/\/asura.lv\/lt\/wp-json\/wp\/v2\/product"}],"about":[{"href":"https:\/\/asura.lv\/lt\/wp-json\/wp\/v2\/types\/product"}],"replies":[{"embeddable":true,"href":"https:\/\/asura.lv\/lt\/wp-json\/wp\/v2\/comments?post=40321"}],"wp:featuredmedia":[{"embeddable":true,"href":"https:\/\/asura.lv\/lt\/wp-json\/wp\/v2\/media\/40322"}],"wp:attachment":[{"href":"https:\/\/asura.lv\/lt\/wp-json\/wp\/v2\/media?parent=40321"}],"wp:term":[{"taxonomy":"product_brand","embeddable":true,"href":"https:\/\/asura.lv\/lt\/wp-json\/wp\/v2\/product_brand?post=40321"},{"taxonomy":"product_cat","embeddable":true,"href":"https:\/\/asura.lv\/lt\/wp-json\/wp\/v2\/product_cat?post=40321"},{"taxonomy":"product_tag","embeddable":true,"href":"https:\/\/asura.lv\/lt\/wp-json\/wp\/v2\/product_tag?post=40321"}],"curies":[{"name":"wp","href":"https:\/\/api.w.org\/{rel}","templated":true}]}}